{"id":6167,"date":"2022-10-20T14:19:03","date_gmt":"2022-10-20T14:19:03","guid":{"rendered":"http:\/\/silvaprodukt.si\/?page_id=6167"},"modified":"2022-10-24T12:21:00","modified_gmt":"2022-10-24T12:21:00","slug":"uvjeti-koristenja-stranice","status":"publish","type":"page","link":"https:\/\/silvaprodukt.si\/hr\/uvjeti-koristenja-stranice\/","title":{"rendered":"Uvjeti kori\u0161tenja stranice"},"content":{"rendered":"\n\t<section class=\"section\" id=\"section_1941932348\">\n\t\t<div class=\"section-bg fill\" >\n\t\t\t<img decoding=\"async\" width=\"1024\" height=\"429\" src=\"https:\/\/silvaprodukt.si\/wp-content\/uploads\/2022\/10\/jasna_2-1024x429-1.jpg\" class=\"bg attachment- size-\" alt=\"\" \/>\t\t\t\t\t\t\n\t\t\t\n\n\t\t<\/div>\n\n\t\t\n\n\t\t<div class=\"section-content relative\">\n\t\t\t\n<div class=\"row\"  id=\"row-309522655\">\n\n\t<div id=\"col-850720503\" class=\"col small-12 large-12\"  >\n\t\t\t\t<div class=\"col-inner\"  >\n\t\t\t\n\t\t\t\n\t<div id=\"text-2084135166\" class=\"text\">\n\t\t\n<h1>Uvjeti kori\u0161tenja stranice<\/h1>\n\t\t\n<style>\n#text-2084135166 {\n  color: rgb(255, 255, 255);\n}\n#text-2084135166 > * {\n  color: rgb(255, 255, 255);\n}\n<\/style>\n\t<\/div>\n\t\n\t<div id=\"gap-202928613\" class=\"gap-element clearfix\" style=\"display:block; height:auto;\">\n\t\t\n<style>\n#gap-202928613 {\n  padding-top: 30px;\n}\n<\/style>\n\t<\/div>\n\t\n<a href=\"https:\/\/silvaprodukt.si\/hr\/o-nama\/kontakt\/\" class=\"button primary\" >\n\t\t<span>Kontakt<\/span>\n\t<\/a>\n\n\t\t<\/div>\n\t\t\t\t\t<\/div>\n\n\t\n<\/div>\n\t\t<\/div>\n\n\t\t\n<style>\n#section_1941932348 {\n  padding-top: 90px;\n  padding-bottom: 90px;\n  min-height: 610px;\n}\n#section_1941932348 .section-bg img {\n  object-position: 46% 95%;\n}\n<\/style>\n\t<\/section>\n\t\n\n\t<section class=\"section\" id=\"section_535082614\">\n\t\t<div class=\"section-bg fill\" >\n\t\t\t\t\t\t\t\t\t\n\t\t\t\n\n\t\t<\/div>\n\n\t\t\n\n\t\t<div class=\"section-content relative\">\n\t\t\t\n<div class=\"row\"  id=\"row-1236404423\">\n\n\t<div id=\"col-1058885047\" class=\"col small-12 large-12\"  >\n\t\t\t\t<div class=\"col-inner\"  >\n\t\t\t\n\t\t\t\n<p>Ovaj dokument opisuje uvjete kori\u0161tenja web stranice www.silvaprodukt.si koja je u vlasni\u0161tvu tvrtke SILVAPRODUKT d.o.o. Dolenjska cesta 42, 1000 Ljubljana.<\/p>\n<p><strong>Kori\u0161tenje web stranice<\/strong><\/p>\n<p>Kori\u0161tenjem web stranice pristajete na uvjete kori\u0161tenja koje zadr\u017eavamo pravo izmjene. Ako se ne sla\u017eete s uvjetima, ne preporu\u010damo kori\u0161tenje stranice. Kao korisnik web stranice silvaprodukt.si obvezujete se da je ne\u0107ete koristiti u nezakonite svrhe ili protivno uvjetima kori\u0161tenja.<\/p>\n<p>Ne smijete koristiti web stranicu silvaprodukt.si na na\u010din koji bi mogao o\u0161tetiti, onemogu\u0107iti, preopteretiti ili o\u0161tetiti web stranicu ili tvrtku Silvaprodukt, d.o.o.<\/p>\n<p>Ne smijete poku\u0161ati neovla\u0161teno pristupiti bilo kojoj usluzi web stranice silvaprodukt.si, ra\u010dunalnom sustavu, mre\u017ei povezanoj s njom ili podacima o bilo kojem drugom korisniku istih.<\/p>\n<p>Stranica je namijenjena korisnicima za osobnu, nekomercijalnu upotrebu. Nije dopu\u0161tena razmjena, kopiranje, distribucija, emitiranje, objavljivanje ili na bilo koji drugi na\u010din prijenos ili prodaja bilo kojih informacija ili informacija objavljenih na web stranici.<\/p>\n<p><strong>Informacije na web stranici<\/strong><\/p>\n<p>Sve \u0107emo podatke redovito pregledavati i odmah ispravljati eventualne pogre\u0161ke. Silvaprodukt.si zadr\u017eava pravo izmjene podataka na ovim stranicama bez posebnog upozorenja.<\/p>\n<p>Ne preuzimamo nikakvu odgovornost za sadr\u017eaj, to\u010dnost i preciznost podataka na web stranici silvaprodukt.si (opisi usluga, savjeti&#8230;).<\/p>\n<p><strong>Linkovi na web stranici silvaprodukt.si<\/strong><\/p>\n<p>Kako bismo osigurali povoljno sklapanje i izvr\u0161enje ugovora, obra\u0111ujemo razli\u010dite vrste osobnih podataka.<\/p>\n<p>Web stranica silvaprodukt.si mo\u017ee sadr\u017eavati poveznice &#8211; poveznice na stranice drugih tvrtki ili osoba. Linkovi slu\u017ee samo za informiranje korisnika. Silvaprodukt d.o.o. ne preuzima odgovornost za to\u010dnost informacija i sadr\u017eaj ovih stranica. Isto tako, izjava o za\u0161titi osobnih podataka ne odnosi se na poveznice koje sadr\u017ee poveznice na druge dobavlja\u010de izvan silvaprodukt.si.<\/p>\n<p><strong>Za\u0161tita osobnih podataka<\/strong><\/p>\n<p>Podaci Silvaprodukt d.o.o. pohranjuje osobne podatke koje \u0161aljete putem web stranice. Podaci se koriste isklju\u010divo za internu upotrebu i za potrebe komunikacije vezano uz poslane upite i kupnju proizvoda. Korisnici mogu u svakom trenutku zatra\u017eiti brisanje osobnih podataka slanjem zahtjeva za brisanje osobnih podataka na e-mail adresu info@silvaprodukt.si<\/p>\n<p><a href=\"https:\/\/silvaprodukt.si\/hr\/politika-privatnosti-i-zastite-osobnih-podataka\/\">Politika privatnosti i za\u0161tite osobnih podataka<\/a><\/p>\n<p><strong>Prava intelektualnog vlasni\u0161tva<\/strong><\/p>\n<p>Web stranica i njezin sadr\u017eaj intelektualno su vlasni\u0161tvo Silvaprodukta. d.o.o. ili njegovih autora te se ne smiju, osim na na\u010din naveden u Op\u0107im uvjetima kori\u0161tenja, koristiti bez izri\u010ditog pisanog pristanka Silvaprodukt d.o.o., logotip, sve fotografije i tekstovi kao i sav sadr\u017eaj web stranice, grafika i ikone gumba predstavljaju intelektualno vlasni\u0161tvo Silvaprodukt d.o.o. Sve druge robne marke, nazivi proizvoda i nazivi tvrtki ili logotipi vlasni\u0161tvo su svojih vlasnika. Osim u slu\u010dajevima jasno navedenim na web stranici, sadr\u017eaj web stranice ne smije se kopirati, ispisivati, prenositi, izlagati, prodavati, objavljivati, pohranjivati, mijenjati i koristiti u komercijalne svrhe bez prethodne pisane suglasnosti Silvaprodukta. d.o.o.<\/p>\n<p>Logotipi, nazivi tvrtki, za\u0161titni znakovi i drugi znakovi prikazani na web stranici mogu biti za\u0161ti\u0107eni znakovi iu vlasni\u0161tvu su Silvaprodukt d.o.o. ili su objavljeni uz suglasnost nositelja industrijskih prava na te znakove. Zabranjeno je njihovo kori\u0161tenje bez prethodne pisane suglasnosti Silvaprodukt doo ili tre\u0107ih strana.<\/p>\n<p>Ako imate bilo kakvih pitanja u vezi s kori\u0161tenjem stranice, mo\u017eete nas kontaktirati bez oklijevanja.<\/p>\n\t\t<\/div>\n\t\t\t\t\t<\/div>\n\n\t\n<\/div>\n\t\t<\/div>\n\n\t\t\n<style>\n#section_535082614 {\n  padding-top: 30px;\n  padding-bottom: 30px;\n}\n<\/style>\n\t<\/section>\n\t\n","protected":false},"excerpt":{"rendered":"","protected":false},"author":5,"featured_media":4022,"parent":0,"menu_order":0,"comment_status":"closed","ping_status":"closed","template":"page-blank.php","meta":{"inline_featured_image":false,"footnotes":""},"class_list":["post-6167","page","type-page","status-publish","has-post-thumbnail","hentry"],"acf":[],"_links":{"self":[{"href":"https:\/\/silvaprodukt.si\/hr\/wp-json\/wp\/v2\/pages\/6167","targetHints":{"allow":["GET"]}}],"collection":[{"href":"https:\/\/silvaprodukt.si\/hr\/wp-json\/wp\/v2\/pages"}],"about":[{"href":"https:\/\/silvaprodukt.si\/hr\/wp-json\/wp\/v2\/types\/page"}],"author":[{"embeddable":true,"href":"https:\/\/silvaprodukt.si\/hr\/wp-json\/wp\/v2\/users\/5"}],"replies":[{"embeddable":true,"href":"https:\/\/silvaprodukt.si\/hr\/wp-json\/wp\/v2\/comments?post=6167"}],"version-history":[{"count":0,"href":"https:\/\/silvaprodukt.si\/hr\/wp-json\/wp\/v2\/pages\/6167\/revisions"}],"wp:featuredmedia":[{"embeddable":true,"href":"https:\/\/silvaprodukt.si\/hr\/wp-json\/wp\/v2\/media\/4022"}],"wp:attachment":[{"href":"https:\/\/silvaprodukt.si\/hr\/wp-json\/wp\/v2\/media?parent=6167"}],"curies":[{"name":"wp","href":"https:\/\/api.w.org\/{rel}","templated":true}]}}