{"id":6153,"date":"2022-10-20T13:43:17","date_gmt":"2022-10-20T13:43:17","guid":{"rendered":"http:\/\/silvaprodukt.si\/?page_id=6153"},"modified":"2022-10-24T12:02:42","modified_gmt":"2022-10-24T12:02:42","slug":"kolofon","status":"publish","type":"page","link":"https:\/\/silvaprodukt.si\/hr\/kolofon\/","title":{"rendered":"Kolofon"},"content":{"rendered":"\n\t<section class=\"section\" id=\"section_1648699381\">\n\t\t<div class=\"section-bg fill\" >\n\t\t\t<img decoding=\"async\" width=\"1024\" height=\"429\" src=\"https:\/\/silvaprodukt.si\/wp-content\/uploads\/2022\/10\/jasna_2-1024x429-1.jpg\" class=\"bg attachment- size-\" alt=\"\" \/>\t\t\t\t\t\t\n\t\t\t\n\n\t\t<\/div>\n\n\t\t\n\n\t\t<div class=\"section-content relative\">\n\t\t\t\n<div class=\"row\"  id=\"row-1713081762\">\n\n\t<div id=\"col-1025168787\" class=\"col small-12 large-12\"  >\n\t\t\t\t<div class=\"col-inner\"  >\n\t\t\t\n\t\t\t\n\t<div id=\"text-2150667779\" class=\"text\">\n\t\t\n<h1>Kolofon<\/h1>\n\t\t\n<style>\n#text-2150667779 {\n  color: rgb(255, 255, 255);\n}\n#text-2150667779 > * {\n  color: rgb(255, 255, 255);\n}\n<\/style>\n\t<\/div>\n\t\n\t<div id=\"gap-441693079\" class=\"gap-element clearfix\" style=\"display:block; height:auto;\">\n\t\t\n<style>\n#gap-441693079 {\n  padding-top: 30px;\n}\n<\/style>\n\t<\/div>\n\t\n<a href=\"https:\/\/silvaprodukt.si\/hr\/o-nama\/kontakt\/#kontakt\" class=\"button primary\" >\n\t\t<span>KONTAKT<\/span>\n\t<\/a>\n\n\t\t<\/div>\n\t\t\t\t\t<\/div>\n\n\t\n<\/div>\n\t\t<\/div>\n\n\t\t\n<style>\n#section_1648699381 {\n  padding-top: 90px;\n  padding-bottom: 90px;\n  min-height: 610px;\n}\n#section_1648699381 .section-bg img {\n  object-position: 46% 95%;\n}\n<\/style>\n\t<\/section>\n\t\n\n\t<section class=\"section\" id=\"section_1933492339\">\n\t\t<div class=\"section-bg fill\" >\n\t\t\t\t\t\t\t\t\t\n\t\t\t\n\n\t\t<\/div>\n\n\t\t\n\n\t\t<div class=\"section-content relative\">\n\t\t\t\n<div class=\"row\"  id=\"row-666073680\">\n\n\t<div id=\"col-1178409128\" class=\"col small-12 large-12\"  >\n\t\t\t\t<div class=\"col-inner\"  >\n\t\t\t\n\t\t\t\n<p>Predstavljeni online sadr\u017eaj pripremili su stru\u010dnjaci iz podru\u010dja za\u0161tite drva i tvrtka Acenta d.o.o. agencija.<\/p>\n<p>Glavni urednik:<br \/>\nSILVAPRODUKT tvrtka za proizvodnju i prodaju sredstava za za\u0161titu materijala d.o.o.<br \/>\nDolenjska cesta 42<br \/>\n1000 Ljubljana<br \/>\nMati\u010dni broj: 5041716000<br \/>\nPorezni broj: SI 73253782<\/p>\n<p>Datum objave stranice: 18.10.2022<\/p>\n<p>Naru\u010ditelj: Silvaprodukt d.o.o.<\/p>\n<p>Izvo\u0111a\u010d i projektiranje: Acenta, d.o.o.<\/p>\n<p>Priprema sadr\u017eaja: Silvaprodukt d.o.o<\/p>\n<p>Priprema fotografije: Silvaprodukt d.o.o.<\/p>\n\t\t<\/div>\n\t\t\t\t\t<\/div>\n\n\t\n<\/div>\n\t\t<\/div>\n\n\t\t\n<style>\n#section_1933492339 {\n  padding-top: 30px;\n  padding-bottom: 30px;\n}\n<\/style>\n\t<\/section>\n\t\n","protected":false},"excerpt":{"rendered":"","protected":false},"author":5,"featured_media":4022,"parent":0,"menu_order":0,"comment_status":"closed","ping_status":"closed","template":"page-blank.php","meta":{"inline_featured_image":false,"footnotes":""},"class_list":["post-6153","page","type-page","status-publish","has-post-thumbnail","hentry"],"acf":[],"_links":{"self":[{"href":"https:\/\/silvaprodukt.si\/hr\/wp-json\/wp\/v2\/pages\/6153","targetHints":{"allow":["GET"]}}],"collection":[{"href":"https:\/\/silvaprodukt.si\/hr\/wp-json\/wp\/v2\/pages"}],"about":[{"href":"https:\/\/silvaprodukt.si\/hr\/wp-json\/wp\/v2\/types\/page"}],"author":[{"embeddable":true,"href":"https:\/\/silvaprodukt.si\/hr\/wp-json\/wp\/v2\/users\/5"}],"replies":[{"embeddable":true,"href":"https:\/\/silvaprodukt.si\/hr\/wp-json\/wp\/v2\/comments?post=6153"}],"version-history":[{"count":0,"href":"https:\/\/silvaprodukt.si\/hr\/wp-json\/wp\/v2\/pages\/6153\/revisions"}],"wp:featuredmedia":[{"embeddable":true,"href":"https:\/\/silvaprodukt.si\/hr\/wp-json\/wp\/v2\/media\/4022"}],"wp:attachment":[{"href":"https:\/\/silvaprodukt.si\/hr\/wp-json\/wp\/v2\/media?parent=6153"}],"curies":[{"name":"wp","href":"https:\/\/api.w.org\/{rel}","templated":true}]}}