{"id":5298,"date":"2022-09-06T08:49:05","date_gmt":"2022-09-06T06:49:05","guid":{"rendered":"http:\/\/silvaprodukt.si\/kje-kupiti\/"},"modified":"2022-10-29T18:01:46","modified_gmt":"2022-10-29T16:01:46","slug":"gdje-kupiti","status":"publish","type":"page","link":"https:\/\/silvaprodukt.si\/hr\/gdje-kupiti\/","title":{"rendered":"Gdje kupiti?"},"content":{"rendered":"\n\t<section class=\"section\" id=\"section_535190298\">\n\t\t<div class=\"section-bg fill\" >\n\t\t\t<img decoding=\"async\" width=\"1600\" height=\"670\" src=\"https:\/\/silvaprodukt.si\/wp-content\/uploads\/2022\/09\/jasna_2.jpg\" class=\"bg attachment- size-\" alt=\"\" \/>\t\t\t\t\t\t<div class=\"section-bg-overlay absolute fill\"><\/div>\n\t\t\t\n\n\t\t<\/div>\n\n\t\t\n\n\t\t<div class=\"section-content relative\">\n\t\t\t\n<div class=\"row\"  id=\"row-438991479\">\n\n\t<div id=\"col-525007522\" class=\"col small-12 large-12\"  >\n\t\t\t\t<div class=\"col-inner dark\"  >\n\t\t\t\n\t\t\t\n<h1>Gdje kupiti<\/h1>\n\t<div id=\"gap-2101010770\" class=\"gap-element clearfix\" style=\"display:block; height:auto;\">\n\t\t\n<style>\n#gap-2101010770 {\n  padding-top: 30px;\n}\n<\/style>\n\t<\/div>\n\t\n<a href=\"https:\/\/silvaprodukt.si\/hr\/o-nama\/kontakt\/#kontakt\" class=\"button primary\" >\n\t\t<span>KONTAKT<\/span>\n\t<\/a>\n\n\t\t<\/div>\n\t\t\t\t\t<\/div>\n\n\t\n<\/div>\n\t\t<\/div>\n\n\t\t\n<style>\n#section_535190298 {\n  padding-top: 90px;\n  padding-bottom: 90px;\n  min-height: 610px;\n}\n#section_535190298 .section-bg-overlay {\n  background-color: rgba(0, 0, 0, 0.35);\n}\n#section_535190298 .section-bg img {\n  object-position: 46% 95%;\n}\n<\/style>\n\t<\/section>\n\t\n\n\t<section class=\"section\" id=\"section_19149172\">\n\t\t<div class=\"section-bg fill\" >\n\t\t\t\t\t\t\t\t\t\n\t\t\t\n\n\t\t<\/div>\n\n\t\t\n\n\t\t<div class=\"section-content relative\">\n\t\t\t\n<div class=\"row align-equal\"  id=\"row-334300202\">\n\n\t<div id=\"col-1443517443\" class=\"col small-12 large-12\"  >\n\t\t\t\t<div class=\"col-inner\"  >\n\t\t\t\n\t\t\t\n<h2><b>Po\u0161tovani kupci!<\/b><\/h2>\n<p>Za sve dodatne informacije i pitanja dostupni smo na telefonu <a href=\"tel:+38612800571\">+386 1 280 05 71<\/a>, a svoja pitanja mo\u017eete nam poslati i na e-adresu <a href=\"mailto:info@silvaprodukt.si\">info@silvaprodukt.si<\/a>.<\/p>\n<h3><strong>POSLOVANJE S PRAVNIM OSOBAMA:<\/strong><\/h3>\n<p>Za pojedina podru\u010dja Slovenije mo\u017eete se obratiti na\u0161im prodajno-tehni\u010dkim predstavnicima na terenu:<\/p>\n\t\t<\/div>\n\t\t\t\t\t<\/div>\n\n\t\n<\/div>\n<div class=\"row row-box-shadow-2\"  id=\"row-418275890\">\n\n\t<div id=\"col-1556902055\" class=\"col medium-4 small-6 large-4\"  >\n\t\t\t\t<div class=\"col-inner\"  >\n\t\t\t\n\t\t\t\n\t<div id=\"text-1283176617\" class=\"text\">\n\t\t\n<p class=\"nadnaslov\">Dolenjska, Bela krajina<br \/>\nJo\u017ee Krampelj<\/p>\n<p><strong><span style=\"color: #282828;\"><a style=\"color: #282828;\" href=\"mailto:joze.krampelj@silvaprodukt.si\">joze.krampelj@silvaprodukt.si<\/a>,\u00a0<a style=\"color: #282828;\" href=\"tel:+38641716739\">+386 41 716 739<\/a><\/span><\/strong><\/p>\n\t\t\n<style>\n#text-1283176617 {\n  text-align: center;\n}\n<\/style>\n\t<\/div>\n\t\n\t\t<\/div>\n\t\t\t\t\t<\/div>\n\n\t\n\n\t<div id=\"col-293630602\" class=\"col medium-4 small-6 large-4\"  >\n\t\t\t\t<div class=\"col-inner\"  >\n\t\t\t\n\t\t\t\n\t<div id=\"text-1374775665\" class=\"text\">\n\t\t\n<p class=\"nadnaslov\">Sredi\u0161nja Slovenija, Gorenjska, Koru\u0161ka i Austrija, Njema\u010dka in \u0160vicarska<br \/>\nPavel M. Novak<\/p>\n<p><strong><span style=\"color: #282828;\"><a style=\"color: #282828;\" href=\"mailto:pavel.novak@silvaprodukt.si\">pavel.mnovak@silvaprodukt.si,\u00a0<\/a><br \/>\n<a style=\"color: #282828;\" href=\"tel:+38651413424\">+386 51 413 424<\/a><\/span><\/strong><\/p>\n\t\t\n<style>\n#text-1374775665 {\n  text-align: center;\n}\n<\/style>\n\t<\/div>\n\t\n\t\t<\/div>\n\t\t\t\t\t<\/div>\n\n\t\n\n\t<div id=\"col-927100616\" class=\"col medium-4 small-6 large-4\"  >\n\t\t\t\t<div class=\"col-inner\"  >\n\t\t\t\n\t\t\t\n\t<div id=\"text-2918018384\" class=\"text\">\n\t\t\n<p class=\"nadnaslov\">Notranjska, Primorska i Hrvatska &#8211; Tone \u017dagar<br \/>\nTone \u017dagar<\/p>\n<p><strong><span style=\"color: #282828;\"><a style=\"color: #282828;\" href=\"mailto:tone.zagar@silvaprodukt.si\">tone.zagar@silvaprodukt.si<\/a>,\u00a0<a style=\"color: #282828;\" href=\"tel:+38651418330\">+386 51 418 330<\/a>,<br \/>\n<a style=\"color: #282828;\" href=\"tel:+38641758613\">+386 41 758 613<\/a><\/span><\/strong><\/p>\n\t\t\n<style>\n#text-2918018384 {\n  text-align: center;\n}\n<\/style>\n\t<\/div>\n\t\n\t\t<\/div>\n\t\t\t\t\n<style>\n#col-927100616 > .col-inner {\n  padding: 0px 0px 0px 0px;\n}\n<\/style>\n\t<\/div>\n\n\t\n\n<style>\n#row-418275890 > .col > .col-inner {\n  padding: 10px 10px 10px 10px;\n}\n<\/style>\n<\/div>\n\t\t<\/div>\n\n\t\t\n<style>\n#section_19149172 {\n  padding-top: 90px;\n  padding-bottom: 90px;\n}\n<\/style>\n\t<\/section>\n\t\n","protected":false},"excerpt":{"rendered":"","protected":false},"author":5,"featured_media":4022,"parent":0,"menu_order":0,"comment_status":"closed","ping_status":"closed","template":"page-blank.php","meta":{"inline_featured_image":false,"footnotes":""},"class_list":["post-5298","page","type-page","status-publish","has-post-thumbnail","hentry"],"acf":[],"_links":{"self":[{"href":"https:\/\/silvaprodukt.si\/hr\/wp-json\/wp\/v2\/pages\/5298","targetHints":{"allow":["GET"]}}],"collection":[{"href":"https:\/\/silvaprodukt.si\/hr\/wp-json\/wp\/v2\/pages"}],"about":[{"href":"https:\/\/silvaprodukt.si\/hr\/wp-json\/wp\/v2\/types\/page"}],"author":[{"embeddable":true,"href":"https:\/\/silvaprodukt.si\/hr\/wp-json\/wp\/v2\/users\/5"}],"replies":[{"embeddable":true,"href":"https:\/\/silvaprodukt.si\/hr\/wp-json\/wp\/v2\/comments?post=5298"}],"version-history":[{"count":0,"href":"https:\/\/silvaprodukt.si\/hr\/wp-json\/wp\/v2\/pages\/5298\/revisions"}],"wp:featuredmedia":[{"embeddable":true,"href":"https:\/\/silvaprodukt.si\/hr\/wp-json\/wp\/v2\/media\/4022"}],"wp:attachment":[{"href":"https:\/\/silvaprodukt.si\/hr\/wp-json\/wp\/v2\/media?parent=5298"}],"curies":[{"name":"wp","href":"https:\/\/api.w.org\/{rel}","templated":true}]}}