{"id":4564,"date":"2022-09-06T08:48:23","date_gmt":"2022-09-06T08:48:23","guid":{"rendered":"http:\/\/silvaprodukt.si\/politika-piskotkov\/"},"modified":"2022-10-26T09:04:48","modified_gmt":"2022-10-26T09:04:48","slug":"politika-kolacica","status":"publish","type":"page","link":"https:\/\/silvaprodukt.si\/hr\/politika-kolacica\/","title":{"rendered":"Politika kola\u010di\u0107a"},"content":{"rendered":"\n\t<section class=\"section\" id=\"section_1971672201\">\n\t\t<div class=\"section-bg fill\" >\n\t\t\t<img decoding=\"async\" width=\"1600\" height=\"670\" src=\"https:\/\/silvaprodukt.si\/wp-content\/uploads\/2022\/09\/jasna_2.jpg\" class=\"bg attachment- size-\" alt=\"\" \/>\t\t\t\t\t\t<div class=\"section-bg-overlay absolute fill\"><\/div>\n\t\t\t\n\n\t\t<\/div>\n\n\t\t\n\n\t\t<div class=\"section-content relative\">\n\t\t\t\n<div class=\"row\"  id=\"row-495356157\">\n\n\t<div id=\"col-380827634\" class=\"col small-12 large-12\"  >\n\t\t\t\t<div class=\"col-inner dark\"  >\n\t\t\t\n\t\t\t\n<h1>Politika kola\u010di\u0107a<\/h1>\n\t<div id=\"gap-599749844\" class=\"gap-element clearfix\" style=\"display:block; height:auto;\">\n\t\t\n<style>\n#gap-599749844 {\n  padding-top: 30px;\n}\n<\/style>\n\t<\/div>\n\t\n<a href=\"https:\/\/silvaprodukt.si\/o-nas\/kontakt\/\" class=\"button primary\" >\n\t\t<span>KONTAKT<\/span>\n\t<\/a>\n\n\t\t<\/div>\n\t\t\t\t\t<\/div>\n\n\t\n<\/div>\n\t\t<\/div>\n\n\t\t\n<style>\n#section_1971672201 {\n  padding-top: 90px;\n  padding-bottom: 90px;\n  min-height: 610px;\n}\n#section_1971672201 .section-bg-overlay {\n  background-color: rgba(0, 0, 0, 0.35);\n}\n#section_1971672201 .section-bg img {\n  object-position: 45% 80%;\n}\n<\/style>\n\t<\/section>\n\t\n\n\t<section class=\"section\" id=\"section_561180939\">\n\t\t<div class=\"section-bg fill\" >\n\t\t\t\t\t\t\t\t\t\n\t\t\t\n\n\t\t<\/div>\n\n\t\t\n\n\t\t<div class=\"section-content relative\">\n\t\t\t\n<div class=\"row align-middle\"  id=\"row-130050812\">\n\n\t<div id=\"col-24262937\" class=\"col medium-12 small-12 large-12\"  >\n\t\t\t\t<div class=\"col-inner\"  >\n\t\t\t\n\t\t\t\n<div>\n<div>\n<h2>Politika kola\u010di\u0107a<\/h2>\n<\/div>\n<\/div>\n<div>\n<div >\n<p>Kola\u010di\u0107i su male tekstualne datoteke koje ve\u0107ina web-mjesta pohranjuje na ure\u0111aje korisnika i osmi\u0161ljeni su za spremanje internetskih postavki. <br \/>Svrha kola\u010di\u0107a je identificirati pojedina\u010dne ure\u0111aje koje su korisnici koristili za pristup web stranici. To omogu\u0107uje web stranicama da prepoznaju je li ih korisnik ve\u0107 posjetio i, u nekim slu\u010dajevima, prilagode prikazani sadr\u017eaj u skladu s tim. Njihovo pohranjivanje je pod potpunom kontrolom web preglednika koji koristi pojedini korisnik, \u0161to zna\u010di da svaki korisnik mo\u017ee ograni\u010diti ili u potpunosti onemogu\u0107iti pohranjivanje kola\u010di\u0107a po \u017eelji.<\/p>\n<h2>Za\u0161to su kola\u010di\u0107i potrebni?<\/h2>\n<p>Kola\u010di\u0107i su temeljni za pru\u017eanje online usluga prilago\u0111enih korisnicima. Naj\u010de\u0161\u0107e funkcije e-poslovanja ne bi bile mogu\u0107e bez kola\u010di\u0107a. Interakcija izme\u0111u web korisnika i web stranice br\u017ea je i lak\u0161a uz pomo\u0107 kola\u010di\u0107a. Uz njihovu pomo\u0107 web stranica pamti preferencije i iskustva pojedinca, \u0161tedi vrijeme i \u010dini pregledavanje u\u010dinkovitijim i ugodnijim. Kola\u010di\u0107e koristi ve\u0107ina web stranica jer su oni prikladno sredstvo za odr\u017eavanje sadr\u017eaja svje\u017eim i prikladnim, koji je u skladu s interesima i preferencijama pojedina\u010dnih korisnika weba.<\/p>\n<p>Web stranice koriste razli\u010dite vrste kola\u010di\u0107a.<\/p>\n<h2>Obavezni kola\u010di\u0107i<\/h2>\n<p>Ovi su kola\u010di\u0107i uvijek omogu\u0107eni i nu\u017eni su za osnovno funkcioniranje web stranice. Web stranice ne funkcioniraju ispravno bez ovih kola\u010di\u0107a. <br \/>Sukladno tome, ne tra\u017eimo izri\u010dito dopu\u0161tenje za kori\u0161tenje ovih kola\u010di\u0107a.<\/p>\n<p>Dakle, kola\u010di\u0107i koji vas pamte kako biste mogli nesmetano pregledavati web stranice. Ova grupa uklju\u010duje kola\u010di\u0107e koji se koriste kako bi web stranica zapamtila va\u0161 unos u online obrasce itd. Obavezni su jer, izme\u0111u ostalog, osiguravaju sigurnost i time sprje\u010davaju zlouporabu sustava.<\/p>\n<h2>Funkcionalni i analiti\u010dki kola\u010di\u0107i<\/h2>\n<p>Funkcionalni kola\u010di\u0107i su kola\u010di\u0107i koji pobolj\u0161avaju korisni\u010dko iskustvo na web stranicama, a dopu\u0161tenje za kori\u0161tenje ovih kola\u010di\u0107a dobiva se kori\u0161tenjem ili po dogovoru. Analiti\u010dki kola\u010di\u0107i omogu\u0107uju nam kori\u0161tenje anonimnog pra\u0107enja kako bismo pobolj\u0161ali funkcionalnost stranice, pru\u017eili personaliziranije iskustvo na na\u0161oj web stranici i pohranili va\u0161e izbore prilikom kori\u0161tenja na\u0161e web stranice. Ovi kola\u010di\u0107i za pra\u0107enje omogu\u0107uju analizu posjeta i pregledanog sadr\u017eaja. Ovi kola\u010di\u0107i su anonimni i ne omogu\u0107uju pra\u0107enje specifi\u010dno identificiranih korisnika. Tako\u0111er nam omogu\u0107uju da lak\u0161e identificiramo proizvode koji bi vas zanimali. U nekim slu\u010dajevima, prednost ovih kola\u010di\u0107a je da pobolj\u0161aju brzinu obrade va\u0161ih zahtjeva,da otkriju i pohrane va\u0161e postavke i da vam pomognu da se pove\u017eete s dru\u0161tvenim mre\u017eama. Ako ne odaberete ove kola\u010di\u0107e, to se mo\u017ee odraziti na lo\u0161e preporuke.<\/p>\n<p><b><strong>\u00a0<\/strong><\/b><\/p>\n<h2>Upravljanje i brisanje kola\u010di\u0107a<\/h2>\n<p>Neki korisnici ne \u017eele koristiti kola\u010di\u0107e, pa ve\u0107ina web preglednika dopu\u0161ta upravljanje kola\u010di\u0107ima prema potrebama pojedinog korisnika.<\/p>\n<p>Kako biste osigurali precizniju kontrolu nad vlastitom privatno\u0161\u0107u u nekim preglednicima, mo\u017eete postaviti pravila upravljanja kola\u010di\u0107ima zasebno za svaku pojedina\u010dnu web stranicu. Na taj na\u010din mo\u017eete blokirati kola\u010di\u0107e s nepoznatih web stranica, ali dopustiti rad kola\u010di\u0107ima s web stranica kojima vjerujete. Moramo vas podsjetiti da stranica radi optimalno samo ako se kola\u010di\u0107i nalaze u va\u0161em pregledniku ili omogu\u0107eno na na\u0161im web stranicama. Iako \u0107ete onemogu\u0107iti kola\u010di\u0107e, to ne\u0107e utjecati na bitne kola\u010di\u0107e, koji \u0107e se nastaviti u\u010ditavati unato\u010d va\u0161oj odluci u skladu sa Zakonom o elektroni\u010dkim komunikacijama Republike Slovenije (ZEKom-1).<\/p>\n<h2>Koje kola\u010di\u0107e sadr\u017ei stranica silvaprodukt.si?<\/h2>\n<p>Uz pomo\u0107 kola\u010di\u0107a Silvaprodukt osigurava bolji i korisniku prilago\u0111eniji te personalizirani rad i prikaz web stranice, a ujedno mu kola\u010di\u0107i poma\u017eu u analizi korisnika, bilje\u017eenju posjeta (statisti\u010dke svrhe) i za u\u010dinkovitije ogla\u0161avanje. Nijedan od kola\u010di\u0107a koje koristimo na na\u0161im web stranicama ne prikuplja podatke koji bi se mogli upotrijebiti za va\u0161u osobnu identifikaciju. Podaci se koriste samo u svrhu analize. Daljnjim kori\u0161tenjem ove web stranice sla\u017eete se s na\u0161om politikom kola\u010di\u0107a. Postavke kola\u010di\u0107a mo\u017eete promijeniti u bilo kojem trenutku.<\/p>\n<p>Na\u0161e web stranice i aplikacije koriste sljede\u0107e kola\u010di\u0107e:<\/p>\n<p>Neinvazivni kola\u010di\u0107i, potrebni za rad web stranice:<\/p>\n<p><b><\/b><\/p>\n<p>wp-settings<br \/>wp-settings-time<br \/>wordpress_logged_in<br \/>wordpress_sec_ ali wordpress_test_cookie<br \/>moove_gdpr_popup<\/p>\n<p>Invazivni kola\u010di\u0107i koji se koriste nakon pristanka:<\/p>\n<p>Google Analytics<\/p>\n<table style=\"overflow: auto;\">\n<thead>\n<tr>\n<th>#<\/th>\n<th>VIR<\/th>\n<th>PI\u0160KOTEK<\/th>\n<th>OPIS PI\u0160KOTKA<\/th>\n<th>POTEK<\/th>\n<\/tr>\n<\/thead>\n<tbody>\n<tr>\n<th>1<\/th>\n<td>WordPress<\/td>\n<td>wp-settings-<\/td>\n<td>WordPress postavlja neke kola\u010di\u0107e wp-settings-[UID]. Broj na kraju je identifikacijski broj korisnika koji se nalazi u tablici korisnika baze podataka. Kola\u010di\u0107 se koristi za prilagodbu izgleda administratorskog su\u010delja i izgleda web stranice.<\/td>\n<td>Nakon 1. god<\/td>\n<\/tr>\n<tr>\n<th>2<\/th>\n<td>WordPress<\/td>\n<td>wp-settings-time<\/td>\n<td>WordPress postavlja neke kola\u010di\u0107e wp-settings-[UID]. Broj na kraju je identifikacijski broj korisnika koji se nalazi u tablici korisnika baze podataka. Kola\u010di\u0107 se koristi za prilagodbu izgleda administratorskog su\u010delja i izgleda web stranice.<\/td>\n<td>Nakon 1. god<\/td>\n<\/tr>\n<tr>\n<th>3<\/th>\n<td>WordPress<\/td>\n<td>wordpress_logged_in_<\/td>\n<td>WordPress koristi ovaj kola\u010di\u0107 za provjeru tko je prijavljen u sustav.<\/td>\n<td>Nakon zavr\u0161etka sesije pregledavanja.<\/td>\n<\/tr>\n<tr>\n<th>4<\/th>\n<td>WordPress<\/td>\n<td>wordpress_sec_ ili wordpress_test_cookie<\/td>\n<td>WordPress koristi ova dva kola\u010di\u0107a za provjeru postojanja kola\u010di\u0107a ili za provjeru dopu\u0161ta li preglednik pohranjivanje kola\u010di\u0107a.<\/td>\n<td>Nakon zavr\u0161etka sesije pregledavanja.<\/td>\n<\/tr>\n<tr>\n<th>5<\/th>\n<td>Google Analytics<\/td>\n<td>_ga<\/td>\n<td>Koristi se za pra\u0107enje interakcija korisnika s web stranicom.<\/td>\n<td>Nakon 2. god<\/td>\n<\/tr>\n<tr>\n<th>6<\/th>\n<td>Google Analytics<\/td>\n<td>_gid<\/td>\n<td>za pohranjivanje i brojanje pregleda stranica.<\/td>\n<td>1 Dan<\/td>\n<\/tr>\n<tr>\n<th>7<\/th>\n<td>Automattic, JetPack, WooCommerce<\/td>\n<td>tk_ai<\/td>\n<td>za pohranjivanje jedinstvenog ID-a korisnika.<\/td>\n<td>Sjednice<\/td>\n<\/tr>\n<tr>\n<th>8<\/th>\n<td>WooCommerce<\/td>\n<td>woocommerce_cart_*<\/td>\n<td>za spremanje artikala u ko\u0161aricu.<\/td>\n<td>Sjednice<\/td>\n<\/tr>\n<tr>\n<th>9<\/th>\n<td>WPML<\/td>\n<td>wp-wpml_current_language<\/td>\n<td>za spremanje jezi\u010dnih postavki.<\/td>\n<td>1 dan<\/td>\n<\/tr>\n<tr>\n<th>10<\/th>\n<td>wordpress<\/td>\n<td>wordpress_test_cookie<\/td>\n<td>kako biste pro\u010ditali mogu li se instalirati kola\u010di\u0107i.<\/td>\n<td>Sjednice<\/td>\n<\/tr>\n<tr>\n<th>11<\/th>\n<td>\/<\/td>\n<td>pavarti-cookie<\/td>\n<td>\/<\/td>\n<td>\/<\/td>\n<\/tr>\n<tr>\n<th>12<\/th>\n<td>Litespeed<\/td>\n<td>_lscache_vary<\/td>\n<td>Osigurajte sprje\u010davanje predmemoriranih stranica.<\/td>\n<td>2 Dni<\/td>\n<\/tr>\n<tr>\n<th>13<\/th>\n<td>Stripe<\/td>\n<td>_stripe_mid<\/td>\n<td>Osigurajte prevenciju prijevara\n            <\/td>\n<td>Nakon 1. god<\/td>\n<\/tr>\n<tr>\n<th>14<\/th>\n<td>\n                Stripe<\/td>\n<td>\n                _stripe_sid<\/td>\n<td>Osigurajte prevenciju prijevara\n            <\/td>\n<td>30 min<\/td>\n<\/tr>\n<tr>\n<th>15<\/th>\n<td>\n<p>BlogVault\n            <\/td>\n<td>\n<p>Bvfw-Bypass-Cookie\n            <\/td>\n<td>\n                s nepoznatom funkcionalno\u0161\u0107u\n            <\/td>\n<td>Nakon zavr\u0161etka sesije pregledavanja<\/td>\n<\/tr>\n<tr>\n<th>16<\/th>\n<td>\n<p>WooCommerce\n            <\/td>\n<td>\n<p>\n                    Woocommerce_items_in_cart\n            <\/td>\n<td>\n                za spremanje artikala u ko\u0161aricu.\n            <\/td>\n<td>Sjednice<\/td>\n<\/tr>\n<tr>\n<th>17<\/th>\n<td>\n<p>\n                    WordPress\n            <\/td>\n<td>\n<p>\n                    WordPress_test_cookie\n            <\/td>\n<td>\nkako biste pro\u010ditali mogu li se instalirati kola\u010di\u0107i.            <\/td>\n<td>Sjednice<\/td>\n<\/tr>\n<\/tbody>\n<\/table>\n<p>Obvezujemo se da vlastite kola\u010di\u0107e ne\u0107emo proslje\u0111ivati \u200b\u200btre\u0107im stranama. Kola\u010di\u0107e mo\u017eete izbrisati ili onemogu\u0107iti putem postavki u svom pregledniku. <br \/>Upute su u nastavku. Ako onemogu\u0107ite kola\u010di\u0107e, neke web stranice mo\u017eda ne\u0107e ispravno raditi za vas.<\/p>\n<p>Upravljitelj kola\u010di\u010da: <b>Silvaprodukt d.o.o.<\/b><\/p>\n<p><b><strong>Upute za ure\u0111ivanje i brisanje kola\u010di\u0107a u pregledniku:<\/strong><\/b><\/p>\n<p><u><a href=\"https:\/\/support.google.com\/chrome\/answer\/95647?hl=sl\" rel=\"nofollow noopener\" target=\"_blank\">Google Chrome<\/a><\/u><\/p>\n<p><a href=\"https:\/\/support.microsoft.com\/en-us\/help\/17442\/windows-internet-explorer-delete-manage-cookies#ie=ie-10\" rel=\"nofollow noopener\" target=\"_blank\">Internet Explorer<\/a><\/p>\n<p><a href=\"https:\/\/www.wikihow.com\/Delete-Cookies-Using-the-Safari-Web-Browser\" rel=\"nofollow noopener\" target=\"_blank\">Safari<\/a><\/p>\n<p><a href=\"https:\/\/support.mozilla.org\/sl\/kb\/izbrisite-piskotke-podatke-strani\" rel=\"nofollow noopener\" target=\"_blank\">Firefox<\/a><\/p>\n<p><a href=\"https:\/\/help.opera.com\/en\/latest\/\" rel=\"nofollow noopener\" target=\"_blank\">Opera<\/a><\/p>\n<\/div>\n<\/div>\n<\/div>\n\t\t<\/div>\n\t\t\t\t\t<\/div>\n\n\t\n<\/div>\n\t\t<\/div>\n\n\t\t\n<style>\n#section_561180939 {\n  padding-top: 90px;\n  padding-bottom: 90px;\n}\n<\/style>\n\t<\/section>\n\t\n\t<div id=\"gap-1216259962\" class=\"gap-element clearfix\" style=\"display:block; height:auto;\">\n\t\t\n<style>\n#gap-1216259962 {\n  padding-top: 100px;\n}\n<\/style>\n\t<\/div>\n\t\n","protected":false},"excerpt":{"rendered":"","protected":false},"author":5,"featured_media":4022,"parent":0,"menu_order":0,"comment_status":"closed","ping_status":"closed","template":"page-blank.php","meta":{"inline_featured_image":false,"footnotes":""},"class_list":["post-4564","page","type-page","status-publish","has-post-thumbnail","hentry"],"acf":[],"_links":{"self":[{"href":"https:\/\/silvaprodukt.si\/hr\/wp-json\/wp\/v2\/pages\/4564","targetHints":{"allow":["GET"]}}],"collection":[{"href":"https:\/\/silvaprodukt.si\/hr\/wp-json\/wp\/v2\/pages"}],"about":[{"href":"https:\/\/silvaprodukt.si\/hr\/wp-json\/wp\/v2\/types\/page"}],"author":[{"embeddable":true,"href":"https:\/\/silvaprodukt.si\/hr\/wp-json\/wp\/v2\/users\/5"}],"replies":[{"embeddable":true,"href":"https:\/\/silvaprodukt.si\/hr\/wp-json\/wp\/v2\/comments?post=4564"}],"version-history":[{"count":0,"href":"https:\/\/silvaprodukt.si\/hr\/wp-json\/wp\/v2\/pages\/4564\/revisions"}],"wp:featuredmedia":[{"embeddable":true,"href":"https:\/\/silvaprodukt.si\/hr\/wp-json\/wp\/v2\/media\/4022"}],"wp:attachment":[{"href":"https:\/\/silvaprodukt.si\/hr\/wp-json\/wp\/v2\/media?parent=4564"}],"curies":[{"name":"wp","href":"https:\/\/api.w.org\/{rel}","templated":true}]}}