{"id":4456,"date":"2022-09-06T08:48:11","date_gmt":"2022-09-06T08:48:11","guid":{"rendered":"http:\/\/silvaprodukt.si\/politika-zasebnosti\/"},"modified":"2022-10-21T05:45:53","modified_gmt":"2022-10-21T05:45:53","slug":"politika-privatnosti-i-zastite-osobnih-podataka","status":"publish","type":"page","link":"https:\/\/silvaprodukt.si\/hr\/politika-privatnosti-i-zastite-osobnih-podataka\/","title":{"rendered":"Politika privatnosti i za\u0161tite osobnih podataka"},"content":{"rendered":"\n\t<section class=\"section\" id=\"section_605457763\">\n\t\t<div class=\"section-bg fill\" >\n\t\t\t<img decoding=\"async\" width=\"1600\" height=\"670\" src=\"https:\/\/silvaprodukt.si\/wp-content\/uploads\/2022\/09\/jasna_2.jpg\" class=\"bg attachment- size-\" alt=\"\" \/>\t\t\t\t\t\t<div class=\"section-bg-overlay absolute fill\"><\/div>\n\t\t\t\n\n\t\t<\/div>\n\n\t\t\n\n\t\t<div class=\"section-content relative\">\n\t\t\t\n<div class=\"row\"  id=\"row-525005741\">\n\n\t<div id=\"col-922649301\" class=\"col small-12 large-12\"  >\n\t\t\t\t<div class=\"col-inner dark\"  >\n\t\t\t\n\t\t\t\n<h1>Politika privatnosti i za\u0161tite osobnih podataka<br \/>\n<\/h1>\n\t<div id=\"gap-188195962\" class=\"gap-element clearfix\" style=\"display:block; height:auto;\">\n\t\t\n<style>\n#gap-188195962 {\n  padding-top: 30px;\n}\n<\/style>\n\t<\/div>\n\t\n\t\t<\/div>\n\t\t\t\t\t<\/div>\n\n\t\n<\/div>\n\t\t<\/div>\n\n\t\t\n<style>\n#section_605457763 {\n  padding-top: 90px;\n  padding-bottom: 90px;\n  min-height: 610px;\n}\n#section_605457763 .section-bg-overlay {\n  background-color: rgba(0, 0, 0, 0.35);\n}\n#section_605457763 .section-bg img {\n  object-position: 46% 100%;\n}\n<\/style>\n\t<\/section>\n\t\n\n\t<section class=\"section\" id=\"section_1296365425\">\n\t\t<div class=\"section-bg fill\" >\n\t\t\t\t\t\t\t\t\t<div class=\"section-bg-overlay absolute fill\"><\/div>\n\t\t\t\n\n\t\t<\/div>\n\n\t\t\n\n\t\t<div class=\"section-content relative\">\n\t\t\t\n<div class=\"row align-middle\"  id=\"row-2098675554\">\n\n\t<div id=\"col-681787296\" class=\"col medium-12 small-12 large-12\"  >\n\t\t\t\t<div class=\"col-inner\"  >\n\t\t\t\n\t\t\t\n\t<div id=\"text-805429128\" class=\"text tabela-pz\">\n\t\t\n<p><span style=\"font-weight: 400;\">U tvrtki Silvaprodukt d.o.o. po\u0161tujemo va\u0161u privatnost, a va\u0161e osobne podatke koristimo isklju\u010divo u navedene svrhe. Pa\u017eljivo \u0107emo \u0161tititi va\u0161e osobne podatke u skladu sa zakonskom regulativom koja ure\u0111uje za\u0161titu osobnih podataka (Uredba EU 2016\/679 (GDPR) i Zakon o za\u0161titi osobnih podataka \u2013 ZVOP-1) i pravilima o za\u0161titi osobnih podataka.<\/span><\/p>\n<h2><b>1. Op\u0107e informacije<\/b><\/h2>\n<p><span style=\"font-weight: 400;\">Na ovoj stranici mo\u017eete pratiti sve promjene povezane sa za\u0161titom osobnih podataka.<\/span><\/p>\n<p><span style=\"font-weight: 400;\">U tvrtki Silvaprodukt d.o.o., a posebice na na\u0161oj internetskoj trgovini <a href=\"https:\/\/silvaprodukt.si\"><span style=\"font-weight: 400;\">www.silvaprodukt.si<\/span><\/a> po\u0161tujemo va\u0161u privatnost i \u0161titimo va\u0161e podatke. Ova politika vrijedi za sve korisnike mre\u017enog mjesta.<\/span><\/p>\n<p><span style=\"font-weight: 400;\">Poslujemo sukladno Zakonu o za\u0161titi osobnih podataka (ZVOP-1), a od objave ovih pravila i s Europskom uredbom o za\u0161titi osobnih podataka (GDPR).<\/span><\/p>\n<p><span style=\"font-weight: 400;\">Uporabom mre\u017enog mjesta korisnik potvr\u0111uje da razumije, prihva\u0107a i sla\u017ee se sa svim odredbama politike o privatnosti i za\u0161titi osobnih podataka.<\/span><\/p>\n<p><span style=\"font-weight: 400;\">Ova politika mo\u017ee se u bilo koje vrijeme promijeniti ili nadopuniti bez upozorenja ili obavijesti. Uporabom internetske stranice nakon promjene politike korisnik potvr\u0111uje da je suglasan s promjenama.<\/span><\/p>\n<h2><b>2. Voditelj obrade podataka<\/b><\/h2>\n<p><span style=\"font-weight: 400;\">Voditelj obrade osobnih podataka, koji se obra\u0111uju u skladu s Pravilima za\u0161tite osobnih podataka, je tvrtka Silvaprodukt d.o.o., Dolenjska cesta 42, 1000 Ljubljana, ID broj za PDV: SI73253782, mati\u010dni broj: 5041716000<\/span><\/p>\n<h2><b>3. Oblici suradnje<\/b><\/h2>\n<p><span style=\"font-weight: 400;\">Na\u0161e usluge mo\u017eete koristiti kao:<\/span><\/p>\n<ul>\n<li style=\"font-weight: 400;\" aria-level=\"1\"><span style=\"font-weight: 400;\">registrirani korisnik (u tom slu\u010daju \u0107emo, uz va\u0161u suglasnost, pomo\u0107u kola\u010di\u0107a prikupljati podatke svaki put kad posjetite na\u0161u internetsku stranicu s ciljem osiguravanja bolje funkcionalnosti i korisni\u010dkog iskustva, sigurnosti, brojanja korisnika na internetskoj stranici te za osiguravanje neometanog rada na\u0161ih internetskih stranica)<\/span><\/li>\n<li style=\"font-weight: 400;\" aria-level=\"1\"><span style=\"font-weight: 400;\">korisnik mre\u017enog obrasca za slanje upita (slanjem va\u0161ih osobnih podataka omogu\u0107it \u0107ete nam da \u0161to stru\u010dnije i detaljnije odgovorimo na sve va\u0161e upite ). \u00a0<\/span><\/li>\n<li style=\"font-weight: 400;\" aria-level=\"1\"><span style=\"font-weight: 400;\">registrirani kupac (time \u0107ete omogu\u0107iti i olak\u0161ati internetsku kupovinu na na\u0161oj internetskoj stranici). Ove podatke mo\u017eete promijeniti u bilo kojem trenutku na svom online profilu na na\u0161oj internetskoj stranici i u svakom trenutku zatra\u017eiti brisanje iz na\u0161e baze podataka. \u00a0<\/span><\/li>\n<\/ul>\n<h2><b>4. Prikupljanje i obrada osobnih podataka prilikom posjete internetske stranice<\/b><\/h2>\n<h3>4.1 Op\u0107enito<\/h3>\n<p><span style=\"font-weight: 400;\">Kada na\u0161u internetsku stranicu posjetite i upotrijebite samo u svrhu prikupljanja informacija, tj. putem posebnih pristupnih mjesta (upiti, kupovina, kontaktni obrazac) ne \u0161aljete svoje podatke, prikupljamo samo one podatke koje va\u0161 pretra\u017eiva\u010d \u0161alje na\u0161em poslu\u017eitelju. Ti su podaci od tehni\u010dke va\u017enosti za prikazivanje internetske stranice te osiguravanje stabilnosti i sigurnosti. Odre\u0111ene prikupljene podatke proslje\u0111ujemo na obradu vanjskim pru\u017eateljima usluga ili izvo\u0111a\u010dima u skladu s potrebnim svrhama (za prikazivanje internetskih stranica i postavljanje njihovog sadr\u017eaja) i zakonodavstvom.<\/span><\/p>\n<p><span style=\"font-weight: 400;\">Pored navedenih podataka, tijekom posjete i uporabe na\u0161e internetske stranice, na va\u0161e ra\u010dunalo pohranjuju se kola\u010di\u0107i. Kola\u010di\u0107i su malene tekstualne datoteke kojima va\u0161 pretra\u017eiva\u010d pohranjuje odre\u0111ene informacije na va\u0161 ure\u0111aj. Sljede\u0107i put kada posjetite na\u0161u internetsku stranicu pomo\u0107u istog ure\u0111aja informacije, pohranjene u kola\u010di\u0107ima, \u0161alju se na\u0161oj internetskoj stranici (\u00bbvlastiti kola\u010di\u0107i\u00ab) ili drugoj internetskoj stranici kojoj kola\u010di\u0107 pripada (\u00bbostali kola\u010di\u0107i\u00ab). Pomo\u0107u pohranjenih i povratnih informacija odre\u0111ena internetska stranica prepoznat \u0107e da ste joj ve\u0107 pristupili pomo\u0107u pretra\u017eiva\u010da kojeg koristite na svom ure\u0111aju. Te informacije koristimo za prilago\u0111avanje i optimalno prikazivanje internetske stranice prema va\u0161em ukusu. U tom smislu, na va\u0161em ure\u0111aju prepoznaje se samo kola\u010di\u0107. Izvan tog okvira, va\u0161i osobni podaci bit \u0107e pohranjeni samo uz va\u0161u izri\u010ditu suglasnost ili ako je to nu\u017eno potrebno za uporabu usluga koje su dostupne ili kojima pristupate.<\/span><\/p>\n<p><span style=\"font-weight: 400;\">Ova internetska stranica koristi Google Analytics, uslugu mre\u017ene analize tvrtke Google, Inc. (\u00bbGoogle\u00ab). Google Analytics koristi poseban oblik kola\u010di\u0107a, koji je pohranjen na va\u0161em ra\u010dunalu i omogu\u0107uje analizu va\u0161e uporabe internetske stranice. Informacije o uporabi internetske stranice, koje prikupljaju kola\u010di\u0107i, u pravilu se prenose i pohranjuju na Googleov poslu\u017eitelj u SAD-u.<\/span><\/p>\n<h3>4.2 Podaci koje prikupljamo o na\u0161im registriranim korisnicima i kupcima:<\/h3>\n<ul>\n<li style=\"font-weight: 400;\" aria-level=\"1\"><span style=\"font-weight: 400;\">podaci o identitetu: ime, prezime, adresa elektronske po\u0161te i lozinka, koja je \u0161ifrirana i poznata samo korisniku (mi ne znamo va\u0161u lozinku). Ako ste se registrirali putem bilo koje druge dru\u0161tvene mre\u017ee (Facebook, Google i ostalo), podaci o va\u0161em identitetu uklju\u010duju va\u0161e korisni\u010dko ime koje koristite na toj dru\u0161tvenoj mre\u017ei. Podaci o identitetu poslovnih korisnika obuhva\u0107aju naziv tvrtke i porezni broj odnosno identifikacijski broj za PDV. Identifikacijski broj za PDV pohranjujemo i za fizi\u010dke osobe koje posluju kao obveznici PDV-a. Te podatke mo\u017eete vidjeti i ure\u0111ivati pomo\u0107u izbornika na svom profilu.<\/span><\/li>\n<li style=\"font-weight: 400;\" aria-level=\"1\"><span style=\"font-weight: 400;\">kontaktni podaci: adrese za dostavu, adresa za izdavanje ra\u010duna i telefonski broj. Te podatke mo\u017eete vidjeti i ure\u0111ivati pomo\u0107u izbornika na svom profilu.<\/span><\/li>\n<li style=\"font-weight: 400;\" aria-level=\"1\"><span style=\"font-weight: 400;\">financijski podaci: podatke o va\u0161im kreditnim karticama ne pohranjujemo. Te podatke proslje\u0111ujemo samo izdavatelju va\u0161e kreditne kartice. To se odnosi i na druge sli\u010dne na\u010dine pla\u0107anja putem interneta.<\/span><\/li>\n<li style=\"font-weight: 400;\" aria-level=\"1\"><span style=\"font-weight: 400;\">podaci o kupovini i pla\u0107anju: pohranjujemo sve podatke o va\u0161im narud\u017ebama i uplatama, uklju\u010duju\u0107i podatke o storniranju i vra\u0107anju narud\u017ebi. Te podatke mo\u017eete vidjeti i ure\u0111ivati pomo\u0107u izbornika na svom profilu.<\/span><\/li>\n<li style=\"font-weight: 400;\" aria-level=\"1\"><span style=\"font-weight: 400;\">podaci koji se odnose na va\u0161u uporabu i profil: posljednji pregledi proizvoda, nedovr\u0161ena kupovina proizvoda, u\u010destalost posjeta pojedinih odjela, u\u010destalost kupovine, komunikacija s nama putem rubrike Pitanja i odgovori, odabrani odjeli te dostavljeni komentari i ocjene na\u0161ih ponuda. Te podatke mo\u017eete vidjeti i ure\u0111ivati pomo\u0107u izbornika na svom profilu na na\u0161oj internetskoj stranici.<\/span><\/li>\n<li style=\"font-weight: 400;\" aria-level=\"1\"><span style=\"font-weight: 400;\">tehni\u010dki podaci: kako bi osigurali sigurnost i doka\u017eljivost prikupljaju se IP adrese, podaci o operativnom sustavu, pretra\u017eiva\u010du, lokaciji va\u0161eg ure\u0111aja, vrsti ure\u0111aja pomo\u0107u kojega pristupate na\u0161oj stranici i sli\u010dno. Putem kola\u010di\u0107a i uz va\u0161u suglasnost prikupljamo i podatke kojima mo\u017eemo osigurati bolju funkcionalnost i korisni\u010dko iskustvo, sigurnost, prebrojavanje broja korisnika na internetskoj stranici i osiguravanje njezinog neometanog rada. Prilikom svake posjete svakom je korisniku dodijeljen sesijski kola\u010di\u0107 za identifikaciju i pra\u0107enje ko\u0161arice za kupovinu. Silvaprodukt d.o.o. mo\u017ee pohraniti na ra\u010dunalo korisnika i druge kola\u010di\u0107e, kao \u0161to su identifikacijski broj korisnika u \u0161ifriranom obliku (za prepoznavanje korisnika kod sljede\u0107e posjete) te kola\u010di\u0107i Google Analytics sustava (analiza posjeta internetskih stranica), Facebook, &#8230; Sesijski kola\u010di\u0107i pohranjuju se u memoriju poslu\u017eitelja samo za vrijeme trajanja posjete i bri\u0161u se nakon jednog sata neaktivnosti, a trajni kola\u010di\u0107i pohranjuju se na ra\u010dunalu posjetitelja 2 godine, nakon \u010dega postaju neaktivni.<\/span><\/li>\n<\/ul>\n<p><span style=\"font-weight: 400;\">Svi osobni podaci, koje nam posredujete putem internetske stranice (poslani upiti, online kupovina ili ispunjeni kontaktni obrazac) tretirat \u0107e se povjerljivo i koristiti samo u svrhe za koje ste ih poslali. Ako nastane potreba za daljnjom obradom va\u0161ih podataka u druge svrhe, o tome \u0107emo vas prethodno obavijestiti i zatra\u017eiti va\u0161u suglasnost.<\/span><\/p>\n<p><span style=\"font-weight: 400;\">Internetsku stranicu www.silvaprodukt.si mo\u017eete posjetiti i bez davanja osobnih podataka. Davanje osobnih podataka potrebno je ako \u0161aljete upit, obavljate kupovinu ili \u017eelite s nama stupiti u kontakt putem kontaktnog obrasca. \u00a0<\/span><\/p>\n<p><span style=\"font-weight: 400;\">Davatelj ne\u0107e proslijediti prikupljene podatke tre\u0107im osobama, osim ako za to postoji zakonska osnova (npr. zahtjevi sudova ili drugih tijela i sl.).<\/span><\/p>\n<p><span style=\"font-weight: 400;\">Korisnik je upoznat i suglasan da pru\u017eatelj mo\u017ee pojedine poslove vezane uz prikupljene podatke povjeriti tre\u0107im stranama (ugovornim obra\u0111iva\u010dima). Tre\u0107e osobe mogu povjerene podatke obra\u0111ivati isklju\u010divo u granicama ovla\u0161tenja davatelja i sukladno svrsi uporabe podataka.<\/span><\/p>\n<h3><span style=\"font-weight: 400;\">4.2 Kako prikupljamo podatke:<\/span><\/h3>\n<p><span style=\"font-weight: 400;\">Va\u0161e podatke prikupljamo na vi\u0161e na\u010dina, ako: <\/span><\/p>\n<ul>\n<li style=\"font-weight: 400;\" aria-level=\"1\"><span style=\"font-weight: 400;\">se registrirate kao korisnik na\u0161e internetske stranice<\/span><\/li>\n<li style=\"font-weight: 400;\" aria-level=\"1\"><span style=\"font-weight: 400;\">po\u0161aljete narud\u017ebu<\/span><\/li>\n<li style=\"font-weight: 400;\" aria-level=\"1\"><span style=\"font-weight: 400;\">stornirate narud\u017ebu<\/span><\/li>\n<li style=\"font-weight: 400;\" aria-level=\"1\"><span style=\"font-weight: 400;\">se pretplatite na bilo koju od obavijesti<\/span><\/li>\n<li style=\"font-weight: 400;\" aria-level=\"1\"><span style=\"font-weight: 400;\">sudjelujete u nagradnim igrama<\/span><\/li>\n<li style=\"font-weight: 400;\" aria-level=\"1\"><span style=\"font-weight: 400;\">pregledavate na\u0161e sadr\u017eaje<\/span><\/li>\n<li style=\"font-weight: 400;\" aria-level=\"1\"><span style=\"font-weight: 400;\">objavite pitanje, komentar ili ocjenu bilo kojeg na\u0161eg proizvoda<\/span><\/li>\n<li style=\"font-weight: 400;\" aria-level=\"1\"><span style=\"font-weight: 400;\">nam po\u0161aljete razne upite, zahtjeve za reklamacijom, vratite proizvod, &#8230;<\/span><\/li>\n<li style=\"font-weight: 400;\" aria-level=\"1\"><span style=\"font-weight: 400;\">komunicirate s nama putem dru\u0161tvenih mre\u017ea<\/span><\/li>\n<li style=\"font-weight: 400;\" aria-level=\"1\"><span style=\"font-weight: 400;\">iz drugih izvora (na primjer: va\u0161u mogu\u0107nost kupnje na kredit daje pru\u017eatelj usluga kredita, podatke o tome je li va\u0161a kreditna ili debitna kartica valjana i mo\u017eete li je koristiti za pla\u0107anje narud\u017ebe daje izdavatelj va\u0161e kreditne kartice)<\/span><\/li>\n<\/ul>\n<p><span style=\"font-weight: 400;\">Tehni\u010dke podatke dobivamo automatski.<\/span><\/p>\n<p>Google, Facebook i druge dru\u0161tvene mre\u017ee i reklamne agencije dostavljajo nam podatke za koje ste jim nam dali dopu\u0161tenje.<\/p>\n<div id=\"tw-target-text-container\" class=\"tw-ta-container F0azHf tw-nfl\" tabindex=\"0\">\n<pre id=\"tw-target-text\" class=\"tw-data-text tw-text-large tw-ta\" dir=\"ltr\" data-placeholder=\"Translation\">\u00a0<\/pre>\n<\/div>\n<h3>4.3 Obrada va\u0161ih podataka<\/h3>\n<p><span style=\"font-weight: 400;\">Podatke o registriranim korisnicima, kupcima i kupovinama prikupljamo za:<\/span><\/p>\n<ul>\n<li style=\"font-weight: 400;\" aria-level=\"1\"><span style=\"font-weight: 400;\">ispunjavanje na\u0161ih zakonskih obveza (na primjer vo\u0111enje financijskih i poslovnih knjiga), <\/span><\/li>\n<li style=\"font-weight: 400;\" aria-level=\"1\"><span style=\"font-weight: 400;\">obradu va\u0161ih narud\u017ebi,<\/span><\/li>\n<li style=\"font-weight: 400;\" aria-level=\"1\"><span style=\"font-weight: 400;\">profiliranje kupaca, \u0161to omogu\u0107uje prikazivanje ponude prilago\u0111ene potrebama kupca<\/span><\/li>\n<li style=\"font-weight: 400;\" aria-level=\"1\"><span style=\"font-weight: 400;\">dodjeljivanje mogu\u0107ih pogodnosti<\/span><\/li>\n<li style=\"font-weight: 400;\" aria-level=\"1\"><span style=\"font-weight: 400;\">za analizu poslovanja, planiranje, pra\u0107enje statisti\u010dkih podataka, pona\u0161anja kupaca, posjetitelja i sli\u010dno, pri \u010demu se kori\u0161teni podaci anonimiziraju<\/span><\/li>\n<\/ul>\n<p><span style=\"font-weight: 400;\">Uvjeti sudjelovanja u pojedinoj nagradnoj igri, obrada podataka i objava pobjednika definiraju se posebno za svaku nagradnu igru.<\/span><\/p>\n<p><span style=\"font-weight: 400;\">Upite, koje nam \u0161aljete putem kontaktnih obrazaca, e-po\u0161te ili su objavljeni na internetskoj stranici, koristit \u0107emo isklju\u010divo za uklanjanje pote\u0161ko\u0107a ili pripremu odgovora na upite.<\/span><\/p>\n<p><span style=\"font-weight: 400;\">Za sudjelovanje u anketama, objavu va\u0161ih komentara, upita, ocjena i dr.<\/span><\/p>\n<p><span style=\"font-weight: 400;\">Ako \u0107ete komunicirati s nama putem bilo koje dru\u0161tvene mre\u017ee, va\u0161e podatke mo\u017eemo koristiti i kako bi vam, putem iste dru\u0161tvene mre\u017ee, slali marketin\u0161ke poruke sukladno uvjetima i dozvolama koje ste dali upravitelju dru\u0161tvene mre\u017ee.<\/span><\/p>\n<h3>4.4 Tko ima pristup va\u0161im osobnim podacima<\/h3>\n<p><span style=\"font-weight: 400;\">Osim nas, va\u0161e osobne podatke mogu koristiti i na\u0161i partneri od povjerenja, koji su nam potrebni za provedbu u skladu s va\u017ee\u0107im Zakonom o za\u0161titi osobnih podataka i Europskom uredbom o za\u0161titi osobnih podataka:<\/span><\/p>\n<ul>\n<li style=\"font-weight: 400;\" aria-level=\"1\"><span style=\"font-weight: 400;\">dostavnim slu\u017ebama posredujemo podatke potrebne za prijevoz i dostavu narud\u017ebe,<\/span><\/li>\n<li style=\"font-weight: 400;\" aria-level=\"1\"><span style=\"font-weight: 400;\">ako va\u0161a narud\u017eba sadr\u017ei proizvode koji su na zalihi kod dobavlja\u010da, poslat \u0107emo mu podatke potrebne za pripremu po\u0161iljke s va\u0161om adresom za dostavu i sadr\u017eajem narud\u017ebe,<\/span><\/li>\n<li style=\"font-weight: 400;\" aria-level=\"1\"><span style=\"font-weight: 400;\">dobavlja\u010dima, ako va\u0161e reklamacije ili upite, za koje je potrebna njihova suradnja, rje\u0161avate preko nas,<\/span><\/li>\n<li style=\"font-weight: 400;\" aria-level=\"1\"><span style=\"font-weight: 400;\">Pru\u017eateljima platnim usluga (na primjer Bankart, Paypal, Mastercard, pru\u017eatelji kreditnih usluga),<\/span><\/li>\n<li style=\"font-weight: 400;\" aria-level=\"1\"><span style=\"font-weight: 400;\">ovla\u0161tenim ustanovama, ako to zahtijeva zakon (npr. sud),<\/span><\/li>\n<li style=\"font-weight: 400;\" aria-level=\"1\"><span style=\"font-weight: 400;\">uz va\u0161u suglasnost, va\u0161e podatke posredujemo putem kola\u010di\u0107a Googleu, Facebooku i drugim dru\u0161tvenim mre\u017eama;<\/span><\/li>\n<\/ul>\n<p><span style=\"font-weight: 400;\">Svi partneri koji imaju pristup osobnim podacima du\u017eni su s osobnim podacima postupati pa\u017eljivo i u skladu sa zakonom. Posredujemo samo one podatke koji su potrebni za uspje\u0161no izvo\u0111enje kupovine, prodajnog procesa ili druge aktivnosti.<\/span><\/p>\n<p><span style=\"font-weight: 400;\">Va\u0161e podatke ne proslje\u0111ujemo neovla\u0161tenim tre\u0107im stranama ni pod kojim okolnostima.<\/span><\/p>\n<h3>4.5 Rokovi \u010duvanja osobnih podataka<\/h3>\n<p><span style=\"font-weight: 400;\">Va\u0161e osobne podatke pohranit \u0107emo i obra\u0111ivati u mjeri potrebnoj za postizanje svrhe obrade i onoliko dugo koliko je potrebno za dovr\u0161enje naru\u010denih ili dogovorenih aktivnosti, a zatim u roku zastare obveza koje mogu proiza\u0107i iz obrade takvih osobnih podataka, posebice kada je obrada osobnih podataka neophodna u kontekstu sklapanja ili izvr\u0161enja ugovora.<\/span><\/p>\n<p><span style=\"font-weight: 400;\">Podatke dobivene temeljem va\u0161e suglasnosti \u010duvamo do opoziva suglasnosti.<\/span><\/p>\n<p><span style=\"font-weight: 400;\">Ako je rok \u010duvanja osobnih podataka definiran zakonom, podatke \u010duvamo u skladu sa odredbama zakona.<\/span><\/p>\n<ul>\n<li style=\"font-weight: 400;\" aria-level=\"1\"><span style=\"font-weight: 400;\">Dodaci za dru\u0161tvene mre\u017ee<\/span><\/li>\n<\/ul>\n<p><span style=\"font-weight: 400;\">Na na\u0161im internetskim stranicama koristimo dodatke za dru\u0161tvenu mre\u017eu Facebook. Dodatak je ozna\u010den logotipom tvrtke Facebook.<\/span><\/p>\n<ul>\n<li style=\"font-weight: 400;\" aria-level=\"1\"><span style=\"font-weight: 400;\">YouTube video snimke <\/span><\/li>\n<\/ul>\n<p><span style=\"font-weight: 400;\">Na na\u0161oj internetskoj stranici nalaze se YouTube videozapisi pohranjeni na internetskoj stranici http:\/\/www.YouTube.com i mogu se reproducirati neposredno na na\u0161oj stranici. Svi videozapisi obuhva\u0107eni su \u201epro\u0161irenim na\u010dinom za\u0161tite podataka\u201c, \u0161to zna\u010di da nikakve informacije o vama kao korisniku ne\u0107e biti proslije\u0111ene YouTubeu osim ako kliknete na videozapis za po\u010detak reprodukcije. Tek kada reproducirate videozapise, odre\u0111ene informacije proslje\u0111uju se YouTubeu. Na taj prijenos podataka nemamo utjecaja.<\/span><\/p>\n<h2>5. Osiguravanje za\u0161tite<\/h2>\n<p><span style=\"font-weight: 400;\">Na na\u0161im internetskim stranicama koristimo vi\u0161e sigurnosno-za\u0161titnih sustava, koji osiguravaju odgovaraju\u0107u za\u0161titu od gubitka, otkrivanja, ne\u017eeljenih promjena ili zlouporabe podataka. Za prijenose svih osobnih podataka koristimo SSL tehnologiju, koja \u0161ifrira sve informacije.<\/span><\/p>\n<p><span style=\"font-weight: 400;\">Pristup prikupljenim osobnim podacima imaju samo ovla\u0161tene osobe (zaposlenici, ugovorni partneri) s korisni\u010dkim imenom i lozinkom.<\/span><\/p>\n<p><span style=\"font-weight: 400;\">Molimo vas da nam, kod za\u0161tite va\u0161ih osobnih podataka, pomognete tako \u0161to \u0107ete se sami pobrinuti za sigurnost va\u0161eg korisni\u010dkog imena i lozinke.<\/span><\/p>\n<h2>6. Prava subjekta osobnih podataka<\/h2>\n<p><span style=\"font-weight: 400;\">Kao subjekt podataka koji se obra\u0111uju imate sljede\u0107a prava u odnosu na svoje osobne podatke, navedena u \u010dlanku 15. i drugim \u010dlancima GDPR-a:<\/span><\/p>\n<ul>\n<li style=\"font-weight: 400;\" aria-level=\"1\"><span style=\"font-weight: 400;\">pravo pristupa;<\/span><\/li>\n<li style=\"font-weight: 400;\" aria-level=\"1\"><span style=\"font-weight: 400;\">pravo na popravak i brisanje;<\/span><\/li>\n<li style=\"font-weight: 400;\" aria-level=\"1\"><span style=\"font-weight: 400;\">pravo na ograni\u010denje obrade;<\/span><\/li>\n<li style=\"font-weight: 400;\" aria-level=\"1\"><span style=\"font-weight: 400;\">pravo na prenosivost podataka i<\/span><\/li>\n<li style=\"font-weight: 400;\" aria-level=\"1\"><span style=\"font-weight: 400;\">pravo na prigovor.<\/span><\/li>\n<\/ul>\n<p><span style=\"font-weight: 400;\">Osim toga, imate pravo da na obradu svojih osobnih podataka date prigovor nadle\u017enom organu.<\/span><\/p>\n<p><span style=\"font-weight: 400;\">Ljubljana, 23. 11. 2021<\/span><\/p>\n\t\t\t<\/div>\n\t\n\t\t<\/div>\n\t\t\t\t\t<\/div>\n\n\t\n<\/div>\n\t\t<\/div>\n\n\t\t\n<style>\n#section_1296365425 {\n  padding-top: 90px;\n  padding-bottom: 90px;\n}\n#section_1296365425 .section-bg-overlay {\n  background-color: rgb(255, 255, 255);\n}\n<\/style>\n\t<\/section>\n\t\n\t<div id=\"gap-1152191998\" class=\"gap-element clearfix\" style=\"display:block; height:auto;\">\n\t\t\n<style>\n#gap-1152191998 {\n  padding-top: 100px;\n}\n<\/style>\n\t<\/div>\n\t\n","protected":false},"excerpt":{"rendered":"","protected":false},"author":5,"featured_media":4022,"parent":0,"menu_order":0,"comment_status":"closed","ping_status":"closed","template":"page-blank.php","meta":{"inline_featured_image":false,"footnotes":""},"class_list":["post-4456","page","type-page","status-publish","has-post-thumbnail","hentry"],"acf":[],"_links":{"self":[{"href":"https:\/\/silvaprodukt.si\/hr\/wp-json\/wp\/v2\/pages\/4456","targetHints":{"allow":["GET"]}}],"collection":[{"href":"https:\/\/silvaprodukt.si\/hr\/wp-json\/wp\/v2\/pages"}],"about":[{"href":"https:\/\/silvaprodukt.si\/hr\/wp-json\/wp\/v2\/types\/page"}],"author":[{"embeddable":true,"href":"https:\/\/silvaprodukt.si\/hr\/wp-json\/wp\/v2\/users\/5"}],"replies":[{"embeddable":true,"href":"https:\/\/silvaprodukt.si\/hr\/wp-json\/wp\/v2\/comments?post=4456"}],"version-history":[{"count":0,"href":"https:\/\/silvaprodukt.si\/hr\/wp-json\/wp\/v2\/pages\/4456\/revisions"}],"wp:featuredmedia":[{"embeddable":true,"href":"https:\/\/silvaprodukt.si\/hr\/wp-json\/wp\/v2\/media\/4022"}],"wp:attachment":[{"href":"https:\/\/silvaprodukt.si\/hr\/wp-json\/wp\/v2\/media?parent=4456"}],"curies":[{"name":"wp","href":"https:\/\/api.w.org\/{rel}","templated":true}]}}