{"id":2372,"date":"2022-09-01T07:32:06","date_gmt":"2022-09-01T05:32:06","guid":{"rendered":"http:\/\/silvaprodukt.si\/storitve\/zascita-lesa-z-vakuumsko-tlacno-impregnacijo\/"},"modified":"2022-10-25T12:38:27","modified_gmt":"2022-10-25T12:38:27","slug":"zastita-drva-vakuumsko-tlacnomimpregnacijom","status":"publish","type":"page","link":"https:\/\/silvaprodukt.si\/hr\/usluge\/zastita-drva-vakuumsko-tlacnomimpregnacijom\/","title":{"rendered":"Za\u0161tita drva vakuumsko-tla\u010dnom impregnacijom"},"content":{"rendered":"\n\t<section class=\"section\" id=\"section_1389357337\">\n\t\t<div class=\"section-bg fill\" >\n\t\t\t<img decoding=\"async\" width=\"1920\" height=\"1080\" src=\"https:\/\/silvaprodukt.si\/wp-content\/uploads\/2022\/08\/head1.jpg\" class=\"bg attachment- size-\" alt=\"\" \/>\t\t\t\t\t\t<div class=\"section-bg-overlay absolute fill\"><\/div>\n\t\t\t\n\n\t\t<\/div>\n\n\t\t\n\n\t\t<div class=\"section-content relative\">\n\t\t\t\n<div class=\"row\"  id=\"row-384572102\">\n\n\t<div id=\"col-537518418\" class=\"col medium-12 small-12 large-12\"  >\n\t\t\t\t<div class=\"col-inner text-left dark\"  >\n\t\t\t\n\t\t\t\n<p class=\"nadnaslov\">USLUGE<\/p>\n<h1>Za\u0161tita drva vakuumsko-tla\u010dnom impregnacijom<\/h1>\n<p>Vakuumsko-tla\u010dna impregnacija je postupak temeljne za\u0161tite drva kojim posti\u017eemo najdublje prodiranje i maksimalno upijanje temeljnog za\u0161titnog sredstva u drvo. Ovim postupkom \u0161titimo drvo namijenjeno izlaganju najte\u017eim uvjetima i uporabnoj namjeni.<\/p>\n<ul>\n<li><strong>Temeljna za\u0161tita<\/strong><\/li>\n<li><strong>Vanjske povr\u0161ine<\/strong><\/li>\n<li><strong>Unutarnje povr\u0161ine<\/strong><\/li>\n<li><strong>Za drvo izlo\u017eeno najte\u017eim uvjetima<\/strong><\/li>\n<\/ul>\n<a href=\"#kontakt\" class=\"button primary\" >\n\t\t<span>Pro\u010ditate vi\u0161e<\/span>\n\t<\/a>\n\n<a class=\"button primary pop-open\" >\n\t\t<span>upit<\/span>\n\t<\/a>\n\n\t\t<\/div>\n\t\t\t\t\t<\/div>\n\n\t\n<\/div>\n\t\t<\/div>\n\n\t\t\n<style>\n#section_1389357337 {\n  padding-top: 90px;\n  padding-bottom: 90px;\n}\n#section_1389357337 .section-bg-overlay {\n  background-color: rgba(0, 0, 0, 0.66);\n}\n<\/style>\n\t<\/section>\n\t\n\n\t<section class=\"section pasica\" id=\"section_1169975695\">\n\t\t<div class=\"section-bg fill\" >\n\t\t\t\t\t\t\t\t\t\n\t\t\t\n\n\t\t<\/div>\n\n\t\t\n\n\t\t<div class=\"section-content relative\">\n\t\t\t\r\n\r\n\t<div id=\"gap-153576549\" class=\"gap-element clearfix\" style=\"display:block; height:auto;\">\n\t\t\n<style>\n#gap-153576549 {\n  padding-top: 30px;\n}\n<\/style>\n\t<\/div>\n\t\r\n\r\n<div class=\"row align-equal\"  id=\"row-7218105\">\r\n\r\n\n\t<div id=\"col-119165829\" class=\"col medium-6 small-12 large-3\"  >\n\t\t\t\t<div class=\"col-inner dark\"  >\n\t\t\t\n\t\t\t\r\n\r\n\n\t\t<div class=\"icon-box featured-box icon-box-left text-left\"  >\n\t\t\t\t\t<div class=\"icon-box-img\" style=\"width: 40px\">\n\t\t\t\t<div class=\"icon\">\n\t\t\t\t\t<div class=\"icon-inner\" >\n\t\t\t\t\t\t<img decoding=\"async\" width=\"200\" height=\"201\" src=\"https:\/\/silvaprodukt.si\/wp-content\/uploads\/2022\/09\/Ikona_Silvaprodukt-02.png\" class=\"attachment-medium size-medium\" alt=\"\" srcset=\"https:\/\/silvaprodukt.si\/wp-content\/uploads\/2022\/09\/Ikona_Silvaprodukt-02.png 200w, https:\/\/silvaprodukt.si\/wp-content\/uploads\/2022\/09\/Ikona_Silvaprodukt-02-100x100.png 100w, https:\/\/silvaprodukt.si\/wp-content\/uploads\/2022\/09\/Ikona_Silvaprodukt-02-150x150.png 150w\" sizes=\"(max-width: 200px) 100vw, 200px\" \/>\t\t\t\t\t<\/div>\n\t\t\t\t<\/div>\n\t\t\t<\/div>\n\t\t\t\t<div class=\"icon-box-text last-reset\">\n\t\t\t\t\t\t\t\t\t\r\n\r\n<strong>Dokazano ekolo\u0161ki prihvatljivo<\/strong>\r\n\r\n\t\t<\/div>\n\t<\/div>\n\t\n\t\r\n\r\n\t\t<\/div>\n\t\t\t\t\t<\/div>\n\n\t\r\n\n\t<div id=\"col-1932649728\" class=\"col medium-6 small-12 large-3\"  >\n\t\t\t\t<div class=\"col-inner dark\"  >\n\t\t\t\n\t\t\t\r\n\r\n\n\t\t<div class=\"icon-box featured-box icon-box-left text-left\"  >\n\t\t\t\t\t<div class=\"icon-box-img\" style=\"width: 40px\">\n\t\t\t\t<div class=\"icon\">\n\t\t\t\t\t<div class=\"icon-inner\" >\n\t\t\t\t\t\t<img decoding=\"async\" width=\"200\" height=\"201\" src=\"https:\/\/silvaprodukt.si\/wp-content\/uploads\/2022\/09\/Ikona_Silvaprodukt-03.png\" class=\"attachment-medium size-medium\" alt=\"\" srcset=\"https:\/\/silvaprodukt.si\/wp-content\/uploads\/2022\/09\/Ikona_Silvaprodukt-03.png 200w, https:\/\/silvaprodukt.si\/wp-content\/uploads\/2022\/09\/Ikona_Silvaprodukt-03-100x100.png 100w, https:\/\/silvaprodukt.si\/wp-content\/uploads\/2022\/09\/Ikona_Silvaprodukt-03-150x150.png 150w\" sizes=\"(max-width: 200px) 100vw, 200px\" \/>\t\t\t\t\t<\/div>\n\t\t\t\t<\/div>\n\t\t\t<\/div>\n\t\t\t\t<div class=\"icon-box-text last-reset\">\n\t\t\t\t\t\t\t\t\t\r\n\r\n<strong>Jam\u010dimo 3x du\u017ei vijek trajanja drva<\/strong>\r\n\r\n\t\t<\/div>\n\t<\/div>\n\t\n\t\r\n\r\n\t\t<\/div>\n\t\t\t\t\t<\/div>\n\n\t\r\n\n\t<div id=\"col-790244334\" class=\"col medium-6 small-12 large-3\"  >\n\t\t\t\t<div class=\"col-inner dark\"  >\n\t\t\t\n\t\t\t\r\n\r\n\n\t\t<div class=\"icon-box featured-box icon-box-left text-left\"  >\n\t\t\t\t\t<div class=\"icon-box-img\" style=\"width: 40px\">\n\t\t\t\t<div class=\"icon\">\n\t\t\t\t\t<div class=\"icon-inner\" >\n\t\t\t\t\t\t<img decoding=\"async\" width=\"200\" height=\"201\" src=\"https:\/\/silvaprodukt.si\/wp-content\/uploads\/2022\/09\/Ikona_Silvaprodukt-04.png\" class=\"attachment-medium size-medium\" alt=\"\" srcset=\"https:\/\/silvaprodukt.si\/wp-content\/uploads\/2022\/09\/Ikona_Silvaprodukt-04.png 200w, https:\/\/silvaprodukt.si\/wp-content\/uploads\/2022\/09\/Ikona_Silvaprodukt-04-100x100.png 100w, https:\/\/silvaprodukt.si\/wp-content\/uploads\/2022\/09\/Ikona_Silvaprodukt-04-150x150.png 150w\" sizes=\"(max-width: 200px) 100vw, 200px\" \/>\t\t\t\t\t<\/div>\n\t\t\t\t<\/div>\n\t\t\t<\/div>\n\t\t\t\t<div class=\"icon-box-text last-reset\">\n\t\t\t\t\t\t\t\t\t\r\n\r\n<strong>1x in trajno za\u0161ti\u0107eno,<\/strong>\r\n<strong>BEZ OBNAVLJANJA<\/strong>\r\n\r\n\t\t<\/div>\n\t<\/div>\n\t\n\t\r\n\r\n\t\t<\/div>\n\t\t\t\t\t<\/div>\n\n\t\r\n\n\t<div id=\"col-1354274574\" class=\"col medium-6 small-12 large-3\"  >\n\t\t\t\t<div class=\"col-inner dark\"  >\n\t\t\t\n\t\t\t\r\n\r\n\n\t\t<div class=\"icon-box featured-box icon-box-left text-left\"  >\n\t\t\t\t\t<div class=\"icon-box-img\" style=\"width: 40px\">\n\t\t\t\t<div class=\"icon\">\n\t\t\t\t\t<div class=\"icon-inner\" >\n\t\t\t\t\t\t<img decoding=\"async\" width=\"200\" height=\"201\" src=\"https:\/\/silvaprodukt.si\/wp-content\/uploads\/2022\/09\/Ikona_Silvaprodukt-01.png\" class=\"attachment-medium size-medium\" alt=\"\" srcset=\"https:\/\/silvaprodukt.si\/wp-content\/uploads\/2022\/09\/Ikona_Silvaprodukt-01.png 200w, https:\/\/silvaprodukt.si\/wp-content\/uploads\/2022\/09\/Ikona_Silvaprodukt-01-100x100.png 100w, https:\/\/silvaprodukt.si\/wp-content\/uploads\/2022\/09\/Ikona_Silvaprodukt-01-150x150.png 150w\" sizes=\"(max-width: 200px) 100vw, 200px\" \/>\t\t\t\t\t<\/div>\n\t\t\t\t<\/div>\n\t\t\t<\/div>\n\t\t\t\t<div class=\"icon-box-text last-reset\">\n\t\t\t\t\t\t\t\t\t\r\n\r\n<strong>Vi\u0161e od nekoliko desetlje\u0107a<\/strong>\r\n<strong>testiranja proizvoda<\/strong>\r\n\r\n\t\t<\/div>\n\t<\/div>\n\t\n\t\r\n\r\n\t\t<\/div>\n\t\t\t\t\t<\/div>\n\n\t\r\n\r\n<\/div>\r\n\r\n\t\t<\/div>\n\n\t\t\n<style>\n#section_1169975695 {\n  padding-top: 0px;\n  padding-bottom: 0px;\n  background-color: rgb(157, 141, 118);\n}\n<\/style>\n\t<\/section>\n\t\n<span class=\"scroll-to\" data-label=\"Scroll to: #kontakt\" data-bullet=\"false\" data-link=\"#kontakt\" data-title=\"Change this\"><a name=\"kontakt\"><\/a><\/span>\n\n\t<section class=\"section\" id=\"section_1336303783\">\n\t\t<div class=\"section-bg fill\" >\n\t\t\t\t\t\t\t\t\t<div class=\"section-bg-overlay absolute fill\"><\/div>\n\t\t\t\n\n\t\t<\/div>\n\n\t\t\n\n\t\t<div class=\"section-content relative\">\n\t\t\t\n<div class=\"row\"  id=\"row-1073725263\">\n\n\t<div id=\"col-1361023558\" class=\"col medium-12 small-12 large-6\"  >\n\t\t\t\t<div class=\"col-inner text-left dark\"  >\n\t\t\t\n\t\t\t\n\t<div class=\"img has-hover x md-x lg-x y md-y lg-y\" id=\"image_422692704\">\n\t\t\t\t\t\t\t\t<div class=\"img-inner dark\" >\n\t\t\t<img decoding=\"async\" width=\"1020\" height=\"1020\" src=\"https:\/\/silvaprodukt.si\/wp-content\/uploads\/2022\/09\/vakumsko-tlanca-1-1024x1024.jpg\" class=\"attachment-large size-large\" alt=\"\" srcset=\"https:\/\/silvaprodukt.si\/wp-content\/uploads\/2022\/09\/vakumsko-tlanca-1-1024x1024.jpg 1024w, https:\/\/silvaprodukt.si\/wp-content\/uploads\/2022\/09\/vakumsko-tlanca-1-100x100.jpg 100w, https:\/\/silvaprodukt.si\/wp-content\/uploads\/2022\/09\/vakumsko-tlanca-1-510x510.jpg 510w, https:\/\/silvaprodukt.si\/wp-content\/uploads\/2022\/09\/vakumsko-tlanca-1-300x300.jpg 300w, https:\/\/silvaprodukt.si\/wp-content\/uploads\/2022\/09\/vakumsko-tlanca-1-150x150.jpg 150w, https:\/\/silvaprodukt.si\/wp-content\/uploads\/2022\/09\/vakumsko-tlanca-1-768x768.jpg 768w, https:\/\/silvaprodukt.si\/wp-content\/uploads\/2022\/09\/vakumsko-tlanca-1.jpg 1400w\" sizes=\"(max-width: 1020px) 100vw, 1020px\" \/>\t\t\t\t\t\t\n\t\t\t\t\t<\/div>\n\t\t\t\t\t\t\t\t\n<style>\n#image_422692704 {\n  width: 100%;\n}\n<\/style>\n\t<\/div>\n\t\n\t\t<\/div>\n\t\t\t\t\t<\/div>\n\n\t\n\n\t<div id=\"col-2071958779\" class=\"col medium-12 small-12 large-6\"  >\n\t\t\t\t<div class=\"col-inner text-left\"  >\n\t\t\t\n\t\t\t\n<h2>Za\u0161to impregnacija pod vakuumom?<br \/>\n<\/h2>\n<p>Ako je <b>drvo u neprestanom dodiru s teku\u0107om vodom, tlom ili morskom vodom*<\/b>, postupak za\u0161tite treba prepustiti stru\u010dnjacima. Naime, u tim slu\u010dajevima potrebna je posebna oprema koja omogu\u0107uje <b>vakuumsko-tla\u010dnu impregnaciju, \u010dime \u0107emo osigurati dovoljno u\u010dinkovitu za\u0161titu drva od nametnika.<\/b><\/p>\n<p><span class=\"TextRun SCXW130780178 BCX0\" lang=\"SL-SI\" xml:lang=\"SL-SI\" data-contrast=\"auto\"><span class=\"NormalTextRun SCXW130780178 BCX0\">*More je najzahtjevniji oblik izlaganja drva, zbog \u010dega je potrebno prilagoditi postupak za\u0161tite.<\/span><span class=\"NormalTextRun SCXW130780178 BCX0\">\u00a0<\/span><\/span><\/p>\n\t\t<\/div>\n\t\t\t\t\t<\/div>\n\n\t\n<\/div>\n\t\t<\/div>\n\n\t\t\n<style>\n#section_1336303783 {\n  padding-top: 90px;\n  padding-bottom: 90px;\n}\n#section_1336303783 .section-bg-overlay {\n  background-color: rgba(255, 255, 255, 0.54);\n}\n<\/style>\n\t<\/section>\n\t\n\n\t<section class=\"section\" id=\"section_1947446855\">\n\t\t<div class=\"section-bg fill\" >\n\t\t\t\t\t\t\t\t\t<div class=\"section-bg-overlay absolute fill\"><\/div>\n\t\t\t\n\n\t\t<\/div>\n\n\t\t\n\n\t\t<div class=\"section-content relative\">\n\t\t\t\n<div class=\"row\"  id=\"row-1712442897\">\n\n\t<div id=\"col-1896678604\" class=\"col medium-12 small-12 large-6\"  >\n\t\t\t\t<div class=\"col-inner text-left\"  >\n\t\t\t\n\t\t\t\n<h2>Namjene kori\u0161tenja<br \/>\n<\/h2>\n<p><b>Dubinska ili vakuumsko-tla\u010dna impregnacija drva koristi se prvenstveno za drvo \u010dija je <b>uporabna namjena<\/b>:<\/b><\/p>\n<ul>\n<li><strong>vinogradi<\/strong><\/li>\n<li><strong>drveni materijal za poplo\u010davanje<\/strong><\/li>\n<li><strong>drvene terase<\/strong><\/li>\n<li><strong>\u0161indre (drveni krovni pokriva\u010di)<\/strong><\/li>\n<li><strong>trupci<\/strong><\/li>\n<li><strong>stupovi u morskoj vodi i na molovima<\/strong><\/li>\n<li><strong>drveni mostovi<\/strong><\/li>\n<li><strong>sve vrste drvenih ograda u neposrednom doticaju sa zemljom<\/strong><\/li>\n<li><strong>svi nosivi elementi drvenih konstrukcija izlo\u017eeni padalinama i\/ili teku\u0107oj vodi.<\/strong><\/li>\n<\/ul>\n\t\t<\/div>\n\t\t\t\t\t<\/div>\n\n\t\n\n\t<div id=\"col-479257499\" class=\"col medium-12 small-12 large-6\"  >\n\t\t\t\t<div class=\"col-inner text-left dark\"  >\n\t\t\t\n\t\t\t\n\t<div class=\"img has-hover x md-x lg-x y md-y lg-y\" id=\"image_489573400\">\n\t\t\t\t\t\t\t\t<div class=\"img-inner dark\" >\n\t\t\t<img decoding=\"async\" width=\"1020\" height=\"765\" src=\"https:\/\/silvaprodukt.si\/wp-content\/uploads\/2022\/09\/Silvaprodukt-Vakuumsko-tlac\u030cna-impregnacija-lesa-v-komori-1-scaled-1-1024x768.jpg\" class=\"attachment-large size-large\" alt=\"\" srcset=\"https:\/\/silvaprodukt.si\/wp-content\/uploads\/2022\/09\/Silvaprodukt-Vakuumsko-tlac\u030cna-impregnacija-lesa-v-komori-1-scaled-1-1024x768.jpg 1024w, https:\/\/silvaprodukt.si\/wp-content\/uploads\/2022\/09\/Silvaprodukt-Vakuumsko-tlac\u030cna-impregnacija-lesa-v-komori-1-scaled-1-510x383.jpg 510w, https:\/\/silvaprodukt.si\/wp-content\/uploads\/2022\/09\/Silvaprodukt-Vakuumsko-tlac\u030cna-impregnacija-lesa-v-komori-1-scaled-1-300x225.jpg 300w, https:\/\/silvaprodukt.si\/wp-content\/uploads\/2022\/09\/Silvaprodukt-Vakuumsko-tlac\u030cna-impregnacija-lesa-v-komori-1-scaled-1-768x576.jpg 768w, https:\/\/silvaprodukt.si\/wp-content\/uploads\/2022\/09\/Silvaprodukt-Vakuumsko-tlac\u030cna-impregnacija-lesa-v-komori-1-scaled-1-1536x1152.jpg 1536w, https:\/\/silvaprodukt.si\/wp-content\/uploads\/2022\/09\/Silvaprodukt-Vakuumsko-tlac\u030cna-impregnacija-lesa-v-komori-1-scaled-1-2048x1536.jpg 2048w\" sizes=\"(max-width: 1020px) 100vw, 1020px\" \/>\t\t\t\t\t\t\n\t\t\t\t\t<\/div>\n\t\t\t\t\t\t\t\t\n<style>\n#image_489573400 {\n  width: 100%;\n}\n<\/style>\n\t<\/div>\n\t\n\t\t<\/div>\n\t\t\t\t\t<\/div>\n\n\t\n<\/div>\n\t\t<\/div>\n\n\t\t\n<style>\n#section_1947446855 {\n  padding-top: 90px;\n  padding-bottom: 90px;\n}\n#section_1947446855 .section-bg-overlay {\n  background-color: rgb(243, 245, 245);\n}\n<\/style>\n\t<\/section>\n\t\n\n\t<section class=\"section\" id=\"section_1244653781\">\n\t\t<div class=\"section-bg fill\" >\n\t\t\t\t\t\t\t\t\t\n\t\t\t\n\n\t\t<\/div>\n\n\t\t\n\n\t\t<div class=\"section-content relative\">\n\t\t\t\n<div class=\"row\"  id=\"row-2098792747\">\n\n\t<div id=\"col-1835213863\" class=\"col medium-12 small-12 large-6\"  >\n\t\t\t\t<div class=\"col-inner text-left dark\"  >\n\t\t\t\n\t\t\t\n\t<div id=\"gap-578662674\" class=\"gap-element clearfix\" style=\"display:block; height:auto;\">\n\t\t\n<style>\n#gap-578662674 {\n  padding-top: 90px;\n}\n@media (min-width:550px) {\n  #gap-578662674 {\n    padding-top: 0px;\n  }\n}\n<\/style>\n\t<\/div>\n\t\n\t<div class=\"img has-hover x md-x lg-x y md-y lg-y\" id=\"image_1830188034\">\n\t\t\t\t\t\t\t\t<div class=\"img-inner dark\" >\n\t\t\t<img decoding=\"async\" width=\"1020\" height=\"692\" src=\"https:\/\/silvaprodukt.si\/wp-content\/uploads\/2022\/09\/Screenshot_2-1024x695.png\" class=\"attachment-large size-large\" alt=\"\" srcset=\"https:\/\/silvaprodukt.si\/wp-content\/uploads\/2022\/09\/Screenshot_2-1024x695.png 1024w, https:\/\/silvaprodukt.si\/wp-content\/uploads\/2022\/09\/Screenshot_2-510x346.png 510w, https:\/\/silvaprodukt.si\/wp-content\/uploads\/2022\/09\/Screenshot_2-300x204.png 300w, https:\/\/silvaprodukt.si\/wp-content\/uploads\/2022\/09\/Screenshot_2-768x521.png 768w, https:\/\/silvaprodukt.si\/wp-content\/uploads\/2022\/09\/Screenshot_2.png 1093w\" sizes=\"(max-width: 1020px) 100vw, 1020px\" \/>\t\t\t\t\t\t\n\t\t\t\t\t<\/div>\n\t\t\t\t\t\t\t\t\n<style>\n#image_1830188034 {\n  width: 100%;\n}\n<\/style>\n\t<\/div>\n\t\n\t\t<\/div>\n\t\t\t\t\t<\/div>\n\n\t\n\n\t<div id=\"col-2031519371\" class=\"col medium-12 small-12 large-6\"  >\n\t\t\t\t<div class=\"col-inner text-left\"  >\n\t\t\t\n\t\t\t\n<h2>Upit<br \/>\n<\/h2>\n<section class=\"elementor-section elementor-top-section elementor-element elementor-element-1dac3dbf elementor-section-full_width elementor-section-height-min-height elementor-section-items-stretch elementor-section-content-middle elementor-reverse-mobile elementor-section-height-default jet-parallax-section\" data-id=\"1dac3dbf\" data-element_type=\"section\" data-settings=\"{&quot;jet_parallax_layout_list&quot;:&#091;{&quot;_id&quot;:&quot;391f3b0&quot;,&quot;jet_parallax_layout_image&quot;:{&quot;url&quot;:&quot;&quot;,&quot;id&quot;:&quot;&quot;},&quot;jet_parallax_layout_image_tablet&quot;:{&quot;url&quot;:&quot;&quot;,&quot;id&quot;:&quot;&quot;},&quot;jet_parallax_layout_image_mobile&quot;:{&quot;url&quot;:&quot;&quot;,&quot;id&quot;:&quot;&quot;},&quot;jet_parallax_layout_speed&quot;:{&quot;unit&quot;:&quot;%&quot;,&quot;size&quot;:50,&quot;sizes&quot;:&#091;&#093;},&quot;jet_parallax_layout_type&quot;:&quot;scroll&quot;,&quot;jet_parallax_layout_direction&quot;:null,&quot;jet_parallax_layout_fx_direction&quot;:null,&quot;jet_parallax_layout_z_index&quot;:&quot;&quot;,&quot;jet_parallax_layout_bg_x&quot;:50,&quot;jet_parallax_layout_bg_x_tablet&quot;:&quot;&quot;,&quot;jet_parallax_layout_bg_x_mobile&quot;:&quot;&quot;,&quot;jet_parallax_layout_bg_y&quot;:50,&quot;jet_parallax_layout_bg_y_tablet&quot;:&quot;&quot;,&quot;jet_parallax_layout_bg_y_mobile&quot;:&quot;&quot;,&quot;jet_parallax_layout_bg_size&quot;:&quot;auto&quot;,&quot;jet_parallax_layout_bg_size_tablet&quot;:&quot;&quot;,&quot;jet_parallax_layout_bg_size_mobile&quot;:&quot;&quot;,&quot;jet_parallax_layout_animation_prop&quot;:&quot;transform&quot;,&quot;jet_parallax_layout_on&quot;:&#091;&quot;desktop&quot;,&quot;tablet&quot;&#093;}&#093;}\">\n<div class=\"elementor-container elementor-column-gap-no\">\n<div class=\"elementor-row elementor-motion-effects-parent\">\n<div class=\"elementor-column elementor-col-50 elementor-top-column elementor-element elementor-element-13fcd8cb\" data-id=\"13fcd8cb\" data-element_type=\"column\">\n<div class=\"elementor-column-wrap elementor-element-populated\">\n<div class=\"elementor-widget-wrap\">\n<div class=\"elementor-element elementor-element-388f2ab1 elementor-widget elementor-widget-text-editor\" data-id=\"388f2ab1\" data-element_type=\"widget\" data-widget_type=\"text-editor.default\">\n<div class=\"elementor-widget-container\">\n<div class=\"elementor-text-editor elementor-clearfix\">\n<p>Za sve dodatne upute i savjete dostupni smo svaki radni dan od <b>7 in 15<\/b>\u00a0<b>sati<\/b>\u00a0sati na broj telefona \u00a0<a href=\"tel:0801202\">+386 51 418 330 (Tone \u017dagar)<\/a>\u00a0 ali nam mo\u017eete poslati i poruku na adresu e-po\u0161te <a href=\"mailto:info@silvaprodukt.si\">info@silvaprodukt.si<\/a>.<\/p>\n<\/div>\n<\/div>\n<\/div>\n<\/div>\n<\/div>\n<\/div>\n<\/div>\n<\/div>\n<\/section>\n<section class=\"elementor-section elementor-top-section elementor-element elementor-element-5b013b94 elementor-section-content-middle elementor-section-boxed elementor-section-height-default elementor-section-height-default jet-parallax-section\" data-id=\"5b013b94\" data-element_type=\"section\" data-settings=\"{&quot;background_background&quot;:&quot;classic&quot;,&quot;jet_parallax_layout_list&quot;:&#091;{&quot;_id&quot;:&quot;cc97216&quot;,&quot;jet_parallax_layout_image&quot;:{&quot;url&quot;:&quot;&quot;,&quot;id&quot;:&quot;&quot;},&quot;jet_parallax_layout_image_tablet&quot;:{&quot;url&quot;:&quot;&quot;,&quot;id&quot;:&quot;&quot;},&quot;jet_parallax_layout_image_mobile&quot;:{&quot;url&quot;:&quot;&quot;,&quot;id&quot;:&quot;&quot;},&quot;jet_parallax_layout_speed&quot;:{&quot;unit&quot;:&quot;%&quot;,&quot;size&quot;:50,&quot;sizes&quot;:&#091;&#093;},&quot;jet_parallax_layout_type&quot;:&quot;scroll&quot;,&quot;jet_parallax_layout_direction&quot;:null,&quot;jet_parallax_layout_fx_direction&quot;:null,&quot;jet_parallax_layout_z_index&quot;:&quot;&quot;,&quot;jet_parallax_layout_bg_x&quot;:50,&quot;jet_parallax_layout_bg_x_tablet&quot;:&quot;&quot;,&quot;jet_parallax_layout_bg_x_mobile&quot;:&quot;&quot;,&quot;jet_parallax_layout_bg_y&quot;:50,&quot;jet_parallax_layout_bg_y_tablet&quot;:&quot;&quot;,&quot;jet_parallax_layout_bg_y_mobile&quot;:&quot;&quot;,&quot;jet_parallax_layout_bg_size&quot;:&quot;auto&quot;,&quot;jet_parallax_layout_bg_size_tablet&quot;:&quot;&quot;,&quot;jet_parallax_layout_bg_size_mobile&quot;:&quot;&quot;,&quot;jet_parallax_layout_animation_prop&quot;:&quot;transform&quot;,&quot;jet_parallax_layout_on&quot;:&#091;&quot;desktop&quot;,&quot;tablet&quot;&#093;}&#093;}\">\n<div class=\"jet-parallax-section__layout elementor-repeater-item-cc97216 jet-parallax-section__scroll-layout\"><\/div>\n<\/section>\n\t\t<\/div>\n\t\t\t\t\t<\/div>\n\n\t\n<\/div>\n\t\t<\/div>\n\n\t\t\n<style>\n#section_1244653781 {\n  padding-top: 0px;\n  padding-bottom: 0px;\n}\n@media (min-width:550px) {\n  #section_1244653781 {\n    padding-top: 90px;\n    padding-bottom: 90px;\n  }\n}\n<\/style>\n\t<\/section>\n\t\n\t<div id=\"gap-2142253840\" class=\"gap-element clearfix\" style=\"display:block; height:auto;\">\n\t\t\n<style>\n#gap-2142253840 {\n  padding-top: 100px;\n}\n<\/style>\n\t<\/div>\n\t\n","protected":false},"excerpt":{"rendered":"","protected":false},"author":5,"featured_media":4022,"parent":2269,"menu_order":0,"comment_status":"closed","ping_status":"closed","template":"page-blank.php","meta":{"inline_featured_image":false,"footnotes":""},"class_list":["post-2372","page","type-page","status-publish","has-post-thumbnail","hentry"],"acf":[],"_links":{"self":[{"href":"https:\/\/silvaprodukt.si\/hr\/wp-json\/wp\/v2\/pages\/2372","targetHints":{"allow":["GET"]}}],"collection":[{"href":"https:\/\/silvaprodukt.si\/hr\/wp-json\/wp\/v2\/pages"}],"about":[{"href":"https:\/\/silvaprodukt.si\/hr\/wp-json\/wp\/v2\/types\/page"}],"author":[{"embeddable":true,"href":"https:\/\/silvaprodukt.si\/hr\/wp-json\/wp\/v2\/users\/5"}],"replies":[{"embeddable":true,"href":"https:\/\/silvaprodukt.si\/hr\/wp-json\/wp\/v2\/comments?post=2372"}],"version-history":[{"count":0,"href":"https:\/\/silvaprodukt.si\/hr\/wp-json\/wp\/v2\/pages\/2372\/revisions"}],"up":[{"embeddable":true,"href":"https:\/\/silvaprodukt.si\/hr\/wp-json\/wp\/v2\/pages\/2269"}],"wp:featuredmedia":[{"embeddable":true,"href":"https:\/\/silvaprodukt.si\/hr\/wp-json\/wp\/v2\/media\/4022"}],"wp:attachment":[{"href":"https:\/\/silvaprodukt.si\/hr\/wp-json\/wp\/v2\/media?parent=2372"}],"curies":[{"name":"wp","href":"https:\/\/api.w.org\/{rel}","templated":true}]}}