{"id":2284,"date":"2022-09-01T07:31:47","date_gmt":"2022-09-01T07:31:47","guid":{"rendered":"http:\/\/silvaprodukt.si\/storitve\/zascita-lesa-s-postopkom-termicne-modifikacije-silvapro\/"},"modified":"2022-10-25T12:33:50","modified_gmt":"2022-10-25T12:33:50","slug":"zastita-drva-postupkom-toplinske-modifikacije-silvapro","status":"publish","type":"page","link":"https:\/\/silvaprodukt.si\/hr\/usluge\/zastita-drva-postupkom-toplinske-modifikacije-silvapro\/","title":{"rendered":"Za\u0161\u010dita lesa s postopkom termi\u010dne modifikacije \u2013 Silvapro"},"content":{"rendered":"\n\t<section class=\"section\" id=\"section_227512222\">\n\t\t<div class=\"section-bg fill\" >\n\t\t\t<img decoding=\"async\" width=\"1920\" height=\"1080\" src=\"https:\/\/silvaprodukt.si\/wp-content\/uploads\/2022\/08\/head1.jpg\" class=\"bg attachment- size-\" alt=\"\" \/>\t\t\t\t\t\t<div class=\"section-bg-overlay absolute fill\"><\/div>\n\t\t\t\n\n\t\t<\/div>\n\n\t\t\n\n\t\t<div class=\"section-content relative\">\n\t\t\t\n<div class=\"row\"  id=\"row-49698230\">\n\n\t<div id=\"col-1605893377\" class=\"col medium-12 small-12 large-12\"  >\n\t\t\t\t<div class=\"col-inner text-left dark\"  >\n\t\t\t\n\t\t\t\n<p class=\"nadnaslov\">USLUGE<\/p>\n<h1>Za\u0161tita drva postupkom toplinske modifikacije \u2013 Silvapro\u00ae<\/h1>\n<p>Silvapro\u00ae je moderan, ekolo\u0161ki i vi\u0161ekratno nagra\u0111ivan postupak temeljne za\u0161tite drva koji ne koristi nikakve kemikalije. Silvapro\u00ae postupak je potpuno prirodna za\u0161tita drva jer posti\u017eemo pove\u0107anje za\u0161tite drva i njegovu otpornost na drvne nametnike isklju\u010divo uporabom topline, bez dodavanja bilo kakvih kemikalija! <\/p>\n<ul>\n<li><strong>Temeljna za\u0161tita<\/strong><\/li>\n<li><strong>Vanjske povr\u0161ine<\/strong><\/li>\n<li><strong> \tUnutarnje povr\u0161ine<\/strong><\/li>\n<li><strong>100 % prirodna za\u0161tita drveta<\/strong><\/li>\n<\/ul>\n<a href=\"#toplinska\" class=\"button primary\" >\n\t\t<span>Pro\u010ditate vi\u0161e<\/span>\n\t<\/a>\n\n<a class=\"button primary pop-open\" >\n\t\t<span>upit<\/span>\n\t<\/a>\n\n\t\t<\/div>\n\t\t\t\t\t<\/div>\n\n\t\n<\/div>\n\t\t<\/div>\n\n\t\t\n<style>\n#section_227512222 {\n  padding-top: 90px;\n  padding-bottom: 90px;\n}\n#section_227512222 .section-bg-overlay {\n  background-color: rgba(0, 0, 0, 0.66);\n}\n<\/style>\n\t<\/section>\n\t\n\n\t<section class=\"section pasica\" id=\"section_921771164\">\n\t\t<div class=\"section-bg fill\" >\n\t\t\t\t\t\t\t\t\t\n\t\t\t\n\n\t\t<\/div>\n\n\t\t\n\n\t\t<div class=\"section-content relative\">\n\t\t\t\r\n\r\n\t<div id=\"gap-1346009560\" class=\"gap-element clearfix\" style=\"display:block; height:auto;\">\n\t\t\n<style>\n#gap-1346009560 {\n  padding-top: 30px;\n}\n<\/style>\n\t<\/div>\n\t\r\n\r\n<div class=\"row align-equal\"  id=\"row-1826256238\">\r\n\r\n\n\t<div id=\"col-21292677\" class=\"col medium-6 small-12 large-3\"  >\n\t\t\t\t<div class=\"col-inner dark\"  >\n\t\t\t\n\t\t\t\r\n\r\n\n\t\t<div class=\"icon-box featured-box icon-box-left text-left\"  >\n\t\t\t\t\t<div class=\"icon-box-img\" style=\"width: 40px\">\n\t\t\t\t<div class=\"icon\">\n\t\t\t\t\t<div class=\"icon-inner\" >\n\t\t\t\t\t\t<img decoding=\"async\" width=\"200\" height=\"201\" src=\"https:\/\/silvaprodukt.si\/wp-content\/uploads\/2022\/09\/Ikona_Silvaprodukt-02.png\" class=\"attachment-medium size-medium\" alt=\"\" srcset=\"https:\/\/silvaprodukt.si\/wp-content\/uploads\/2022\/09\/Ikona_Silvaprodukt-02.png 200w, https:\/\/silvaprodukt.si\/wp-content\/uploads\/2022\/09\/Ikona_Silvaprodukt-02-100x100.png 100w, https:\/\/silvaprodukt.si\/wp-content\/uploads\/2022\/09\/Ikona_Silvaprodukt-02-150x150.png 150w\" sizes=\"(max-width: 200px) 100vw, 200px\" \/>\t\t\t\t\t<\/div>\n\t\t\t\t<\/div>\n\t\t\t<\/div>\n\t\t\t\t<div class=\"icon-box-text last-reset\">\n\t\t\t\t\t\t\t\t\t\r\n\r\n<strong>Dokazano ekolo\u0161ki prihvatljivo<\/strong>\r\n\r\n\t\t<\/div>\n\t<\/div>\n\t\n\t\r\n\r\n\t\t<\/div>\n\t\t\t\t\t<\/div>\n\n\t\r\n\n\t<div id=\"col-2013208072\" class=\"col medium-6 small-12 large-3\"  >\n\t\t\t\t<div class=\"col-inner dark\"  >\n\t\t\t\n\t\t\t\r\n\r\n\n\t\t<div class=\"icon-box featured-box icon-box-left text-left\"  >\n\t\t\t\t\t<div class=\"icon-box-img\" style=\"width: 40px\">\n\t\t\t\t<div class=\"icon\">\n\t\t\t\t\t<div class=\"icon-inner\" >\n\t\t\t\t\t\t<img decoding=\"async\" width=\"200\" height=\"201\" src=\"https:\/\/silvaprodukt.si\/wp-content\/uploads\/2022\/09\/Ikona_Silvaprodukt-03.png\" class=\"attachment-medium size-medium\" alt=\"\" srcset=\"https:\/\/silvaprodukt.si\/wp-content\/uploads\/2022\/09\/Ikona_Silvaprodukt-03.png 200w, https:\/\/silvaprodukt.si\/wp-content\/uploads\/2022\/09\/Ikona_Silvaprodukt-03-100x100.png 100w, https:\/\/silvaprodukt.si\/wp-content\/uploads\/2022\/09\/Ikona_Silvaprodukt-03-150x150.png 150w\" sizes=\"(max-width: 200px) 100vw, 200px\" \/>\t\t\t\t\t<\/div>\n\t\t\t\t<\/div>\n\t\t\t<\/div>\n\t\t\t\t<div class=\"icon-box-text last-reset\">\n\t\t\t\t\t\t\t\t\t\r\n\r\n<strong>Jam\u010dimo 3x du\u017ei vijek trajanja drva<\/strong>\r\n\r\n\t\t<\/div>\n\t<\/div>\n\t\n\t\r\n\r\n\t\t<\/div>\n\t\t\t\t\t<\/div>\n\n\t\r\n\n\t<div id=\"col-1930135524\" class=\"col medium-6 small-12 large-3\"  >\n\t\t\t\t<div class=\"col-inner dark\"  >\n\t\t\t\n\t\t\t\r\n\r\n\n\t\t<div class=\"icon-box featured-box icon-box-left text-left\"  >\n\t\t\t\t\t<div class=\"icon-box-img\" style=\"width: 40px\">\n\t\t\t\t<div class=\"icon\">\n\t\t\t\t\t<div class=\"icon-inner\" >\n\t\t\t\t\t\t<img decoding=\"async\" width=\"200\" height=\"201\" src=\"https:\/\/silvaprodukt.si\/wp-content\/uploads\/2022\/09\/Ikona_Silvaprodukt-04.png\" class=\"attachment-medium size-medium\" alt=\"\" srcset=\"https:\/\/silvaprodukt.si\/wp-content\/uploads\/2022\/09\/Ikona_Silvaprodukt-04.png 200w, https:\/\/silvaprodukt.si\/wp-content\/uploads\/2022\/09\/Ikona_Silvaprodukt-04-100x100.png 100w, https:\/\/silvaprodukt.si\/wp-content\/uploads\/2022\/09\/Ikona_Silvaprodukt-04-150x150.png 150w\" sizes=\"(max-width: 200px) 100vw, 200px\" \/>\t\t\t\t\t<\/div>\n\t\t\t\t<\/div>\n\t\t\t<\/div>\n\t\t\t\t<div class=\"icon-box-text last-reset\">\n\t\t\t\t\t\t\t\t\t\r\n\r\n<strong>1x in trajno za\u0161ti\u0107eno,<\/strong>\r\n<strong>BEZ OBNAVLJANJA<\/strong>\r\n\r\n\t\t<\/div>\n\t<\/div>\n\t\n\t\r\n\r\n\t\t<\/div>\n\t\t\t\t\t<\/div>\n\n\t\r\n\n\t<div id=\"col-1178550219\" class=\"col medium-6 small-12 large-3\"  >\n\t\t\t\t<div class=\"col-inner dark\"  >\n\t\t\t\n\t\t\t\r\n\r\n\n\t\t<div class=\"icon-box featured-box icon-box-left text-left\"  >\n\t\t\t\t\t<div class=\"icon-box-img\" style=\"width: 40px\">\n\t\t\t\t<div class=\"icon\">\n\t\t\t\t\t<div class=\"icon-inner\" >\n\t\t\t\t\t\t<img decoding=\"async\" width=\"200\" height=\"201\" src=\"https:\/\/silvaprodukt.si\/wp-content\/uploads\/2022\/09\/Ikona_Silvaprodukt-01.png\" class=\"attachment-medium size-medium\" alt=\"\" srcset=\"https:\/\/silvaprodukt.si\/wp-content\/uploads\/2022\/09\/Ikona_Silvaprodukt-01.png 200w, https:\/\/silvaprodukt.si\/wp-content\/uploads\/2022\/09\/Ikona_Silvaprodukt-01-100x100.png 100w, https:\/\/silvaprodukt.si\/wp-content\/uploads\/2022\/09\/Ikona_Silvaprodukt-01-150x150.png 150w\" sizes=\"(max-width: 200px) 100vw, 200px\" \/>\t\t\t\t\t<\/div>\n\t\t\t\t<\/div>\n\t\t\t<\/div>\n\t\t\t\t<div class=\"icon-box-text last-reset\">\n\t\t\t\t\t\t\t\t\t\r\n\r\n<strong>Vi\u0161e od nekoliko desetlje\u0107a<\/strong>\r\n<strong>testiranja proizvoda<\/strong>\r\n\r\n\t\t<\/div>\n\t<\/div>\n\t\n\t\r\n\r\n\t\t<\/div>\n\t\t\t\t\t<\/div>\n\n\t\r\n\r\n<\/div>\r\n\r\n\t\t<\/div>\n\n\t\t\n<style>\n#section_921771164 {\n  padding-top: 0px;\n  padding-bottom: 0px;\n  background-color: rgb(157, 141, 118);\n}\n<\/style>\n\t<\/section>\n\t\n<span class=\"scroll-to\" data-label=\"Scroll to: #toplinska\" data-bullet=\"false\" data-link=\"#toplinska\" data-title=\"toplinska\"><a name=\"toplinska\"><\/a><\/span>\n\n\t<section class=\"section\" id=\"section_28104954\">\n\t\t<div class=\"section-bg fill\" >\n\t\t\t\t\t\t\t\t\t<div class=\"section-bg-overlay absolute fill\"><\/div>\n\t\t\t\n\n\t\t<\/div>\n\n\t\t\n\n\t\t<div class=\"section-content relative\">\n\t\t\t\n<div class=\"row\"  id=\"row-693348461\">\n\n\t<div id=\"col-1635822049\" class=\"col medium-12 small-12 large-6\"  >\n\t\t\t\t<div class=\"col-inner text-left dark\"  >\n\t\t\t\n\t\t\t\n\t<div class=\"img has-hover x md-x lg-x y md-y lg-y\" id=\"image_1251325200\">\n\t\t\t\t\t\t\t\t<div class=\"img-inner dark\" >\n\t\t\t<img decoding=\"async\" width=\"1020\" height=\"555\" src=\"https:\/\/silvaprodukt.si\/wp-content\/uploads\/2022\/08\/retusirana_termicna_modifikacija-1024x557.jpg\" class=\"attachment-large size-large\" alt=\"\" srcset=\"https:\/\/silvaprodukt.si\/wp-content\/uploads\/2022\/08\/retusirana_termicna_modifikacija-1024x557.jpg 1024w, https:\/\/silvaprodukt.si\/wp-content\/uploads\/2022\/08\/retusirana_termicna_modifikacija-510x277.jpg 510w, https:\/\/silvaprodukt.si\/wp-content\/uploads\/2022\/08\/retusirana_termicna_modifikacija-300x163.jpg 300w, https:\/\/silvaprodukt.si\/wp-content\/uploads\/2022\/08\/retusirana_termicna_modifikacija-768x418.jpg 768w, https:\/\/silvaprodukt.si\/wp-content\/uploads\/2022\/08\/retusirana_termicna_modifikacija-1536x835.jpg 1536w, https:\/\/silvaprodukt.si\/wp-content\/uploads\/2022\/08\/retusirana_termicna_modifikacija.jpg 1600w\" sizes=\"(max-width: 1020px) 100vw, 1020px\" \/>\t\t\t\t\t\t\n\t\t\t\t\t<\/div>\n\t\t\t\t\t\t\t\t\n<style>\n#image_1251325200 {\n  width: 100%;\n}\n<\/style>\n\t<\/div>\n\t\n\t\t<\/div>\n\t\t\t\t\t<\/div>\n\n\t\n\n\t<div id=\"col-296313836\" class=\"col medium-12 small-12 large-6\"  >\n\t\t\t\t<div class=\"col-inner text-left\"  >\n\t\t\t\n\t\t\t\n<h2>\u0160to je toplinska modifikacija?<br \/>\n<\/h2>\n<p>Toplinski obra\u0111eno drvo je, uz pravilan odabir i na\u010din uporabe, <b>odli\u010dan materijal za uporabu u vla\u017enim prostorijama i na otvorenom<\/b>, a zbog manje toplinske vodljivosti <b>prikladno je za izradu stambenog poku\u0107stva.<\/b> <\/p>\n\t\t<\/div>\n\t\t\t\t\n<style>\n#col-296313836 > .col-inner {\n  padding: 0px 0px 0px 0px;\n}\n@media (min-width:850px) {\n  #col-296313836 > .col-inner {\n    padding: 0px 0px 0px 50px;\n  }\n}\n<\/style>\n\t<\/div>\n\n\t\n<\/div>\n\t\t<\/div>\n\n\t\t\n<style>\n#section_28104954 {\n  padding-top: 90px;\n  padding-bottom: 90px;\n}\n#section_28104954 .section-bg-overlay {\n  background-color: rgba(255, 255, 255, 0.54);\n}\n<\/style>\n\t<\/section>\n\t\n\n\t<section class=\"section\" id=\"section_761819944\">\n\t\t<div class=\"section-bg fill\" >\n\t\t\t\t\t\t\t\t\t<div class=\"section-bg-overlay absolute fill\"><\/div>\n\t\t\t\n\n\t\t<\/div>\n\n\t\t\n\n\t\t<div class=\"section-content relative\">\n\t\t\t\n<div class=\"row\"  id=\"row-2003123181\">\n\n\t<div id=\"col-91343568\" class=\"col medium-12 small-12 large-6\"  >\n\t\t\t\t<div class=\"col-inner text-left\"  >\n\t\t\t\n\t\t\t\n<h2>Konkurentska prednost<\/h2>\n<p>Drvo je gra\u0111eno od stanica, a stani\u010dne stijenke od celuloze, hemiceluloza i lignina.  Promjenom (modifikacijom) strukture ovih makromolekula mo\u017eemo pobolj\u0161ati odre\u0111ena svojstva drva. Kod toplinske modifikacije (posebne toplinske obrade) drva, promjene na strukturi drvenih makromolekula posljedica su spontanih termokemijskih reakcija koje zapo\u010dinju zagrijavanjem drva izme\u0111u 180  \u030aC i 230  \u030aC u inertnoj atmosferi..<\/p>\n<ul>\n<li><strong>potpuno prirodna za\u0161tita drveta,<\/strong><\/li>\n<li><strong>pobolj\u0161ana otpornost na drvne nametnike,<\/strong><\/li>\n<li><strong>du\u017ei vijek trajanja,<\/strong><\/li>\n<li><strong>smanjena toplinska vodljivost,<\/strong><\/li>\n<li><strong>pobolj\u0161ana dimenzijska stabilnost,<\/strong><\/li>\n<li><strong> egzoti\u010dan tamni izgled (po \u010ditavom presjeku!),<\/strong><\/li>\n<li><strong>pove\u0107ana vodonepropusnost,<\/strong><\/li>\n<li><strong>100 % prikladan za ljude i okoli\u0161,<\/strong><\/li>\n<li><strong>trajna za\u0161tita, bez dodatnog odr\u017eavanja.<\/strong><\/li>\n<\/ul>\n\t\t<\/div>\n\t\t\t\t\n<style>\n#col-91343568 > .col-inner {\n  padding: 0px 0px 0px 0px;\n}\n@media (min-width:850px) {\n  #col-91343568 > .col-inner {\n    padding: 0px 50px 0px 0px;\n  }\n}\n<\/style>\n\t<\/div>\n\n\t\n\n\t<div id=\"col-1877208533\" class=\"col medium-12 small-12 large-6\"  >\n\t\t\t\t<div class=\"col-inner text-left dark\"  >\n\t\t\t\n\t\t\t\n\t<div class=\"img has-hover x md-x lg-x y md-y lg-y\" id=\"image_1990722261\">\n\t\t\t\t\t\t\t\t<div class=\"img-inner dark\" >\n\t\t\t<img decoding=\"async\" width=\"1000\" height=\"664\" src=\"https:\/\/silvaprodukt.si\/wp-content\/uploads\/2022\/10\/Silvaprodukt-Termic\u030cna-modifikacija-lesa-4.jpg\" class=\"attachment-large size-large\" alt=\"\" srcset=\"https:\/\/silvaprodukt.si\/wp-content\/uploads\/2022\/10\/Silvaprodukt-Termic\u030cna-modifikacija-lesa-4.jpg 1000w, https:\/\/silvaprodukt.si\/wp-content\/uploads\/2022\/10\/Silvaprodukt-Termic\u030cna-modifikacija-lesa-4-510x339.jpg 510w, https:\/\/silvaprodukt.si\/wp-content\/uploads\/2022\/10\/Silvaprodukt-Termic\u030cna-modifikacija-lesa-4-300x199.jpg 300w, https:\/\/silvaprodukt.si\/wp-content\/uploads\/2022\/10\/Silvaprodukt-Termic\u030cna-modifikacija-lesa-4-768x510.jpg 768w\" sizes=\"(max-width: 1000px) 100vw, 1000px\" \/>\t\t\t\t\t\t\n\t\t\t\t\t<\/div>\n\t\t\t\t\t\t\t\t\n<style>\n#image_1990722261 {\n  width: 100%;\n}\n<\/style>\n\t<\/div>\n\t\n\t\t<\/div>\n\t\t\t\t\t<\/div>\n\n\t\n<\/div>\n\t\t<\/div>\n\n\t\t\n<style>\n#section_761819944 {\n  padding-top: 90px;\n  padding-bottom: 90px;\n}\n#section_761819944 .section-bg-overlay {\n  background-color: rgb(243, 245, 245);\n}\n<\/style>\n\t<\/section>\n\t\n\n\n\t<section class=\"section\" id=\"section_490533410\">\n\t\t<div class=\"section-bg fill\" >\n\t\t\t\t\t\t\t\t\t\n\t\t\t\n\n\t\t<\/div>\n\n\t\t\n\n\t\t<div class=\"section-content relative\">\n\t\t\t\n<div class=\"row\"  id=\"row-372947486\">\n\n\t<div id=\"col-896665961\" class=\"col medium-12 small-12 large-6\"  >\n\t\t\t\t<div class=\"col-inner text-left dark\"  >\n\t\t\t\n\t\t\t\n\t<div class=\"img has-hover x md-x lg-x y md-y lg-y\" id=\"image_203191306\">\n\t\t\t\t\t\t\t\t<div class=\"img-inner dark\" >\n\t\t\t<img decoding=\"async\" width=\"1000\" height=\"664\" src=\"https:\/\/silvaprodukt.si\/wp-content\/uploads\/2022\/09\/Silvaprodukt-Termic\u030cna-modifikacija-lesa-5.jpg\" class=\"attachment-large size-large\" alt=\"\" srcset=\"https:\/\/silvaprodukt.si\/wp-content\/uploads\/2022\/09\/Silvaprodukt-Termic\u030cna-modifikacija-lesa-5.jpg 1000w, https:\/\/silvaprodukt.si\/wp-content\/uploads\/2022\/09\/Silvaprodukt-Termic\u030cna-modifikacija-lesa-5-510x339.jpg 510w, https:\/\/silvaprodukt.si\/wp-content\/uploads\/2022\/09\/Silvaprodukt-Termic\u030cna-modifikacija-lesa-5-300x199.jpg 300w, https:\/\/silvaprodukt.si\/wp-content\/uploads\/2022\/09\/Silvaprodukt-Termic\u030cna-modifikacija-lesa-5-768x510.jpg 768w\" sizes=\"(max-width: 1000px) 100vw, 1000px\" \/>\t\t\t\t\t\t\n\t\t\t\t\t<\/div>\n\t\t\t\t\t\t\t\t\n<style>\n#image_203191306 {\n  width: 100%;\n}\n<\/style>\n\t<\/div>\n\t\n\t\t<\/div>\n\t\t\t\t\t<\/div>\n\n\t\n\n\t<div id=\"col-1996431679\" class=\"col medium-12 small-12 large-6\"  >\n\t\t\t\t<div class=\"col-inner text-left\"  >\n\t\t\t\n\t\t\t\n<h2>Za koje drvo je prikladan?<br \/>\n<\/h2>\n<p>Postupak je prikladan za rafiniranje svojstava ve\u0107ine vrsta \u010detinja\u010da i listopadnog drve\u0107a, masivnog drva i furnira. Visokokvalitetne i tropske vrste drva mo\u017eemo i bez uporabe kemijskih za\u0161titnih pripravaka zamijeniti s manje kvalitetnim i manje atraktivnim vrstama kojih u na\u0161im \u0161umama ima u izobilju.<b> Na taj na\u010din, toplinskom modifikacijom odabranih doma\u0107ih vrsta drva mo\u017eemo jednakovrijedno zamijeniti uporabu kvalitetnijih egzoti\u010dnih i tropskih vrsta drva <\/b>(npr. sibirski ari\u0161, tik, meranti, ipe i sli\u010dno). <\/p>\n<p>Drvo izlo\u017eeno vremenskim utjecajima i suncu (UV zrakama) s vremenom patinira (sivi), \u0161to je potpuno prirodan proces koji ne utje\u010de na kvalitetu drva. Ako \u017eelite modificirano <b>drvo dodatno obojiti<\/b> ili sprije\u010diti patiniranje njegove povr\u0161ine, preporu\u010damo uporabu na\u0161ih <b>lazurnih premaza na bazi vode &#8211; Silvanol lazura B<\/b> ili <b>prirodni vosak Silvacera\u00ae<\/b> koji, pored svoje osnovne funkcije bojanja, nude i dodatnu za\u0161titu od vremenskih nepogoda. <\/p>\n\t\t<\/div>\n\t\t\t\t\n<style>\n#col-1996431679 > .col-inner {\n  padding: 0px 0px 0px 0px;\n}\n@media (min-width:550px) {\n  #col-1996431679 > .col-inner {\n    padding: 0px 0px 0px 50px;\n  }\n}\n<\/style>\n\t<\/div>\n\n\t\n<\/div>\n\t\t<\/div>\n\n\t\t\n<style>\n#section_490533410 {\n  padding-top: 90px;\n  padding-bottom: 90px;\n}\n<\/style>\n\t<\/section>\n\t\n\n\t<section class=\"section\" id=\"section_954838503\">\n\t\t<div class=\"section-bg fill\" >\n\t\t\t\t\t\t\t\t\t<div class=\"section-bg-overlay absolute fill\"><\/div>\n\t\t\t\n\n\t\t<\/div>\n\n\t\t\n\n\t\t<div class=\"section-content relative\">\n\t\t\t\n<div class=\"row\"  id=\"row-1103273999\">\n\n\t<div id=\"col-91935905\" class=\"col medium-12 small-12 large-6\"  >\n\t\t\t\t<div class=\"col-inner text-left\"  >\n\t\t\t\n\t\t\t\n\t<div id=\"gap-928771933\" class=\"gap-element clearfix\" style=\"display:block; height:auto;\">\n\t\t\n<style>\n#gap-928771933 {\n  padding-top: 90px;\n}\n@media (min-width:550px) {\n  #gap-928771933 {\n    padding-top: 0px;\n  }\n}\n<\/style>\n\t<\/div>\n\t\n<h2>Konkurentska prednost<\/h2>\n<p>Drvo za obradu toplinskom modifikacijom po postupku Silvapro\u00ae mo\u017eete nam dostaviti sami, kupiti ga iz na\u0161ih zaliha, a kod ve\u0107ih projekata nudimo i zavr\u0161ne elemente s obzirom na specifi\u010dne zahtjeve va\u0161ih projekata. <\/p>\n<p>Za sve dodatne upute i savjete dostupni smo svaki radni dan od <b>7 do 15 sati<\/b>\u00a0na broj telefona \u00a0\u00a0<a href=\"tel:+386 51 418 330 \">+386 51 418 330 <\/a>, (Tone \u017dagar), ali nam mo\u017eete poslati i poruku na adresu e-po\u0161te <a href=\"mailto:info@silvaprodukt.si\">info@silvaprodukt.si<\/a>.<\/p>\n<a href=\"https:\/\/silvaprodukt.si\/wp-content\/uploads\/2022\/10\/Navodila-za-izbiro-in-pripravo-lesa-za-termic\u030cno-modifikacijo-za-pdf-HR.pdf\" class=\"button primary\" >\n\t\t<span>Upute za odabir i pripremu drva za Silvapro\u00ae<\/span>\n\t<\/a>\n\n<a href=\"https:\/\/silvaprodukt.si\/wp-content\/uploads\/2022\/10\/Navodila-za-obdelavo-termic\u030cno-modificiranega-lesa-Silvapro-za-pdf-HR.pdf\" class=\"button primary\" >\n\t\t<span>Upute za obradu i uporabu Silvapro\u00ae<\/span>\n\t<\/a>\n\n\t\t<\/div>\n\t\t\t\t\n<style>\n#col-91935905 > .col-inner {\n  padding: 0px 0px 0px 0px;\n}\n@media (min-width:550px) {\n  #col-91935905 > .col-inner {\n    padding: 0px 50px 0px 0px;\n  }\n}\n<\/style>\n\t<\/div>\n\n\t\n\n\t<div id=\"col-456836977\" class=\"col medium-12 small-12 large-6\"  >\n\t\t\t\t<div class=\"col-inner text-left dark\"  >\n\t\t\t\n\t\t\t\n\t<div class=\"img has-hover x md-x lg-x y md-y lg-y\" id=\"image_1667161922\">\n\t\t\t\t\t\t\t\t<div class=\"img-inner dark\" >\n\t\t\t<img decoding=\"async\" width=\"1020\" height=\"628\" src=\"https:\/\/silvaprodukt.si\/wp-content\/uploads\/2022\/09\/Silvaprodukt-termic\u030cno-modificiran-les-5-1024x630.jpg\" class=\"attachment-large size-large\" alt=\"\" srcset=\"https:\/\/silvaprodukt.si\/wp-content\/uploads\/2022\/09\/Silvaprodukt-termic\u030cno-modificiran-les-5-1024x630.jpg 1024w, https:\/\/silvaprodukt.si\/wp-content\/uploads\/2022\/09\/Silvaprodukt-termic\u030cno-modificiran-les-5-510x314.jpg 510w, https:\/\/silvaprodukt.si\/wp-content\/uploads\/2022\/09\/Silvaprodukt-termic\u030cno-modificiran-les-5-300x185.jpg 300w, https:\/\/silvaprodukt.si\/wp-content\/uploads\/2022\/09\/Silvaprodukt-termic\u030cno-modificiran-les-5-768x473.jpg 768w, https:\/\/silvaprodukt.si\/wp-content\/uploads\/2022\/09\/Silvaprodukt-termic\u030cno-modificiran-les-5.jpg 1280w\" sizes=\"(max-width: 1020px) 100vw, 1020px\" \/>\t\t\t\t\t\t\n\t\t\t\t\t<\/div>\n\t\t\t\t\t\t\t\t\n<style>\n#image_1667161922 {\n  width: 100%;\n}\n<\/style>\n\t<\/div>\n\t\n\t\t<\/div>\n\t\t\t\t\t<\/div>\n\n\t\n<\/div>\n\t\t<\/div>\n\n\t\t\n<style>\n#section_954838503 {\n  padding-top: 0px;\n  padding-bottom: 0px;\n}\n#section_954838503 .section-bg-overlay {\n  background-color: rgb(243, 245, 245);\n}\n@media (min-width:550px) {\n  #section_954838503 {\n    padding-top: 90px;\n    padding-bottom: 90px;\n  }\n}\n<\/style>\n\t<\/section>\n\t\n\n\t<section class=\"section\" id=\"section_1006087598\">\n\t\t<div class=\"section-bg fill\" >\n\t\t\t\t\t\t\t\t\t\n\t\t\t\n\n\t\t<\/div>\n\n\t\t\n\n\t\t<div class=\"section-content relative\">\n\t\t\t\n<div class=\"row align-middle\"  id=\"row-670635882\">\n\n\t<div id=\"col-579695648\" class=\"col small-12 large-12\"  >\n\t\t\t\t<div class=\"col-inner text-center\"  >\n\t\t\t\n\t\t\t\n\t<div id=\"gap-1118632507\" class=\"gap-element clearfix\" style=\"display:block; height:auto;\">\n\t\t\n<style>\n#gap-1118632507 {\n  padding-top: 50px;\n}\n<\/style>\n\t<\/div>\n\t\n<p class=\"nadnaslov\">VI\u0160EGODI\u0160NJI POKUS NA BIOTEHNI\u010cKOM FAKULTETU<\/p>\n<h2>PROVJEREN PROIZVOD<\/h2>\n<p><strong>Silvapro\u00ae<\/strong> drvo testirano je na <strong>Biotehnolo\u0161kom fakultetu Sveu\u010dili\u0161ta u Ljubljani<\/strong> u sklopu <strong>R&amp;D<\/strong> projekta <strong>RIP09<\/strong>.<\/p>\n\t<div class=\"img has-hover x md-x lg-x y md-y lg-y\" id=\"image_1975158863\">\n\t\t\t\t\t\t\t\t<div class=\"img-inner dark\" >\n\t\t\t<img decoding=\"async\" width=\"508\" height=\"150\" src=\"https:\/\/silvaprodukt.si\/wp-content\/uploads\/2022\/09\/BF_logo.png\" class=\"attachment-large size-large\" alt=\"\" srcset=\"https:\/\/silvaprodukt.si\/wp-content\/uploads\/2022\/09\/BF_logo.png 508w, https:\/\/silvaprodukt.si\/wp-content\/uploads\/2022\/09\/BF_logo-300x89.png 300w\" sizes=\"(max-width: 508px) 100vw, 508px\" \/>\t\t\t\t\t\t\n\t\t\t\t\t<\/div>\n\t\t\t\t\t\t\t\t\n<style>\n#image_1975158863 {\n  width: 30%;\n}\n<\/style>\n\t<\/div>\n\t\n\t\t<\/div>\n\t\t\t\t\t<\/div>\n\n\t\n<\/div>\n\t<div id=\"gap-1169409851\" class=\"gap-element clearfix\" style=\"display:block; height:auto;\">\n\t\t\n<style>\n#gap-1169409851 {\n  padding-top: 100px;\n}\n<\/style>\n\t<\/div>\n\t\n\t\t<\/div>\n\n\t\t\n<style>\n#section_1006087598 {\n  padding-top: 30px;\n  padding-bottom: 30px;\n}\n<\/style>\n\t<\/section>\n\t\n","protected":false},"excerpt":{"rendered":"","protected":false},"author":5,"featured_media":4022,"parent":2269,"menu_order":0,"comment_status":"closed","ping_status":"closed","template":"page-blank.php","meta":{"inline_featured_image":false,"footnotes":""},"class_list":["post-2284","page","type-page","status-publish","has-post-thumbnail","hentry"],"acf":[],"_links":{"self":[{"href":"https:\/\/silvaprodukt.si\/hr\/wp-json\/wp\/v2\/pages\/2284","targetHints":{"allow":["GET"]}}],"collection":[{"href":"https:\/\/silvaprodukt.si\/hr\/wp-json\/wp\/v2\/pages"}],"about":[{"href":"https:\/\/silvaprodukt.si\/hr\/wp-json\/wp\/v2\/types\/page"}],"author":[{"embeddable":true,"href":"https:\/\/silvaprodukt.si\/hr\/wp-json\/wp\/v2\/users\/5"}],"replies":[{"embeddable":true,"href":"https:\/\/silvaprodukt.si\/hr\/wp-json\/wp\/v2\/comments?post=2284"}],"version-history":[{"count":0,"href":"https:\/\/silvaprodukt.si\/hr\/wp-json\/wp\/v2\/pages\/2284\/revisions"}],"up":[{"embeddable":true,"href":"https:\/\/silvaprodukt.si\/hr\/wp-json\/wp\/v2\/pages\/2269"}],"wp:featuredmedia":[{"embeddable":true,"href":"https:\/\/silvaprodukt.si\/hr\/wp-json\/wp\/v2\/media\/4022"}],"wp:attachment":[{"href":"https:\/\/silvaprodukt.si\/hr\/wp-json\/wp\/v2\/media?parent=2284"}],"curies":[{"name":"wp","href":"https:\/\/api.w.org\/{rel}","templated":true}]}}