{"id":2269,"date":"2022-08-30T09:45:41","date_gmt":"2022-08-30T07:45:41","guid":{"rendered":"http:\/\/silvaprodukt.si\/storitve\/"},"modified":"2022-10-25T13:02:37","modified_gmt":"2022-10-25T13:02:37","slug":"usluge","status":"publish","type":"page","link":"https:\/\/silvaprodukt.si\/hr\/usluge\/","title":{"rendered":"Usluge"},"content":{"rendered":"\n\t<section class=\"section\" id=\"section_1591945434\">\n\t\t<div class=\"section-bg fill\" >\n\t\t\t<img decoding=\"async\" width=\"1600\" height=\"870\" src=\"https:\/\/silvaprodukt.si\/wp-content\/uploads\/2022\/08\/retusirana_termicna_modifikacija.jpg\" class=\"bg attachment- size-\" alt=\"\" \/>\t\t\t\t\t\t<div class=\"section-bg-overlay absolute fill\"><\/div>\n\t\t\t\n\n\t\t<\/div>\n\n\t\t\n\n\t\t<div class=\"section-content relative\">\n\t\t\t\n<div class=\"row\"  id=\"row-1193649296\">\n\n\t<div id=\"col-1896026359\" class=\"col medium-12 small-12 large-6\"  >\n\t\t\t\t<div class=\"col-inner text-left dark\"  >\n\t\t\t\n\t\t\t\n<p class=\"nadnaslov\">Silva produkt<\/p>\n<h1>Usluge<\/h1>\n<p>U poduze\u0107u Silvaprodukt tako\u0111er pru\u017eamo moderne i u\u010dinkovite usluge za\u0161tite drva od svih vremenskih uvjeta i \u0161teto\u010dina drva, \u010dime drvu vi\u0161estruko produljujemo \u017eivotni vijek!<\/p>\n<a href=\"#drva\" class=\"button primary\" >\n\t\t<span>Pro\u010ditate vi\u0161e<\/span>\n\t<\/a>\n\n<a class=\"button primary pop-open\" >\n\t\t<span>upit<\/span>\n\t<\/a>\n\n\t\t<\/div>\n\t\t\t\t\t<\/div>\n\n\t\n<\/div>\n\t\t<\/div>\n\n\t\t\n<style>\n#section_1591945434 {\n  padding-top: 90px;\n  padding-bottom: 90px;\n}\n#section_1591945434 .section-bg-overlay {\n  background-color: rgba(0, 0, 0, 0.66);\n}\n<\/style>\n\t<\/section>\n\t\n\n\t<section class=\"section pasica\" id=\"section_63655283\">\n\t\t<div class=\"section-bg fill\" >\n\t\t\t\t\t\t\t\t\t\n\t\t\t\n\n\t\t<\/div>\n\n\t\t\n\n\t\t<div class=\"section-content relative\">\n\t\t\t\r\n\r\n\t<div id=\"gap-1407076608\" class=\"gap-element clearfix\" style=\"display:block; height:auto;\">\n\t\t\n<style>\n#gap-1407076608 {\n  padding-top: 30px;\n}\n<\/style>\n\t<\/div>\n\t\r\n\r\n<div class=\"row align-equal\"  id=\"row-747289365\">\r\n\r\n\n\t<div id=\"col-1309263801\" class=\"col medium-6 small-12 large-3\"  >\n\t\t\t\t<div class=\"col-inner dark\"  >\n\t\t\t\n\t\t\t\r\n\r\n\n\t\t<div class=\"icon-box featured-box icon-box-left text-left\"  >\n\t\t\t\t\t<div class=\"icon-box-img\" style=\"width: 40px\">\n\t\t\t\t<div class=\"icon\">\n\t\t\t\t\t<div class=\"icon-inner\" >\n\t\t\t\t\t\t<img decoding=\"async\" width=\"200\" height=\"201\" src=\"https:\/\/silvaprodukt.si\/wp-content\/uploads\/2022\/09\/Ikona_Silvaprodukt-02.png\" class=\"attachment-medium size-medium\" alt=\"\" srcset=\"https:\/\/silvaprodukt.si\/wp-content\/uploads\/2022\/09\/Ikona_Silvaprodukt-02.png 200w, https:\/\/silvaprodukt.si\/wp-content\/uploads\/2022\/09\/Ikona_Silvaprodukt-02-100x100.png 100w, https:\/\/silvaprodukt.si\/wp-content\/uploads\/2022\/09\/Ikona_Silvaprodukt-02-150x150.png 150w\" sizes=\"(max-width: 200px) 100vw, 200px\" \/>\t\t\t\t\t<\/div>\n\t\t\t\t<\/div>\n\t\t\t<\/div>\n\t\t\t\t<div class=\"icon-box-text last-reset\">\n\t\t\t\t\t\t\t\t\t\r\n\r\n<strong>Dokazano ekolo\u0161ki prihvatljivo<\/strong>\r\n\r\n\t\t<\/div>\n\t<\/div>\n\t\n\t\r\n\r\n\t\t<\/div>\n\t\t\t\t\t<\/div>\n\n\t\r\n\n\t<div id=\"col-1076607735\" class=\"col medium-6 small-12 large-3\"  >\n\t\t\t\t<div class=\"col-inner dark\"  >\n\t\t\t\n\t\t\t\r\n\r\n\n\t\t<div class=\"icon-box featured-box icon-box-left text-left\"  >\n\t\t\t\t\t<div class=\"icon-box-img\" style=\"width: 40px\">\n\t\t\t\t<div class=\"icon\">\n\t\t\t\t\t<div class=\"icon-inner\" >\n\t\t\t\t\t\t<img decoding=\"async\" width=\"200\" height=\"201\" src=\"https:\/\/silvaprodukt.si\/wp-content\/uploads\/2022\/09\/Ikona_Silvaprodukt-03.png\" class=\"attachment-medium size-medium\" alt=\"\" srcset=\"https:\/\/silvaprodukt.si\/wp-content\/uploads\/2022\/09\/Ikona_Silvaprodukt-03.png 200w, https:\/\/silvaprodukt.si\/wp-content\/uploads\/2022\/09\/Ikona_Silvaprodukt-03-100x100.png 100w, https:\/\/silvaprodukt.si\/wp-content\/uploads\/2022\/09\/Ikona_Silvaprodukt-03-150x150.png 150w\" sizes=\"(max-width: 200px) 100vw, 200px\" \/>\t\t\t\t\t<\/div>\n\t\t\t\t<\/div>\n\t\t\t<\/div>\n\t\t\t\t<div class=\"icon-box-text last-reset\">\n\t\t\t\t\t\t\t\t\t\r\n\r\n<strong>Jam\u010dimo 3x du\u017ei vijek trajanja drva<\/strong>\r\n\r\n\t\t<\/div>\n\t<\/div>\n\t\n\t\r\n\r\n\t\t<\/div>\n\t\t\t\t\t<\/div>\n\n\t\r\n\n\t<div id=\"col-683985246\" class=\"col medium-6 small-12 large-3\"  >\n\t\t\t\t<div class=\"col-inner dark\"  >\n\t\t\t\n\t\t\t\r\n\r\n\n\t\t<div class=\"icon-box featured-box icon-box-left text-left\"  >\n\t\t\t\t\t<div class=\"icon-box-img\" style=\"width: 40px\">\n\t\t\t\t<div class=\"icon\">\n\t\t\t\t\t<div class=\"icon-inner\" >\n\t\t\t\t\t\t<img decoding=\"async\" width=\"200\" height=\"201\" src=\"https:\/\/silvaprodukt.si\/wp-content\/uploads\/2022\/09\/Ikona_Silvaprodukt-04.png\" class=\"attachment-medium size-medium\" alt=\"\" srcset=\"https:\/\/silvaprodukt.si\/wp-content\/uploads\/2022\/09\/Ikona_Silvaprodukt-04.png 200w, https:\/\/silvaprodukt.si\/wp-content\/uploads\/2022\/09\/Ikona_Silvaprodukt-04-100x100.png 100w, https:\/\/silvaprodukt.si\/wp-content\/uploads\/2022\/09\/Ikona_Silvaprodukt-04-150x150.png 150w\" sizes=\"(max-width: 200px) 100vw, 200px\" \/>\t\t\t\t\t<\/div>\n\t\t\t\t<\/div>\n\t\t\t<\/div>\n\t\t\t\t<div class=\"icon-box-text last-reset\">\n\t\t\t\t\t\t\t\t\t\r\n\r\n<strong>1x in trajno za\u0161ti\u0107eno,<\/strong>\r\n<strong>BEZ OBNAVLJANJA<\/strong>\r\n\r\n\t\t<\/div>\n\t<\/div>\n\t\n\t\r\n\r\n\t\t<\/div>\n\t\t\t\t\t<\/div>\n\n\t\r\n\n\t<div id=\"col-395181957\" class=\"col medium-6 small-12 large-3\"  >\n\t\t\t\t<div class=\"col-inner dark\"  >\n\t\t\t\n\t\t\t\r\n\r\n\n\t\t<div class=\"icon-box featured-box icon-box-left text-left\"  >\n\t\t\t\t\t<div class=\"icon-box-img\" style=\"width: 40px\">\n\t\t\t\t<div class=\"icon\">\n\t\t\t\t\t<div class=\"icon-inner\" >\n\t\t\t\t\t\t<img decoding=\"async\" width=\"200\" height=\"201\" src=\"https:\/\/silvaprodukt.si\/wp-content\/uploads\/2022\/09\/Ikona_Silvaprodukt-01.png\" class=\"attachment-medium size-medium\" alt=\"\" srcset=\"https:\/\/silvaprodukt.si\/wp-content\/uploads\/2022\/09\/Ikona_Silvaprodukt-01.png 200w, https:\/\/silvaprodukt.si\/wp-content\/uploads\/2022\/09\/Ikona_Silvaprodukt-01-100x100.png 100w, https:\/\/silvaprodukt.si\/wp-content\/uploads\/2022\/09\/Ikona_Silvaprodukt-01-150x150.png 150w\" sizes=\"(max-width: 200px) 100vw, 200px\" \/>\t\t\t\t\t<\/div>\n\t\t\t\t<\/div>\n\t\t\t<\/div>\n\t\t\t\t<div class=\"icon-box-text last-reset\">\n\t\t\t\t\t\t\t\t\t\r\n\r\n<strong>Vi\u0161e od nekoliko desetlje\u0107a<\/strong>\r\n<strong>testiranja proizvoda<\/strong>\r\n\r\n\t\t<\/div>\n\t<\/div>\n\t\n\t\r\n\r\n\t\t<\/div>\n\t\t\t\t\t<\/div>\n\n\t\r\n\r\n<\/div>\r\n\r\n\t\t<\/div>\n\n\t\t\n<style>\n#section_63655283 {\n  padding-top: 0px;\n  padding-bottom: 0px;\n  background-color: rgb(157, 141, 118);\n}\n<\/style>\n\t<\/section>\n\t\n<span class=\"scroll-to\" data-label=\"Scroll to: #drva\" data-bullet=\"false\" data-link=\"#drva\" data-title=\"drva\"><a name=\"drva\"><\/a><\/span>\n\n\t<section class=\"section\" id=\"section_498559441\">\n\t\t<div class=\"section-bg fill\" >\n\t\t\t\t\t\t\t\t\t<div class=\"section-bg-overlay absolute fill\"><\/div>\n\t\t\t\n\n\t\t<\/div>\n\n\t\t\n\n\t\t<div class=\"section-content relative\">\n\t\t\t\n<div class=\"row align-middle\"  id=\"row-1563424646\">\n\n\t<div id=\"col-1551437980\" class=\"col medium-12 small-12 large-6\"  >\n\t\t\t\t<div class=\"col-inner text-left dark\"  >\n\t\t\t\n\t\t\t\n\t<div class=\"img has-hover x md-x lg-x y md-y lg-y\" id=\"image_1076667731\">\n\t\t\t\t\t\t\t\t<div class=\"img-inner dark\" >\n\t\t\t<img decoding=\"async\" width=\"1020\" height=\"555\" src=\"https:\/\/silvaprodukt.si\/wp-content\/uploads\/2022\/08\/retusirana_termicna_modifikacija-1024x557.jpg\" class=\"attachment-large size-large\" alt=\"\" srcset=\"https:\/\/silvaprodukt.si\/wp-content\/uploads\/2022\/08\/retusirana_termicna_modifikacija-1024x557.jpg 1024w, https:\/\/silvaprodukt.si\/wp-content\/uploads\/2022\/08\/retusirana_termicna_modifikacija-510x277.jpg 510w, https:\/\/silvaprodukt.si\/wp-content\/uploads\/2022\/08\/retusirana_termicna_modifikacija-300x163.jpg 300w, https:\/\/silvaprodukt.si\/wp-content\/uploads\/2022\/08\/retusirana_termicna_modifikacija-768x418.jpg 768w, https:\/\/silvaprodukt.si\/wp-content\/uploads\/2022\/08\/retusirana_termicna_modifikacija-1536x835.jpg 1536w, https:\/\/silvaprodukt.si\/wp-content\/uploads\/2022\/08\/retusirana_termicna_modifikacija.jpg 1600w\" sizes=\"(max-width: 1020px) 100vw, 1020px\" \/>\t\t\t\t\t\t\n\t\t\t\t\t<\/div>\n\t\t\t\t\t\t\t\t\n<style>\n#image_1076667731 {\n  width: 100%;\n}\n<\/style>\n\t<\/div>\n\t\n\t\t<\/div>\n\t\t\t\t\t<\/div>\n\n\t\n\n\t<div id=\"col-2118448909\" class=\"col medium-12 small-12 large-6\"  >\n\t\t\t\t<div class=\"col-inner text-left\"  >\n\t\t\t\n\t\t\t\n<h2>Za\u0161tita drva postupkom toplinske modifikacije \u2013 Silvapro\u00ae<\/h2>\n<p>Silvapro\u00ae je moderan, ekolo\u0161ki i vi\u0161ekratno nagra\u0111ivan postupak temeljne za\u0161tite drva koji ne koristi nikakve kemikalije. Silvapro\u00ae postupak je potpuno prirodna za\u0161tita drva jer posti\u017eemo pove\u0107anje za\u0161tite drva i njegovu otpornost na drvne nametnike isklju\u010divo uporabom topline, bez dodavanja bilo kakvih kemikalija!<\/p>\n<ul>\n<li><strong>Temeljna za\u0161tita<\/strong><\/li>\n<li><strong>Vanjske povr\u0161ine<\/strong><\/li>\n<li><strong>Unutarnje povr\u0161ine<\/strong><\/li>\n<li><strong>100 % prirodna za\u0161tita drveta<\/strong><\/li>\n<\/ul>\n<a href=\"https:\/\/silvaprodukt.si\/hr\/storitve\/zastita-drva-postupkom-toplinske-modifikacije-silvapro\/\" class=\"button primary\" >\n\t\t<span>Pro\u010ditate vi\u0161e<\/span>\n\t<\/a>\n\n<a class=\"button primary pop-open\" >\n\t\t<span>upit<\/span>\n\t<\/a>\n\n\t\t<\/div>\n\t\t\t\t\n<style>\n#col-2118448909 > .col-inner {\n  padding: 0px 0px 0px 0px;\n  margin: 0px 0px -46px 0px;\n}\n@media (min-width:550px) {\n  #col-2118448909 > .col-inner {\n    padding: 0px 0px 0px 0px;\n  }\n}\n@media (min-width:850px) {\n  #col-2118448909 > .col-inner {\n    padding: 0px 0px 0px 50px;\n  }\n}\n<\/style>\n\t<\/div>\n\n\t\n\n<style>\n#row-1563424646 > .col > .col-inner {\n  padding: 0px 0px 0px 50px0px;\n}\n<\/style>\n<\/div>\n\t\t<\/div>\n\n\t\t\n<style>\n#section_498559441 {\n  padding-top: 50px;\n  padding-bottom: 50px;\n}\n#section_498559441 .section-bg-overlay {\n  background-color: rgba(255, 255, 255, 0.54);\n}\n@media (min-width:550px) {\n  #section_498559441 {\n    padding-top: 90px;\n    padding-bottom: 90px;\n  }\n}\n<\/style>\n\t<\/section>\n\t\n\n\t<section class=\"section\" id=\"section_219363297\">\n\t\t<div class=\"section-bg fill\" >\n\t\t\t\t\t\t\t\t\t<div class=\"section-bg-overlay absolute fill\"><\/div>\n\t\t\t\n\n\t\t<\/div>\n\n\t\t\n\n\t\t<div class=\"section-content relative\">\n\t\t\t\n<div class=\"row align-middle\"  id=\"row-1796714550\">\n\n\t<div id=\"col-353926125\" class=\"col medium-12 small-12 large-6\"  >\n\t\t\t\t<div class=\"col-inner text-left\"  >\n\t\t\t\n\t\t\t\n<h2>Za\u0161tita drva vakuumsko-tla\u010dnom impregnacijom<\/h2>\n<p>Vakuumsko-tla\u010dna impregnacija je postupak temeljne za\u0161tite drva kojim posti\u017eemo najdublje prodiranje i maksimalno upijanje temeljnog za\u0161titnog sredstva u drvo. Ovim postupkom \u0161titimo drvo namijenjeno izlaganju najte\u017eim uvjetima i uporabnoj namjeni.<\/p>\n<ul>\n<li><strong>Temeljna za\u0161tita<\/strong><\/li>\n<li><strong>Vanjske povr\u0161ine<\/strong><\/li>\n<li><strong>Unutarnje povr\u0161ine<\/strong><\/li>\n<li><strong>Za drvo izlo\u017eeno najte\u017eim uvjetima<\/strong><\/li>\n<\/ul>\n<a href=\"https:\/\/silvaprodukt.si\/hr\/storitve\/zastita-drva-vakuumsko-tlacnomimpregnacijom\/\" class=\"button primary\" >\n\t\t<span>Pro\u010ditate vi\u0161e<\/span>\n\t<\/a>\n\n<a class=\"button primary pop-open\" >\n\t\t<span>upit<\/span>\n\t<\/a>\n\n\t\t<\/div>\n\t\t\t\t\n<style>\n#col-353926125 > .col-inner {\n  padding: 0px 0px 0px 0px;\n}\n@media (min-width:550px) {\n  #col-353926125 > .col-inner {\n    padding: 0px 0px 0px 0px;\n  }\n}\n@media (min-width:850px) {\n  #col-353926125 > .col-inner {\n    padding: 0px 50px 0px 0px;\n  }\n}\n<\/style>\n\t<\/div>\n\n\t\n\n\t<div id=\"col-713053279\" class=\"col medium-12 small-12 large-6\"  >\n\t\t\t\t<div class=\"col-inner text-left dark\"  >\n\t\t\t\n\t\t\t\n\t<div class=\"img has-hover x md-x lg-x y md-y lg-y\" id=\"image_1648629986\">\n\t\t\t\t\t\t\t\t<div class=\"img-inner dark\" >\n\t\t\t<img decoding=\"async\" width=\"1020\" height=\"1020\" src=\"https:\/\/silvaprodukt.si\/wp-content\/uploads\/2022\/08\/vakumsko-tlanca-1024x1024.jpg\" class=\"attachment-large size-large\" alt=\"\" srcset=\"https:\/\/silvaprodukt.si\/wp-content\/uploads\/2022\/08\/vakumsko-tlanca-1024x1024.jpg 1024w, https:\/\/silvaprodukt.si\/wp-content\/uploads\/2022\/08\/vakumsko-tlanca-100x100.jpg 100w, https:\/\/silvaprodukt.si\/wp-content\/uploads\/2022\/08\/vakumsko-tlanca-510x510.jpg 510w, https:\/\/silvaprodukt.si\/wp-content\/uploads\/2022\/08\/vakumsko-tlanca-300x300.jpg 300w, https:\/\/silvaprodukt.si\/wp-content\/uploads\/2022\/08\/vakumsko-tlanca-150x150.jpg 150w, https:\/\/silvaprodukt.si\/wp-content\/uploads\/2022\/08\/vakumsko-tlanca-768x768.jpg 768w, https:\/\/silvaprodukt.si\/wp-content\/uploads\/2022\/08\/vakumsko-tlanca.jpg 1400w\" sizes=\"(max-width: 1020px) 100vw, 1020px\" \/>\t\t\t\t\t\t\n\t\t\t\t\t<\/div>\n\t\t\t\t\t\t\t\t\n<style>\n#image_1648629986 {\n  width: 100%;\n}\n<\/style>\n\t<\/div>\n\t\n\t\t<\/div>\n\t\t\t\t\n<style>\n#col-713053279 > .col-inner {\n  margin: 0px 0px -46px 0px;\n}\n<\/style>\n\t<\/div>\n\n\t\n<\/div>\n\t\t<\/div>\n\n\t\t\n<style>\n#section_219363297 {\n  padding-top: 50px;\n  padding-bottom: 50px;\n}\n#section_219363297 .section-bg-overlay {\n  background-color: rgb(243, 245, 245);\n}\n@media (min-width:550px) {\n  #section_219363297 {\n    padding-top: 90px;\n    padding-bottom: 90px;\n  }\n}\n<\/style>\n\t<\/section>\n\t\n\n\t<section class=\"section\" id=\"section_147458484\">\n\t\t<div class=\"section-bg fill\" >\n\t\t\t\t\t\t\t\t\t\n\t\t\t\n\n\t\t<\/div>\n\n\t\t\n\n\t\t<div class=\"section-content relative\">\n\t\t\t\n<div class=\"row align-middle\"  id=\"row-138280539\">\n\n\t<div id=\"col-272503265\" class=\"col medium-12 small-12 large-6\"  >\n\t\t\t\t<div class=\"col-inner text-left dark\"  >\n\t\t\t\n\t\t\t\n\t<div id=\"gap-159439438\" class=\"gap-element clearfix\" style=\"display:block; height:auto;\">\n\t\t\n<style>\n#gap-159439438 {\n  padding-top: 50px;\n}\n@media (min-width:550px) {\n  #gap-159439438 {\n    padding-top: 0px;\n  }\n}\n@media (min-width:850px) {\n  #gap-159439438 {\n    padding-top: 0px;\n  }\n}\n<\/style>\n\t<\/div>\n\t\n\t<div class=\"img has-hover x md-x lg-x y md-y lg-y\" id=\"image_251934543\">\n\t\t\t\t\t\t\t\t<div class=\"img-inner dark\" >\n\t\t\t<img decoding=\"async\" width=\"700\" height=\"700\" src=\"https:\/\/silvaprodukt.si\/wp-content\/uploads\/2022\/08\/termicna_modifikacija_lesa.jpg\" class=\"attachment-large size-large\" alt=\"\" srcset=\"https:\/\/silvaprodukt.si\/wp-content\/uploads\/2022\/08\/termicna_modifikacija_lesa.jpg 700w, https:\/\/silvaprodukt.si\/wp-content\/uploads\/2022\/08\/termicna_modifikacija_lesa-100x100.jpg 100w, https:\/\/silvaprodukt.si\/wp-content\/uploads\/2022\/08\/termicna_modifikacija_lesa-510x510.jpg 510w, https:\/\/silvaprodukt.si\/wp-content\/uploads\/2022\/08\/termicna_modifikacija_lesa-300x300.jpg 300w, https:\/\/silvaprodukt.si\/wp-content\/uploads\/2022\/08\/termicna_modifikacija_lesa-150x150.jpg 150w\" sizes=\"(max-width: 700px) 100vw, 700px\" \/>\t\t\t\t\t\t\n\t\t\t\t\t<\/div>\n\t\t\t\t\t\t\t\t\n<style>\n#image_251934543 {\n  width: 100%;\n}\n<\/style>\n\t<\/div>\n\t\n\t\t<\/div>\n\t\t\t\t\t<\/div>\n\n\t\n\n\t<div id=\"col-123229367\" class=\"col medium-12 small-12 large-6\"  >\n\t\t\t\t<div class=\"col-inner text-left\"  >\n\t\t\t\n\t\t\t\n<h2>Za\u0161tita drva 24-satnim potapanjem<\/h2>\n<p>Potapanje je postupak temeljne za\u0161tite drva kojim pove\u0107avamo upijanje za\u0161titnog sredstva u drvo, \u010dime se pove\u0107ava njegova otpornost na drvne nametnike i produ\u017euje postojanost, odnosno vijek trajanja.<\/p>\n<ul>\n<li><strong>Temeljna za\u0161tita<\/strong><\/li>\n<li><strong>Vanjske povr\u0161ine<\/strong><\/li>\n<li><strong>Unutarnje povr\u0161ine<\/strong><\/li>\n<li><strong>Za drvo izlo\u017eeno padalinama<\/strong><\/li>\n<\/ul>\n<a href=\"https:\/\/silvaprodukt.si\/hr\/storitve\/zastita-drva-24-satnim-potapanjem\/\" class=\"button primary\" >\n\t\t<span>Pro\u010ditate vi\u0161e<\/span>\n\t<\/a>\n\n<a class=\"button primary pop-open\" >\n\t\t<span>upit<\/span>\n\t<\/a>\n\n\t\t<\/div>\n\t\t\t\t\n<style>\n#col-123229367 > .col-inner {\n  margin: 0px 0px 1px 0px;\n}\n<\/style>\n\t<\/div>\n\n\t\n<\/div>\n\t\t<\/div>\n\n\t\t\n<style>\n#section_147458484 {\n  padding-top: 0px;\n  padding-bottom: 0px;\n}\n@media (min-width:550px) {\n  #section_147458484 {\n    padding-top: 90px;\n    padding-bottom: 90px;\n  }\n}\n<\/style>\n\t<\/section>\n\t\n\n\t<section class=\"section\" id=\"section_174906563\">\n\t\t<div class=\"section-bg fill\" >\n\t\t\t\t\t\t\t\t\t<div class=\"section-bg-overlay absolute fill\"><\/div>\n\t\t\t\n\n\t\t<\/div>\n\n\t\t\n\n\t\t<div class=\"section-content relative\">\n\t\t\t\n<div class=\"row align-middle\"  id=\"row-593891994\">\n\n\t<div id=\"col-360457009\" class=\"col medium-12 small-12 large-6\"  >\n\t\t\t\t<div class=\"col-inner text-left dark\" style=\"background-color:rgb(97, 143, 122);\" >\n\t\t\t\n\t\t\t\n<div class=\"row\"  id=\"row-1677845907\">\n\n\t<div id=\"col-1590050355\" class=\"col badge-projekt-col medium-2 small-12 large-2\"  >\n\t\t\t\t<div class=\"col-inner text-center\"  >\n\t\t\t\n\t\t\t\n<p class=\"badge-projekt\">01<\/p>\n\t\t<\/div>\n\t\t\t\t\t<\/div>\n\n\t\n\n\t<div id=\"col-1237402856\" class=\"col medium-10 small-12 large-10\"  >\n\t\t\t\t<div class=\"col-inner\"  >\n\t\t\t\n\t\t\t\n<h3>Povjerite nam svoj projekt<\/h3>\n<p>U 70 godina poslovanja uspje\u0161no smo odradili mnoge projekte, dopustite nam da pomognemo i vama prona\u0107i optimalno i naju\u010dinkovitije rje\u0161enje za va\u0161u ideju.<\/p>\n\t\t<\/div>\n\t\t\t\t\t<\/div>\n\n\t\n<\/div>\n\t\t<\/div>\n\t\t\t\t\n<style>\n#col-360457009 > .col-inner {\n  padding: 50px 30px 30px 30px;\n}\n<\/style>\n\t<\/div>\n\n\t\n\n\t<div id=\"col-1751682487\" class=\"col medium-12 small-12 large-6\"  >\n\t\t\t\t<div class=\"col-inner text-left dark\" style=\"background-color:rgb(97, 143, 122);\" >\n\t\t\t\n\t\t\t\n<div class=\"row\"  id=\"row-1509523980\">\n\n\t<div id=\"col-1328473184\" class=\"col badge-projekt-col medium-2 small-12 large-2\"  >\n\t\t\t\t<div class=\"col-inner text-center\"  >\n\t\t\t\n\t\t\t\n<p class=\"badge-projekt\">02<\/p>\n\t\t<\/div>\n\t\t\t\t\t<\/div>\n\n\t\n\n\t<div id=\"col-1743067342\" class=\"col medium-10 small-12 large-10\"  >\n\t\t\t\t<div class=\"col-inner\"  >\n\t\t\t\n\t\t\t\n<h3>Ocjena, ponuda &amp; rok<\/h3>\n<p>U najkra\u0107em mogu\u0107em roku, na temelju Va\u0161ih \u017eelja, izradit \u0107emo individualnu ponudu sa svim klju\u010dnim elementima izvedbe<\/p>\n\t\t<\/div>\n\t\t\t\t\t<\/div>\n\n\t\n<\/div>\n\t\t<\/div>\n\t\t\t\t\n<style>\n#col-1751682487 > .col-inner {\n  padding: 50px 30px 30px 30px;\n}\n<\/style>\n\t<\/div>\n\n\t\n\n\t<div id=\"col-1640853856\" class=\"col medium-12 small-12 large-6\"  >\n\t\t\t\t<div class=\"col-inner text-left dark\" style=\"background-color:rgb(97, 143, 122);\" >\n\t\t\t\n\t\t\t\n<div class=\"row\"  id=\"row-132774854\">\n\n\t<div id=\"col-1505329337\" class=\"col badge-projekt-col medium-2 small-12 large-2\"  >\n\t\t\t\t<div class=\"col-inner text-center\"  >\n\t\t\t\n\t\t\t\n<p class=\"badge-projekt\">03<\/p>\n\t\t<\/div>\n\t\t\t\t\t<\/div>\n\n\t\n\n\t<div id=\"col-2122219512\" class=\"col medium-10 small-12 large-10\"  >\n\t\t\t\t<div class=\"col-inner\"  >\n\t\t\t\n\t\t\t\n<h3>Izvedba usluge<\/h3>\n<p>IKako bismo osigurali zadovoljstvo na\u0161ih klijenata, svoj posao uvijek radimo profesionalno, stru\u010dno i kvalitetno<\/p>\n\t\t<\/div>\n\t\t\t\t\t<\/div>\n\n\t\n<\/div>\n\t\t<\/div>\n\t\t\t\t\n<style>\n#col-1640853856 > .col-inner {\n  padding: 50px 30px 30px 30px;\n}\n<\/style>\n\t<\/div>\n\n\t\n\n\t<div id=\"col-2110859476\" class=\"col medium-12 small-12 large-6\"  >\n\t\t\t\t<div class=\"col-inner text-left dark\" style=\"background-color:rgb(97, 143, 122);\" >\n\t\t\t\n\t\t\t\n<div class=\"row\"  id=\"row-85244390\">\n\n\t<div id=\"col-414040428\" class=\"col badge-projekt-col medium-2 small-12 large-2\"  >\n\t\t\t\t<div class=\"col-inner text-center\"  >\n\t\t\t\n\t\t\t\n<p class=\"badge-projekt\">04<\/p>\n\t\t<\/div>\n\t\t\t\t\t<\/div>\n\n\t\n\n\t<div id=\"col-1694437379\" class=\"col medium-10 small-12 large-10\"  >\n\t\t\t\t<div class=\"col-inner\"  >\n\t\t\t\n\t\t\t\n<h3>Pregled &amp; dostava<\/h3>\n<p>Za svaki projekt se vodi kontrola kvalitete ulaznog i izlaznog materijala te rezultata pru\u017eene usluge.<\/p>\n\t\t<\/div>\n\t\t\t\t\t<\/div>\n\n\t\n<\/div>\n\t\t<\/div>\n\t\t\t\t\n<style>\n#col-2110859476 > .col-inner {\n  padding: 50px 30px 30px 30px;\n}\n<\/style>\n\t<\/div>\n\n\t\n<\/div>\n\t\t<\/div>\n\n\t\t\n<style>\n#section_174906563 {\n  padding-top: 50px;\n  padding-bottom: 50px;\n}\n#section_174906563 .section-bg-overlay {\n  background-color: rgb(243, 245, 245);\n}\n@media (min-width:550px) {\n  #section_174906563 {\n    padding-top: 90px;\n    padding-bottom: 90px;\n  }\n}\n<\/style>\n\t<\/section>\n\t\n\t<div id=\"gap-138894058\" class=\"gap-element clearfix\" style=\"display:block; height:auto;\">\n\t\t\n<style>\n#gap-138894058 {\n  padding-top: 30px;\n}\n<\/style>\n\t<\/div>\n\t\n","protected":false},"excerpt":{"rendered":"","protected":false},"author":5,"featured_media":4023,"parent":0,"menu_order":0,"comment_status":"closed","ping_status":"closed","template":"page-blank.php","meta":{"inline_featured_image":false,"footnotes":""},"class_list":["post-2269","page","type-page","status-publish","has-post-thumbnail","hentry"],"acf":[],"_links":{"self":[{"href":"https:\/\/silvaprodukt.si\/hr\/wp-json\/wp\/v2\/pages\/2269","targetHints":{"allow":["GET"]}}],"collection":[{"href":"https:\/\/silvaprodukt.si\/hr\/wp-json\/wp\/v2\/pages"}],"about":[{"href":"https:\/\/silvaprodukt.si\/hr\/wp-json\/wp\/v2\/types\/page"}],"author":[{"embeddable":true,"href":"https:\/\/silvaprodukt.si\/hr\/wp-json\/wp\/v2\/users\/5"}],"replies":[{"embeddable":true,"href":"https:\/\/silvaprodukt.si\/hr\/wp-json\/wp\/v2\/comments?post=2269"}],"version-history":[{"count":0,"href":"https:\/\/silvaprodukt.si\/hr\/wp-json\/wp\/v2\/pages\/2269\/revisions"}],"wp:featuredmedia":[{"embeddable":true,"href":"https:\/\/silvaprodukt.si\/hr\/wp-json\/wp\/v2\/media\/4023"}],"wp:attachment":[{"href":"https:\/\/silvaprodukt.si\/hr\/wp-json\/wp\/v2\/media?parent=2269"}],"curies":[{"name":"wp","href":"https:\/\/api.w.org\/{rel}","templated":true}]}}