{"id":2258,"date":"2022-09-01T07:34:05","date_gmt":"2022-09-01T07:34:05","guid":{"rendered":"http:\/\/silvaprodukt.si\/testiranja\/standardi-s-podrocja-zascite-lesa\/"},"modified":"2022-10-26T06:30:32","modified_gmt":"2022-10-26T06:30:32","slug":"standardi-s-podrucja-zastite-drva","status":"publish","type":"page","link":"https:\/\/silvaprodukt.si\/hr\/testiranja\/standardi-s-podrucja-zastite-drva\/","title":{"rendered":"Standardi s podru\u010dja za\u0161tite drva"},"content":{"rendered":"\n\t<section class=\"section\" id=\"section_617546735\">\n\t\t<div class=\"section-bg fill\" >\n\t\t\t<img decoding=\"async\" width=\"1600\" height=\"1068\" src=\"https:\/\/silvaprodukt.si\/wp-content\/uploads\/2022\/10\/hiska.jpg\" class=\"bg attachment- size-\" alt=\"\" \/>\t\t\t\t\t\t<div class=\"section-bg-overlay absolute fill\"><\/div>\n\t\t\t\n\n\t\t<\/div>\n\n\t\t\n\n\t\t<div class=\"section-content relative\">\n\t\t\t\n<div class=\"row\"  id=\"row-1498764276\">\n\n\t<div id=\"col-1974974757\" class=\"col medium-12 small-12 large-12\"  >\n\t\t\t\t<div class=\"col-inner text-left dark\"  >\n\t\t\t\n\t\t\t\n<p class=\"nadnaslov\">Testiranja<\/p>\n<h1>Standardi s podru\u010dja za\u0161tite drva<\/h1>\n\t<div id=\"gap-941821481\" class=\"gap-element clearfix\" style=\"display:block; height:auto;\">\n\t\t\n<style>\n#gap-941821481 {\n  padding-top: 10px;\n}\n<\/style>\n\t<\/div>\n\t\n<a href=\"https:\/\/silvaprodukt.si\/hr\/o-nama\/kontakt\/#kontakt\" class=\"button primary\" >\n\t\t<span>KONTAKT<\/span>\n\t<\/a>\n\n\t\t<\/div>\n\t\t\t\t\t<\/div>\n\n\t\n<\/div>\n\t\t<\/div>\n\n\t\t\n<style>\n#section_617546735 {\n  padding-top: 90px;\n  padding-bottom: 90px;\n  min-height: 500px;\n}\n#section_617546735 .section-bg-overlay {\n  background-color: rgba(0, 0, 0, 0.66);\n}\n#section_617546735 .section-bg img {\n  object-position: 1% 24%;\n}\n<\/style>\n\t<\/section>\n\t\n\n\t<section class=\"section pasica\" id=\"section_1516418678\">\n\t\t<div class=\"section-bg fill\" >\n\t\t\t\t\t\t\t\t\t\n\t\t\t\n\n\t\t<\/div>\n\n\t\t\n\n\t\t<div class=\"section-content relative\">\n\t\t\t\r\n\r\n\t<div id=\"gap-1805752416\" class=\"gap-element clearfix\" style=\"display:block; height:auto;\">\n\t\t\n<style>\n#gap-1805752416 {\n  padding-top: 30px;\n}\n<\/style>\n\t<\/div>\n\t\r\n\r\n<div class=\"row align-equal\"  id=\"row-790145140\">\r\n\r\n\n\t<div id=\"col-858341042\" class=\"col medium-6 small-12 large-3\"  >\n\t\t\t\t<div class=\"col-inner dark\"  >\n\t\t\t\n\t\t\t\r\n\r\n\n\t\t<div class=\"icon-box featured-box icon-box-left text-left\"  >\n\t\t\t\t\t<div class=\"icon-box-img\" style=\"width: 40px\">\n\t\t\t\t<div class=\"icon\">\n\t\t\t\t\t<div class=\"icon-inner\" >\n\t\t\t\t\t\t<img decoding=\"async\" width=\"200\" height=\"201\" src=\"https:\/\/silvaprodukt.si\/wp-content\/uploads\/2022\/09\/Ikona_Silvaprodukt-02.png\" class=\"attachment-medium size-medium\" alt=\"\" srcset=\"https:\/\/silvaprodukt.si\/wp-content\/uploads\/2022\/09\/Ikona_Silvaprodukt-02.png 200w, https:\/\/silvaprodukt.si\/wp-content\/uploads\/2022\/09\/Ikona_Silvaprodukt-02-100x100.png 100w, https:\/\/silvaprodukt.si\/wp-content\/uploads\/2022\/09\/Ikona_Silvaprodukt-02-150x150.png 150w\" sizes=\"(max-width: 200px) 100vw, 200px\" \/>\t\t\t\t\t<\/div>\n\t\t\t\t<\/div>\n\t\t\t<\/div>\n\t\t\t\t<div class=\"icon-box-text last-reset\">\n\t\t\t\t\t\t\t\t\t\r\n\r\n<strong>Dokazano ekolo\u0161ki prihvatljivo<\/strong>\r\n\r\n\t\t<\/div>\n\t<\/div>\n\t\n\t\r\n\r\n\t\t<\/div>\n\t\t\t\t\t<\/div>\n\n\t\r\n\n\t<div id=\"col-738819660\" class=\"col medium-6 small-12 large-3\"  >\n\t\t\t\t<div class=\"col-inner dark\"  >\n\t\t\t\n\t\t\t\r\n\r\n\n\t\t<div class=\"icon-box featured-box icon-box-left text-left\"  >\n\t\t\t\t\t<div class=\"icon-box-img\" style=\"width: 40px\">\n\t\t\t\t<div class=\"icon\">\n\t\t\t\t\t<div class=\"icon-inner\" >\n\t\t\t\t\t\t<img decoding=\"async\" width=\"200\" height=\"201\" src=\"https:\/\/silvaprodukt.si\/wp-content\/uploads\/2022\/09\/Ikona_Silvaprodukt-03.png\" class=\"attachment-medium size-medium\" alt=\"\" srcset=\"https:\/\/silvaprodukt.si\/wp-content\/uploads\/2022\/09\/Ikona_Silvaprodukt-03.png 200w, https:\/\/silvaprodukt.si\/wp-content\/uploads\/2022\/09\/Ikona_Silvaprodukt-03-100x100.png 100w, https:\/\/silvaprodukt.si\/wp-content\/uploads\/2022\/09\/Ikona_Silvaprodukt-03-150x150.png 150w\" sizes=\"(max-width: 200px) 100vw, 200px\" \/>\t\t\t\t\t<\/div>\n\t\t\t\t<\/div>\n\t\t\t<\/div>\n\t\t\t\t<div class=\"icon-box-text last-reset\">\n\t\t\t\t\t\t\t\t\t\r\n\r\n<strong>Jam\u010dimo 3x du\u017ei vijek trajanja drva<\/strong>\r\n\r\n\t\t<\/div>\n\t<\/div>\n\t\n\t\r\n\r\n\t\t<\/div>\n\t\t\t\t\t<\/div>\n\n\t\r\n\n\t<div id=\"col-357747800\" class=\"col medium-6 small-12 large-3\"  >\n\t\t\t\t<div class=\"col-inner dark\"  >\n\t\t\t\n\t\t\t\r\n\r\n\n\t\t<div class=\"icon-box featured-box icon-box-left text-left\"  >\n\t\t\t\t\t<div class=\"icon-box-img\" style=\"width: 40px\">\n\t\t\t\t<div class=\"icon\">\n\t\t\t\t\t<div class=\"icon-inner\" >\n\t\t\t\t\t\t<img decoding=\"async\" width=\"200\" height=\"201\" src=\"https:\/\/silvaprodukt.si\/wp-content\/uploads\/2022\/09\/Ikona_Silvaprodukt-04.png\" class=\"attachment-medium size-medium\" alt=\"\" srcset=\"https:\/\/silvaprodukt.si\/wp-content\/uploads\/2022\/09\/Ikona_Silvaprodukt-04.png 200w, https:\/\/silvaprodukt.si\/wp-content\/uploads\/2022\/09\/Ikona_Silvaprodukt-04-100x100.png 100w, https:\/\/silvaprodukt.si\/wp-content\/uploads\/2022\/09\/Ikona_Silvaprodukt-04-150x150.png 150w\" sizes=\"(max-width: 200px) 100vw, 200px\" \/>\t\t\t\t\t<\/div>\n\t\t\t\t<\/div>\n\t\t\t<\/div>\n\t\t\t\t<div class=\"icon-box-text last-reset\">\n\t\t\t\t\t\t\t\t\t\r\n\r\n<strong>1x in trajno za\u0161ti\u0107eno,<\/strong>\r\n<strong>BEZ OBNAVLJANJA<\/strong>\r\n\r\n\t\t<\/div>\n\t<\/div>\n\t\n\t\r\n\r\n\t\t<\/div>\n\t\t\t\t\t<\/div>\n\n\t\r\n\n\t<div id=\"col-53181711\" class=\"col medium-6 small-12 large-3\"  >\n\t\t\t\t<div class=\"col-inner dark\"  >\n\t\t\t\n\t\t\t\r\n\r\n\n\t\t<div class=\"icon-box featured-box icon-box-left text-left\"  >\n\t\t\t\t\t<div class=\"icon-box-img\" style=\"width: 40px\">\n\t\t\t\t<div class=\"icon\">\n\t\t\t\t\t<div class=\"icon-inner\" >\n\t\t\t\t\t\t<img decoding=\"async\" width=\"200\" height=\"201\" src=\"https:\/\/silvaprodukt.si\/wp-content\/uploads\/2022\/09\/Ikona_Silvaprodukt-01.png\" class=\"attachment-medium size-medium\" alt=\"\" srcset=\"https:\/\/silvaprodukt.si\/wp-content\/uploads\/2022\/09\/Ikona_Silvaprodukt-01.png 200w, https:\/\/silvaprodukt.si\/wp-content\/uploads\/2022\/09\/Ikona_Silvaprodukt-01-100x100.png 100w, https:\/\/silvaprodukt.si\/wp-content\/uploads\/2022\/09\/Ikona_Silvaprodukt-01-150x150.png 150w\" sizes=\"(max-width: 200px) 100vw, 200px\" \/>\t\t\t\t\t<\/div>\n\t\t\t\t<\/div>\n\t\t\t<\/div>\n\t\t\t\t<div class=\"icon-box-text last-reset\">\n\t\t\t\t\t\t\t\t\t\r\n\r\n<strong>Vi\u0161e od nekoliko desetlje\u0107a<\/strong>\r\n<strong>testiranja proizvoda<\/strong>\r\n\r\n\t\t<\/div>\n\t<\/div>\n\t\n\t\r\n\r\n\t\t<\/div>\n\t\t\t\t\t<\/div>\n\n\t\r\n\r\n<\/div>\r\n\r\n\t\t<\/div>\n\n\t\t\n<style>\n#section_1516418678 {\n  padding-top: 0px;\n  padding-bottom: 0px;\n  background-color: rgb(157, 141, 118);\n}\n<\/style>\n\t<\/section>\n\t\n\n\t<section class=\"section\" id=\"section_1530580256\">\n\t\t<div class=\"section-bg fill\" >\n\t\t\t\t\t\t\t\t\t<div class=\"section-bg-overlay absolute fill\"><\/div>\n\t\t\t\n\n\t\t<\/div>\n\n\t\t\n\n\t\t<div class=\"section-content relative\">\n\t\t\t\n<div class=\"row align-middle\"  id=\"row-32290868\">\n\n\t<div id=\"col-995854293\" class=\"col small-12 large-12\"  >\n\t\t\t\t<div class=\"col-inner text-left\"  >\n\t\t\t\n\t\t\t\n<div class=\"elementor-column elementor-col-33 elementor-top-column elementor-element elementor-element-48eff9e\" data-id=\"48eff9e\" data-element_type=\"column\">\n<div class=\"elementor-column-wrap elementor-element-populated\">\n<div class=\"elementor-widget-wrap\">\n<div class=\"elementor-element elementor-element-b06e028 elementor-widget elementor-widget-heading\" data-id=\"b06e028\" data-element_type=\"widget\" data-widget_type=\"heading.default\">\n<div class=\"elementor-widget-container\">\n<h2 class=\"elementor-heading-title elementor-size-default\">Standardi s podru\u010dja za\u0161tite drva<\/h2>\n<\/div>\n<\/div>\n<div class=\"elementor-element elementor-element-4a711a2 elementor-widget elementor-widget-text-editor\" data-id=\"4a711a2\" data-element_type=\"widget\" data-widget_type=\"text-editor.default\">\n<div class=\"elementor-widget-container\">\n<div class=\"elementor-text-editor elementor-clearfix\">\n<p><span data-contrast=\"auto\">Pravilan odabir i uporaba za\u0161titnog sredstva za drvo ili ve\u0107 za\u0161ti\u0107enog drva od izuzetne je va\u017enosti jer o tome ovisi vijek trajanja va\u0161eg drvenog proizvoda ili objekta, ali i utjecaj za\u0161ti\u0107enog drva na ljude i okoli\u0161. Za\u0161titno sredstvo koje je u\u010dinkovito za za\u0161titu (pokrivenih) drvenih krovnih konstrukcija ne mora biti jednako u\u010dinkovito kod za\u0161tite drva namijenjenog vanjskoj uporabi, uporabi u dodiru s teku\u0107om vodom ili tlom (mogu\u0107nost ispiranja za\u0161titnog sredstva, neu\u010dinkovitost protiv prisutnih organizama), uporabi u drugim klimatskim zonama (npr. mogu\u0107nost napada bijelih mrava) ili \u010dak uporabi u morskoj vodi (mogu\u0107nost napada morskih nametnika).  Samo rijetka za\u0161titna sredstva u\u010dinkovito \u0161tite od svih drvnih nametnika.<\/span><span data-ccp-props=\"{&quot;201341983&quot;:0,&quot;335551550&quot;:6,&quot;335551620&quot;:6,&quot;335559739&quot;:160,&quot;335559740&quot;:259}\">\u00a0<\/span><span data-contrast=\"auto\">\u00a0<\/span><span data-ccp-props=\"{&quot;201341983&quot;:0,&quot;335551550&quot;:6,&quot;335551620&quot;:6,&quot;335559739&quot;:160,&quot;335559740&quot;:259}\">\u00a0<\/span><\/p>\n<p><span data-contrast=\"auto\">Dobro za\u0161titno sredstvo treba imati sljede\u0107e karakteristike:<\/span><span data-ccp-props=\"{&quot;201341983&quot;:0,&quot;335551550&quot;:6,&quot;335551620&quot;:6,&quot;335559739&quot;:160,&quot;335559740&quot;:259}\">\u00a0<\/span><\/p>\n<ul>\n<li data-leveltext=\"\uf0b7\" data-font=\"Symbol\" data-listid=\"1\" aria-setsize=\"-1\" data-aria-posinset=\"1\" data-aria-level=\"1\"><span data-contrast=\"auto\">\tda je dokazano u\u010dinkovito i ima naj\u0161iri spektar uporabe,<\/span><span data-ccp-props=\"{&quot;134233279&quot;:true,&quot;201341983&quot;:0,&quot;335551550&quot;:6,&quot;335551620&quot;:6,&quot;335559739&quot;:160,&quot;335559740&quot;:259}\">\u00a0<\/span><\/li>\n<li data-leveltext=\"\uf0b7\" data-font=\"Symbol\" data-listid=\"1\" aria-setsize=\"-1\" data-aria-posinset=\"1\" data-aria-level=\"1\"><span data-contrast=\"auto\">\tda prodire \u0161to dublje u drvo te se prilikom izlo\u017eenosti padalinama ne ispire,<\/span><span data-ccp-props=\"{&quot;134233279&quot;:true,&quot;201341983&quot;:0,&quot;335551550&quot;:6,&quot;335551620&quot;:6,&quot;335559739&quot;:160,&quot;335559740&quot;:259}\">\u00a0<\/span><\/li>\n<li data-leveltext=\"\uf0b7\" data-font=\"Symbol\" data-listid=\"1\" aria-setsize=\"-1\" data-aria-posinset=\"1\" data-aria-level=\"1\"><span data-contrast=\"auto\">\tda je ravnomjerno razdijeljeno po drvu<\/span><span data-ccp-props=\"{&quot;134233279&quot;:true,&quot;201341983&quot;:0,&quot;335551550&quot;:6,&quot;335551620&quot;:6,&quot;335559739&quot;:160,&quot;335559740&quot;:259}\">\u00a0<\/span><\/li>\n<li data-leveltext=\"\uf0b7\" data-font=\"Symbol\" data-listid=\"1\" aria-setsize=\"-1\" data-aria-posinset=\"1\" data-aria-level=\"1\"><span data-contrast=\"auto\">da ne sadr\u017ei hlapive tvari i nema jak miris,<\/span><span data-ccp-props=\"{&quot;134233279&quot;:true,&quot;201341983&quot;:0,&quot;335551550&quot;:6,&quot;335551620&quot;:6,&quot;335559739&quot;:160,&quot;335559740&quot;:259}\">\u00a0<\/span><\/li>\n<li data-leveltext=\"\uf0b7\" data-font=\"Symbol\" data-listid=\"1\" aria-setsize=\"-1\" data-aria-posinset=\"1\" data-aria-level=\"1\"><span data-contrast=\"auto\">da uz pravilnu uporabu nije \u0161tetno za ljude, \u017eivotinje i okoli\u0161<\/span><span data-ccp-props=\"{&quot;134233279&quot;:true,&quot;201341983&quot;:0,&quot;335551550&quot;:6,&quot;335551620&quot;:6,&quot;335559739&quot;:160,&quot;335559740&quot;:259}\">\u00a0<\/span><\/li>\n<li data-leveltext=\"\uf0b7\" data-font=\"Symbol\" data-listid=\"1\" aria-setsize=\"-1\" data-aria-posinset=\"1\" data-aria-level=\"1\"><span data-contrast=\"auto\">da ne pove\u0107a zapaljivost drva,<\/span><span data-ccp-props=\"{&quot;134233279&quot;:true,&quot;201341983&quot;:0,&quot;335551550&quot;:6,&quot;335551620&quot;:6,&quot;335559739&quot;:160,&quot;335559740&quot;:259}\">\u00a0<\/span><\/li>\n<li data-leveltext=\"\uf0b7\" data-font=\"Symbol\" data-listid=\"1\" aria-setsize=\"-1\" data-aria-posinset=\"1\" data-aria-level=\"1\"><span data-contrast=\"auto\">da omogu\u0107uje daljnju obradu drva (npr. povr\u0161inskim premazima).<\/span><span data-ccp-props=\"{&quot;134233279&quot;:true,&quot;201341983&quot;:0,&quot;335551550&quot;:6,&quot;335551620&quot;:6,&quot;335559739&quot;:160,&quot;335559740&quot;:259}\">\u00a0<\/span><\/li>\n<\/ul>\n<p><span data-contrast=\"auto\">Kod odabira za\u0161titnog sredstva za drvo moramo se najprije uvjeriti u njegovu u\u010dinkovitost i o pravilnoj uporabi odabranog za\u0161titnog sredstva, odnosno pravilnoj izvedbi postupka za\u0161tite drva. Moramo obratiti pozornost prvenstveno na koli\u010dinu nanesenog za\u0161titnog sredstva (u skladu s preporukama proizvo\u0111a\u010da), a u pogledu uporabne namjene moramo pripaziti na odgovaraju\u0107u dubinu prodora za\u0161titnog sredstva u drvo. Kod provjere u\u010dinkovitosti za\u0161titnog sredstva i\/ili postupka uporabe mo\u017eemo se osloniti na va\u017ee\u0107e me\u0111unarodne standarde (CEN, ISO, ASTM, \u2026). Biramo samo za\u0161titna sredstva koja su dokazano uskla\u0111ena s va\u017ee\u0107im standardima i dokazano u\u010dinkovita za na\u0161u uporabnu namjenu (testiranja u neovisnim ustanovama). Kod pripreme ve\u0107ih projekata i izrade projektne dokumentacije preporu\u010dujemo da potra\u017eite savjet stru\u010dnjaka s podru\u010dja za\u0161tite drva (npr. Drvnotehnolo\u0161ki odsjek Biotehni\u010dkog fakulteta u Ljubljani) koji vam mogu pomo\u0107i pri odabiru relevantnih standarda za va\u0161 projekt.<\/span><span data-ccp-props=\"{&quot;201341983&quot;:0,&quot;335551550&quot;:6,&quot;335551620&quot;:6,&quot;335559739&quot;:160,&quot;335559740&quot;:259}\">\u00a0<\/span><\/p>\n<p><strong>Va\u017eni standardi s podru\u010dja za\u0161tite drva:<\/strong><\/p>\n<p><span data-contrast=\"auto\"><strong>SIST EN 335:2013<\/strong>: Trajnost drva i drvenih proizvoda \u2013 Razredi uporabe: definicije, uporaba kod masivnog drva i drvenih plo\u010da<\/span><span data-ccp-props=\"{&quot;201341983&quot;:0,&quot;335551550&quot;:6,&quot;335551620&quot;:6,&quot;335559739&quot;:160,&quot;335559740&quot;:259}\">\u00a0<\/span><\/p>\n<p><span data-contrast=\"auto\"><strong>SIST EN 350:2017<\/strong>: Trajnost drva i drvenih proizvoda \u2013 Ispitivanje i klasifikacija trajnosti drva i drvenih proizvoda s obzirom na biolo\u0161ke \u010dimbenike<\/span><span data-ccp-props=\"{&quot;201341983&quot;:0,&quot;335551550&quot;:6,&quot;335551620&quot;:6,&quot;335559739&quot;:160,&quot;335559740&quot;:259}\">\u00a0<\/span><\/p>\n<p><span data-contrast=\"auto\"><strong>SIST EN 460:1995<\/strong>:\u00a0Trajnost drva i drvenih proizvoda &#8211; Prirodna trajnost masivnoga drva &#8211; Zahtjevi za trajno\u0161\u0107u drva koje se koristi u pojedinima razredima ugro\u017eenosti<\/span><span data-ccp-props=\"{&quot;201341983&quot;:0,&quot;335551550&quot;:6,&quot;335551620&quot;:6,&quot;335559739&quot;:160,&quot;335559740&quot;:259}\">\u00a0<\/span><\/p>\n<p><span data-contrast=\"auto\"><strong>SIST EN 599-1:2009+A1:2014<\/strong>: Trajnost drva i drvenih proizvoda &#8211; Karakteristike preventivnih za\u0161titnih sredstava za drvo odre\u0111ene biolo\u0161kim testovima &#8211; 1. dio: Zahtjevi s obzirom na razrede izlo\u017eenosti<\/span><span data-ccp-props=\"{&quot;201341983&quot;:0,&quot;335551550&quot;:6,&quot;335551620&quot;:6,&quot;335559739&quot;:160,&quot;335559740&quot;:259}\">\u00a0<\/span><\/p>\n<p><span data-contrast=\"auto\"><strong>SIST-TS CEN\/TS 15083-1:2006<\/strong>:\u00a0Trajnost drva i drvenih proizvoda \u2013 Utvr\u0111ivanje prirodne trajnosti masivnog drva za za\u0161titu od drvenih gljivica, metode ispitivanja &#8211; 1.dio: Gljive stap\u010darke<\/span><span data-ccp-props=\"{&quot;201341983&quot;:0,&quot;335551550&quot;:6,&quot;335551620&quot;:6,&quot;335559739&quot;:160,&quot;335559740&quot;:259}\">\u00a0<\/span><\/p>\n<p><span data-contrast=\"auto\"><strong>SIST EN 152:1996<\/strong>:Metode testiranja za\u0161titnih sredstva za drvo &#8211; Laboratorijska metoda za odre\u0111ivanje preventivne u\u010dinkovitosti za\u0161titnog sredstva protiv gljiva plavila &#8211; 1. dio: Nano\u0161enje premazivanjem<\/span><span data-ccp-props=\"{&quot;201341983&quot;:0,&quot;335551550&quot;:6,&quot;335551620&quot;:6,&quot;335559739&quot;:160,&quot;335559740&quot;:259}\">\u00a0<\/span><\/p>\n<p><span data-contrast=\"auto\"><strong>SIST EN 46-1:2010<\/strong>:Za\u0161titna sredstva za drvo &#8211; Utvr\u0111ivanje preventivnog djelovanja protiv ku\u0107ne strizibube Hylotrupes bajulus (Linnaeus) \u2013 1. dio: Larvicidial effect (Laboratorijska metoda)\u00a0<\/span><i><span data-contrast=\"auto\">Hylotrupes\u00a0bajulus<\/span><\/i><span data-contrast=\"auto\">\u00a0(Linnaeus) \u2013 1. del:\u00a0Larvicidial\u00a0effect\u00a0(Laboratorijska metoda)<\/span><span data-ccp-props=\"{&quot;201341983&quot;:0,&quot;335551550&quot;:6,&quot;335551620&quot;:6,&quot;335559739&quot;:160,&quot;335559740&quot;:259}\">\u00a0<\/span><\/p>\n<p><span data-contrast=\"auto\"><strong>SIST EN 84:2002<\/strong>:Za\u0161titna sredstva za drvo &#8211; Ubrzano starenje za\u0161ti\u0107enog drva prije biolo\u0161kog ispitivanja &#8211; Postupak ispiranja<\/span><span data-ccp-props=\"{&quot;201341983&quot;:0,&quot;335551550&quot;:6,&quot;335551620&quot;:6,&quot;335559739&quot;:160,&quot;335559740&quot;:259}\">\u00a0<\/span><\/p>\n<p><span data-contrast=\"auto\"><strong>SIST ENV 1250-2:2004<\/strong>:: Za\u0161titna sredstva za drvo &#8211; Postupci za mjerenje gubitaka djelatnih tvari i drugih za\u0161titnih sastojaka iz obra\u0111enog drva &#8211; 2. dio: Laboratorijska metoda pripreme uzoraka za utvr\u0111ivanje gubitaka uranjanjem u vodu ili sinteti\u010dku morsku vodu<\/span><span data-ccp-props=\"{&quot;201341983&quot;:0,&quot;335551550&quot;:6,&quot;335551620&quot;:6,&quot;335559739&quot;:160,&quot;335559740&quot;:259}\">\u00a0<\/span><\/p>\n<p><span data-contrast=\"auto\"><strong>SIST-TS CEN\/TS 15119-1:2008<\/strong>:Trajnost drva ili drvenih proizvoda &#8211; Utvr\u0111ivanje emisija za\u0161ti\u0107enog drva u okoli\u0161 &#8211; 1. dio: Svje\u017ee za\u0161ti\u0107eno drvo u skladi\u0161tima i drveni proizvodi izlo\u017eeni 3. razredu uporabe (nepokriveno, nije u kontaktu sa zemljom) &#8211; Laboratorijska metoda<\/span><span data-ccp-props=\"{&quot;201341983&quot;:0,&quot;335551550&quot;:6,&quot;335551620&quot;:6,&quot;335559739&quot;:160,&quot;335559740&quot;:259}\">\u00a0<\/span><\/p>\n<p><span data-contrast=\"auto\"><strong>SIST EN 275:2004<\/strong>:\u00a0Za\u0161titna sredstva za drvo &#8211; Utvr\u0111ivanje preventivne u\u010dinkovitosti za\u0161titnog sredstva protiv morskih organizama<\/span><span data-ccp-props=\"{&quot;201341983&quot;:0,&quot;335551550&quot;:6,&quot;335551620&quot;:6,&quot;335559739&quot;:160,&quot;335559740&quot;:259}\">\u00a0<\/span><\/p>\n<p><span data-contrast=\"auto\"><strong>SIST-TS CEN\/TS 12037:2005<\/strong>:Za\u0161titna sredstva za drvo &#8211; Terenski testirana metoda za utvr\u0111ivanje relativne preventivne u\u010dinkovitosti za\u0161titnog sredstva za drvo izvan kontakta sa zemljom<\/span><span data-ccp-props=\"{&quot;201341983&quot;:0,&quot;335551550&quot;:6,&quot;335551620&quot;:6,&quot;335559739&quot;:160,&quot;335559740&quot;:259}\">\u00a0<\/span><\/p>\n<p><span data-contrast=\"auto\"><strong>Metoda prema Beckeru (1969.):  (1969)<\/strong>:\u00a0Termiticidnost za\u0161titnog sredstva<\/span><span data-ccp-props=\"{&quot;201341983&quot;:0,&quot;335551550&quot;:6,&quot;335551620&quot;:6,&quot;335559739&quot;:160,&quot;335559740&quot;:259}\">\u00a0<\/span><span data-ccp-props=\"{&quot;201341983&quot;:0,&quot;335551550&quot;:6,&quot;335551620&quot;:6,&quot;335559739&quot;:160,&quot;335559740&quot;:259}\">\u00a0<\/span><\/p>\n<p><span data-contrast=\"auto\">U tvrtki Silvaprodukt brinemo o tome da su na\u0161i proizvodi i usluge uskla\u0111eni sa standardima s podru\u010dja za\u0161tite drva i da njihovu u\u010dinkovitost redovito testiraju neovisne ustanove, npr. Sveu\u010dili\u0161te u Ljubljani i druge neovisne ustanove u inozemstvu<\/span><span data-ccp-props=\"{&quot;201341983&quot;:0,&quot;335551550&quot;:6,&quot;335551620&quot;:6,&quot;335559739&quot;:160,&quot;335559740&quot;:259}\">\u00a0<\/span><\/p>\n<p><span data-contrast=\"auto\">Vi\u0161e standarda s podru\u010dja za\u0161tite drva prona\u0107i \u0107ete na internetskoj stranici <\/span><a href=\"https:\/\/www.sist.si\/\" target=\"_blank\" rel=\"noopener nofollow\"><span data-contrast=\"none\">Slovenskoga instituta za standardizaciju.<\/span><\/a><span data-contrast=\"auto\">.<\/span><\/p>\n<\/div>\n<\/div>\n<\/div>\n<\/div>\n<\/div>\n<\/div>\n<div class=\"elementor-column elementor-col-33 elementor-top-column elementor-element elementor-element-5203ec1\" data-id=\"5203ec1\" data-element_type=\"column\">\n<div class=\"elementor-column-wrap\"><\/div>\n<\/div>\n\t\t<\/div>\n\t\t\t\t\t<\/div>\n\n\t\n<\/div>\n\t\t<\/div>\n\n\t\t\n<style>\n#section_1530580256 {\n  padding-top: 60px;\n  padding-bottom: 60px;\n}\n#section_1530580256 .section-bg-overlay {\n  background-color: rgba(255, 255, 255, 0.54);\n}\n@media (min-width:550px) {\n  #section_1530580256 {\n    padding-top: 90px;\n    padding-bottom: 90px;\n  }\n}\n<\/style>\n\t<\/section>\n\t\n\t<div id=\"gap-453320919\" class=\"gap-element clearfix\" style=\"display:block; height:auto;\">\n\t\t\n<style>\n#gap-453320919 {\n  padding-top: 100px;\n}\n<\/style>\n\t<\/div>\n\t\n","protected":false},"excerpt":{"rendered":"","protected":false},"author":5,"featured_media":4022,"parent":2204,"menu_order":0,"comment_status":"closed","ping_status":"closed","template":"page-blank.php","meta":{"inline_featured_image":false,"footnotes":""},"class_list":["post-2258","page","type-page","status-publish","has-post-thumbnail","hentry"],"acf":[],"_links":{"self":[{"href":"https:\/\/silvaprodukt.si\/hr\/wp-json\/wp\/v2\/pages\/2258","targetHints":{"allow":["GET"]}}],"collection":[{"href":"https:\/\/silvaprodukt.si\/hr\/wp-json\/wp\/v2\/pages"}],"about":[{"href":"https:\/\/silvaprodukt.si\/hr\/wp-json\/wp\/v2\/types\/page"}],"author":[{"embeddable":true,"href":"https:\/\/silvaprodukt.si\/hr\/wp-json\/wp\/v2\/users\/5"}],"replies":[{"embeddable":true,"href":"https:\/\/silvaprodukt.si\/hr\/wp-json\/wp\/v2\/comments?post=2258"}],"version-history":[{"count":0,"href":"https:\/\/silvaprodukt.si\/hr\/wp-json\/wp\/v2\/pages\/2258\/revisions"}],"up":[{"embeddable":true,"href":"https:\/\/silvaprodukt.si\/hr\/wp-json\/wp\/v2\/pages\/2204"}],"wp:featuredmedia":[{"embeddable":true,"href":"https:\/\/silvaprodukt.si\/hr\/wp-json\/wp\/v2\/media\/4022"}],"wp:attachment":[{"href":"https:\/\/silvaprodukt.si\/hr\/wp-json\/wp\/v2\/media?parent=2258"}],"curies":[{"name":"wp","href":"https:\/\/api.w.org\/{rel}","templated":true}]}}