{"id":2014,"date":"2022-09-01T07:38:30","date_gmt":"2022-09-01T05:38:30","guid":{"rendered":"http:\/\/silvaprodukt.si\/dobro-je-vedeti\/o-lesnih-skodljivcih\/"},"modified":"2022-10-19T15:16:32","modified_gmt":"2022-10-19T15:16:32","slug":"o-drvnim-nametnicima","status":"publish","type":"page","link":"https:\/\/silvaprodukt.si\/hr\/dobro-je-znati\/o-drvnim-nametnicima\/","title":{"rendered":"O drvnim nametnicima"},"content":{"rendered":"\n\t<section class=\"section\" id=\"section_1110415102\">\n\t\t<div class=\"section-bg fill\" >\n\t\t\t<img decoding=\"async\" width=\"1024\" height=\"429\" src=\"https:\/\/silvaprodukt.si\/wp-content\/uploads\/2022\/10\/jasna_2-1024x429-1.jpg\" class=\"bg attachment- size-\" alt=\"\" \/>\t\t\t\t\t\t<div class=\"section-bg-overlay absolute fill\"><\/div>\n\t\t\t\n\n\t\t<\/div>\n\n\t\t\n\n\t\t<div class=\"section-content relative\">\n\t\t\t\n<div class=\"row\"  id=\"row-231527669\">\n\n\t<div id=\"col-515530916\" class=\"col medium-12 small-12 large-12\"  >\n\t\t\t\t<div class=\"col-inner text-left dark\"  >\n\t\t\t\n\t\t\t\n<p class=\"nadnaslov\">Dobro je znati<\/p>\n<h1>O drvnim nametnicam<\/h1>\n\t<div id=\"gap-372689548\" class=\"gap-element clearfix\" style=\"display:block; height:auto;\">\n\t\t\n<style>\n#gap-372689548 {\n  padding-top: 10px;\n}\n<\/style>\n\t<\/div>\n\t\n<a href=\"#vise\" class=\"button primary\" >\n\t\t<span>Pro\u010ditate vi\u0161e<\/span>\n\t<\/a>\n\n<a class=\"button primary pop-open\" >\n\t\t<span>upit<\/span>\n\t<\/a>\n\n\t\t<\/div>\n\t\t\t\t\t<\/div>\n\n\t\n<\/div>\n\t\t<\/div>\n\n\t\t\n<style>\n#section_1110415102 {\n  padding-top: 90px;\n  padding-bottom: 90px;\n  min-height: 500px;\n}\n#section_1110415102 .section-bg-overlay {\n  background-color: rgba(0, 0, 0, 0.66);\n}\n<\/style>\n\t<\/section>\n\t\n\n\t<section class=\"section pasica\" id=\"section_1895472258\">\n\t\t<div class=\"section-bg fill\" >\n\t\t\t\t\t\t\t\t\t\n\t\t\t\n\n\t\t<\/div>\n\n\t\t\n\n\t\t<div class=\"section-content relative\">\n\t\t\t\r\n\r\n\t<div id=\"gap-1400334540\" class=\"gap-element clearfix\" style=\"display:block; height:auto;\">\n\t\t\n<style>\n#gap-1400334540 {\n  padding-top: 30px;\n}\n<\/style>\n\t<\/div>\n\t\r\n\r\n<div class=\"row align-equal\"  id=\"row-756372734\">\r\n\r\n\n\t<div id=\"col-1583710831\" class=\"col medium-6 small-12 large-3\"  >\n\t\t\t\t<div class=\"col-inner dark\"  >\n\t\t\t\n\t\t\t\r\n\r\n\n\t\t<div class=\"icon-box featured-box icon-box-left text-left\"  >\n\t\t\t\t\t<div class=\"icon-box-img\" style=\"width: 40px\">\n\t\t\t\t<div class=\"icon\">\n\t\t\t\t\t<div class=\"icon-inner\" >\n\t\t\t\t\t\t<img decoding=\"async\" width=\"200\" height=\"201\" src=\"https:\/\/silvaprodukt.si\/wp-content\/uploads\/2022\/09\/Ikona_Silvaprodukt-02.png\" class=\"attachment-medium size-medium\" alt=\"\" srcset=\"https:\/\/silvaprodukt.si\/wp-content\/uploads\/2022\/09\/Ikona_Silvaprodukt-02.png 200w, https:\/\/silvaprodukt.si\/wp-content\/uploads\/2022\/09\/Ikona_Silvaprodukt-02-100x100.png 100w, https:\/\/silvaprodukt.si\/wp-content\/uploads\/2022\/09\/Ikona_Silvaprodukt-02-150x150.png 150w\" sizes=\"(max-width: 200px) 100vw, 200px\" \/>\t\t\t\t\t<\/div>\n\t\t\t\t<\/div>\n\t\t\t<\/div>\n\t\t\t\t<div class=\"icon-box-text last-reset\">\n\t\t\t\t\t\t\t\t\t\r\n\r\n<strong>Dokazano ekolo\u0161ki prihvatljivo<\/strong>\r\n\r\n\t\t<\/div>\n\t<\/div>\n\t\n\t\r\n\r\n\t\t<\/div>\n\t\t\t\t\t<\/div>\n\n\t\r\n\n\t<div id=\"col-10760722\" class=\"col medium-6 small-12 large-3\"  >\n\t\t\t\t<div class=\"col-inner dark\"  >\n\t\t\t\n\t\t\t\r\n\r\n\n\t\t<div class=\"icon-box featured-box icon-box-left text-left\"  >\n\t\t\t\t\t<div class=\"icon-box-img\" style=\"width: 40px\">\n\t\t\t\t<div class=\"icon\">\n\t\t\t\t\t<div class=\"icon-inner\" >\n\t\t\t\t\t\t<img decoding=\"async\" width=\"200\" height=\"201\" src=\"https:\/\/silvaprodukt.si\/wp-content\/uploads\/2022\/09\/Ikona_Silvaprodukt-03.png\" class=\"attachment-medium size-medium\" alt=\"\" srcset=\"https:\/\/silvaprodukt.si\/wp-content\/uploads\/2022\/09\/Ikona_Silvaprodukt-03.png 200w, https:\/\/silvaprodukt.si\/wp-content\/uploads\/2022\/09\/Ikona_Silvaprodukt-03-100x100.png 100w, https:\/\/silvaprodukt.si\/wp-content\/uploads\/2022\/09\/Ikona_Silvaprodukt-03-150x150.png 150w\" sizes=\"(max-width: 200px) 100vw, 200px\" \/>\t\t\t\t\t<\/div>\n\t\t\t\t<\/div>\n\t\t\t<\/div>\n\t\t\t\t<div class=\"icon-box-text last-reset\">\n\t\t\t\t\t\t\t\t\t\r\n\r\n<strong>Jam\u010dimo 3x du\u017ei vijek trajanja drva<\/strong>\r\n\r\n\t\t<\/div>\n\t<\/div>\n\t\n\t\r\n\r\n\t\t<\/div>\n\t\t\t\t\t<\/div>\n\n\t\r\n\n\t<div id=\"col-1328550087\" class=\"col medium-6 small-12 large-3\"  >\n\t\t\t\t<div class=\"col-inner dark\"  >\n\t\t\t\n\t\t\t\r\n\r\n\n\t\t<div class=\"icon-box featured-box icon-box-left text-left\"  >\n\t\t\t\t\t<div class=\"icon-box-img\" style=\"width: 40px\">\n\t\t\t\t<div class=\"icon\">\n\t\t\t\t\t<div class=\"icon-inner\" >\n\t\t\t\t\t\t<img decoding=\"async\" width=\"200\" height=\"201\" src=\"https:\/\/silvaprodukt.si\/wp-content\/uploads\/2022\/09\/Ikona_Silvaprodukt-04.png\" class=\"attachment-medium size-medium\" alt=\"\" srcset=\"https:\/\/silvaprodukt.si\/wp-content\/uploads\/2022\/09\/Ikona_Silvaprodukt-04.png 200w, https:\/\/silvaprodukt.si\/wp-content\/uploads\/2022\/09\/Ikona_Silvaprodukt-04-100x100.png 100w, https:\/\/silvaprodukt.si\/wp-content\/uploads\/2022\/09\/Ikona_Silvaprodukt-04-150x150.png 150w\" sizes=\"(max-width: 200px) 100vw, 200px\" \/>\t\t\t\t\t<\/div>\n\t\t\t\t<\/div>\n\t\t\t<\/div>\n\t\t\t\t<div class=\"icon-box-text last-reset\">\n\t\t\t\t\t\t\t\t\t\r\n\r\n<strong>1x in trajno za\u0161ti\u0107eno,<\/strong>\r\n<strong>BEZ OBNAVLJANJA<\/strong>\r\n\r\n\t\t<\/div>\n\t<\/div>\n\t\n\t\r\n\r\n\t\t<\/div>\n\t\t\t\t\t<\/div>\n\n\t\r\n\n\t<div id=\"col-40174113\" class=\"col medium-6 small-12 large-3\"  >\n\t\t\t\t<div class=\"col-inner dark\"  >\n\t\t\t\n\t\t\t\r\n\r\n\n\t\t<div class=\"icon-box featured-box icon-box-left text-left\"  >\n\t\t\t\t\t<div class=\"icon-box-img\" style=\"width: 40px\">\n\t\t\t\t<div class=\"icon\">\n\t\t\t\t\t<div class=\"icon-inner\" >\n\t\t\t\t\t\t<img decoding=\"async\" width=\"200\" height=\"201\" src=\"https:\/\/silvaprodukt.si\/wp-content\/uploads\/2022\/09\/Ikona_Silvaprodukt-01.png\" class=\"attachment-medium size-medium\" alt=\"\" srcset=\"https:\/\/silvaprodukt.si\/wp-content\/uploads\/2022\/09\/Ikona_Silvaprodukt-01.png 200w, https:\/\/silvaprodukt.si\/wp-content\/uploads\/2022\/09\/Ikona_Silvaprodukt-01-100x100.png 100w, https:\/\/silvaprodukt.si\/wp-content\/uploads\/2022\/09\/Ikona_Silvaprodukt-01-150x150.png 150w\" sizes=\"(max-width: 200px) 100vw, 200px\" \/>\t\t\t\t\t<\/div>\n\t\t\t\t<\/div>\n\t\t\t<\/div>\n\t\t\t\t<div class=\"icon-box-text last-reset\">\n\t\t\t\t\t\t\t\t\t\r\n\r\n<strong>Vi\u0161e od nekoliko desetlje\u0107a<\/strong>\r\n<strong>testiranja proizvoda<\/strong>\r\n\r\n\t\t<\/div>\n\t<\/div>\n\t\n\t\r\n\r\n\t\t<\/div>\n\t\t\t\t\t<\/div>\n\n\t\r\n\r\n<\/div>\r\n\r\n\t\t<\/div>\n\n\t\t\n<style>\n#section_1895472258 {\n  padding-top: 0px;\n  padding-bottom: 0px;\n  background-color: rgb(157, 141, 118);\n}\n<\/style>\n\t<\/section>\n\t\n<span class=\"scroll-to\" data-label=\"Scroll to: #vise\" data-bullet=\"false\" data-link=\"#vise\" data-title=\"vise\"><a name=\"vise\"><\/a><\/span>\n\n\t<section class=\"section\" id=\"section_428172855\">\n\t\t<div class=\"section-bg fill\" >\n\t\t\t\t\t\t\t\t\t<div class=\"section-bg-overlay absolute fill\"><\/div>\n\t\t\t\n\n\t\t<\/div>\n\n\t\t\n\n\t\t<div class=\"section-content relative\">\n\t\t\t\n<div class=\"row align-middle\"  id=\"row-1408606446\">\n\n\t<div id=\"col-1994101549\" class=\"col medium-12 small-12 large-4\"  >\n\t\t\t\t<div class=\"col-inner text-left dark\"  >\n\t\t\t\n\t\t\t\n\t<div class=\"img has-hover x md-x lg-x y md-y lg-y\" id=\"image_109196240\">\n\t\t\t\t\t\t\t\t<div class=\"img-inner dark\" >\n\t\t\t<img decoding=\"async\" width=\"636\" height=\"488\" src=\"https:\/\/silvaprodukt.si\/wp-content\/uploads\/2022\/09\/Screenshot-2021-12-19-at-23.02.31.png\" class=\"attachment-large size-large\" alt=\"\" srcset=\"https:\/\/silvaprodukt.si\/wp-content\/uploads\/2022\/09\/Screenshot-2021-12-19-at-23.02.31.png 636w, https:\/\/silvaprodukt.si\/wp-content\/uploads\/2022\/09\/Screenshot-2021-12-19-at-23.02.31-510x391.png 510w, https:\/\/silvaprodukt.si\/wp-content\/uploads\/2022\/09\/Screenshot-2021-12-19-at-23.02.31-300x230.png 300w\" sizes=\"(max-width: 636px) 100vw, 636px\" \/>\t\t\t\t\t\t\n\t\t\t\t\t<\/div>\n\t\t\t\t\t\t\t\t\n<style>\n#image_109196240 {\n  width: 100%;\n}\n<\/style>\n\t<\/div>\n\t\n<p style=\"text-align: center;\"><em><span style=\"color: #282828;\">Neza\u0161ti\u0107ena i povr\u0161inski za\u0161ti\u0107ena da\u0161\u010dica smreke nakon nekoliko mjeseci izlo\u017eenosti sun\u010devoj svjetlosti i padalinama <\/span><\/em><\/p>\n\t\t<\/div>\n\t\t\t\t\t<\/div>\n\n\t\n\n\t<div id=\"col-1988166201\" class=\"col medium-12 small-12 large-8\"  >\n\t\t\t\t<div class=\"col-inner text-left\"  >\n\t\t\t\n\t\t\t\n<h2>O drvnim nametnicama<\/h2>\n<p>Drvo je prirodan i obnovljiv materijal podvrgnut procesu raspadanja, \u0161to omogu\u0107uje kru\u017eenje tvari u prirodi. Raspadanje drva uzrokuju ne\u017eivi (abiotski) i \u017eivi (biotski) \u010dimbenici. Prilikom uporabe drva u gospodarske svrhe \u017eelimo \u0161to vi\u0161e usporiti njegovo raspadanje.<br \/>\nU ne\u017eive \u010dimbenike raspadanja pripadaju klimatski \u010dimbenici (padaline, UV svjetlost, promjene temperature, itd.), one\u010di\u0161\u0107en zrak (plinovi, tvrde \u010destice) i vatra. Ne\u017eivi \u010dimbenici posebno utje\u010du na estetski izgled drva, a rje\u0111e na mehani\u010dke zna\u010dajke drvenih proizvoda. Sun\u010deva, odnosno UV svjetlost uzrokuje kemijske promjene i promjenu boje povr\u0161ine drva, ali ne utje\u010de na njegova mehani\u010dka svojstva. Kombinacija navedenih abiotskih \u010dimbenika, prvenstveno svjetlosti i padalina s vremenom \u0107e se odraziti u sivoj boji povr\u0161ine drva. Od ne\u017eivih \u010dimbenika raspadanja drvo mo\u017eemo za\u0161tititi primjerenim povr\u0161inskim premazima, npr. pripravkom Silvanol lazura B.<\/p>\n\t\t<\/div>\n\t\t\t\t\t<\/div>\n\n\t\n<\/div>\n\t\t<\/div>\n\n\t\t\n<style>\n#section_428172855 {\n  padding-top: 90px;\n  padding-bottom: 90px;\n}\n#section_428172855 .section-bg-overlay {\n  background-color: rgb(243, 245, 245);\n}\n<\/style>\n\t<\/section>\n\t\n\n\t<section class=\"section\" id=\"section_1485686025\">\n\t\t<div class=\"section-bg fill\" >\n\t\t\t\t\t\t\t\t\t\n\t\t\t\n\n\t\t<\/div>\n\n\t\t\n\n\t\t<div class=\"section-content relative\">\n\t\t\t\n<div class=\"row align-equal\"  id=\"row-1940209103\">\n\n\t<div id=\"col-931529549\" class=\"col small-12 large-12\"  >\n\t\t\t\t<div class=\"col-inner text-left\"  >\n\t\t\t\n\t\t\t\n<p>Mnogo opasniji su, posebice kod uporabe drva na otvorenom, \u017eivi \u010dimbenici raspadanja. Radi se o organizmima koji se hrane drvom ili im je ono nu\u017eno potrebno za vlastito pre\u017eivljavanje. Tu spadaju gljive (npr. gljive trule\u017enice, gljive plavila, plijesni), insekti (npr. li\u010dinke drvnih insekata, odnosno \u00bbdrveni crvi\u00ab, termiti ili bijeli mravi), bakterije te morski nametnici. U Sloveniji najvi\u0161e \u0161tete na gospodarskom drvu i gotovim drvenim proizvodima i objektima uzrokuju gljive trule\u017enice. U povoljnim uvjetima (vla\u017enost drva iznad 20%, umjerene temperature) mogu razgraditi drvo ve\u0107 za nekoliko mjeseci. Slovenija u tom pogledu ima jednu od najnepovoljnijih klima u Europi jer su uvjeti za truljenje drva ve\u0107inu vremena veoma povoljni (velika koli\u010dina padalina, visoka razina vlage u zraku, umjerene temperature).<\/p>\n\t\t<\/div>\n\t\t\t\t\t<\/div>\n\n\t\n\n\t<div id=\"col-1616059354\" class=\"col medium-3 small-12 large-3\"  >\n\t\t\t\t<div class=\"col-inner text-left dark\"  >\n\t\t\t\n\t\t\t\n\t<div class=\"img has-hover x md-x lg-x y md-y lg-y\" id=\"image_568765656\">\n\t\t\t\t\t\t\t\t<div class=\"img-inner box-shadow-2 dark\" >\n\t\t\t<img decoding=\"async\" width=\"606\" height=\"456\" src=\"https:\/\/silvaprodukt.si\/wp-content\/uploads\/2022\/09\/Gljive-razkrojevalke-micelj-1.jpg\" class=\"attachment-large size-large\" alt=\"\" srcset=\"https:\/\/silvaprodukt.si\/wp-content\/uploads\/2022\/09\/Gljive-razkrojevalke-micelj-1.jpg 606w, https:\/\/silvaprodukt.si\/wp-content\/uploads\/2022\/09\/Gljive-razkrojevalke-micelj-1-510x384.jpg 510w, https:\/\/silvaprodukt.si\/wp-content\/uploads\/2022\/09\/Gljive-razkrojevalke-micelj-1-300x226.jpg 300w\" sizes=\"(max-width: 606px) 100vw, 606px\" \/>\t\t\t\t\t\t\n\t\t\t\t\t<\/div>\n\t\t\t\t\t\t\t\t\n<style>\n#image_568765656 {\n  width: 100%;\n}\n<\/style>\n\t<\/div>\n\t\n<p style=\"text-align: center;\"><em><span style=\"color: #282828;\">Gljive trule\u017enice u\/na drvu stvaraju micelij, a mogu stvoriti i kape<\/span><\/em><\/p>\n\t\t<\/div>\n\t\t\t\t\t<\/div>\n\n\t\n\n\t<div id=\"col-934482335\" class=\"col medium-3 small-12 large-3\"  >\n\t\t\t\t<div class=\"col-inner text-left dark\"  >\n\t\t\t\n\t\t\t\n\t<div class=\"img has-hover x md-x lg-x y md-y lg-y\" id=\"image_568541407\">\n\t\t\t\t\t\t\t\t<div class=\"img-inner box-shadow-2 dark\" >\n\t\t\t<img decoding=\"async\" width=\"606\" height=\"455\" src=\"https:\/\/silvaprodukt.si\/wp-content\/uploads\/2022\/09\/glive-razkrojevalke-klobuk-1.jpg\" class=\"attachment-large size-large\" alt=\"\" srcset=\"https:\/\/silvaprodukt.si\/wp-content\/uploads\/2022\/09\/glive-razkrojevalke-klobuk-1.jpg 606w, https:\/\/silvaprodukt.si\/wp-content\/uploads\/2022\/09\/glive-razkrojevalke-klobuk-1-510x383.jpg 510w, https:\/\/silvaprodukt.si\/wp-content\/uploads\/2022\/09\/glive-razkrojevalke-klobuk-1-300x225.jpg 300w\" sizes=\"(max-width: 606px) 100vw, 606px\" \/>\t\t\t\t\t\t\n\t\t\t\t\t<\/div>\n\t\t\t\t\t\t\t\t\n<style>\n#image_568541407 {\n  width: 100%;\n}\n<\/style>\n\t<\/div>\n\t\n<p style=\"text-align: center;\"><em><span style=\"color: #282828;\">Gljive trule\u017enice u\/na drvu stvaraju micelij, a mogu stvoriti i kape<\/span><\/em><\/p>\n\t\t<\/div>\n\t\t\t\t\t<\/div>\n\n\t\n\n\t<div id=\"col-1450160227\" class=\"col medium-3 small-12 large-3\"  >\n\t\t\t\t<div class=\"col-inner text-left dark\"  >\n\t\t\t\n\t\t\t\n\t<div class=\"img has-hover x md-x lg-x y md-y lg-y\" id=\"image_534327801\">\n\t\t\t\t\t\t\t\t<div class=\"img-inner box-shadow-2 dark\" >\n\t\t\t<img decoding=\"async\" width=\"620\" height=\"465\" src=\"https:\/\/silvaprodukt.si\/wp-content\/uploads\/2022\/09\/His\u030cni-kozlic\u030cek-larva-1.jpg\" class=\"attachment-large size-large\" alt=\"\" srcset=\"https:\/\/silvaprodukt.si\/wp-content\/uploads\/2022\/09\/His\u030cni-kozlic\u030cek-larva-1.jpg 620w, https:\/\/silvaprodukt.si\/wp-content\/uploads\/2022\/09\/His\u030cni-kozlic\u030cek-larva-1-510x383.jpg 510w, https:\/\/silvaprodukt.si\/wp-content\/uploads\/2022\/09\/His\u030cni-kozlic\u030cek-larva-1-300x225.jpg 300w\" sizes=\"(max-width: 620px) 100vw, 620px\" \/>\t\t\t\t\t\t\n\t\t\t\t\t<\/div>\n\t\t\t\t\t\t\t\t\n<style>\n#image_534327801 {\n  width: 100%;\n}\n<\/style>\n\t<\/div>\n\t\n<p style=\"text-align: center;\"><em><span style=\"color: #282828;\">Li\u010dinka (\u00bbcrv\u00ab) i odrasli primjerak drvnog insekta (ku\u0107na strizibuba ili Hylotrubes bajulus)<\/span><\/em><\/p>\n\t\t<\/div>\n\t\t\t\t\t<\/div>\n\n\t\n\n\t<div id=\"col-100037080\" class=\"col medium-3 small-12 large-3\"  >\n\t\t\t\t<div class=\"col-inner text-left dark\"  >\n\t\t\t\n\t\t\t\n\t<div class=\"img has-hover x md-x lg-x y md-y lg-y\" id=\"image_465734492\">\n\t\t\t\t\t\t\t\t<div class=\"img-inner box-shadow-2 dark\" >\n\t\t\t<img decoding=\"async\" width=\"633\" height=\"475\" src=\"https:\/\/silvaprodukt.si\/wp-content\/uploads\/2022\/09\/His\u030cni-kozlic\u030cek-odrasel-1.jpg\" class=\"attachment-large size-large\" alt=\"\" srcset=\"https:\/\/silvaprodukt.si\/wp-content\/uploads\/2022\/09\/His\u030cni-kozlic\u030cek-odrasel-1.jpg 633w, https:\/\/silvaprodukt.si\/wp-content\/uploads\/2022\/09\/His\u030cni-kozlic\u030cek-odrasel-1-510x383.jpg 510w, https:\/\/silvaprodukt.si\/wp-content\/uploads\/2022\/09\/His\u030cni-kozlic\u030cek-odrasel-1-300x225.jpg 300w\" sizes=\"(max-width: 633px) 100vw, 633px\" \/>\t\t\t\t\t\t\n\t\t\t\t\t<\/div>\n\t\t\t\t\t\t\t\t\n<style>\n#image_465734492 {\n  width: 100%;\n}\n<\/style>\n\t<\/div>\n\t\n<p style=\"text-align: center;\"><em><span style=\"color: #282828;\">Li\u010dinka (\u00bbcrv\u00ab) i odrasli primjerak drvnog insekta (ku\u0107na strizibuba ili Hylotrubes bajulus)<\/span><\/em><\/p>\n\t\t<\/div>\n\t\t\t\t\t<\/div>\n\n\t\n\n\t<div id=\"col-2078291277\" class=\"col small-12 large-12\"  >\n\t\t\t\t<div class=\"col-inner text-left\"  >\n\t\t\t\n\t\t\t\n<p>Od gljiva trule\u017enica nisu za\u0161ti\u0107ene ni suvremene drvene ku\u0107e jer susre\u0107emo brojne slu\u010dajeve kada gljive zbog manjih ili ve\u0107ih gre\u0161aka kod izvedbe, ve\u0107 u nekoliko godina nakon useljavanja, potpuno uni\u0161te konstrukciju i\/ili obloge neza\u0161ti\u0107enih drvenih objekata. Sanacija takve \u0161tete je iznimno skupa i dugotrajna. Za u\u010dinkovitu za\u0161titu drva od \u017eivih \u010dimbenika raspadanja moramo koristiti u\u010dinkovita sredstva za temeljnu za\u0161titu (npr. Silvanolin\u00ae ili Silvanol) i pobrinuti se da dovoljno duboko prodru u drvo. Prikladnu metodu za\u0161tite i dubinu prodiranja za\u0161titnog sredstva odabiremo s obzirom na izlo\u017eenost i funkciju drvenog proizvoda ili objekta. Odli\u010dna alternativa klasi\u010dnim temeljnim za\u0161titnim sredstvima (prije svega za vanjski dio objekta &#8211; fasada\/terasa) za drvo je Silvapro\u00ae toplinska obrada drva.<\/p>\n<h3>Nekoliko primjera o\u0161te\u0107enja koja uzrokuju gljive trule\u017enice (truljenje drva).<\/h3>\n\t\t<\/div>\n\t\t\t\t\t<\/div>\n\n\t\n\n\t<div id=\"col-1362522338\" class=\"col medium-3 small-12 large-3\"  >\n\t\t\t\t<div class=\"col-inner text-left dark\"  >\n\t\t\t\n\t\t\t\n\t<div class=\"img has-hover x md-x lg-x y md-y lg-y\" id=\"image_292441090\">\n\t\t\t\t\t\t\t\t<div class=\"img-inner box-shadow-2 dark\" >\n\t\t\t<img decoding=\"async\" width=\"1020\" height=\"765\" src=\"https:\/\/silvaprodukt.si\/wp-content\/uploads\/2022\/09\/arboretum-rjava-t-feb-2008-2a-1-1024x768.jpeg\" class=\"attachment-large size-large\" alt=\"\" srcset=\"https:\/\/silvaprodukt.si\/wp-content\/uploads\/2022\/09\/arboretum-rjava-t-feb-2008-2a-1-1024x768.jpeg 1024w, https:\/\/silvaprodukt.si\/wp-content\/uploads\/2022\/09\/arboretum-rjava-t-feb-2008-2a-1-510x383.jpeg 510w, https:\/\/silvaprodukt.si\/wp-content\/uploads\/2022\/09\/arboretum-rjava-t-feb-2008-2a-1-300x225.jpeg 300w, https:\/\/silvaprodukt.si\/wp-content\/uploads\/2022\/09\/arboretum-rjava-t-feb-2008-2a-1-768x576.jpeg 768w, https:\/\/silvaprodukt.si\/wp-content\/uploads\/2022\/09\/arboretum-rjava-t-feb-2008-2a-1.jpeg 1037w\" sizes=\"(max-width: 1020px) 100vw, 1020px\" \/>\t\t\t\t\t\t\n\t\t\t\t\t<\/div>\n\t\t\t\t\t\t\t\t\n<style>\n#image_292441090 {\n  width: 100%;\n}\n<\/style>\n\t<\/div>\n\t\n\t\t<\/div>\n\t\t\t\t\t<\/div>\n\n\t\n\n\t<div id=\"col-121561790\" class=\"col medium-3 small-12 large-3\"  >\n\t\t\t\t<div class=\"col-inner text-left dark\"  >\n\t\t\t\n\t\t\t\n\t<div class=\"img has-hover x md-x lg-x y md-y lg-y\" id=\"image_534176567\">\n\t\t\t\t\t\t\t\t<div class=\"img-inner box-shadow-2 dark\" >\n\t\t\t<img decoding=\"async\" width=\"615\" height=\"461\" src=\"https:\/\/silvaprodukt.si\/wp-content\/uploads\/2022\/09\/Glive-razkrojevalke-pos\u030ckodba-lesa-1-1.jpg\" class=\"attachment-large size-large\" alt=\"\" srcset=\"https:\/\/silvaprodukt.si\/wp-content\/uploads\/2022\/09\/Glive-razkrojevalke-pos\u030ckodba-lesa-1-1.jpg 615w, https:\/\/silvaprodukt.si\/wp-content\/uploads\/2022\/09\/Glive-razkrojevalke-pos\u030ckodba-lesa-1-1-510x382.jpg 510w, https:\/\/silvaprodukt.si\/wp-content\/uploads\/2022\/09\/Glive-razkrojevalke-pos\u030ckodba-lesa-1-1-300x225.jpg 300w\" sizes=\"(max-width: 615px) 100vw, 615px\" \/>\t\t\t\t\t\t\n\t\t\t\t\t<\/div>\n\t\t\t\t\t\t\t\t\n<style>\n#image_534176567 {\n  width: 100%;\n}\n<\/style>\n\t<\/div>\n\t\n\t\t<\/div>\n\t\t\t\t\t<\/div>\n\n\t\n\n\t<div id=\"col-2011763632\" class=\"col medium-3 small-12 large-3\"  >\n\t\t\t\t<div class=\"col-inner text-left dark\"  >\n\t\t\t\n\t\t\t\n\t<div class=\"img has-hover x md-x lg-x y md-y lg-y\" id=\"image_704875940\">\n\t\t\t\t\t\t\t\t<div class=\"img-inner box-shadow-2 dark\" >\n\t\t\t<img decoding=\"async\" width=\"768\" height=\"576\" src=\"https:\/\/silvaprodukt.si\/wp-content\/uploads\/2022\/09\/Glive-razkrojevalke-pos\u030ckodba-lesa-2.jpg\" class=\"attachment-large size-large\" alt=\"\" srcset=\"https:\/\/silvaprodukt.si\/wp-content\/uploads\/2022\/09\/Glive-razkrojevalke-pos\u030ckodba-lesa-2.jpg 768w, https:\/\/silvaprodukt.si\/wp-content\/uploads\/2022\/09\/Glive-razkrojevalke-pos\u030ckodba-lesa-2-510x383.jpg 510w, https:\/\/silvaprodukt.si\/wp-content\/uploads\/2022\/09\/Glive-razkrojevalke-pos\u030ckodba-lesa-2-300x225.jpg 300w\" sizes=\"(max-width: 768px) 100vw, 768px\" \/>\t\t\t\t\t\t\n\t\t\t\t\t<\/div>\n\t\t\t\t\t\t\t\t\n<style>\n#image_704875940 {\n  width: 100%;\n}\n<\/style>\n\t<\/div>\n\t\n\t\t<\/div>\n\t\t\t\t\t<\/div>\n\n\t\n\n\t<div id=\"col-861954911\" class=\"col medium-3 small-12 large-3\"  >\n\t\t\t\t<div class=\"col-inner text-left dark\"  >\n\t\t\t\n\t\t\t\n\t<div class=\"img has-hover x md-x lg-x y md-y lg-y\" id=\"image_1902875136\">\n\t\t\t\t\t\t\t\t<div class=\"img-inner box-shadow-2 dark\" >\n\t\t\t<img decoding=\"async\" width=\"860\" height=\"652\" src=\"https:\/\/silvaprodukt.si\/wp-content\/uploads\/2022\/09\/Glive-razkrojevalke-pos\u030ckodba-lesa-3.jpg\" class=\"attachment-large size-large\" alt=\"\" srcset=\"https:\/\/silvaprodukt.si\/wp-content\/uploads\/2022\/09\/Glive-razkrojevalke-pos\u030ckodba-lesa-3.jpg 860w, https:\/\/silvaprodukt.si\/wp-content\/uploads\/2022\/09\/Glive-razkrojevalke-pos\u030ckodba-lesa-3-510x387.jpg 510w, https:\/\/silvaprodukt.si\/wp-content\/uploads\/2022\/09\/Glive-razkrojevalke-pos\u030ckodba-lesa-3-300x227.jpg 300w, https:\/\/silvaprodukt.si\/wp-content\/uploads\/2022\/09\/Glive-razkrojevalke-pos\u030ckodba-lesa-3-768x582.jpg 768w\" sizes=\"(max-width: 860px) 100vw, 860px\" \/>\t\t\t\t\t\t\n\t\t\t\t\t<\/div>\n\t\t\t\t\t\t\t\t\n<style>\n#image_1902875136 {\n  width: 100%;\n}\n<\/style>\n\t<\/div>\n\t\n\t\t<\/div>\n\t\t\t\t\t<\/div>\n\n\t\n<\/div>\n\t\t<\/div>\n\n\t\t\n<style>\n#section_1485686025 {\n  padding-top: 90px;\n  padding-bottom: 90px;\n}\n<\/style>\n\t<\/section>\n\t\n\n\t<section class=\"section\" id=\"section_1597979837\">\n\t\t<div class=\"section-bg fill\" >\n\t\t\t\t\t\t\t\t\t\n\t\t\t\n\n\t\t<\/div>\n\n\t\t\n\n\t\t<div class=\"section-content relative\">\n\t\t\t\r\n\r\n<div class=\"row\"  id=\"row-1426628633\">\r\n\r\n\n\t<div id=\"col-1644473785\" class=\"col small-12 large-12\"  >\n\t\t\t\t<div class=\"col-inner\"  >\n\t\t\t\n\t\t\t\r\n\r\n<h2 style=\"text-align: center;\"><span style=\"color: #618f7a;\">Prezentacijski video<\/span><\/h2>\r\n<div class=\"video video-fit mb box-shadow-3\" style=\"padding-top:50%;\"><p><iframe title=\"Silvaprodukt 70 godina\" width=\"1020\" height=\"574\" src=\"https:\/\/www.youtube.com\/embed\/6_Ht2UFGJa8?feature=oembed\" frameborder=\"0\" allow=\"accelerometer; autoplay; clipboard-write; encrypted-media; gyroscope; picture-in-picture\" allowfullscreen><\/iframe><\/p>\n<\/div>\r\n\r\n\r\n\t\t<\/div>\n\t\t\t\t\t<\/div>\n\n\t\r\n\r\n<\/div>\r\n\r\n\t\t<\/div>\n\n\t\t\n<style>\n#section_1597979837 {\n  padding-top: 30px;\n  padding-bottom: 30px;\n}\n<\/style>\n\t<\/section>\n\t\n\t<div id=\"gap-721243756\" class=\"gap-element clearfix\" style=\"display:block; height:auto;\">\n\t\t\n<style>\n#gap-721243756 {\n  padding-top: 100px;\n}\n<\/style>\n\t<\/div>\n\t\n","protected":false},"excerpt":{"rendered":"","protected":false},"author":5,"featured_media":4022,"parent":1806,"menu_order":0,"comment_status":"closed","ping_status":"closed","template":"page-blank.php","meta":{"inline_featured_image":false,"footnotes":""},"class_list":["post-2014","page","type-page","status-publish","has-post-thumbnail","hentry"],"acf":[],"_links":{"self":[{"href":"https:\/\/silvaprodukt.si\/hr\/wp-json\/wp\/v2\/pages\/2014","targetHints":{"allow":["GET"]}}],"collection":[{"href":"https:\/\/silvaprodukt.si\/hr\/wp-json\/wp\/v2\/pages"}],"about":[{"href":"https:\/\/silvaprodukt.si\/hr\/wp-json\/wp\/v2\/types\/page"}],"author":[{"embeddable":true,"href":"https:\/\/silvaprodukt.si\/hr\/wp-json\/wp\/v2\/users\/5"}],"replies":[{"embeddable":true,"href":"https:\/\/silvaprodukt.si\/hr\/wp-json\/wp\/v2\/comments?post=2014"}],"version-history":[{"count":0,"href":"https:\/\/silvaprodukt.si\/hr\/wp-json\/wp\/v2\/pages\/2014\/revisions"}],"up":[{"embeddable":true,"href":"https:\/\/silvaprodukt.si\/hr\/wp-json\/wp\/v2\/pages\/1806"}],"wp:featuredmedia":[{"embeddable":true,"href":"https:\/\/silvaprodukt.si\/hr\/wp-json\/wp\/v2\/media\/4022"}],"wp:attachment":[{"href":"https:\/\/silvaprodukt.si\/hr\/wp-json\/wp\/v2\/media?parent=2014"}],"curies":[{"name":"wp","href":"https:\/\/api.w.org\/{rel}","templated":true}]}}