{"id":2006,"date":"2022-09-01T07:35:32","date_gmt":"2022-09-01T07:35:32","guid":{"rendered":"http:\/\/silvaprodukt.si\/dobro-je-vedeti\/zascita-lesa\/"},"modified":"2022-10-11T10:43:32","modified_gmt":"2022-10-11T10:43:32","slug":"zastita-drveta","status":"publish","type":"page","link":"https:\/\/silvaprodukt.si\/hr\/dobro-je-znati\/zastita-drveta\/","title":{"rendered":"Za\u0161tita drveta"},"content":{"rendered":"\n\t<section class=\"section\" id=\"section_137862828\">\n\t\t<div class=\"section-bg fill\" >\n\t\t\t<img decoding=\"async\" width=\"1600\" height=\"670\" src=\"https:\/\/silvaprodukt.si\/wp-content\/uploads\/2022\/09\/jasna_2.jpg\" class=\"bg attachment- size-\" alt=\"\" \/>\t\t\t\t\t\t<div class=\"section-bg-overlay absolute fill\"><\/div>\n\t\t\t\n\n\t\t<\/div>\n\n\t\t\n\n\t\t<div class=\"section-content relative\">\n\t\t\t\n<div class=\"row\"  id=\"row-1960911465\">\n\n\t<div id=\"col-177235611\" class=\"col small-12 large-12\"  >\n\t\t\t\t<div class=\"col-inner dark\"  >\n\t\t\t\n\t\t\t\n<p class=\"nadnaslov\">Drvo koje traje.<br \/>\nSilvaprodukt, ve\u0107 70 godina!<\/p>\n<h1>Za\u0161tita drveta<\/h1>\n\t<div id=\"gap-1616115376\" class=\"gap-element clearfix\" style=\"display:block; height:auto;\">\n\t\t\n<style>\n#gap-1616115376 {\n  padding-top: 10px;\n}\n<\/style>\n\t<\/div>\n\t\n<a href=\"https:\/\/silvaprodukt.si\/hr\/shop\/\" class=\"button primary\" >\n\t\t<span>kupnja proizvoda<\/span>\n\t<\/a>\n\n<a href=\"https:\/\/silvaprodukt.si\/hr\/o-nama\/kontakt\/#kontakt\" class=\"button primary\" >\n\t\t<span>KONTAKT<\/span>\n\t<\/a>\n\n\t\t<\/div>\n\t\t\t\t\t<\/div>\n\n\t\n<\/div>\n\t\t<\/div>\n\n\t\t\n<style>\n#section_137862828 {\n  padding-top: 90px;\n  padding-bottom: 90px;\n  min-height: 500px;\n}\n#section_137862828 .section-bg-overlay {\n  background-color: rgba(0, 0, 0, 0.48);\n}\n#section_137862828 .section-bg img {\n  object-position: 51% 100%;\n}\n<\/style>\n\t<\/section>\n\t\n\n\t<section class=\"section pasica\" id=\"section_724609333\">\n\t\t<div class=\"section-bg fill\" >\n\t\t\t\t\t\t\t\t\t\n\t\t\t\n\n\t\t<\/div>\n\n\t\t\n\n\t\t<div class=\"section-content relative\">\n\t\t\t\r\n\r\n\t<div id=\"gap-1697940958\" class=\"gap-element clearfix\" style=\"display:block; height:auto;\">\n\t\t\n<style>\n#gap-1697940958 {\n  padding-top: 30px;\n}\n<\/style>\n\t<\/div>\n\t\r\n\r\n<div class=\"row align-equal\"  id=\"row-1140197683\">\r\n\r\n\n\t<div id=\"col-1047982131\" class=\"col medium-6 small-12 large-3\"  >\n\t\t\t\t<div class=\"col-inner dark\"  >\n\t\t\t\n\t\t\t\r\n\r\n\n\t\t<div class=\"icon-box featured-box icon-box-left text-left\"  >\n\t\t\t\t\t<div class=\"icon-box-img\" style=\"width: 40px\">\n\t\t\t\t<div class=\"icon\">\n\t\t\t\t\t<div class=\"icon-inner\" >\n\t\t\t\t\t\t<img decoding=\"async\" width=\"200\" height=\"201\" src=\"https:\/\/silvaprodukt.si\/wp-content\/uploads\/2022\/09\/Ikona_Silvaprodukt-02.png\" class=\"attachment-medium size-medium\" alt=\"\" srcset=\"https:\/\/silvaprodukt.si\/wp-content\/uploads\/2022\/09\/Ikona_Silvaprodukt-02.png 200w, https:\/\/silvaprodukt.si\/wp-content\/uploads\/2022\/09\/Ikona_Silvaprodukt-02-100x100.png 100w, https:\/\/silvaprodukt.si\/wp-content\/uploads\/2022\/09\/Ikona_Silvaprodukt-02-150x150.png 150w\" sizes=\"(max-width: 200px) 100vw, 200px\" \/>\t\t\t\t\t<\/div>\n\t\t\t\t<\/div>\n\t\t\t<\/div>\n\t\t\t\t<div class=\"icon-box-text last-reset\">\n\t\t\t\t\t\t\t\t\t\r\n\r\n<strong>Dokazano ekolo\u0161ki prihvatljivo<\/strong>\r\n\r\n\t\t<\/div>\n\t<\/div>\n\t\n\t\r\n\r\n\t\t<\/div>\n\t\t\t\t\t<\/div>\n\n\t\r\n\n\t<div id=\"col-70110965\" class=\"col medium-6 small-12 large-3\"  >\n\t\t\t\t<div class=\"col-inner dark\"  >\n\t\t\t\n\t\t\t\r\n\r\n\n\t\t<div class=\"icon-box featured-box icon-box-left text-left\"  >\n\t\t\t\t\t<div class=\"icon-box-img\" style=\"width: 40px\">\n\t\t\t\t<div class=\"icon\">\n\t\t\t\t\t<div class=\"icon-inner\" >\n\t\t\t\t\t\t<img decoding=\"async\" width=\"200\" height=\"201\" src=\"https:\/\/silvaprodukt.si\/wp-content\/uploads\/2022\/09\/Ikona_Silvaprodukt-03.png\" class=\"attachment-medium size-medium\" alt=\"\" srcset=\"https:\/\/silvaprodukt.si\/wp-content\/uploads\/2022\/09\/Ikona_Silvaprodukt-03.png 200w, https:\/\/silvaprodukt.si\/wp-content\/uploads\/2022\/09\/Ikona_Silvaprodukt-03-100x100.png 100w, https:\/\/silvaprodukt.si\/wp-content\/uploads\/2022\/09\/Ikona_Silvaprodukt-03-150x150.png 150w\" sizes=\"(max-width: 200px) 100vw, 200px\" \/>\t\t\t\t\t<\/div>\n\t\t\t\t<\/div>\n\t\t\t<\/div>\n\t\t\t\t<div class=\"icon-box-text last-reset\">\n\t\t\t\t\t\t\t\t\t\r\n\r\n<strong>Jam\u010dimo 3x du\u017ei vijek trajanja drva<\/strong>\r\n\r\n\t\t<\/div>\n\t<\/div>\n\t\n\t\r\n\r\n\t\t<\/div>\n\t\t\t\t\t<\/div>\n\n\t\r\n\n\t<div id=\"col-782341793\" class=\"col medium-6 small-12 large-3\"  >\n\t\t\t\t<div class=\"col-inner dark\"  >\n\t\t\t\n\t\t\t\r\n\r\n\n\t\t<div class=\"icon-box featured-box icon-box-left text-left\"  >\n\t\t\t\t\t<div class=\"icon-box-img\" style=\"width: 40px\">\n\t\t\t\t<div class=\"icon\">\n\t\t\t\t\t<div class=\"icon-inner\" >\n\t\t\t\t\t\t<img decoding=\"async\" width=\"200\" height=\"201\" src=\"https:\/\/silvaprodukt.si\/wp-content\/uploads\/2022\/09\/Ikona_Silvaprodukt-04.png\" class=\"attachment-medium size-medium\" alt=\"\" srcset=\"https:\/\/silvaprodukt.si\/wp-content\/uploads\/2022\/09\/Ikona_Silvaprodukt-04.png 200w, https:\/\/silvaprodukt.si\/wp-content\/uploads\/2022\/09\/Ikona_Silvaprodukt-04-100x100.png 100w, https:\/\/silvaprodukt.si\/wp-content\/uploads\/2022\/09\/Ikona_Silvaprodukt-04-150x150.png 150w\" sizes=\"(max-width: 200px) 100vw, 200px\" \/>\t\t\t\t\t<\/div>\n\t\t\t\t<\/div>\n\t\t\t<\/div>\n\t\t\t\t<div class=\"icon-box-text last-reset\">\n\t\t\t\t\t\t\t\t\t\r\n\r\n<strong>1x in trajno za\u0161ti\u0107eno,<\/strong>\r\n<strong>BEZ OBNAVLJANJA<\/strong>\r\n\r\n\t\t<\/div>\n\t<\/div>\n\t\n\t\r\n\r\n\t\t<\/div>\n\t\t\t\t\t<\/div>\n\n\t\r\n\n\t<div id=\"col-1452804295\" class=\"col medium-6 small-12 large-3\"  >\n\t\t\t\t<div class=\"col-inner dark\"  >\n\t\t\t\n\t\t\t\r\n\r\n\n\t\t<div class=\"icon-box featured-box icon-box-left text-left\"  >\n\t\t\t\t\t<div class=\"icon-box-img\" style=\"width: 40px\">\n\t\t\t\t<div class=\"icon\">\n\t\t\t\t\t<div class=\"icon-inner\" >\n\t\t\t\t\t\t<img decoding=\"async\" width=\"200\" height=\"201\" src=\"https:\/\/silvaprodukt.si\/wp-content\/uploads\/2022\/09\/Ikona_Silvaprodukt-01.png\" class=\"attachment-medium size-medium\" alt=\"\" srcset=\"https:\/\/silvaprodukt.si\/wp-content\/uploads\/2022\/09\/Ikona_Silvaprodukt-01.png 200w, https:\/\/silvaprodukt.si\/wp-content\/uploads\/2022\/09\/Ikona_Silvaprodukt-01-100x100.png 100w, https:\/\/silvaprodukt.si\/wp-content\/uploads\/2022\/09\/Ikona_Silvaprodukt-01-150x150.png 150w\" sizes=\"(max-width: 200px) 100vw, 200px\" \/>\t\t\t\t\t<\/div>\n\t\t\t\t<\/div>\n\t\t\t<\/div>\n\t\t\t\t<div class=\"icon-box-text last-reset\">\n\t\t\t\t\t\t\t\t\t\r\n\r\n<strong>Vi\u0161e od nekoliko desetlje\u0107a<\/strong>\r\n<strong>testiranja proizvoda<\/strong>\r\n\r\n\t\t<\/div>\n\t<\/div>\n\t\n\t\r\n\r\n\t\t<\/div>\n\t\t\t\t\t<\/div>\n\n\t\r\n\r\n<\/div>\r\n\r\n\t\t<\/div>\n\n\t\t\n<style>\n#section_724609333 {\n  padding-top: 0px;\n  padding-bottom: 0px;\n  background-color: rgb(157, 141, 118);\n}\n<\/style>\n\t<\/section>\n\t\n\n\t<section class=\"section\" id=\"section_1779791649\">\n\t\t<div class=\"section-bg fill\" >\n\t\t\t\t\t\t\t\t\t\n\t\t\t\n\n\t\t<\/div>\n\n\t\t\n\n\t\t<div class=\"section-content relative\">\n\t\t\t\n<div class=\"row\"  id=\"row-1466554390\">\n\n\t<div id=\"col-389823633\" class=\"col small-12 large-12\"  >\n\t\t\t\t<div class=\"col-inner\"  >\n\t\t\t\n\t\t\t\n<h2>Za\u0161tita drveta<\/h2>\n\t\t<\/div>\n\t\t\t\t\t<\/div>\n\n\t\n\n\t<div id=\"col-2056458301\" class=\"col medium-12 small-12 large-6\"  >\n\t\t\t\t<div class=\"col-inner\"  >\n\t\t\t\n\t\t\t\n<p>Odr\u017eivom razvoju pripada i razumna upotreba drva i drugih obnovljivih izvora. Tijekom rasta drveta u \u0161umi na njega se ve\u017ee ogromna koli\u010dina uglji\u010dnog dioksida iz zraka, \u0161to doprinosi ubla\u017eavanju klimatskih promjena. Prikladna temeljna za\u0161tita drva mo\u017ee zna\u010dajno pobolj\u0161ati vijek trajanja va\u0161ih drvenih proizvoda i objekata. Na ovaj na\u010din \u0161titimo drvnu sirovinu i \u0161tedimo na tro\u0161kovima obnove, sanacije i (ponovne) proizvodnje, a uglji\u010dni dioksid koji se skladi\u0161ti u drvu ostaje u njemu du\u017ee vrijeme.<\/p>\n<p>Podru\u010dje za\u0161titnih pripravaka (biocida) za drvo sve je stro\u017ee regulirano u EU. U proteklih 15 godina stupili su na snagu brojni novi propisi (npr. Direktiva 98\/8\/EC o biocidnim proizvodima, Uredba br. 582\/2012 o dostupnosti biocidnih proizvoda na tr\u017ei\u0161tu i njihovoj upotrebi, Uredba REACH o registraciji, evaluaciji, autorizaciji i ograni\u010denju kemikalija, itd.) koji ograni\u010davaju broj dozvoljenih aktivnih sastojaka i njihovu upotrebu.<\/p>\n<p>Podru\u010dje za\u0161titnih pripravaka za drvo kod nas nadzire Ured Republike Slovenije za kemikalije. Utjecaj dozvoljenih aktivnih tvari na \u010dovjeka i okoli\u0161 dokazano je zanemariv uz pravilan odabir i upotrebu za\u0161titnih sredstava. Tijekom upotrebe za\u0161titnih sredstava u unutarnjim prostorima potrebno je brinuti o tome da u drvo ne unosimo \u0161tetne hlapive tvari, a kod za\u0161tite drva namijenjenog vanjskoj upotrebi, da se aktivni sastojci za\u0161titnog sredstva ve\u017eu na drvo i da ga padaline ne ispiru. Naime, ispiranjem mo\u017eemo kontaminirati okoli\u0161, a smanjuje se i u\u010dinkovitost samog za\u0161titnog sredstva. Kod upotrebe je potrebno dr\u017eati se uputa proizvo\u0111a\u010da i ne mijenjati sastav za\u0161titnih pripravaka (dodavati razli\u010dite tvari ili kemikalije, rijediti ih i sli\u010dno).<\/p>\n<p>U tvrtki Silvaprodukt redovito te\u017eimo razvoju u\u010dinkovitih i ekolo\u0161ki prihvatljivih za\u0161titnih sredstava za drvo. Svi na\u0161i pripravci i metode omogu\u0107uju da je za\u0161tita drva u skladu sa smjernicama za za\u0161titu okoli\u0161a i zakonodavstvom EU. Kod toplinske modifikacije drva za njegovu trajnu za\u0161titu od drvnih nametnika ne koristimo nikakve kemikalije, a kod svih ostalih za\u0161titnih sredstava dokazano je da za\u0161titne komponente iz drva ne isparavaju i ne izlu\u010duju se u okoli\u0161. Zbog toga, za\u0161ti\u0107eno drvo mo\u017eete bez brige upotrebljavati i u zatvorenim prostorima, u dodiru sa zemljom i teku\u0107om vodom.<\/p>\n<p>Kod odabira u\u010dinkovitog sredstva za drvo najprije moramo provjeriti njegovu u\u010dinkovitost (testiranje, uskla\u0111enost sa standardima) i njegov primjereni sastav, odnosno uskla\u0111enost s EU zakonodavstvom. Kod pripreme ve\u0107ih projekata i izrade projektne dokumentacije preporu\u010dljivo je posavjetovati se sa stru\u010dnjacima s podru\u010dja za\u0161tita drva (npr. Drvnotehnolo\u0161ki odsjek Biotehni\u010dkog fakulteta u Ljubljani ili Bureau Veritas).<\/p>\n\t\t<\/div>\n\t\t\t\t\n<style>\n#col-2056458301 > .col-inner {\n  padding: 0px 0px 0px 0px;\n}\n@media (min-width:850px) {\n  #col-2056458301 > .col-inner {\n    padding: 0px 50px 0px 0px;\n  }\n}\n<\/style>\n\t<\/div>\n\n\t\n\n\t<div id=\"col-814780038\" class=\"col medium-12 small-12 large-6\"  >\n\t\t\t\t<div class=\"col-inner\"  >\n\t\t\t\n\t\t\t\n\t<div class=\"img has-hover x md-x lg-x y md-y lg-y\" id=\"image_546878308\">\n\t\t\t\t\t\t\t\t<div class=\"img-inner dark\" >\n\t\t\t<img decoding=\"async\" width=\"600\" height=\"600\" src=\"https:\/\/silvaprodukt.si\/wp-content\/uploads\/2022\/09\/Silvaprodukt-Stipol-AF-1.png\" class=\"attachment-large size-large\" alt=\"\" srcset=\"https:\/\/silvaprodukt.si\/wp-content\/uploads\/2022\/09\/Silvaprodukt-Stipol-AF-1.png 600w, https:\/\/silvaprodukt.si\/wp-content\/uploads\/2022\/09\/Silvaprodukt-Stipol-AF-1-100x100.png 100w, https:\/\/silvaprodukt.si\/wp-content\/uploads\/2022\/09\/Silvaprodukt-Stipol-AF-1-510x510.png 510w, https:\/\/silvaprodukt.si\/wp-content\/uploads\/2022\/09\/Silvaprodukt-Stipol-AF-1-300x300.png 300w, https:\/\/silvaprodukt.si\/wp-content\/uploads\/2022\/09\/Silvaprodukt-Stipol-AF-1-150x150.png 150w\" sizes=\"(max-width: 600px) 100vw, 600px\" \/>\t\t\t\t\t\t\n\t\t\t\t\t<\/div>\n\t\t\t\t\t\t\t\t\n<style>\n#image_546878308 {\n  width: 100%;\n}\n<\/style>\n\t<\/div>\n\t\n\t\t<\/div>\n\t\t\t\t\t<\/div>\n\n\t\n<\/div>\n\t\t<\/div>\n\n\t\t\n<style>\n#section_1779791649 {\n  padding-top: 90px;\n  padding-bottom: 90px;\n  background-color: rgb(243, 245, 245);\n}\n<\/style>\n\t<\/section>\n\t\n\n\t<section class=\"section\" id=\"section_1435632866\">\n\t\t<div class=\"section-bg fill\" >\n\t\t\t\t\t\t\t\t\t\n\t\t\t\n\n\t\t<\/div>\n\n\t\t\n\n\t\t<div class=\"section-content relative\">\n\t\t\t\n\t<div id=\"gap-118376643\" class=\"gap-element clearfix\" style=\"display:block; height:auto;\">\n\t\t\n<style>\n#gap-118376643 {\n  padding-top: 50px;\n}\n<\/style>\n\t<\/div>\n\t\n<div class=\"row\"  id=\"row-1105375637\">\n\n\t<div id=\"col-521478552\" class=\"col medium-6 small-12 large-12\"  >\n\t\t\t\t<div class=\"col-inner text-center\"  >\n\t\t\t\n\t\t\t\n<h3>Imate pitanje? <span class=\"secondary-color\">Pi\u0161ite nam.<\/span><\/h3>\n\t<div id=\"gap-2137613807\" class=\"gap-element clearfix\" style=\"display:block; height:auto;\">\n\t\t\n<style>\n#gap-2137613807 {\n  padding-top: 10px;\n}\n<\/style>\n\t<\/div>\n\t\n<a href=\"https:\/\/silvaprodukt.si\/hr\/o-nama\/kontakt\/#kontakt\" class=\"button primary\" >\n\t\t<span>KONTAKT<\/span>\n\t<\/a>\n\n\t\t<\/div>\n\t\t\t\t\t<\/div>\n\n\t\n<\/div>\n\t\t<\/div>\n\n\t\t\n<style>\n#section_1435632866 {\n  padding-top: 0px;\n  padding-bottom: 0px;\n}\n<\/style>\n\t<\/section>\n\t\n\n\t<section class=\"section\" id=\"section_1934505822\">\n\t\t<div class=\"section-bg fill\" >\n\t\t\t\t\t\t\t\t\t\n\t\t\t\n\n\t\t<\/div>\n\n\t\t\n\n\t\t<div class=\"section-content relative\">\n\t\t\t\n<div class=\"row\"  id=\"row-57161287\">\n\n\t<div id=\"col-1459829216\" class=\"col small-12 large-12\"  >\n\t\t\t\t<div class=\"col-inner\"  >\n\t\t\t\n\t\t\t\n<h2>Ulje za drvo<\/h2>\n\t\t<\/div>\n\t\t\t\t\t<\/div>\n\n\t\n\n\t<div id=\"col-987095745\" class=\"col medium-12 small-12 large-6\"  >\n\t\t\t\t<div class=\"col-inner\"  >\n\t\t\t\n\t\t\t\n\t<div class=\"img has-hover x md-x lg-x y md-y lg-y\" id=\"image_921206299\">\n\t\t\t\t\t\t\t\t<div class=\"img-inner dark\" >\n\t\t\t<img decoding=\"async\" width=\"600\" height=\"600\" src=\"https:\/\/silvaprodukt.si\/wp-content\/uploads\/2022\/09\/Silvaprodukt-Stipol-AF-debla.png\" class=\"attachment-large size-large\" alt=\"\" srcset=\"https:\/\/silvaprodukt.si\/wp-content\/uploads\/2022\/09\/Silvaprodukt-Stipol-AF-debla.png 600w, https:\/\/silvaprodukt.si\/wp-content\/uploads\/2022\/09\/Silvaprodukt-Stipol-AF-debla-100x100.png 100w, https:\/\/silvaprodukt.si\/wp-content\/uploads\/2022\/09\/Silvaprodukt-Stipol-AF-debla-510x510.png 510w, https:\/\/silvaprodukt.si\/wp-content\/uploads\/2022\/09\/Silvaprodukt-Stipol-AF-debla-300x300.png 300w, https:\/\/silvaprodukt.si\/wp-content\/uploads\/2022\/09\/Silvaprodukt-Stipol-AF-debla-150x150.png 150w\" sizes=\"(max-width: 600px) 100vw, 600px\" \/>\t\t\t\t\t\t\n\t\t\t\t\t<\/div>\n\t\t\t\t\t\t\t\t\n<style>\n#image_921206299 {\n  width: 100%;\n}\n<\/style>\n\t<\/div>\n\t\n\t\t<\/div>\n\t\t\t\t\t<\/div>\n\n\t\n\n\t<div id=\"col-170909876\" class=\"col medium-12 small-12 large-6\"  >\n\t\t\t\t<div class=\"col-inner\"  >\n\t\t\t\n\t\t\t\n<p>U\u010dinkovitost razli\u010ditih ulja, koja se \u010desto koriste u praksi, vrlo je upitna jer samo povr\u0161inski nanos ulja ne mo\u017ee dugoro\u010dno za\u0161tititi drvo od gljiva trule\u017enica i drugih drvnih nametnika. Naime, ulje ne sprije\u010dava vla\u017eenje drva, a time i \u0161irenje gljiva trule\u017enica. Zbog toga, \u017eivotni vijek drva za\u0161ti\u0107enog uljima obi\u010dno nije mnogo du\u017ei u usporedbi s \u017eivotnim vijekom obi\u010dnog neza\u0161ti\u0107enog drva. Ispiranje ulja s povr\u0161ine drva uzrokuje dodatne neugodnosti: neujedna\u010den izgled i mrlje na povr\u0161ini, one\u010di\u0161\u0107enje okoli\u0161a i potrebu za u\u010destalim obnavljanjem nanosa. \u010cesto su takva ulja dobra hranjiva podloga za razli\u010dite plijesni, koje se br\u017ee \u0161ire po drvu i uzrokuju intenzivnu tamnu diskoloraciju. Nakon nano\u0161enja ulja povr\u0161ina drva je znatno tamnija, zbog \u010dega se drvo vi\u0161e zagrijava na ljetnom suncu, \u0161to uzrokuje pucanje drvenih elemenata.<\/p>\n<p>Izuzetak je kreozotno ulje za drvo koje se koristi za za\u0161titu \u017eeljezni\u010dkih pragova. Kreozotno ulje je biocidni proizvod, koji zbog svoje toksi\u010dnosti nije u slobodnoj prodaji, ve\u0107 je njegova uporaba dozvoljena samo u odre\u0111enim slu\u010dajevima poput \u017eeljezni\u010dkih pragova. Za objekte za\u0161ti\u0107ene kreozotnim uljem koristi se vakuumsko-tla\u010dni postupak, \u0161to zna\u010di da je ve\u0107ina drva impregnirana uljem (drvo u ovom slu\u010daju nije samo povr\u0161inski za\u0161ti\u0107eno). Pored toga, kreozotno ulje je iznimno \u0161tetno za ljude i okoli\u0161, zbog \u010dega drvo za\u0161ti\u0107eno kreozotnim uljem ne smijemo koristiti u urbanom okru\u017eenju, u vrtovima i sl. Zbog ve\u0107e osvije\u0161tenosti i te\u017enje za za\u0161titom prirodnog okru\u017eenja ula\u017eu se ve\u0107i napori i sredstva u istra\u017eivanja i razvoj novih alternativa, koje su ekolo\u0161ki prihvatljivije, me\u0111u kojima je vakuumsko-tla\u010dni postupak za\u0161tite drva pripravcima na bazi bakra i toplinski modificiranog drva.<\/p>\n<p>Kako bi postigli izvrsnu i prije svega trajniju vodonepropusnost drvenih povr\u0161ina izlo\u017eenih vremenskim uvjetima preporu\u010damo kori\u0161tenje Silvacera\u00ae voska, koji je prirodnog podrijetla, nije \u0161tetan za ljude i okoli\u0161, trajno se ve\u017ee za povr\u0161inu drva i ne ispire se. Tako\u0111er, Silvacera\u00ae vosak ne\u0107e potamniti povr\u0161inu drva, a zbog vodonepropusnosti smanjuje mogu\u0107nost nastanka pukotina.<\/p>\n\t\t<\/div>\n\t\t\t\t\t<\/div>\n\n\t\n<\/div>\n\t\t<\/div>\n\n\t\t\n<style>\n#section_1934505822 {\n  padding-top: 90px;\n  padding-bottom: 90px;\n  background-color: rgb(243, 245, 245);\n}\n<\/style>\n\t<\/section>\n\t\n\n\t<section class=\"section\" id=\"section_920765067\">\n\t\t<div class=\"section-bg fill\" >\n\t\t\t\t\t\t\t\t\t\n\t\t\t\n\n\t\t<\/div>\n\n\t\t\n\n\t\t<div class=\"section-content relative\">\n\t\t\t\r\n\r\n<div class=\"row\"  id=\"row-363211468\">\r\n\r\n\n\t<div id=\"col-425885309\" class=\"col small-12 large-12\"  >\n\t\t\t\t<div class=\"col-inner\"  >\n\t\t\t\n\t\t\t\r\n\r\n<h2 style=\"text-align: center;\"><span style=\"color: #618f7a;\">Prezentacijski video<\/span><\/h2>\r\n<div class=\"video video-fit mb box-shadow-3\" style=\"padding-top:50%;\"><p><iframe title=\"Silvaprodukt 70 godina\" width=\"1020\" height=\"574\" src=\"https:\/\/www.youtube.com\/embed\/6_Ht2UFGJa8?feature=oembed\" frameborder=\"0\" allow=\"accelerometer; autoplay; clipboard-write; encrypted-media; gyroscope; picture-in-picture\" allowfullscreen><\/iframe><\/p>\n<\/div>\r\n\r\n\r\n\t\t<\/div>\n\t\t\t\t\t<\/div>\n\n\t\r\n\r\n<\/div>\r\n\r\n\t\t<\/div>\n\n\t\t\n<style>\n#section_920765067 {\n  padding-top: 30px;\n  padding-bottom: 30px;\n}\n<\/style>\n\t<\/section>\n\t\n\t<div id=\"gap-1999475569\" class=\"gap-element clearfix\" style=\"display:block; height:auto;\">\n\t\t\n<style>\n#gap-1999475569 {\n  padding-top: 100px;\n}\n<\/style>\n\t<\/div>\n\t\n","protected":false},"excerpt":{"rendered":"","protected":false},"author":5,"featured_media":4022,"parent":1806,"menu_order":0,"comment_status":"closed","ping_status":"closed","template":"page-blank.php","meta":{"inline_featured_image":false,"footnotes":""},"class_list":["post-2006","page","type-page","status-publish","has-post-thumbnail","hentry"],"acf":[],"_links":{"self":[{"href":"https:\/\/silvaprodukt.si\/hr\/wp-json\/wp\/v2\/pages\/2006","targetHints":{"allow":["GET"]}}],"collection":[{"href":"https:\/\/silvaprodukt.si\/hr\/wp-json\/wp\/v2\/pages"}],"about":[{"href":"https:\/\/silvaprodukt.si\/hr\/wp-json\/wp\/v2\/types\/page"}],"author":[{"embeddable":true,"href":"https:\/\/silvaprodukt.si\/hr\/wp-json\/wp\/v2\/users\/5"}],"replies":[{"embeddable":true,"href":"https:\/\/silvaprodukt.si\/hr\/wp-json\/wp\/v2\/comments?post=2006"}],"version-history":[{"count":0,"href":"https:\/\/silvaprodukt.si\/hr\/wp-json\/wp\/v2\/pages\/2006\/revisions"}],"up":[{"embeddable":true,"href":"https:\/\/silvaprodukt.si\/hr\/wp-json\/wp\/v2\/pages\/1806"}],"wp:featuredmedia":[{"embeddable":true,"href":"https:\/\/silvaprodukt.si\/hr\/wp-json\/wp\/v2\/media\/4022"}],"wp:attachment":[{"href":"https:\/\/silvaprodukt.si\/hr\/wp-json\/wp\/v2\/media?parent=2006"}],"curies":[{"name":"wp","href":"https:\/\/api.w.org\/{rel}","templated":true}]}}