{"id":1806,"date":"2022-08-30T09:46:03","date_gmt":"2022-08-30T07:46:03","guid":{"rendered":"http:\/\/silvaprodukt.si\/dobro-je-vedeti\/"},"modified":"2022-11-02T08:38:33","modified_gmt":"2022-11-02T07:38:33","slug":"dobro-je-znati","status":"publish","type":"page","link":"https:\/\/silvaprodukt.si\/hr\/dobro-je-znati\/","title":{"rendered":"Dobro je znati"},"content":{"rendered":"\n\t<section class=\"section\" id=\"section_294120101\">\n\t\t<div class=\"section-bg fill\" >\n\t\t\t<img decoding=\"async\" width=\"1200\" height=\"900\" src=\"https:\/\/silvaprodukt.si\/wp-content\/uploads\/2022\/09\/20-Silvacera\u00ae-kapljice-Silvaprodukt.jpg\" class=\"bg attachment- size-\" alt=\"\" \/>\t\t\t\t\t\t<div class=\"section-bg-overlay absolute fill\"><\/div>\n\t\t\t\n\n\t\t<\/div>\n\n\t\t\n\n\t\t<div class=\"section-content relative\">\n\t\t\t\n<div class=\"row\"  id=\"row-1372937647\">\n\n\t<div id=\"col-377058346\" class=\"col small-12 large-12\"  >\n\t\t\t\t<div class=\"col-inner dark\"  >\n\t\t\t\n\t\t\t\n<h1>Dobro je znati<\/h1>\n\t<div id=\"gap-424489194\" class=\"gap-element clearfix\" style=\"display:block; height:auto;\">\n\t\t\n<style>\n#gap-424489194 {\n  padding-top: 30px;\n}\n<\/style>\n\t<\/div>\n\t\n<a href=\"https:\/\/silvaprodukt.si\/hr\/o-nama\/kontakt\/#kontakt\" class=\"button primary\" >\n\t\t<span>KONTAKT<\/span>\n\t<\/a>\n\n\t\t<\/div>\n\t\t\t\t\t<\/div>\n\n\t\n<\/div>\n\t\t<\/div>\n\n\t\t\n<style>\n#section_294120101 {\n  padding-top: 90px;\n  padding-bottom: 90px;\n  min-height: 500px;\n}\n#section_294120101 .section-bg-overlay {\n  background-color: rgba(0, 0, 0, 0.35);\n}\n#section_294120101 .section-bg img {\n  object-position: 59% 57%;\n}\n<\/style>\n\t<\/section>\n\t\n\n\t<section class=\"section pasica\" id=\"section_1353642712\">\n\t\t<div class=\"section-bg fill\" >\n\t\t\t\t\t\t\t\t\t\n\t\t\t\n\n\t\t<\/div>\n\n\t\t\n\n\t\t<div class=\"section-content relative\">\n\t\t\t\r\n\r\n\t<div id=\"gap-1697082150\" class=\"gap-element clearfix\" style=\"display:block; height:auto;\">\n\t\t\n<style>\n#gap-1697082150 {\n  padding-top: 30px;\n}\n<\/style>\n\t<\/div>\n\t\r\n\r\n<div class=\"row align-equal\"  id=\"row-391974646\">\r\n\r\n\n\t<div id=\"col-2052457529\" class=\"col medium-6 small-12 large-3\"  >\n\t\t\t\t<div class=\"col-inner dark\"  >\n\t\t\t\n\t\t\t\r\n\r\n\n\t\t<div class=\"icon-box featured-box icon-box-left text-left\"  >\n\t\t\t\t\t<div class=\"icon-box-img\" style=\"width: 40px\">\n\t\t\t\t<div class=\"icon\">\n\t\t\t\t\t<div class=\"icon-inner\" >\n\t\t\t\t\t\t<img decoding=\"async\" width=\"200\" height=\"201\" src=\"https:\/\/silvaprodukt.si\/wp-content\/uploads\/2022\/09\/Ikona_Silvaprodukt-02.png\" class=\"attachment-medium size-medium\" alt=\"\" srcset=\"https:\/\/silvaprodukt.si\/wp-content\/uploads\/2022\/09\/Ikona_Silvaprodukt-02.png 200w, https:\/\/silvaprodukt.si\/wp-content\/uploads\/2022\/09\/Ikona_Silvaprodukt-02-100x100.png 100w, https:\/\/silvaprodukt.si\/wp-content\/uploads\/2022\/09\/Ikona_Silvaprodukt-02-150x150.png 150w\" sizes=\"(max-width: 200px) 100vw, 200px\" \/>\t\t\t\t\t<\/div>\n\t\t\t\t<\/div>\n\t\t\t<\/div>\n\t\t\t\t<div class=\"icon-box-text last-reset\">\n\t\t\t\t\t\t\t\t\t\r\n\r\n<strong>Dokazano ekolo\u0161ki prihvatljivo<\/strong>\r\n\r\n\t\t<\/div>\n\t<\/div>\n\t\n\t\r\n\r\n\t\t<\/div>\n\t\t\t\t\t<\/div>\n\n\t\r\n\n\t<div id=\"col-2031355760\" class=\"col medium-6 small-12 large-3\"  >\n\t\t\t\t<div class=\"col-inner dark\"  >\n\t\t\t\n\t\t\t\r\n\r\n\n\t\t<div class=\"icon-box featured-box icon-box-left text-left\"  >\n\t\t\t\t\t<div class=\"icon-box-img\" style=\"width: 40px\">\n\t\t\t\t<div class=\"icon\">\n\t\t\t\t\t<div class=\"icon-inner\" >\n\t\t\t\t\t\t<img decoding=\"async\" width=\"200\" height=\"201\" src=\"https:\/\/silvaprodukt.si\/wp-content\/uploads\/2022\/09\/Ikona_Silvaprodukt-03.png\" class=\"attachment-medium size-medium\" alt=\"\" srcset=\"https:\/\/silvaprodukt.si\/wp-content\/uploads\/2022\/09\/Ikona_Silvaprodukt-03.png 200w, https:\/\/silvaprodukt.si\/wp-content\/uploads\/2022\/09\/Ikona_Silvaprodukt-03-100x100.png 100w, https:\/\/silvaprodukt.si\/wp-content\/uploads\/2022\/09\/Ikona_Silvaprodukt-03-150x150.png 150w\" sizes=\"(max-width: 200px) 100vw, 200px\" \/>\t\t\t\t\t<\/div>\n\t\t\t\t<\/div>\n\t\t\t<\/div>\n\t\t\t\t<div class=\"icon-box-text last-reset\">\n\t\t\t\t\t\t\t\t\t\r\n\r\n<strong>Jam\u010dimo 3x du\u017ei vijek trajanja drva<\/strong>\r\n\r\n\t\t<\/div>\n\t<\/div>\n\t\n\t\r\n\r\n\t\t<\/div>\n\t\t\t\t\t<\/div>\n\n\t\r\n\n\t<div id=\"col-1183236607\" class=\"col medium-6 small-12 large-3\"  >\n\t\t\t\t<div class=\"col-inner dark\"  >\n\t\t\t\n\t\t\t\r\n\r\n\n\t\t<div class=\"icon-box featured-box icon-box-left text-left\"  >\n\t\t\t\t\t<div class=\"icon-box-img\" style=\"width: 40px\">\n\t\t\t\t<div class=\"icon\">\n\t\t\t\t\t<div class=\"icon-inner\" >\n\t\t\t\t\t\t<img decoding=\"async\" width=\"200\" height=\"201\" src=\"https:\/\/silvaprodukt.si\/wp-content\/uploads\/2022\/09\/Ikona_Silvaprodukt-04.png\" class=\"attachment-medium size-medium\" alt=\"\" srcset=\"https:\/\/silvaprodukt.si\/wp-content\/uploads\/2022\/09\/Ikona_Silvaprodukt-04.png 200w, https:\/\/silvaprodukt.si\/wp-content\/uploads\/2022\/09\/Ikona_Silvaprodukt-04-100x100.png 100w, https:\/\/silvaprodukt.si\/wp-content\/uploads\/2022\/09\/Ikona_Silvaprodukt-04-150x150.png 150w\" sizes=\"(max-width: 200px) 100vw, 200px\" \/>\t\t\t\t\t<\/div>\n\t\t\t\t<\/div>\n\t\t\t<\/div>\n\t\t\t\t<div class=\"icon-box-text last-reset\">\n\t\t\t\t\t\t\t\t\t\r\n\r\n<strong>1x in trajno za\u0161ti\u0107eno,<\/strong>\r\n<strong>BEZ OBNAVLJANJA<\/strong>\r\n\r\n\t\t<\/div>\n\t<\/div>\n\t\n\t\r\n\r\n\t\t<\/div>\n\t\t\t\t\t<\/div>\n\n\t\r\n\n\t<div id=\"col-1094227855\" class=\"col medium-6 small-12 large-3\"  >\n\t\t\t\t<div class=\"col-inner dark\"  >\n\t\t\t\n\t\t\t\r\n\r\n\n\t\t<div class=\"icon-box featured-box icon-box-left text-left\"  >\n\t\t\t\t\t<div class=\"icon-box-img\" style=\"width: 40px\">\n\t\t\t\t<div class=\"icon\">\n\t\t\t\t\t<div class=\"icon-inner\" >\n\t\t\t\t\t\t<img decoding=\"async\" width=\"200\" height=\"201\" src=\"https:\/\/silvaprodukt.si\/wp-content\/uploads\/2022\/09\/Ikona_Silvaprodukt-01.png\" class=\"attachment-medium size-medium\" alt=\"\" srcset=\"https:\/\/silvaprodukt.si\/wp-content\/uploads\/2022\/09\/Ikona_Silvaprodukt-01.png 200w, https:\/\/silvaprodukt.si\/wp-content\/uploads\/2022\/09\/Ikona_Silvaprodukt-01-100x100.png 100w, https:\/\/silvaprodukt.si\/wp-content\/uploads\/2022\/09\/Ikona_Silvaprodukt-01-150x150.png 150w\" sizes=\"(max-width: 200px) 100vw, 200px\" \/>\t\t\t\t\t<\/div>\n\t\t\t\t<\/div>\n\t\t\t<\/div>\n\t\t\t\t<div class=\"icon-box-text last-reset\">\n\t\t\t\t\t\t\t\t\t\r\n\r\n<strong>Vi\u0161e od nekoliko desetlje\u0107a<\/strong>\r\n<strong>testiranja proizvoda<\/strong>\r\n\r\n\t\t<\/div>\n\t<\/div>\n\t\n\t\r\n\r\n\t\t<\/div>\n\t\t\t\t\t<\/div>\n\n\t\r\n\r\n<\/div>\r\n\r\n\t\t<\/div>\n\n\t\t\n<style>\n#section_1353642712 {\n  padding-top: 0px;\n  padding-bottom: 0px;\n  background-color: rgb(157, 141, 118);\n}\n<\/style>\n\t<\/section>\n\t\n\n\t<section class=\"section\" id=\"section_1617086728\">\n\t\t<div class=\"section-bg fill\" >\n\t\t\t\t\t\t\t\t\t<div class=\"section-bg-overlay absolute fill\"><\/div>\n\t\t\t\n\n\t\t<\/div>\n\n\t\t\n\n\t\t<div class=\"section-content relative\">\n\t\t\t\n<div class=\"row align-middle\"  id=\"row-1739284335\">\n\n\t<div id=\"col-1584709436\" class=\"col medium-12 small-12 large-6\"  >\n\t\t\t\t<div class=\"col-inner dark\"  >\n\t\t\t\n\t\t\t\n\t<div class=\"img has-hover x md-x lg-x y md-y lg-y\" id=\"image_1115659361\">\n\t\t\t\t\t\t\t\t<div class=\"img-inner dark\" >\n\t\t\t<img decoding=\"async\" width=\"1020\" height=\"419\" src=\"https:\/\/silvaprodukt.si\/wp-content\/uploads\/2022\/09\/top-1024x421.jpg\" class=\"attachment-large size-large\" alt=\"\" srcset=\"https:\/\/silvaprodukt.si\/wp-content\/uploads\/2022\/09\/top-1024x421.jpg 1024w, https:\/\/silvaprodukt.si\/wp-content\/uploads\/2022\/09\/top-510x210.jpg 510w, https:\/\/silvaprodukt.si\/wp-content\/uploads\/2022\/09\/top-300x123.jpg 300w, https:\/\/silvaprodukt.si\/wp-content\/uploads\/2022\/09\/top-768x316.jpg 768w, https:\/\/silvaprodukt.si\/wp-content\/uploads\/2022\/09\/top-1536x631.jpg 1536w, https:\/\/silvaprodukt.si\/wp-content\/uploads\/2022\/09\/top.jpg 1920w\" sizes=\"(max-width: 1020px) 100vw, 1020px\" \/>\t\t\t\t\t\t\n\t\t\t\t\t<\/div>\n\t\t\t\t\t\t\t\t\n<style>\n#image_1115659361 {\n  width: 100%;\n}\n<\/style>\n\t<\/div>\n\t\n\t\t<\/div>\n\t\t\t\t\t<\/div>\n\n\t\n\n\t<div id=\"col-1226393358\" class=\"col medium-12 small-12 large-6\"  >\n\t\t\t\t<div class=\"col-inner\"  >\n\t\t\t\n\t\t\t\n<p class=\"nadnaslov\">Op\u0107enito o za\u0161titi drva.<\/p>\n<h2>Za\u0161tita drveta<\/h2>\n<p>Odr\u017eivom razvoju pripada i razumna upotreba drva i drugih obnovljivih izvora. Tijekom rasta drveta u \u0161umi na njega se ve\u017ee ogromna koli\u010dina uglji\u010dnog dioksida iz zraka, \u0161to doprinosi ubla\u017eavanju klimatskih promjena. Prikladna temeljna za\u0161tita drva mo\u017ee zna\u010dajno pobolj\u0161ati vijek trajanja va\u0161ih drvenih proizvoda i objekata.<\/p>\n<a href=\"https:\/\/silvaprodukt.si\/hr\/dobro-je-znati\/zastita-drveta\/\" class=\"button primary\" >\n\t\t<span>Pro\u010ditate vi\u0161e<\/span>\n\t<\/a>\n\n\t\t<\/div>\n\t\t\t\t\n<style>\n#col-1226393358 > .col-inner {\n  margin: 0px 0px -30px 0px;\n}\n<\/style>\n\t<\/div>\n\n\t\n<\/div>\n\t\t<\/div>\n\n\t\t\n<style>\n#section_1617086728 {\n  padding-top: 90px;\n  padding-bottom: 90px;\n}\n#section_1617086728 .section-bg-overlay {\n  background-color: rgb(243, 245, 245);\n}\n<\/style>\n\t<\/section>\n\t\n\n\t<section class=\"section\" id=\"section_1544691150\">\n\t\t<div class=\"section-bg fill\" >\n\t\t\t\t\t\t\t\t\t\n\t\t\t\n\n\t\t<\/div>\n\n\t\t\n\n\t\t<div class=\"section-content relative\">\n\t\t\t\n<div class=\"row align-middle\"  id=\"row-1014642396\">\n\n\t<div id=\"col-501707082\" class=\"col medium-12 small-12 large-6\"  >\n\t\t\t\t<div class=\"col-inner\"  >\n\t\t\t\n\t\t\t\n<p class=\"nadnaslov\">O drvnim nametnicima.<\/p>\n<h2>O drvnim nametnicima<\/h2>\n<p>Drvo je prirodan i obnovljiv materijal podvrgnut procesu raspadanja, \u0161to omogu\u0107uje kru\u017eenje tvari u prirodi. Raspadanje drva uzrokuju ne\u017eivi (abiotski) i \u017eivi (biotski) \u010dimbenici. Prilikom uporabe drva u gospodarske svrhe \u017eelimo \u0161to vi\u0161e usporiti njegovo raspadanje.<\/p>\n<a href=\"https:\/\/silvaprodukt.si\/hr\/dobro-je-znati\/o-drvnim-nametnicima\/\" class=\"button primary\" >\n\t\t<span>Pro\u010ditate vi\u0161e<\/span>\n\t<\/a>\n\n\t\t<\/div>\n\t\t\t\t\t<\/div>\n\n\t\n\n\t<div id=\"col-1399172115\" class=\"col medium-12 small-12 large-6\"  >\n\t\t\t\t<div class=\"col-inner dark\"  >\n\t\t\t\n\t\t\t\n\t<div class=\"img has-hover x md-x lg-x y md-y lg-y\" id=\"image_698306494\">\n\t\t\t\t\t\t\t\t<div class=\"img-inner dark\" >\n\t\t\t<img decoding=\"async\" width=\"661\" height=\"438\" src=\"https:\/\/silvaprodukt.si\/wp-content\/uploads\/2022\/09\/SP-c\u030clanek1.jpeg\" class=\"attachment-large size-large\" alt=\"\" srcset=\"https:\/\/silvaprodukt.si\/wp-content\/uploads\/2022\/09\/SP-c\u030clanek1.jpeg 661w, https:\/\/silvaprodukt.si\/wp-content\/uploads\/2022\/09\/SP-c\u030clanek1-510x338.jpeg 510w, https:\/\/silvaprodukt.si\/wp-content\/uploads\/2022\/09\/SP-c\u030clanek1-300x199.jpeg 300w\" sizes=\"(max-width: 661px) 100vw, 661px\" \/>\t\t\t\t\t\t\n\t\t\t\t\t<\/div>\n\t\t\t\t\t\t\t\t\n<style>\n#image_698306494 {\n  width: 100%;\n}\n<\/style>\n\t<\/div>\n\t\n\t\t<\/div>\n\t\t\t\t\n<style>\n#col-1399172115 > .col-inner {\n  margin: 0px 0px -30px 0px;\n}\n<\/style>\n\t<\/div>\n\n\t\n<\/div>\n\t\t<\/div>\n\n\t\t\n<style>\n#section_1544691150 {\n  padding-top: 90px;\n  padding-bottom: 90px;\n}\n<\/style>\n\t<\/section>\n\t\n\n\t<section class=\"section\" id=\"section_97168637\">\n\t\t<div class=\"section-bg fill\" >\n\t\t\t\t\t\t\t\t\t<div class=\"section-bg-overlay absolute fill\"><\/div>\n\t\t\t\n\n\t\t<\/div>\n\n\t\t\n\n\t\t<div class=\"section-content relative\">\n\t\t\t\n<div class=\"row align-middle\"  id=\"row-1878590139\">\n\n\t<div id=\"col-1513944916\" class=\"col medium-12 small-12 large-6\"  >\n\t\t\t\t<div class=\"col-inner dark\"  >\n\t\t\t\n\t\t\t\n\t<div class=\"img has-hover x md-x lg-x y md-y lg-y\" id=\"image_2073847798\">\n\t\t\t\t\t\t\t\t<div class=\"img-inner dark\" >\n\t\t\t<img decoding=\"async\" width=\"525\" height=\"299\" src=\"https:\/\/silvaprodukt.si\/wp-content\/uploads\/2022\/09\/His\u030cni-kozlic\u030cek-pos\u030ckodbe.jpg\" class=\"attachment-large size-large\" alt=\"\" srcset=\"https:\/\/silvaprodukt.si\/wp-content\/uploads\/2022\/09\/His\u030cni-kozlic\u030cek-pos\u030ckodbe.jpg 525w, https:\/\/silvaprodukt.si\/wp-content\/uploads\/2022\/09\/His\u030cni-kozlic\u030cek-pos\u030ckodbe-510x290.jpg 510w, https:\/\/silvaprodukt.si\/wp-content\/uploads\/2022\/09\/His\u030cni-kozlic\u030cek-pos\u030ckodbe-300x171.jpg 300w\" sizes=\"(max-width: 525px) 100vw, 525px\" \/>\t\t\t\t\t\t\n\t\t\t\t\t<\/div>\n\t\t\t\t\t\t\t\t\n<style>\n#image_2073847798 {\n  width: 100%;\n}\n<\/style>\n\t<\/div>\n\t\n\t\t<\/div>\n\t\t\t\t\t<\/div>\n\n\t\n\n\t<div id=\"col-1913392941\" class=\"col medium-12 small-12 large-6\"  >\n\t\t\t\t<div class=\"col-inner\"  >\n\t\t\t\n\t\t\t\n<p class=\"nadnaslov\">\u00bbDrveni crv\u00ab<\/p>\n<h2>\u00bbDrveni crv\u00ab<\/h2>\n<p>Drveni insekti mogu napasti drvo tijekom rasta, u skladi\u0161tu i ve\u0107 ugra\u0111eno drvo u uporabi. Napad na ugra\u0111eno gra\u0111evinsko drvo (krovne konstrukcije, ku\u0107ni namje\u0161taj, oplate, podne obloge, itd.) prepoznajemo po karakteristi\u010dnim rupi\u010dastim o\u0161te\u0107enjima na povr\u0161ini drva, po zvuku koji nastaje prilikom bu\u0161enja rovova, odnosno hodnika u drvu i po crvljivosti, odnosno drvenom bra\u0161nu ispod napadnutih dijelova drva.<\/p>\n<a href=\"https:\/\/silvaprodukt.si\/hr\/dobro-je-znati\/drveni-crv\/\" class=\"button primary\" >\n\t\t<span>Pro\u010ditate vi\u0161e<\/span>\n\t<\/a>\n\n\t\t<\/div>\n\t\t\t\t\n<style>\n#col-1913392941 > .col-inner {\n  margin: 0px 0px -30px 0px;\n}\n<\/style>\n\t<\/div>\n\n\t\n<\/div>\n\t\t<\/div>\n\n\t\t\n<style>\n#section_97168637 {\n  padding-top: 90px;\n  padding-bottom: 90px;\n}\n#section_97168637 .section-bg-overlay {\n  background-color: rgb(243, 245, 245);\n}\n<\/style>\n\t<\/section>\n\t\n\n\t<section class=\"section\" id=\"section_982896833\">\n\t\t<div class=\"section-bg fill\" >\n\t\t\t\t\t\t\t\t\t<div class=\"section-bg-overlay absolute fill\"><\/div>\n\t\t\t\n\n\t\t<\/div>\n\n\t\t\n\n\t\t<div class=\"section-content relative\">\n\t\t\t\n<div class=\"row align-middle\"  id=\"row-581237093\">\n\n\t<div id=\"col-915212639\" class=\"col medium-12 small-12 large-6\"  >\n\t\t\t\t<div class=\"col-inner\"  >\n\t\t\t\n\t\t\t\n<p class=\"nadnaslov\">Kako za\u0161titi drvo?<\/p>\n<h2>Kada i kako za\u0161titi drvo?<\/h2>\n<p>Tijekom projektiranja drvenog proizvoda ili objekta namijenjenog upotrebi na otvorenom, potrebno je osigurati odgovaraju\u0107u za\u0161titu drva od padalina te \u0161to br\u017ei odvod vode. Mjesta koja se nikada ili te\u0161ko su\u0161e (npr. dodir izme\u0111u drvenih elemenata) predstavljaju najve\u0107u opasnost za zarazu gljivama te posljedi\u010dno truljenje drva.<\/p>\n<a href=\"https:\/\/silvaprodukt.si\/hr\/dobro-je-znati\/kada-i-kako-zastititi-drvo\/\" class=\"button primary\" >\n\t\t<span>Pro\u010ditate vi\u0161e<\/span>\n\t<\/a>\n\n\t\t<\/div>\n\t\t\t\t\t<\/div>\n\n\t\n\n\t<div id=\"col-1777758552\" class=\"col medium-12 small-12 large-6\"  >\n\t\t\t\t<div class=\"col-inner dark\"  >\n\t\t\t\n\t\t\t\n\t<div class=\"img has-hover x md-x lg-x y md-y lg-y\" id=\"image_949986075\">\n\t\t\t\t\t\t\t\t<div class=\"img-inner dark\" >\n\t\t\t<img decoding=\"async\" width=\"661\" height=\"438\" src=\"https:\/\/silvaprodukt.si\/wp-content\/uploads\/2022\/09\/SP-c\u030clanek1.jpeg\" class=\"attachment-large size-large\" alt=\"\" srcset=\"https:\/\/silvaprodukt.si\/wp-content\/uploads\/2022\/09\/SP-c\u030clanek1.jpeg 661w, https:\/\/silvaprodukt.si\/wp-content\/uploads\/2022\/09\/SP-c\u030clanek1-510x338.jpeg 510w, https:\/\/silvaprodukt.si\/wp-content\/uploads\/2022\/09\/SP-c\u030clanek1-300x199.jpeg 300w\" sizes=\"(max-width: 661px) 100vw, 661px\" \/>\t\t\t\t\t\t\n\t\t\t\t\t<\/div>\n\t\t\t\t\t\t\t\t\n<style>\n#image_949986075 {\n  width: 100%;\n}\n<\/style>\n\t<\/div>\n\t\n\t\t<\/div>\n\t\t\t\t\n<style>\n#col-1777758552 > .col-inner {\n  margin: 0px 0px -30px 0px;\n}\n<\/style>\n\t<\/div>\n\n\t\n<\/div>\n\t\t<\/div>\n\n\t\t\n<style>\n#section_982896833 {\n  padding-top: 90px;\n  padding-bottom: 90px;\n}\n#section_982896833 .section-bg-overlay {\n  background-color: rgb(255, 255, 255);\n}\n<\/style>\n\t<\/section>\n\t\n\n\t<section class=\"section\" id=\"section_1237672072\">\n\t\t<div class=\"section-bg fill\" >\n\t\t\t\t\t\t\t\t\t<div class=\"section-bg-overlay absolute fill\"><\/div>\n\t\t\t\n\n\t\t<\/div>\n\n\t\t\n\n\t\t<div class=\"section-content relative\">\n\t\t\t\n<div class=\"row align-middle\"  id=\"row-959006040\">\n\n\t<div id=\"col-1498397376\" class=\"col medium-12 small-12 large-6\"  >\n\t\t\t\t<div class=\"col-inner dark\"  >\n\t\t\t\n\t\t\t\n\t<div class=\"img has-hover x md-x lg-x y md-y lg-y\" id=\"image_1036768251\">\n\t\t\t\t\t\t\t\t<div class=\"img-inner dark\" >\n\t\t\t<img decoding=\"async\" width=\"1020\" height=\"765\" src=\"https:\/\/silvaprodukt.si\/wp-content\/uploads\/2022\/09\/arboretum-rjava-t-feb-2008-2a-1024x768.jpeg\" class=\"attachment-large size-large\" alt=\"\" srcset=\"https:\/\/silvaprodukt.si\/wp-content\/uploads\/2022\/09\/arboretum-rjava-t-feb-2008-2a-1024x768.jpeg 1024w, https:\/\/silvaprodukt.si\/wp-content\/uploads\/2022\/09\/arboretum-rjava-t-feb-2008-2a-510x383.jpeg 510w, https:\/\/silvaprodukt.si\/wp-content\/uploads\/2022\/09\/arboretum-rjava-t-feb-2008-2a-300x225.jpeg 300w, https:\/\/silvaprodukt.si\/wp-content\/uploads\/2022\/09\/arboretum-rjava-t-feb-2008-2a-768x576.jpeg 768w, https:\/\/silvaprodukt.si\/wp-content\/uploads\/2022\/09\/arboretum-rjava-t-feb-2008-2a.jpeg 1037w\" sizes=\"(max-width: 1020px) 100vw, 1020px\" \/>\t\t\t\t\t\t\n\t\t\t\t\t<\/div>\n\t\t\t\t\t\t\t\t\n<style>\n#image_1036768251 {\n  width: 100%;\n}\n<\/style>\n\t<\/div>\n\t\n\t\t<\/div>\n\t\t\t\t\t<\/div>\n\n\t\n\n\t<div id=\"col-509193587\" class=\"col medium-12 small-12 large-6\"  >\n\t\t\t\t<div class=\"col-inner\"  >\n\t\t\t\n\t\t\t\n<p class=\"nadnaslov\">Izazovi i rje\u0161enja za\u0161tite drva izlo\u017eenog vlazi i vremenskim utjecajima.<\/p>\n<h2>Izazovi i rje\u0161enja u za\u0161titi drva<\/h2>\n<p>Klimatski uvjeti u ve\u0107em dijelu Slovenije prema europskim mjerilima jedni su od najnepovoljnijih za upotrebu drva na otvorenom. Velika koli\u010dina padalina, visoka razina vlage u zraku i umjerene temperature omogu\u0107uju razvoj i djelovanje plijesni, gljiva trule\u017enica i ostalih nametnika koji uzrokuju izrazite diskoloracije (neravnomjerno tamno bojanje) drvenih elemenata te njihovo razmjerno brzo propadanje.<\/p>\n<a href=\"https:\/\/silvaprodukt.si\/hr\/dobro-je-znati\/izazovi-i-rjesenja-u-zastiti-drva\/\" class=\"button primary\" >\n\t\t<span>Pro\u010ditate vi\u0161e<\/span>\n\t<\/a>\n\n\t\t<\/div>\n\t\t\t\t\n<style>\n#col-509193587 > .col-inner {\n  margin: 0px 0px -30px 0px;\n}\n<\/style>\n\t<\/div>\n\n\t\n<\/div>\n\t\t<\/div>\n\n\t\t\n<style>\n#section_1237672072 {\n  padding-top: 90px;\n  padding-bottom: 90px;\n}\n#section_1237672072 .section-bg-overlay {\n  background-color: rgb(243, 245, 245);\n}\n<\/style>\n\t<\/section>\n\t\n\n\t<section class=\"section\" id=\"section_669222193\">\n\t\t<div class=\"section-bg fill\" >\n\t\t\t\t\t\t\t\t\t\n\t\t\t\n\n\t\t<\/div>\n\n\t\t\n\n\t\t<div class=\"section-content relative\">\n\t\t\t\r\n\r\n<div class=\"row\"  id=\"row-342580439\">\r\n\r\n\n\t<div id=\"col-644138908\" class=\"col small-12 large-12\"  >\n\t\t\t\t<div class=\"col-inner\"  >\n\t\t\t\n\t\t\t\r\n\r\n<h2 style=\"text-align: center;\"><span style=\"color: #618f7a;\">Prezentacijski video<\/span><\/h2>\r\n<div class=\"video video-fit mb box-shadow-3\" style=\"padding-top:50%;\"><p><iframe title=\"Silvaprodukt 70 godina\" width=\"1020\" height=\"574\" src=\"https:\/\/www.youtube.com\/embed\/6_Ht2UFGJa8?feature=oembed\" frameborder=\"0\" allow=\"accelerometer; autoplay; clipboard-write; encrypted-media; gyroscope; picture-in-picture\" allowfullscreen><\/iframe><\/p>\n<\/div>\r\n\r\n\r\n\t\t<\/div>\n\t\t\t\t\t<\/div>\n\n\t\r\n\r\n<\/div>\r\n\r\n\t\t<\/div>\n\n\t\t\n<style>\n#section_669222193 {\n  padding-top: 30px;\n  padding-bottom: 30px;\n}\n<\/style>\n\t<\/section>\n\t\n\t<div id=\"gap-1435430412\" class=\"gap-element clearfix\" style=\"display:block; height:auto;\">\n\t\t\n<style>\n#gap-1435430412 {\n  padding-top: 100px;\n}\n<\/style>\n\t<\/div>\n\t\n","protected":false},"excerpt":{"rendered":"","protected":false},"author":5,"featured_media":4022,"parent":0,"menu_order":0,"comment_status":"closed","ping_status":"closed","template":"page-blank.php","meta":{"inline_featured_image":false,"footnotes":""},"class_list":["post-1806","page","type-page","status-publish","has-post-thumbnail","hentry"],"acf":[],"_links":{"self":[{"href":"https:\/\/silvaprodukt.si\/hr\/wp-json\/wp\/v2\/pages\/1806","targetHints":{"allow":["GET"]}}],"collection":[{"href":"https:\/\/silvaprodukt.si\/hr\/wp-json\/wp\/v2\/pages"}],"about":[{"href":"https:\/\/silvaprodukt.si\/hr\/wp-json\/wp\/v2\/types\/page"}],"author":[{"embeddable":true,"href":"https:\/\/silvaprodukt.si\/hr\/wp-json\/wp\/v2\/users\/5"}],"replies":[{"embeddable":true,"href":"https:\/\/silvaprodukt.si\/hr\/wp-json\/wp\/v2\/comments?post=1806"}],"version-history":[{"count":0,"href":"https:\/\/silvaprodukt.si\/hr\/wp-json\/wp\/v2\/pages\/1806\/revisions"}],"wp:featuredmedia":[{"embeddable":true,"href":"https:\/\/silvaprodukt.si\/hr\/wp-json\/wp\/v2\/media\/4022"}],"wp:attachment":[{"href":"https:\/\/silvaprodukt.si\/hr\/wp-json\/wp\/v2\/media?parent=1806"}],"curies":[{"name":"wp","href":"https:\/\/api.w.org\/{rel}","templated":true}]}}