{"id":1481,"date":"2022-08-30T09:46:15","date_gmt":"2022-08-30T07:46:15","guid":{"rendered":"http:\/\/silvaprodukt.si\/o-nas\/"},"modified":"2022-10-26T07:20:54","modified_gmt":"2022-10-26T07:20:54","slug":"o-nama","status":"publish","type":"page","link":"https:\/\/silvaprodukt.si\/hr\/o-nama\/","title":{"rendered":"O nama"},"content":{"rendered":"\n\t<section class=\"section\" id=\"section_858758187\">\n\t\t<div class=\"section-bg fill\" >\n\t\t\t<img decoding=\"async\" width=\"800\" height=\"442\" src=\"https:\/\/silvaprodukt.si\/wp-content\/uploads\/2022\/09\/98_547_big.jpeg\" class=\"bg attachment- size-\" alt=\"\" \/>\t\t\t\t\t\t<div class=\"section-bg-overlay absolute fill\"><\/div>\n\t\t\t\n\n\t\t<\/div>\n\n\t\t\n\n\t\t<div class=\"section-content relative\">\n\t\t\t\n<div class=\"row\"  id=\"row-839453752\">\n\n\t<div id=\"col-1678453189\" class=\"col small-12 large-12\"  >\n\t\t\t\t<div class=\"col-inner dark\"  >\n\t\t\t\n\t\t\t\n<p class=\"nadnaslov\">Silvaprodukt je ve\u0107 70 godina pravi partner u podru\u010dju za\u0161tite drva.\n<\/p>\n<h1>Silvaprodukt i za\u0161tita drva<br \/>\n<\/h1>\n\t<div id=\"gap-78933843\" class=\"gap-element clearfix\" style=\"display:block; height:auto;\">\n\t\t\n<style>\n#gap-78933843 {\n  padding-top: 20px;\n}\n<\/style>\n\t<\/div>\n\t\n<p>Slovenija i Hrvatska sta zbog svojih klimatskih obilje\u017eja (visoka razina vlage, umjerene temperature i velika koli\u010dina padalina) jedno od najnepovoljnijih podneblja u Europi za uporabu drva na otvorenom. Prognoze promjena na\u0161e klime, koje su posljedica globalnih klimatskih promjena, predvi\u0111aju jo\u0161 bla\u017ee zime i lo\u0161iji re\u017eim oborina u na\u0161im mjestima. Sve to dodatno poti\u010de razvoj drvnih nametnika i pospje\u0161uje propadanje drva.<\/p>\n\t\t<\/div>\n\t\t\t\t\t<\/div>\n\n\t\n<\/div>\n\t\t<\/div>\n\n\t\t\n<style>\n#section_858758187 {\n  padding-top: 90px;\n  padding-bottom: 90px;\n  min-height: 500px;\n}\n#section_858758187 .section-bg-overlay {\n  background-color: rgba(0, 0, 0, 0.63);\n}\n#section_858758187 .section-bg img {\n  object-position: 43% 100%;\n}\n<\/style>\n\t<\/section>\n\t\n\n\t<section class=\"section\" id=\"section_316099744\">\n\t\t<div class=\"section-bg fill\" >\n\t\t\t\t\t\t\t\t\t<div class=\"section-bg-overlay absolute fill\"><\/div>\n\t\t\t\n\n\t\t<\/div>\n\n\t\t\n\n\t\t<div class=\"section-content relative\">\n\t\t\t\n\t<div id=\"gap-1947498618\" class=\"gap-element clearfix\" style=\"display:block; height:auto;\">\n\t\t\n<style>\n#gap-1947498618 {\n  padding-top: 50px;\n}\n<\/style>\n\t<\/div>\n\t\n<div class=\"row\"  id=\"row-918250839\">\n\n\t<div id=\"col-1036749968\" class=\"col small-12 large-12\"  >\n\t\t\t\t<div class=\"col-inner text-center\"  >\n\t\t\t\n\t\t\t\n<p><strong>Spomenute \u010dinjenice i izrazito nepovoljna klima neprestano<span class=\"second-color\">skra\u0107uju vijek trajanja proizvoda od svih vrsta drveta<\/span>,kako doma\u0107ih tako i egzoti\u010dnih (bukva, jasen, jela, smreka, bor, ari\u0161, sibirski ari\u0161, tikovina itd.). <span class=\"second-color\">Zbog toga je va\u017eno da za za\u0161titu drva upotrijebimo dokazano kvalitetne proizvode i sustave za za\u0161titu drva<\/span> pomo\u0107u kojih \u0161titimo drvo od pojave drvnih nametnika poput plijesni, gljiva trule\u017enica i drvnih insekata, koji uzrokuju propadanje drvenih elemenata ili objekata.<\/strong><\/p>\n\t\t<\/div>\n\t\t\t\t\n<style>\n#col-1036749968 > .col-inner {\n  margin: 0px 0px -20px 0px;\n}\n<\/style>\n\t<\/div>\n\n\t\n<\/div>\n\t\t<\/div>\n\n\t\t\n<style>\n#section_316099744 {\n  padding-top: 0px;\n  padding-bottom: 0px;\n}\n#section_316099744 .section-bg-overlay {\n  background-color: rgb(243, 245, 245);\n}\n<\/style>\n\t<\/section>\n\t\n\n\t<section class=\"section\" id=\"section_1337748950\">\n\t\t<div class=\"section-bg fill\" >\n\t\t\t\t\t\t\t\t\t\n\t\t\t\n\n\t\t<\/div>\n\n\t\t\n\n\t\t<div class=\"section-content relative\">\n\t\t\t\n<div class=\"row\"  id=\"row-784923493\">\n\n\t<div id=\"col-430297956\" class=\"col medium-12 small-12 large-6\"  >\n\t\t\t\t<div class=\"col-inner dark\"  >\n\t\t\t\n\t\t\t\n\t<div class=\"img has-hover x md-x lg-x y md-y lg-y\" id=\"image_865288397\">\n\t\t\t\t\t\t\t\t<div class=\"img-inner dark\" >\n\t\t\t<img decoding=\"async\" width=\"800\" height=\"533\" src=\"https:\/\/silvaprodukt.si\/wp-content\/uploads\/2022\/09\/108_619_big.jpeg\" class=\"attachment-large size-large\" alt=\"\" srcset=\"https:\/\/silvaprodukt.si\/wp-content\/uploads\/2022\/09\/108_619_big.jpeg 800w, https:\/\/silvaprodukt.si\/wp-content\/uploads\/2022\/09\/108_619_big-510x340.jpeg 510w, https:\/\/silvaprodukt.si\/wp-content\/uploads\/2022\/09\/108_619_big-300x200.jpeg 300w, https:\/\/silvaprodukt.si\/wp-content\/uploads\/2022\/09\/108_619_big-768x512.jpeg 768w\" sizes=\"(max-width: 800px) 100vw, 800px\" \/>\t\t\t\t\t\t\n\t\t\t\t\t<\/div>\n\t\t\t\t\t\t\t\t\n<style>\n#image_865288397 {\n  width: 100%;\n}\n<\/style>\n\t<\/div>\n\t\n\t\t<\/div>\n\t\t\t\t\t<\/div>\n\n\t\n\n\t<div id=\"col-553841986\" class=\"col medium-12 small-12 large-6\"  >\n\t\t\t\t<div class=\"col-inner\"  >\n\t\t\t\n\t\t\t\n<p><span class=\"TextRun SCXW206489620 BCX0\" lang=\"HR-HR\" xml:lang=\"HR-HR\" data-contrast=\"auto\"><span class=\"NormalTextRun SCXW206489620 BCX0\">U tvrtki\u00a0<strong>Silvaprodukt<\/strong>, u sklopu\u00a0<strong>vi\u0161egodi\u0161nje<\/strong>\u00a0<strong>suradnje s Biotehnolo\u0161kim fakultetom<\/strong>\u00a0u\u00a0<\/span><span class=\"NormalTextRun SCXW206489620 BCX0\">Ljubljani<\/span><span class=\"NormalTextRun SCXW206489620 BCX0\">\u00a0i Zagrebu<\/span><span class=\"NormalTextRun SCXW206489620 BCX0\">, Odsjekom za drvnu znanost, razvili smo iznimno u\u010dinkovite proizvode i postupke za kvalitetnu za\u0161titu drva<strong>\u00a0bez obzira na uvjete i svrhu njegove uporabe.<\/strong><\/span><\/span><\/p>\n<p><span class=\"TextRun SCXW206489620 BCX0\" lang=\"HR-HR\" xml:lang=\"HR-HR\" data-contrast=\"auto\"><span class=\"NormalTextRun SCXW206489620 BCX0\">Rezultati opse\u017enih terenskih i laboratorijskih istra\u017eivanja, koja se izvode\u00a0<strong>diljem Europe i svijeta vi\u0161e od jednog desetlje\u0107a<\/strong>, dokazali su provjerenu kvalitetu na\u0161ih proizvoda i usluga te njihovu u\u010dinkovitost. Na\u0161i proizvodi predstavljaju ekolo\u0161ki prihvatljiva rje\u0161e<\/span><\/span><span class=\"TextRun SCXW206489620 BCX0\" lang=\"HR-HR\" xml:lang=\"HR-HR\" data-contrast=\"auto\"><span class=\"NormalTextRun SCXW206489620 BCX0\">nja za okoli\u0161, ljude i \u017eivotinje.<\/span><\/span><\/p>\n<p><span class=\"TextRun SCXW206489620 BCX0\" lang=\"HR-HR\" xml:lang=\"HR-HR\" data-contrast=\"auto\"><span class=\"NormalTextRun SCXW206489620 BCX0\">Naposljetku, to dokazuju i na\u0161i\u00a0<strong>me\u0111unarodni patenti, brojne nagrade i priznanja, reference, certifikati uskla\u0111enosti i ostvarivanje razli\u010ditih europskih standarda.<\/strong><\/span><\/span><\/p>\n\t\t<\/div>\n\t\t\t\t\n<style>\n#col-553841986 > .col-inner {\n  padding: 0px 0px 0px 3px;\n  margin: 0px 0px -30px 0px;\n}\n@media (min-width:550px) {\n  #col-553841986 > .col-inner {\n    padding: 0px 0px 0px 0px;\n  }\n}\n@media (min-width:850px) {\n  #col-553841986 > .col-inner {\n    padding: 0px 0px 0px 50px;\n  }\n}\n<\/style>\n\t<\/div>\n\n\t\n<\/div>\n\t\t<\/div>\n\n\t\t\n<style>\n#section_1337748950 {\n  padding-top: 32px;\n  padding-bottom: 32px;\n}\n@media (min-width:550px) {\n  #section_1337748950 {\n    padding-top: 90px;\n    padding-bottom: 90px;\n  }\n}\n<\/style>\n\t<\/section>\n\t\n\n\t<section class=\"section\" id=\"section_2020030001\">\n\t\t<div class=\"section-bg fill\" >\n\t\t\t\t\t\t\t\t\t<div class=\"section-bg-overlay absolute fill\"><\/div>\n\t\t\t\n\n\t\t<\/div>\n\n\t\t\n\n\t\t<div class=\"section-content relative\">\n\t\t\t\n<div class=\"row\"  id=\"row-2106950722\">\n\n\t<div id=\"col-1611884792\" class=\"col medium-12 small-12 large-6\"  >\n\t\t\t\t<div class=\"col-inner\"  >\n\t\t\t\n\t\t\t\n<p><span class=\"TextRun SCXW131953744 BCX0\" lang=\"HR-HR\" xml:lang=\"HR-HR\" data-contrast=\"auto\"><span class=\"NormalTextRun SCXW131953744 BCX0\">Posebno se ponosimo \u010dinjenicom da\u00a0<strong>vi\u0161e od 70 godina brinemo<\/strong>\u00a0<strong>za na\u0161e prirodno bogatstvo \u2013 drvo<\/strong>. Na\u0161a za\u0161titna sredstva dokazano produ\u017euju vijek trajanja, \u0161to predstavlja\u00a0<strong>zna\u010dajno smanjenje tro\u0161kova odr\u017eavanja drvenih proizvoda i objekata za korisnika, du\u017ee vrijeme skladi\u0161tenja CO<\/strong><\/span><\/span><strong><span class=\"TextRun SCXW131953744 BCX0\" lang=\"HR-HR\" xml:lang=\"HR-HR\" data-contrast=\"auto\"><span class=\"NormalTextRun Subscript SCXW131953744 BCX0\" data-fontsize=\"11\">2<\/span><\/span><\/strong><span class=\"TextRun SCXW131953744 BCX0\" lang=\"HR-HR\" xml:lang=\"HR-HR\" data-contrast=\"auto\"><span class=\"NormalTextRun SCXW131953744 BCX0\"><strong>\u00a0i posljedi\u010dno manje optere\u0107enje okoli\u0161a ugljikom<\/strong>\u00a0te manju potrebu za sje\u010dom.<\/span><\/span><\/p>\n\t\t<\/div>\n\t\t\t\t\n<style>\n#col-1611884792 > .col-inner {\n  padding: 0px 0px 0px 0px;\n}\n@media (min-width:550px) {\n  #col-1611884792 > .col-inner {\n    padding: 0px 0px 0px 0px;\n  }\n}\n@media (min-width:850px) {\n  #col-1611884792 > .col-inner {\n    padding: 0px 50px 0px 0px;\n  }\n}\n<\/style>\n\t<\/div>\n\n\t\n\n\t<div id=\"col-60221046\" class=\"col medium-12 small-12 large-6\"  >\n\t\t\t\t<div class=\"col-inner dark\"  >\n\t\t\t\n\t\t\t\n\t<div class=\"img has-hover x md-x lg-x y md-y lg-y\" id=\"image_1195163915\">\n\t\t\t\t\t\t\t\t<div class=\"img-inner dark\" >\n\t\t\t<img decoding=\"async\" width=\"800\" height=\"533\" src=\"https:\/\/silvaprodukt.si\/wp-content\/uploads\/2022\/09\/98_549_big.jpeg\" class=\"attachment-large size-large\" alt=\"\" srcset=\"https:\/\/silvaprodukt.si\/wp-content\/uploads\/2022\/09\/98_549_big.jpeg 800w, https:\/\/silvaprodukt.si\/wp-content\/uploads\/2022\/09\/98_549_big-510x340.jpeg 510w, https:\/\/silvaprodukt.si\/wp-content\/uploads\/2022\/09\/98_549_big-300x200.jpeg 300w, https:\/\/silvaprodukt.si\/wp-content\/uploads\/2022\/09\/98_549_big-768x512.jpeg 768w\" sizes=\"(max-width: 800px) 100vw, 800px\" \/>\t\t\t\t\t\t\n\t\t\t\t\t<\/div>\n\t\t\t\t\t\t\t\t\n<style>\n#image_1195163915 {\n  width: 100%;\n}\n<\/style>\n\t<\/div>\n\t\n\t\t<\/div>\n\t\t\t\t\n<style>\n#col-60221046 > .col-inner {\n  margin: 0px 0px -30px 0px;\n}\n<\/style>\n\t<\/div>\n\n\t\n<\/div>\n\t\t<\/div>\n\n\t\t\n<style>\n#section_2020030001 {\n  padding-top: 90px;\n  padding-bottom: 90px;\n}\n#section_2020030001 .section-bg-overlay {\n  background-color: rgb(243, 245, 245);\n}\n<\/style>\n\t<\/section>\n\t\n\n\t<section class=\"section\" id=\"section_1053243341\">\n\t\t<div class=\"section-bg fill\" >\n\t\t\t\t\t\t\t\t\t\n\t\t\t\n\n\t\t<\/div>\n\n\t\t\n\n\t\t<div class=\"section-content relative\">\n\t\t\t\n<div class=\"row\"  id=\"row-975485596\">\n\n\t<div id=\"col-2044804477\" class=\"col medium-12 small-12 large-6\"  >\n\t\t\t\t<div class=\"col-inner dark\"  >\n\t\t\t\n\t\t\t\n\t<div class=\"img has-hover x md-x lg-x y md-y lg-y\" id=\"image_1125338166\">\n\t\t\t\t\t\t\t\t<div class=\"img-inner dark\" >\n\t\t\t<img decoding=\"async\" width=\"800\" height=\"600\" src=\"https:\/\/silvaprodukt.si\/wp-content\/uploads\/2022\/09\/100_553_big-1.jpeg\" class=\"attachment-large size-large\" alt=\"\" srcset=\"https:\/\/silvaprodukt.si\/wp-content\/uploads\/2022\/09\/100_553_big-1.jpeg 800w, https:\/\/silvaprodukt.si\/wp-content\/uploads\/2022\/09\/100_553_big-1-510x383.jpeg 510w, https:\/\/silvaprodukt.si\/wp-content\/uploads\/2022\/09\/100_553_big-1-300x225.jpeg 300w, https:\/\/silvaprodukt.si\/wp-content\/uploads\/2022\/09\/100_553_big-1-768x576.jpeg 768w\" sizes=\"(max-width: 800px) 100vw, 800px\" \/>\t\t\t\t\t\t\n\t\t\t\t\t<\/div>\n\t\t\t\t\t\t\t\t\n<style>\n#image_1125338166 {\n  width: 100%;\n}\n<\/style>\n\t<\/div>\n\t\n\t\t<\/div>\n\t\t\t\t\t<\/div>\n\n\t\n\n\t<div id=\"col-216072335\" class=\"col medium-12 small-12 large-6\"  >\n\t\t\t\t<div class=\"col-inner\"  >\n\t\t\t\n\t\t\t\n<section class=\"elementor-section elementor-inner-section elementor-element elementor-element-36a5b36 elementor-section-full_width elementor-section-height-default elementor-section-height-default jet-parallax-section\" data-id=\"36a5b36\" data-element_type=\"section\" data-settings=\"{&quot;jet_parallax_layout_list&quot;:&#091;{&quot;jet_parallax_layout_image&quot;:{&quot;url&quot;:&quot;&quot;,&quot;id&quot;:&quot;&quot;},&quot;_id&quot;:&quot;f4c3c4d&quot;,&quot;jet_parallax_layout_image_tablet&quot;:{&quot;url&quot;:&quot;&quot;,&quot;id&quot;:&quot;&quot;},&quot;jet_parallax_layout_image_mobile&quot;:{&quot;url&quot;:&quot;&quot;,&quot;id&quot;:&quot;&quot;},&quot;jet_parallax_layout_speed&quot;:{&quot;unit&quot;:&quot;%&quot;,&quot;size&quot;:50,&quot;sizes&quot;:&#091;&#093;},&quot;jet_parallax_layout_type&quot;:&quot;scroll&quot;,&quot;jet_parallax_layout_direction&quot;:null,&quot;jet_parallax_layout_fx_direction&quot;:null,&quot;jet_parallax_layout_z_index&quot;:&quot;&quot;,&quot;jet_parallax_layout_bg_x&quot;:50,&quot;jet_parallax_layout_bg_x_tablet&quot;:&quot;&quot;,&quot;jet_parallax_layout_bg_x_mobile&quot;:&quot;&quot;,&quot;jet_parallax_layout_bg_y&quot;:50,&quot;jet_parallax_layout_bg_y_tablet&quot;:&quot;&quot;,&quot;jet_parallax_layout_bg_y_mobile&quot;:&quot;&quot;,&quot;jet_parallax_layout_bg_size&quot;:&quot;auto&quot;,&quot;jet_parallax_layout_bg_size_tablet&quot;:&quot;&quot;,&quot;jet_parallax_layout_bg_size_mobile&quot;:&quot;&quot;,&quot;jet_parallax_layout_animation_prop&quot;:&quot;transform&quot;,&quot;jet_parallax_layout_on&quot;:&#091;&quot;desktop&quot;,&quot;tablet&quot;&#093;}&#093;}\">\n<div class=\"elementor-container elementor-column-gap-default\">\n<div class=\"elementor-row\">\n<div class=\"elementor-column elementor-col-50 elementor-inner-column elementor-element elementor-element-4472dc7\" data-id=\"4472dc7\" data-element_type=\"column\">\n<div class=\"elementor-column-wrap elementor-element-populated\">\n<div class=\"elementor-widget-wrap\">\n<div class=\"elementor-element elementor-element-6adcd6c elementor-widget elementor-widget-text-editor animated fadeIn\" data-id=\"6adcd6c\" data-element_type=\"widget\" data-settings=\"{&quot;_animation&quot;:&quot;fadeIn&quot;}\" data-widget_type=\"text-editor.default\">\n<div class=\"elementor-widget-container\">\n<div class=\"elementor-text-editor elementor-clearfix\">\n<p>Zajedni\u010dkim naporima moramo te\u017eiti<strong>\u00a0u\u010dinkovitijem i ekonomi\u010dnijem kori\u0161tenju na\u0161ih prirodnih resursa<\/strong>\u00a0jer \u0107emo samo tako uspostaviti odr\u017eivo i trajno funkcioniranje dru\u0161tva kao cjeline i time\u00a0<strong>sa\u010duvati na\u0161 okoli\u0161 i planet za na\u0161e potomke.<\/strong><\/p>\n<\/div>\n<\/div>\n<\/div>\n<\/div>\n<\/div>\n<\/div>\n<\/div>\n<\/div>\n<\/section>\n<div class=\"elementor-element elementor-element-c29ebc2 elementor-widget elementor-widget-image animated fadeIn\" data-id=\"c29ebc2\" data-element_type=\"widget\" data-settings=\"{&quot;_animation&quot;:&quot;fadeIn&quot;}\" data-widget_type=\"image.default\">\n<div class=\"elementor-widget-container\">\u00a0<\/div>\n<\/div>\n\t\t<\/div>\n\t\t\t\t\n<style>\n#col-216072335 > .col-inner {\n  padding: 0px 0px 0px 0px;\n  margin: 0px 0px -30px 0px;\n}\n@media (min-width:550px) {\n  #col-216072335 > .col-inner {\n    padding: 0px 0px 0px 50px;\n  }\n}\n<\/style>\n\t<\/div>\n\n\t\n<\/div>\n\t\t<\/div>\n\n\t\t\n<style>\n#section_1053243341 {\n  padding-top: 32px;\n  padding-bottom: 32px;\n}\n@media (min-width:550px) {\n  #section_1053243341 {\n    padding-top: 90px;\n    padding-bottom: 90px;\n  }\n}\n<\/style>\n\t<\/section>\n\t\n\n\t<section class=\"section\" id=\"section_854452391\">\n\t\t<div class=\"section-bg fill\" >\n\t\t\t\t\t\t\t\t\t\n\t\t\t\n\n\t\t<\/div>\n\n\t\t\n\n\t\t<div class=\"section-content relative\">\n\t\t\t\n\t<div id=\"gap-961599512\" class=\"gap-element clearfix\" style=\"display:block; height:auto;\">\n\t\t\n<style>\n#gap-961599512 {\n  padding-top: 50px;\n}\n<\/style>\n\t<\/div>\n\t\n<div class=\"row\"  id=\"row-1992524322\">\n\n\t<div id=\"col-2076009912\" class=\"col small-12 large-12\"  >\n\t\t\t\t<div class=\"col-inner text-center\"  >\n\t\t\t\n\t\t\t\n\t<div class=\"img has-hover x md-x lg-x y md-y lg-y\" id=\"image_405315463\">\n\t\t\t\t\t\t\t\t<div class=\"img-inner dark\" >\n\t\t\t<img decoding=\"async\" width=\"650\" height=\"179\" src=\"https:\/\/silvaprodukt.si\/wp-content\/uploads\/2022\/08\/logo_transparent.png\" class=\"attachment-large size-large\" alt=\"\" srcset=\"https:\/\/silvaprodukt.si\/wp-content\/uploads\/2022\/08\/logo_transparent.png 650w, https:\/\/silvaprodukt.si\/wp-content\/uploads\/2022\/08\/logo_transparent-510x140.png 510w, https:\/\/silvaprodukt.si\/wp-content\/uploads\/2022\/08\/logo_transparent-300x83.png 300w\" sizes=\"(max-width: 650px) 100vw, 650px\" \/>\t\t\t\t\t\t\n\t\t\t\t\t<\/div>\n\t\t\t\t\t\t\t\t\n<style>\n#image_405315463 {\n  width: 30%;\n}\n<\/style>\n\t<\/div>\n\t\n<h2><span class=\"nadnaslov\" style=\"color: #618f7a;\">Silvaprodukt<\/span>,pravi partner u podru\u010dju za\u0161tite drva.<\/h2>\n\t<div id=\"gap-1134666421\" class=\"gap-element clearfix\" style=\"display:block; height:auto;\">\n\t\t\n<style>\n#gap-1134666421 {\n  padding-top: 30px;\n}\n<\/style>\n\t<\/div>\n\t\n<div class=\"row\"  id=\"row-35066448\">\n\n\t<div id=\"col-286699527\" class=\"col medium-3 small-12 large-3\"  >\n\t\t\t\t<div class=\"col-inner\"  >\n\t\t\t\n\t\t\t\n<p><span class=\"v-st\">70+<\/span><\/br><span class=\"v-izk\">godina iskustva<\/span><\/p>\n\t\t<\/div>\n\t\t\t\t\t<\/div>\n\n\t\n\n\t<div id=\"col-344295466\" class=\"col medium-3 small-12 large-3\"  >\n\t\t\t\t<div class=\"col-inner\"  >\n\t\t\t\n\t\t\t\n<p><span class=\"v-st\">2,500+<\/span><\/br><span class=\"v-izk\">poslovnih partnera<\/span><\/p>\n\t\t<\/div>\n\t\t\t\t\t<\/div>\n\n\t\n\n\t<div id=\"col-996811322\" class=\"col medium-3 small-12 large-3\"  >\n\t\t\t\t<div class=\"col-inner\"  >\n\t\t\t\n\t\t\t\n<p><span class=\"v-st\">10000+<\/span><\/br><span class=\"v-izk\">zadovoljnih kupaca<br \/>\n<\/span><\/p>\n\t\t<\/div>\n\t\t\t\t\t<\/div>\n\n\t\n\n\t<div id=\"col-1058433272\" class=\"col medium-3 small-12 large-3\"  >\n\t\t\t\t<div class=\"col-inner\"  >\n\t\t\t\n\t\t\t\n<p><span class=\"v-st\">14+<\/span><\/br><span class=\"v-izk\">zaposlenih<\/span><\/p>\n\t\t<\/div>\n\t\t\t\t\t<\/div>\n\n\t\n<\/div>\n\t\t<\/div>\n\t\t\t\t\t<\/div>\n\n\t\n<\/div>\n\t\t<\/div>\n\n\t\t\n<style>\n#section_854452391 {\n  padding-top: 0px;\n  padding-bottom: 0px;\n  background-color: rgb(243, 245, 245);\n}\n<\/style>\n\t<\/section>\n\t\n\n\t<section class=\"section\" id=\"section_1580040449\">\n\t\t<div class=\"section-bg fill\" >\n\t\t\t\t\t\t\t\t\t\n\t\t\t\n\n\t\t<\/div>\n\n\t\t\n\n\t\t<div class=\"section-content relative\">\n\t\t\t\n<div class=\"row align-middle\"  id=\"row-1824317187\">\n\n\t<div id=\"col-187328582\" class=\"col medium-12 small-12 large-12\"  >\n\t\t\t\t<div class=\"col-inner text-center\"  >\n\t\t\t\n\t\t\t    <div class=\"section-content relative\">\r\n    <div class=\"row row-large \">\r\n        <div class=\"large-12 col\">\r\n            <div class=\"row large-columns-3 medium-columns- small-columns-1 has-shadow row-box-shadow-2\">\r\n                \r\n                                            <div class=\"col post-item\">\r\n                            <div class=\"col-inner\">\r\n                                <a href=\"https:\/\/silvaprodukt.si\/hr\/references\/alpska-plaza-uz-jezero-hotela-jasna-chalet-resort\/\" class=\"plain\">\r\n                                    <div class=\"box box-text-bottom box-blog-post has-hover\">\r\n                                        <div class=\"box-image\">\r\n                                            <div class=\"image-cover\" style=\"padding-top:56%;\">\r\n                                                <img decoding=\"async\" width=\"300\" height=\"199\" src=\"https:\/\/silvaprodukt.si\/wp-content\/uploads\/2022\/09\/108_618_big.jpeg\" class=\"attachment-medium size-medium wp-post-image\" alt=\"\" loading=\"lazy\">\r\n                                            <\/div>\r\n                                        <\/div>\r\n                                        <div class=\"box-text text-left\">\r\n                                            <div class=\"box-text-inner blog-post-inner\">\r\n                                                <h5 class=\"post-title is-large\">Alpska pla\u017ea uz jezero hotela \u201eJasna Chalet Resort\u201c<\/h5>\r\n                                            <\/div>\r\n                                        <\/div>\r\n                                    <\/div>\r\n                                <\/a>\r\n                            <\/div>\r\n                        <\/div>\r\n                                            <div class=\"col post-item\">\r\n                            <div class=\"col-inner\">\r\n                                <a href=\"https:\/\/silvaprodukt.si\/hr\/references\/replika-plecnikova-pcelinjaka\/\" class=\"plain\">\r\n                                    <div class=\"box box-text-bottom box-blog-post has-hover\">\r\n                                        <div class=\"box-image\">\r\n                                            <div class=\"image-cover\" style=\"padding-top:56%;\">\r\n                                                <img decoding=\"async\" width=\"300\" height=\"199\" src=\"https:\/\/silvaprodukt.si\/wp-content\/uploads\/2022\/09\/109_622_big.jpeg\" class=\"attachment-medium size-medium wp-post-image\" alt=\"\" loading=\"lazy\">\r\n                                            <\/div>\r\n                                        <\/div>\r\n                                        <div class=\"box-text text-left\">\r\n                                            <div class=\"box-text-inner blog-post-inner\">\r\n                                                <h5 class=\"post-title is-large\">Replika Ple\u010dnikova p\u010delinjaka<\/h5>\r\n                                            <\/div>\r\n                                        <\/div>\r\n                                    <\/div>\r\n                                <\/a>\r\n                            <\/div>\r\n                        <\/div>\r\n                                            <div class=\"col post-item\">\r\n                            <div class=\"col-inner\">\r\n                                <a href=\"https:\/\/silvaprodukt.si\/hr\/references\/slana-livada-ankaran-prirodna-vrijednost\/\" class=\"plain\">\r\n                                    <div class=\"box box-text-bottom box-blog-post has-hover\">\r\n                                        <div class=\"box-image\">\r\n                                            <div class=\"image-cover\" style=\"padding-top:56%;\">\r\n                                                <img decoding=\"async\" width=\"300\" height=\"199\" src=\"https:\/\/silvaprodukt.si\/wp-content\/uploads\/2022\/09\/Izlet-ob-morju-Silvanolin-trajna-zasita-za-les_obdelava-lesa_barva-za-les_Ankaran_Foto_Jaka_Ivancic.jpg\" class=\"attachment-medium size-medium wp-post-image\" alt=\"\" loading=\"lazy\">\r\n                                            <\/div>\r\n                                        <\/div>\r\n                                        <div class=\"box-text text-left\">\r\n                                            <div class=\"box-text-inner blog-post-inner\">\r\n                                                <h5 class=\"post-title is-large\">Slana livada Ankaran \u2013 prirodna vrijednost<\/h5>\r\n                                            <\/div>\r\n                                        <\/div>\r\n                                    <\/div>\r\n                                <\/a>\r\n                            <\/div>\r\n                        <\/div>\r\n                                                <\/div>\r\n        <\/div>\r\n    <\/div>\r\n<\/div>\r\n\n<p style=\"text-align: left;\"><strong>U svojih 70 godina poslovanja uspje\u0161no smo zavr\u0161ili mnoge velike projekte i kvalitetom odu\u0161evili svoje poslovne partnere i male korisnike koji nam vjeruju. Pozivamo vas da pogledate neke od na\u0161ih referenci.<\/strong><\/p>\n\n\n\n<a href=\"https:\/\/silvaprodukt.si\/hr\/reference\/\" class=\"button primary\" >\n\t\t<span>Pogledajte sve reference<\/span>\n\t<\/a>\n\n\t\t<\/div>\n\t\t\t\t\t<\/div>\n\n\t\n<\/div>\n\t\t<\/div>\n\n\t\t\n<style>\n#section_1580040449 {\n  padding-top: 32px;\n  padding-bottom: 32px;\n}\n@media (min-width:550px) {\n  #section_1580040449 {\n    padding-top: 90px;\n    padding-bottom: 90px;\n  }\n}\n<\/style>\n\t<\/section>\n\t\n\n\t<section class=\"section\" id=\"section_673131092\">\n\t\t<div class=\"section-bg fill\" >\n\t\t\t\t\t\t\t\t\t<div class=\"section-bg-overlay absolute fill\"><\/div>\n\t\t\t\n\n\t\t<\/div>\n\n\t\t\n\n\t\t<div class=\"section-content relative\">\n\t\t\t\n<div class=\"row align-middle\"  id=\"row-1192956494\">\n\n\t<div id=\"col-919797509\" class=\"col medium-12 small-12 large-12\"  >\n\t\t\t\t<div class=\"col-inner text-center\"  >\n\t\t\t\n\t\t\t\n<h2>Prezentacijski video<\/h2>\n<div class=\"video video-fit mb\" style=\"padding-top:56.25%;\"><p><iframe title=\"Silvaprodukt 70 godina\" width=\"1020\" height=\"574\" src=\"https:\/\/www.youtube.com\/embed\/6_Ht2UFGJa8?feature=oembed\" frameborder=\"0\" allow=\"accelerometer; autoplay; clipboard-write; encrypted-media; gyroscope; picture-in-picture\" allowfullscreen><\/iframe><\/p>\n<\/div>\n\t\t<\/div>\n\t\t\t\t\t<\/div>\n\n\t\n<\/div>\n\t\t<\/div>\n\n\t\t\n<style>\n#section_673131092 {\n  padding-top: 90px;\n  padding-bottom: 90px;\n}\n#section_673131092 .section-bg-overlay {\n  background-color: rgb(243, 245, 245);\n}\n<\/style>\n\t<\/section>\n\t\n\t<div id=\"gap-235740804\" class=\"gap-element clearfix\" style=\"display:block; height:auto;\">\n\t\t\n<style>\n#gap-235740804 {\n  padding-top: 30px;\n}\n<\/style>\n\t<\/div>\n\t\n","protected":false},"excerpt":{"rendered":"","protected":false},"author":5,"featured_media":4022,"parent":0,"menu_order":0,"comment_status":"closed","ping_status":"closed","template":"page-blank.php","meta":{"inline_featured_image":false,"footnotes":""},"class_list":["post-1481","page","type-page","status-publish","has-post-thumbnail","hentry"],"acf":[],"_links":{"self":[{"href":"https:\/\/silvaprodukt.si\/hr\/wp-json\/wp\/v2\/pages\/1481","targetHints":{"allow":["GET"]}}],"collection":[{"href":"https:\/\/silvaprodukt.si\/hr\/wp-json\/wp\/v2\/pages"}],"about":[{"href":"https:\/\/silvaprodukt.si\/hr\/wp-json\/wp\/v2\/types\/page"}],"author":[{"embeddable":true,"href":"https:\/\/silvaprodukt.si\/hr\/wp-json\/wp\/v2\/users\/5"}],"replies":[{"embeddable":true,"href":"https:\/\/silvaprodukt.si\/hr\/wp-json\/wp\/v2\/comments?post=1481"}],"version-history":[{"count":0,"href":"https:\/\/silvaprodukt.si\/hr\/wp-json\/wp\/v2\/pages\/1481\/revisions"}],"wp:featuredmedia":[{"embeddable":true,"href":"https:\/\/silvaprodukt.si\/hr\/wp-json\/wp\/v2\/media\/4022"}],"wp:attachment":[{"href":"https:\/\/silvaprodukt.si\/hr\/wp-json\/wp\/v2\/media?parent=1481"}],"curies":[{"name":"wp","href":"https:\/\/api.w.org\/{rel}","templated":true}]}}