{"id":4457,"date":"2022-09-06T08:48:11","date_gmt":"2022-09-06T08:48:11","guid":{"rendered":"http:\/\/silvaprodukt.si\/politika-zasebnosti\/"},"modified":"2022-10-21T05:30:04","modified_gmt":"2022-10-21T05:30:04","slug":"privacy-policy","status":"publish","type":"page","link":"https:\/\/silvaprodukt.si\/en\/privacy-policy\/","title":{"rendered":"Privacy policy"},"content":{"rendered":"\n\t<section class=\"section\" id=\"section_1729136223\">\n\t\t<div class=\"section-bg fill\" >\n\t\t\t<img decoding=\"async\" width=\"1600\" height=\"670\" src=\"https:\/\/silvaprodukt.si\/wp-content\/uploads\/2022\/09\/jasna_2.jpg\" class=\"bg attachment- size-\" alt=\"\" \/>\t\t\t\t\t\t<div class=\"section-bg-overlay absolute fill\"><\/div>\n\t\t\t\n\n\t\t<\/div>\n\n\t\t\n\n\t\t<div class=\"section-content relative\">\n\t\t\t\n<div class=\"row\"  id=\"row-1754192790\">\n\n\t<div id=\"col-1997542006\" class=\"col small-12 large-12\"  >\n\t\t\t\t<div class=\"col-inner dark\"  >\n\t\t\t\n\t\t\t\n<h1>Privacy policy<br \/>\n<\/h1>\n\t\t<\/div>\n\t\t\t\t\t<\/div>\n\n\t\n<\/div>\n\t\t<\/div>\n\n\t\t\n<style>\n#section_1729136223 {\n  padding-top: 90px;\n  padding-bottom: 90px;\n  min-height: 610px;\n}\n#section_1729136223 .section-bg-overlay {\n  background-color: rgba(0, 0, 0, 0.35);\n}\n#section_1729136223 .section-bg img {\n  object-position: 46% 100%;\n}\n<\/style>\n\t<\/section>\n\t\n\n\t<section class=\"section\" id=\"section_2065414982\">\n\t\t<div class=\"section-bg fill\" >\n\t\t\t\t\t\t\t\t\t<div class=\"section-bg-overlay absolute fill\"><\/div>\n\t\t\t\n\n\t\t<\/div>\n\n\t\t\n\n\t\t<div class=\"section-content relative\">\n\t\t\t\n<div class=\"row align-middle\"  id=\"row-913349606\">\n\n\t<div id=\"col-1271551087\" class=\"col medium-12 small-12 large-12\"  >\n\t\t\t\t<div class=\"col-inner\"  >\n\t\t\t\n\t\t\t\n\t<div id=\"text-296104404\" class=\"text tabela-pz\">\n\t\t\n<p><span style=\"font-weight: 400;\">At Silvaprodukt d.o.o. we respect your privacy and will use your personal data only for the purposes stated. We will carefully protect your personal data in accordance with the legislation governing the protection of personal data (EU Regulation 2016\/679 (GDPR) and the Personal Data Protection Act &#8211; ZVOP-1) as well as the rules on the protection of personal data.<\/span><\/p>\n<h2><b>1. General information<\/b><\/h2>\n<p><span style=\"font-weight: 400;\">You can regularly check this website for any changes related to the protection of your personal data.<\/span><\/p>\n<p><span style=\"font-weight: 400;\">V Podjetju Silvaprodukt d.o.o. in \u0161e posebej na na\u0161i spletni trgovini\u00a0<\/span><a href=\"https:\/\/silvaprodukt.si\"><span style=\"font-weight: 400;\">www.silvaprodukt.si<\/span><\/a><span style=\"font-weight: 400;\"> spo\u0161tujemo va\u0161o zasebnost ter varujemo va\u0161e podatke. <\/span><span style=\"font-weight: 400;\">Ta politika velja za vse uporabnike spletnega mesta.<\/span><\/p>\n<p><span style=\"font-weight: 400;\">We operate in accordance with the Personal Data Protection Act (ZVOP-1) and, since the publication of this Policy, with the European Data Protection Regulation (GDPR).<\/span><\/p>\n<p>\u00a0<\/p>\n<p><span style=\"font-weight: 400;\">This Policy may be amended or modified at any time without warning or notice. By using the Website after a change to this Policy, the User confirms that he\/she accepts the changes.<\/span><\/p>\n<h2><b>2. Data controller<\/b><\/h2>\n<p><span style=\"font-weight: 400;\">The controller of the personal data processed in accordance with the Personal Data Protection Rules is Silvaprodukt d.o.o., Dolenjska cesta 42, 1000 Ljubljana, VAT ID number: SI73253782, registration number: 5041716000.\u00a0<\/span><\/p>\n<h2><b>3. Forms of cooperation<\/b><\/h2>\n<p><span style=\"font-weight: 400;\">You can use our services as<\/span><\/p>\n<ul>\n<li style=\"font-weight: 400;\" aria-level=\"1\"><span style=\"font-weight: 400;\">an unregistered user (in this case, with your consent, we will collect data through cookies when you visit our websites in order to provide better functionality and user experience, security, to count the number of users on the website and to ensure the smooth operation of the websites)<\/span><\/li>\n<li style=\"font-weight: 400;\" aria-level=\"1\"><span style=\"font-weight: 400;\">a user of the online enquiry form (by providing basic information about you, you will enable us to answer your question or make your enquiry in the most detailed and professional way possible). \u00a0<\/span><\/li>\n<li style=\"font-weight: 400;\" aria-level=\"1\"><span style=\"font-weight: 400;\">a registered user, customer (this will enable and facilitate your online purchases on our website). You can modify this information at any time in your online profile on our website, and you can also request its deletion from our database at any time. <\/span><\/li>\n<\/ul>\n<h2><b>4. Data collection and data processing when visiting the website<\/b><\/h2>\n<h3>4.1 General:<\/h3>\n<p><span style=\"font-weight: 400;\">When you visit and use our website only for the purpose of obtaining information, i.e., you do not provide us with your data via specific entry points (enquiry, purchase, contact form), we only collect the personal data that your browser sends to our server. This data is technically necessary for the display of the website and to ensure its stability and security. We pass on certain collected data to external service providers or contractors for processing in accordance with the required purposes (for the display of the website and the layout of its content) and legislation.<\/span><\/p>\n<p><span style=\"font-weight: 400;\">In addition to the information mentioned above, cookies are stored on your computer when you visit and use our website. Cookies are small text files that your browser places on your device to store certain information. The next time you visit our website on the same device, the information stored in the cookies is sent to our website (&#8220;own cookies&#8221;) or to another website to which the cookie belongs (&#8220;other cookies&#8221;). The information stored and returned to you is used by the specific website to recognise that you have already accessed and visited that website in the browser you are using on your device. We use this information to design and display the website in an optimal way according to your taste. In this respect, only the cookie is recognised on your device. Outside of this context, your personal data will only be stored with your explicit consent or if it is strictly necessary to enable you to use the services available to you and which you access.<\/span><\/p>\n<p><span style=\"font-weight: 400;\">This website also uses Google Analytics, a web analytics service provided by Google, Inc. (&#8220;Google&#8221;). Google Analytics uses a special form of cookie which is stored on your computer and which enables an analysis of your use of the website. The information collected by the cookie about your use of the website is generally transmitted to and stored on a Google server in the USA.<\/span><\/p>\n<h3>4.2 Data we collect about our registered users and customers:<\/h3>\n<ul>\n<li style=\"font-weight: 400;\" aria-level=\"1\"><span style=\"font-weight: 400;\">Identity data: first name, last name, email address and password, which is encrypted and known only to the user (even we don&#8217;t know it). If you have registered via any social network (Facebook, Google, etc.), your identity data may also include the username you use on that social network. The identity data of business users also includes the name of the company and the tax number or VAT number. We also store the VAT number for natural persons who are VAT-registered. You can view and edit this information via the menu in your profile.<\/span><\/li>\n<li style=\"font-weight: 400;\" aria-level=\"1\"><span style=\"font-weight: 400;\">Contact details: delivery addresses, billing address and telephone number. You can view and edit this information via the menu in your profile.<\/span><\/li>\n<li style=\"font-weight: 400;\" aria-level=\"1\"><span style=\"font-weight: 400;\">Financial data: we do not store your credit card details. We only share this information with your credit card issuer. The same applies to other similar forms of online payment.<\/span><\/li>\n<li style=\"font-weight: 400;\" aria-level=\"1\"><span style=\"font-weight: 400;\">Purchase and payment data: we store all your order and payment data, including cancellations, order returns. You can view and edit this information via the menu in your profile.<\/span><\/li>\n<li style=\"font-weight: 400;\" aria-level=\"1\"><span style=\"font-weight: 400;\">Information related to your usage and profile: last product views, pending orders, frequency of visits to each department, frequent purchases, communication with us via the Questions &amp; Answers section, selected departments, and comments and reviews of our offers. You can view and edit this information via the menu in your profile on our website.<\/span><\/li>\n<li style=\"font-weight: 400;\" aria-level=\"1\"><span style=\"font-weight: 400;\">Technical data: to ensure security and verifiability, IP addresses, operating system, browser, operating system, the location of your device, the type of device you use to access our site, etc. are also collected. When you visit via cookies, we also collect data with your consent to provide better functionality and user experience, security, to count the number of users on the website and to ensure the smooth operation of the website. A session cookie is assigned to each user at the start of their visit to identify and track their shopping basket. Silvaprodukt d.o.o. may also store other cookies on the user&#8217;s computer, such as the user&#8217;s identification number in encrypted form (to identify the user on the next visit) and cookies from Google Analytics (analysis of visits to the website), Facebook, &#8230; Session cookies are only stored in the server&#8217;s memory for the duration of the visit and are deleted after one hour of inactivity, while permanent cookies are stored on the visitor&#8217;s computer for 2 years, after which they become inactive.<\/span><\/li>\n<\/ul>\n<p><span style=\"font-weight: 400;\">Any personal data you provide to us via the website (an enquiry, an online purchase or a completed contact form) will be treated confidentially and used for the purposes for which you provided it. If there is a need to further process your data for another purpose, we will inform you in advance and ask for your consent.<\/span><\/p>\n<p><span style=\"font-weight: 400;\">You may visit the website www.silvaprodukt.si without providing any personal data. Providing personal data is only necessary if you are submitting your enquiry, making an online purchase or contacting us via the contact form. \u00a0<\/span><\/p>\n<p><span style=\"font-weight: 400;\">The provider will not pass on the collected data to third parties unless there is a legal basis for doing so (e.g., requests from courts or other authorities, etc.).<\/span><\/p>\n<p><span style=\"font-weight: 400;\">The User acknowledges and agrees that the Provider may entrust individual tasks relating to the collected data to third parties (contract processors). Third parties may process the entrusted data only within the limits of the provider&#8217;s authorisation and in accordance with the purposes of the use of the data.<\/span><\/p>\n<h3><span style=\"font-weight: 400;\">4.2 How we collect your personal data:<\/span><\/h3>\n<p><span style=\"font-weight: 400;\">We collect your personal data in a number of ways, including:\u00a0<\/span><\/p>\n<ul>\n<li style=\"font-weight: 400;\" aria-level=\"1\"><span style=\"font-weight: 400;\">when you register as a user of our website;<\/span><\/li>\n<li style=\"font-weight: 400;\" aria-level=\"1\"><span style=\"font-weight: 400;\">when you place an order;<\/span><\/li>\n<li style=\"font-weight: 400;\" aria-level=\"1\"><span style=\"font-weight: 400;\">when you cancel an order;<\/span><\/li>\n<li style=\"font-weight: 400;\" aria-level=\"1\"><span style=\"font-weight: 400;\">when you subscribe to any of our notifications;<\/span><\/li>\n<li style=\"font-weight: 400;\" aria-level=\"1\"><span style=\"font-weight: 400;\">with prize games;<\/span><\/li>\n<li style=\"font-weight: 400;\" aria-level=\"1\"><span style=\"font-weight: 400;\">when you browse our content;<\/span><\/li>\n<li style=\"font-weight: 400;\" aria-level=\"1\"><span style=\"font-weight: 400;\">when you post a question, comment or review about any of our products;<\/span><\/li>\n<li style=\"font-weight: 400;\" aria-level=\"1\"><span style=\"font-weight: 400;\">when you send us a different question, a request for a complaint, return a product, &#8230;;<\/span><\/li>\n<li style=\"font-weight: 400;\" aria-level=\"1\"><span style=\"font-weight: 400;\">when you communicate with us via social networks;<\/span><\/li>\n<li style=\"font-weight: 400;\" aria-level=\"1\"><span style=\"font-weight: 400;\">from other sources (for example: your ability to purchase on credit is provided to us by your credit provider; whether your credit or debit card is valid and can be used to pay for an order with us is provided to us by your credit card issuer).<\/span><\/li>\n<\/ul>\n<p><span style=\"font-weight: 400;\">Technical data is collected automatically.<\/span><\/p>\n<p><span style=\"font-weight: 400;\">Google, Facebook and other social networks and advertising agencies provide us with the data for which you have given them permission to do so.<\/span><\/p>\n<h3>4.3 Processing of your personal data<\/h3>\n<p><span style=\"font-weight: 400;\">We collect data on registered users and customers and purchases for:<\/span><\/p>\n<ul>\n<li style=\"font-weight: 400;\" aria-level=\"1\"><span style=\"font-weight: 400;\">ensuring we comply with our legal obligations (for example, to keep financial and accounting records);<\/span><\/li>\n<li style=\"font-weight: 400;\" aria-level=\"1\"><span style=\"font-weight: 400;\">carrying out your orders;<\/span><\/li>\n<li style=\"font-weight: 400;\" aria-level=\"1\"><span style=\"font-weight: 400;\">customer profiling, which allows us to display offers on the website that are more relevant to the needs of each individual customer;<\/span><\/li>\n<li style=\"font-weight: 400;\" aria-level=\"1\"><span style=\"font-weight: 400;\">allocation of any benefits;<\/span><\/li>\n<li style=\"font-weight: 400;\" aria-level=\"1\"><span style=\"font-weight: 400;\">business analysis, planning, monitoring of statistics, customer and visitor behaviour, etc., where the data used is anonymised.<\/span><\/li>\n<\/ul>\n<p><span style=\"font-weight: 400;\">The terms and conditions of participation in each prize game, the processing of data and the publication of winners are set out separately in each prize game.<\/span><\/p>\n<p><span style=\"font-weight: 400;\">We will use the questions you submit to us via the contact forms or email addresses published on the Website solely to resolve the problem or to prepare an answer to the question.<\/span><\/p>\n<p><span style=\"font-weight: 400;\">For participation in surveys, publication of your comments, questions and ratings, etc.<\/span><\/p>\n<p><span style=\"font-weight: 400;\">If you communicate with us via any social network, we may also use your data to send you marketing messages via the same social network in accordance with the terms and permissions you have given to the social network operator.<\/span><\/p>\n<h3>4.4 Who has access to your personal data?<\/h3>\n<p><span style=\"font-weight: 400;\">In addition to us, your personal data may also be used by our trusted partners necessary for our performance, in accordance with the applicable Personal Data Protection Act and the European Data Protection Regulation:<\/span><\/p>\n<ul>\n<li style=\"font-weight: 400;\" aria-level=\"1\"><span style=\"font-weight: 400;\">we provide delivery services with the data they need to transport and deliver your order;<\/span><\/li>\n<li style=\"font-weight: 400;\" aria-level=\"1\"><span style=\"font-weight: 400;\">if your order includes products that are in stock with the supplier, we provide the supplier with the data needed to prepare the shipment, including your delivery address and the contents of the order;<\/span><\/li>\n<li style=\"font-weight: 400;\" aria-level=\"1\"><span style=\"font-weight: 400;\">to suppliers if you are handling complaints or issues that require their cooperation through us;<\/span><\/li>\n<li style=\"font-weight: 400;\" aria-level=\"1\"><span style=\"font-weight: 400;\">payment providers (for example, Bankart, Paypal, Mastercard, credit providers);<\/span><\/li>\n<li style=\"font-weight: 400;\" aria-level=\"1\"><span style=\"font-weight: 400;\">authorised institutions, if required by law (court, etc.);<\/span><\/li>\n<li style=\"font-weight: 400;\" aria-level=\"1\"><span style=\"font-weight: 400;\">with your consent, we share your data via cookies with Google, Facebook and other social networks.<\/span><\/li>\n<\/ul>\n<p><span style=\"font-weight: 400;\">All partners who have access to personal data are obliged to handle personal data carefully and in accordance with the law. We only provide them with data that are necessary for the successful execution of an order, sales process or other activity.<\/span><\/p>\n<p><span style=\"font-weight: 400;\">Under no circumstances will your data be passed on to unauthorised third parties.<\/span><\/p>\n<h3>4.5 Storage periods for personal data<\/h3>\n<p><span style=\"font-weight: 400;\">We will store and process your personal data to the extent necessary for the purposes of the processing and for as long as necessary for the completion of the activities ordered or agreed, and thereafter within the limitation periods for the obligations that may arise from the processing of such personal data, in particular where the processing of personal data is necessary in the context of the conclusion or performance of a contract.<\/span><\/p>\n<p><span style=\"font-weight: 400;\">Data obtained on the basis of consent are stored until revocation.<\/span><\/p>\n<p><span style=\"font-weight: 400;\">In cases where the retention period for personal data is prescribed by law, we shall retain the data in accordance with the legal requirement.<\/span><\/p>\n<ul>\n<li style=\"font-weight: 400;\" aria-level=\"1\"><span style=\"font-weight: 400;\">Social media plugins<\/span><\/li>\n<\/ul>\n<p><span style=\"font-weight: 400;\">We use the Facebook social media plugin on our websites. The plugin is marked with the Facebook logo.<\/span><\/p>\n<ul>\n<li style=\"font-weight: 400;\" aria-level=\"1\"><span style=\"font-weight: 400;\">YouTube videos\u00a0<\/span><\/li>\n<\/ul>\n<p><span style=\"font-weight: 400;\">We have included YouTube videos on our website, which are stored at http:\/\/www.YouTube.com and can be streamed directly on our website. All videos are included in &#8216;extended data protection mode&#8217;, which means that no information about you as a user will be passed to YouTube unless you click on the videos to start playing. Only when you play the videos certain data will be transmitted to YouTube. We have no influence on this data transmission.<\/span><\/p>\n<h2>5. Ensuring safety<\/h2>\n<p><span style=\"font-weight: 400;\">We use a number of security protection systems on our websites to ensure adequate protection against loss, disclosure, unauthorised alteration or misuse of data. We use SSL technology for all personal data transmissions, which ensures that all information is encrypted.<\/span><\/p>\n<p><span style=\"font-weight: 400;\">Only authorised persons (employees, contractors) with a username and password have access to the personal data collected.<\/span><\/p>\n<p><span style=\"font-weight: 400;\">Please help us to protect your personal data by ensuring the security of your username and password yourself.<\/span><\/p>\n<h2>6. Data subject rights<\/h2>\n<p><span style=\"font-weight: 400;\">As the data subject of the personal data to be processed, you have the following rights in relation to your personal data, which are set out in Article 15 et seq. of the GDPR:<\/span><\/p>\n<ul>\n<li style=\"font-weight: 400;\" aria-level=\"1\"><span style=\"font-weight: 400;\">right to information;<\/span><\/li>\n<li style=\"font-weight: 400;\" aria-level=\"1\"><span style=\"font-weight: 400;\">right to rectification and erasure;<\/span><\/li>\n<li style=\"font-weight: 400;\" aria-level=\"1\"><span style=\"font-weight: 400;\">right to restriction to processing;<\/span><\/li>\n<li style=\"font-weight: 400;\" aria-level=\"1\"><span style=\"font-weight: 400;\">right to data transferability; and<\/span><\/li>\n<li style=\"font-weight: 400;\" aria-level=\"1\"><span style=\"font-weight: 400;\">right to objection.<\/span><\/li>\n<\/ul>\n<p><span style=\"font-weight: 400;\">You also have the right to lodge a complaint with a supervisory authority in relation to the processing of your personal data.<\/span><\/p>\n<p><span style=\"font-weight: 400;\">Ljubljana, 23 November 2021<\/span><\/p>\n\t\t\t<\/div>\n\t\n\t\t<\/div>\n\t\t\t\t\t<\/div>\n\n\t\n<\/div>\n\t\t<\/div>\n\n\t\t\n<style>\n#section_2065414982 {\n  padding-top: 90px;\n  padding-bottom: 90px;\n}\n#section_2065414982 .section-bg-overlay {\n  background-color: rgb(255, 255, 255);\n}\n<\/style>\n\t<\/section>\n\t\n\t<div id=\"gap-721004036\" class=\"gap-element clearfix\" style=\"display:block; height:auto;\">\n\t\t\n<style>\n#gap-721004036 {\n  padding-top: 100px;\n}\n<\/style>\n\t<\/div>\n\t\n","protected":false},"excerpt":{"rendered":"","protected":false},"author":5,"featured_media":4022,"parent":0,"menu_order":0,"comment_status":"closed","ping_status":"closed","template":"page-blank.php","meta":{"inline_featured_image":false,"footnotes":""},"class_list":["post-4457","page","type-page","status-publish","has-post-thumbnail","hentry"],"acf":[],"_links":{"self":[{"href":"https:\/\/silvaprodukt.si\/en\/wp-json\/wp\/v2\/pages\/4457","targetHints":{"allow":["GET"]}}],"collection":[{"href":"https:\/\/silvaprodukt.si\/en\/wp-json\/wp\/v2\/pages"}],"about":[{"href":"https:\/\/silvaprodukt.si\/en\/wp-json\/wp\/v2\/types\/page"}],"author":[{"embeddable":true,"href":"https:\/\/silvaprodukt.si\/en\/wp-json\/wp\/v2\/users\/5"}],"replies":[{"embeddable":true,"href":"https:\/\/silvaprodukt.si\/en\/wp-json\/wp\/v2\/comments?post=4457"}],"version-history":[{"count":0,"href":"https:\/\/silvaprodukt.si\/en\/wp-json\/wp\/v2\/pages\/4457\/revisions"}],"wp:featuredmedia":[{"embeddable":true,"href":"https:\/\/silvaprodukt.si\/en\/wp-json\/wp\/v2\/media\/4022"}],"wp:attachment":[{"href":"https:\/\/silvaprodukt.si\/en\/wp-json\/wp\/v2\/media?parent=4457"}],"curies":[{"name":"wp","href":"https:\/\/api.w.org\/{rel}","templated":true}]}}