{"id":4525,"date":"2022-10-06T05:43:18","date_gmt":"2022-10-06T05:43:18","guid":{"rendered":"http:\/\/silvaprodukt.si\/?post_type=product&#038;p=4525"},"modified":"2024-03-25T06:48:44","modified_gmt":"2024-03-25T05:48:44","slug":"silvaroyal","status":"publish","type":"product","link":"https:\/\/silvaprodukt.si\/de\/izdelek\/silvaroyal\/","title":{"rendered":"Silvaroyal\u00ae"},"content":{"rendered":"<p>Bestellung 50kg \/ 200kg \/ 1000kg ist nach Vereinbarunge hier m\u00f6glich<\/p>\n<p>Die Farben dienen nur zu Demonstrationszwecken und k\u00f6nnen von den tats\u00e4chlichen Holzfarbt\u00f6nen abweichen.<\/p>\n","protected":false},"excerpt":{"rendered":"<p>Holzschutzmittel f\u00fcr grundlegenden Schutz auf Wasserbasis<\/p>\n","protected":false},"featured_media":10204,"comment_status":"open","ping_status":"closed","template":"","meta":{"inline_featured_image":false},"product_brand":[],"product_cat":[],"product_tag":[],"class_list":{"0":"post-4525","1":"product","2":"type-product","3":"status-publish","4":"has-post-thumbnail","7":"first","8":"instock","9":"taxable","10":"shipping-taxable","11":"purchasable","12":"product-type-variable","13":"has-default-attributes"},"acf":[],"_links":{"self":[{"href":"https:\/\/silvaprodukt.si\/de\/wp-json\/wp\/v2\/product\/4525","targetHints":{"allow":["GET"]}}],"collection":[{"href":"https:\/\/silvaprodukt.si\/de\/wp-json\/wp\/v2\/product"}],"about":[{"href":"https:\/\/silvaprodukt.si\/de\/wp-json\/wp\/v2\/types\/product"}],"replies":[{"embeddable":true,"href":"https:\/\/silvaprodukt.si\/de\/wp-json\/wp\/v2\/comments?post=4525"}],"wp:featuredmedia":[{"embeddable":true,"href":"https:\/\/silvaprodukt.si\/de\/wp-json\/wp\/v2\/media\/10204"}],"wp:attachment":[{"href":"https:\/\/silvaprodukt.si\/de\/wp-json\/wp\/v2\/media?parent=4525"}],"wp:term":[{"taxonomy":"product_brand","embeddable":true,"href":"https:\/\/silvaprodukt.si\/de\/wp-json\/wp\/v2\/product_brand?post=4525"},{"taxonomy":"product_cat","embeddable":true,"href":"https:\/\/silvaprodukt.si\/de\/wp-json\/wp\/v2\/product_cat?post=4525"},{"taxonomy":"product_tag","embeddable":true,"href":"https:\/\/silvaprodukt.si\/de\/wp-json\/wp\/v2\/product_tag?post=4525"}],"curies":[{"name":"wp","href":"https:\/\/api.w.org\/{rel}","templated":true}]}}