{"id":3759,"date":"2022-08-31T07:11:25","date_gmt":"2022-08-31T05:11:25","guid":{"rendered":"http:\/\/silvaprodukt.si\/product\/silvanol\/"},"modified":"2022-10-12T09:43:16","modified_gmt":"2022-10-12T09:43:16","slug":"silvanol","status":"publish","type":"product","link":"https:\/\/silvaprodukt.si\/de\/izdelek\/silvanol\/","title":{"rendered":"Silvanol"},"content":{"rendered":"<p class=\"woocommerce-loop-product__title\"><a href=\"\/silva?page_id=1739\">Bestellung 50kg \/ 200kg \/ 1000kg ist\u00a0<strong>nach\u00a0<u>Vereinbarunge hier m\u00f6glich<\/u><\/strong><\/a><\/p>\n<p>Die Farben dienen nur zu Demonstrationszwecken und k\u00f6nnen von den tats\u00e4chlichen Holzfarbt\u00f6nen abweichen.<\/p>\n","protected":false},"excerpt":{"rendered":"<p>Holzschutzmittel f\u00fcr grundlegenden Schutz auf Wasserbasis<\/p>\n","protected":false},"featured_media":10244,"comment_status":"open","ping_status":"closed","template":"","meta":{"inline_featured_image":false},"product_brand":[],"product_cat":[94],"product_tag":[],"class_list":{"0":"post-3759","1":"product","2":"type-product","3":"status-publish","4":"has-post-thumbnail","6":"product_cat-uncategorized-de","8":"first","9":"instock","10":"taxable","11":"shipping-taxable","12":"purchasable","13":"product-type-variable","14":"has-default-attributes"},"acf":[],"_links":{"self":[{"href":"https:\/\/silvaprodukt.si\/de\/wp-json\/wp\/v2\/product\/3759","targetHints":{"allow":["GET"]}}],"collection":[{"href":"https:\/\/silvaprodukt.si\/de\/wp-json\/wp\/v2\/product"}],"about":[{"href":"https:\/\/silvaprodukt.si\/de\/wp-json\/wp\/v2\/types\/product"}],"replies":[{"embeddable":true,"href":"https:\/\/silvaprodukt.si\/de\/wp-json\/wp\/v2\/comments?post=3759"}],"wp:featuredmedia":[{"embeddable":true,"href":"https:\/\/silvaprodukt.si\/de\/wp-json\/wp\/v2\/media\/10244"}],"wp:attachment":[{"href":"https:\/\/silvaprodukt.si\/de\/wp-json\/wp\/v2\/media?parent=3759"}],"wp:term":[{"taxonomy":"product_brand","embeddable":true,"href":"https:\/\/silvaprodukt.si\/de\/wp-json\/wp\/v2\/product_brand?post=3759"},{"taxonomy":"product_cat","embeddable":true,"href":"https:\/\/silvaprodukt.si\/de\/wp-json\/wp\/v2\/product_cat?post=3759"},{"taxonomy":"product_tag","embeddable":true,"href":"https:\/\/silvaprodukt.si\/de\/wp-json\/wp\/v2\/product_tag?post=3759"}],"curies":[{"name":"wp","href":"https:\/\/api.w.org\/{rel}","templated":true}]}}