{"id":2498,"date":"2022-08-31T07:11:00","date_gmt":"2022-08-31T05:11:00","guid":{"rendered":"http:\/\/silvaprodukt.si\/product\/silvacera\/"},"modified":"2025-04-02T18:15:37","modified_gmt":"2025-04-02T16:15:37","slug":"silvacera","status":"publish","type":"product","link":"https:\/\/silvaprodukt.si\/de\/izdelek\/silvacera\/","title":{"rendered":"Silvacera"},"content":{"rendered":"<p><a href=\"https:\/\/silvaprodukt.dev-acenta.si\/de\/produkt\/silvacera\/#kontakt-popup\" rel=\"nofollow noopener\" target=\"_blank\">Bestellung 50kg \/ 200kg \/ 1000kg ist\u00a0<strong>nach\u00a0<u>Vereinbarunge hier m\u00f6glich<\/u><\/strong><\/a><\/p>\n<p>Die Farben dienen nur zu Demonstrationszwecken und k\u00f6nnen von den tats\u00e4chlichen Holzfarbt\u00f6nen abweichen.<\/p>\n","protected":false},"excerpt":{"rendered":"<p>Wasserbasierte Wachszubereitung zum wirksamen und langfristigen<\/p>\n","protected":false},"featured_media":10220,"comment_status":"open","ping_status":"closed","template":"","meta":{"inline_featured_image":false},"product_brand":[],"product_cat":[94],"product_tag":[],"class_list":{"0":"post-2498","1":"product","2":"type-product","3":"status-publish","4":"has-post-thumbnail","6":"product_cat-uncategorized-de","8":"first","9":"instock","10":"taxable","11":"shipping-taxable","12":"purchasable","13":"product-type-variable","14":"has-default-attributes"},"acf":[],"_links":{"self":[{"href":"https:\/\/silvaprodukt.si\/de\/wp-json\/wp\/v2\/product\/2498","targetHints":{"allow":["GET"]}}],"collection":[{"href":"https:\/\/silvaprodukt.si\/de\/wp-json\/wp\/v2\/product"}],"about":[{"href":"https:\/\/silvaprodukt.si\/de\/wp-json\/wp\/v2\/types\/product"}],"replies":[{"embeddable":true,"href":"https:\/\/silvaprodukt.si\/de\/wp-json\/wp\/v2\/comments?post=2498"}],"wp:featuredmedia":[{"embeddable":true,"href":"https:\/\/silvaprodukt.si\/de\/wp-json\/wp\/v2\/media\/10220"}],"wp:attachment":[{"href":"https:\/\/silvaprodukt.si\/de\/wp-json\/wp\/v2\/media?parent=2498"}],"wp:term":[{"taxonomy":"product_brand","embeddable":true,"href":"https:\/\/silvaprodukt.si\/de\/wp-json\/wp\/v2\/product_brand?post=2498"},{"taxonomy":"product_cat","embeddable":true,"href":"https:\/\/silvaprodukt.si\/de\/wp-json\/wp\/v2\/product_cat?post=2498"},{"taxonomy":"product_tag","embeddable":true,"href":"https:\/\/silvaprodukt.si\/de\/wp-json\/wp\/v2\/product_tag?post=2498"}],"curies":[{"name":"wp","href":"https:\/\/api.w.org\/{rel}","templated":true}]}}