{"id":6162,"date":"2022-10-20T13:56:11","date_gmt":"2022-10-20T11:56:11","guid":{"rendered":"http:\/\/silvaprodukt.si\/?page_id=6162"},"modified":"2022-10-26T07:28:55","modified_gmt":"2022-10-26T07:28:55","slug":"site-nutzungsbedingungen","status":"publish","type":"page","link":"https:\/\/silvaprodukt.si\/de\/site-nutzungsbedingungen\/","title":{"rendered":"Site nutzungsbedingungen"},"content":{"rendered":"\n\t<section class=\"section\" id=\"section_315320615\">\n\t\t<div class=\"section-bg fill\" >\n\t\t\t<img decoding=\"async\" width=\"1024\" height=\"429\" src=\"https:\/\/silvaprodukt.si\/wp-content\/uploads\/2022\/10\/jasna_2-1024x429-1.jpg\" class=\"bg attachment- size-\" alt=\"\" \/>\t\t\t\t\t\t<div class=\"section-bg-overlay absolute fill\"><\/div>\n\t\t\t\n\n\t\t<\/div>\n\n\t\t\n\n\t\t<div class=\"section-content relative\">\n\t\t\t\n<div class=\"row\"  id=\"row-1112775435\">\n\n\t<div id=\"col-696308408\" class=\"col small-12 large-12\"  >\n\t\t\t\t<div class=\"col-inner\"  >\n\t\t\t\n\t\t\t\n\t<div id=\"text-3015623099\" class=\"text\">\n\t\t\n<h1 style=\"overflow-wrap: break-word;\"><span>Site Nutzungsbedingungen<\/span><\/h1>\n\t\t\n<style>\n#text-3015623099 {\n  font-size: 2.25rem;\n  color: rgb(255, 255, 255);\n}\n#text-3015623099 > * {\n  color: rgb(255, 255, 255);\n}\n<\/style>\n\t<\/div>\n\t\n\t<div id=\"gap-1051383736\" class=\"gap-element clearfix\" style=\"display:block; height:auto;\">\n\t\t\n<style>\n#gap-1051383736 {\n  padding-top: 30px;\n}\n<\/style>\n\t<\/div>\n\t\n<a href=\"https:\/\/silvaprodukt.si\/de\/ueber-uns\/kontakt\/\" class=\"button primary\" >\n\t\t<span>KONTAKT<\/span>\n\t<\/a>\n\n\t\t<\/div>\n\t\t\t\t\t<\/div>\n\n\t\n<\/div>\n\t\t<\/div>\n\n\t\t\n<style>\n#section_315320615 {\n  padding-top: 90px;\n  padding-bottom: 90px;\n  min-height: 610px;\n}\n#section_315320615 .section-bg-overlay {\n  background-color: rgba(0,0,0,.5);\n}\n#section_315320615 .section-bg img {\n  object-position: 46% 95%;\n}\n<\/style>\n\t<\/section>\n\t\n\n\t<section class=\"section\" id=\"section_531324002\">\n\t\t<div class=\"section-bg fill\" >\n\t\t\t\t\t\t\t\t\t\n\t\t\t\n\n\t\t<\/div>\n\n\t\t\n\n\t\t<div class=\"section-content relative\">\n\t\t\t\n<div class=\"row\"  id=\"row-380305548\">\n\n\t<div id=\"col-1943209470\" class=\"col small-12 large-12\"  >\n\t\t\t\t<div class=\"col-inner\"  >\n\t\t\t\n\t\t\t\n<p>Dieses Dokument beschreibt die Nutzungsbedingungen der Website www.silvaprodukt.si, die Eigentum des Unternehmens SILVAPRODUKT d.o.o. Dolenjska cesta 42, 1000 Ljubljana.<\/p>\n<p><strong>Nutzung der Website<\/strong><\/p>\n<p>Durch die Nutzung der Website stimmen Sie den Nutzungsbedingungen zu, deren \u00c4nderung wir uns vorbehalten. Wenn Sie mit den Bedingungen nicht einverstanden sind, empfehlen wir die Nutzung der Website nicht. Als Benutzer der Website silvaprodukt.si verpflichten Sie sich, diese nicht f\u00fcr illegale Zwecke oder entgegen den Nutzungsbedingungen zu verwenden.<\/p>\n<p>Sie d\u00fcrfen die Website silvaprodukt.si nicht auf eine Weise nutzen, die die Website oder das Unternehmen Silvaprodukt, d.o.o. besch\u00e4digen, deaktivieren, \u00fcberlasten oder besch\u00e4digen k\u00f6nnte.<\/p>\n<p>Sie d\u00fcrfen nicht versuchen, unbefugten Zugriff auf Dienste der Website silvaprodukt.si, Computersysteme, damit verbundene Netzwerke oder Daten \u00fcber andere Benutzer davon zu erlangen.<\/p>\n<p>Die Website ist f\u00fcr Benutzer f\u00fcr den pers\u00f6nlichen, nicht kommerziellen Gebrauch bestimmt. Der Austausch, die Vervielf\u00e4ltigung, Verbreitung, Sendung, Ver\u00f6ffentlichung oder sonstige Weitergabe der auf der Website ver\u00f6ffentlichten Daten oder Informationen ist nicht gestattet.<br \/>\nM\u00f6glichkeit, Informationen zu \u00fcbertragen oder zu verkaufen.<\/p>\n<p><strong>Informationen auf der Website<\/strong><\/p>\n<p>Wir werden alle Daten regelm\u00e4\u00dfig \u00fcberpr\u00fcfen und etwaige Fehler umgehend korrigieren. Silvaprodukt.si beh\u00e4lt sich das Recht vor, die Daten auf diesen Seiten ohne besondere Ank\u00fcndigung zu \u00e4ndern.<\/p>\n<p>Wir \u00fcbernehmen keine Verantwortung f\u00fcr Inhalt, Richtigkeit und Genauigkeit der Daten auf der Website silvaprodukt.si (Leistungsbeschreibungen, Beratung&#8230;).<\/p>\n<p><strong>Links auf der Website silvaprodukt.si<\/strong><\/p>\n<p>Um einen guten Vertragsabschluss und die Vertragserf\u00fcllung zu gew\u00e4hrleisten, verarbeiten wir verschiedene Arten von personenbezogenen Daten.<\/p>\n<p>Die Website silvaprodukt.si kann Links enthalten &#8211; Links auf die Seiten anderer Unternehmen oder Personen. Die Links dienen lediglich der Information der Benutzer. Silvaprodukt d.o.o. \u00fcbernimmt keine Verantwortung f\u00fcr die Richtigkeit der Informationen und Inhalte dieser Seiten.<br \/>\nEbenso gilt die Erkl\u00e4rung zum Schutz personenbezogener Daten nicht f\u00fcr Links, die Links zu anderen Anbietern au\u00dferhalb von silvaprodukt.si enthalten.<\/p>\n<p><strong>Schutz personenbezogener Daten<\/strong><\/p>\n<p>Daten Silvaprodukt d.o.o. speichert die personenbezogenen Daten, die Sie \u00fcber die Website senden. Die Daten werden ausschlie\u00dflich f\u00fcr den internen Gebrauch und f\u00fcr die Kommunikation \u00fcber gesendete Anfragen und Produktk\u00e4ufe verwendet.<br \/>\nBenutzer k\u00f6nnen jederzeit die L\u00f6schung personenbezogener Daten verlangen, indem sie eine Anfrage zur L\u00f6schung personenbezogener Daten an die E-Mail-Adresse info@silvaprodukt.si senden<\/p>\n<p><a href=\"https:\/\/silvaprodukt.si\/de\/datenschutz-bestimmungen\/\">Datenschutzrichtlinie<\/a><\/p>\n<p><strong><br \/>\nRechte an geistigem Eigentum<\/strong><\/p>\n<p>Die Website und ihr Inhalt sind geistiges Eigentum von Silvaprodukt. d.o.o. oder seine Autoren und d\u00fcrfen ohne die ausdr\u00fcckliche schriftliche Zustimmung von Silvaprodukt d.o.o. nicht verwendet werden, au\u00dfer in der in den Allgemeinen Nutzungsbedingungen festgelegten Weise, Logo, alle Fotos und Texte sowie alle Website-Inhalte, Grafiken und Schaltfl\u00e4chensymbole sind geistiges Eigentum von Silvaprodukt d.o.o. Alle anderen Marken, Produktnamen und Firmennamen oder Logos sind deren Eigentum Besitzer. Au\u00dfer in den auf der Website eindeutig angegebenen F\u00e4llen ist es verboten, den Inhalt der Website f\u00fcr kommerzielle Zwecke zu kopieren, zu drucken, zu \u00fcbertragen, anzuzeigen, zu verkaufen, zu ver\u00f6ffentlichen, zu speichern, zu modifizieren und zu verwenden. ohne die vorherige schriftliche Zustimmung von Silvaprodukt. d.o.o.<\/p>\n<p>Logos, Firmennamen, Warenzeichen und andere auf der Website angezeigte Marken k\u00f6nnen gesch\u00fctzte Marken sein und sind entweder Eigentum von Silvaprodukt d.o.o. oder werden mit Zustimmung des Inhabers der gewerblichen Rechte an diesen Marken ver\u00f6ffentlicht. Ihre Verwendung ist ohne die vorherige schriftliche Zustimmung von Silvaprodukt d.o.o. oder Dritten verboten.<\/p>\n<p>Wenn Sie Fragen zur Nutzung der Seite haben, k\u00f6nnen Sie uns bedenkenlos kontaktieren.<\/p>\n\t\t<\/div>\n\t\t\t\t\t<\/div>\n\n\t\n<\/div>\n\t\t<\/div>\n\n\t\t\n<style>\n#section_531324002 {\n  padding-top: 30px;\n  padding-bottom: 30px;\n}\n<\/style>\n\t<\/section>\n\t\n","protected":false},"excerpt":{"rendered":"","protected":false},"author":5,"featured_media":4022,"parent":0,"menu_order":0,"comment_status":"closed","ping_status":"closed","template":"page-blank.php","meta":{"inline_featured_image":false,"footnotes":""},"class_list":["post-6162","page","type-page","status-publish","has-post-thumbnail","hentry"],"acf":[],"_links":{"self":[{"href":"https:\/\/silvaprodukt.si\/de\/wp-json\/wp\/v2\/pages\/6162","targetHints":{"allow":["GET"]}}],"collection":[{"href":"https:\/\/silvaprodukt.si\/de\/wp-json\/wp\/v2\/pages"}],"about":[{"href":"https:\/\/silvaprodukt.si\/de\/wp-json\/wp\/v2\/types\/page"}],"author":[{"embeddable":true,"href":"https:\/\/silvaprodukt.si\/de\/wp-json\/wp\/v2\/users\/5"}],"replies":[{"embeddable":true,"href":"https:\/\/silvaprodukt.si\/de\/wp-json\/wp\/v2\/comments?post=6162"}],"version-history":[{"count":0,"href":"https:\/\/silvaprodukt.si\/de\/wp-json\/wp\/v2\/pages\/6162\/revisions"}],"wp:featuredmedia":[{"embeddable":true,"href":"https:\/\/silvaprodukt.si\/de\/wp-json\/wp\/v2\/media\/4022"}],"wp:attachment":[{"href":"https:\/\/silvaprodukt.si\/de\/wp-json\/wp\/v2\/media?parent=6162"}],"curies":[{"name":"wp","href":"https:\/\/api.w.org\/{rel}","templated":true}]}}