{"id":4566,"date":"2022-09-06T08:48:23","date_gmt":"2022-09-06T08:48:23","guid":{"rendered":"http:\/\/silvaprodukt.si\/politika-piskotkov\/"},"modified":"2022-10-26T09:03:58","modified_gmt":"2022-10-26T09:03:58","slug":"cookie-richtlinie","status":"publish","type":"page","link":"https:\/\/silvaprodukt.si\/de\/cookie-richtlinie\/","title":{"rendered":"Cookie Richtlinie"},"content":{"rendered":"\n\t<section class=\"section\" id=\"section_81363484\">\n\t\t<div class=\"section-bg fill\" >\n\t\t\t<img decoding=\"async\" width=\"1600\" height=\"670\" src=\"https:\/\/silvaprodukt.si\/wp-content\/uploads\/2022\/09\/jasna_2.jpg\" class=\"bg attachment- size-\" alt=\"\" \/>\t\t\t\t\t\t<div class=\"section-bg-overlay absolute fill\"><\/div>\n\t\t\t\n\n\t\t<\/div>\n\n\t\t\n\n\t\t<div class=\"section-content relative\">\n\t\t\t\n<div class=\"row\"  id=\"row-475750647\">\n\n\t<div id=\"col-1984715536\" class=\"col small-12 large-12\"  >\n\t\t\t\t<div class=\"col-inner dark\"  >\n\t\t\t\n\t\t\t\n<h1>Cookie richtlinie<\/h1>\n\t<div id=\"gap-2130998986\" class=\"gap-element clearfix\" style=\"display:block; height:auto;\">\n\t\t\n<style>\n#gap-2130998986 {\n  padding-top: 30px;\n}\n<\/style>\n\t<\/div>\n\t\n<a href=\"https:\/\/silvaprodukt.si\/o-nas\/kontakt\/\" class=\"button primary\" >\n\t\t<span>KONTAKT<\/span>\n\t<\/a>\n\n\t\t<\/div>\n\t\t\t\t\t<\/div>\n\n\t\n<\/div>\n\t\t<\/div>\n\n\t\t\n<style>\n#section_81363484 {\n  padding-top: 90px;\n  padding-bottom: 90px;\n  min-height: 610px;\n}\n#section_81363484 .section-bg-overlay {\n  background-color: rgba(0, 0, 0, 0.35);\n}\n#section_81363484 .section-bg img {\n  object-position: 45% 80%;\n}\n<\/style>\n\t<\/section>\n\t\n\n\t<section class=\"section\" id=\"section_2029452405\">\n\t\t<div class=\"section-bg fill\" >\n\t\t\t\t\t\t\t\t\t\n\t\t\t\n\n\t\t<\/div>\n\n\t\t\n\n\t\t<div class=\"section-content relative\">\n\t\t\t\n<div class=\"row align-middle\"  id=\"row-1174974258\">\n\n\t<div id=\"col-882132275\" class=\"col medium-12 small-12 large-12\"  >\n\t\t\t\t<div class=\"col-inner\"  >\n\t\t\t\n\t\t\t\n<div class=\"elementor-element elementor-element-29e9d6b2 elementor-widget elementor-widget-heading\" data-id=\"29e9d6b2\" data-element_type=\"widget\" data-widget_type=\"heading.default\">\n<div class=\"elementor-widget-container\">\n<h2 class=\"elementor-heading-title elementor-size-default\">Cookie Richtlinie<\/h2>\n<\/div>\n<\/div>\n<div class=\"elementor-element elementor-element-30c29176 elementor-widget elementor-widget-text-editor\" data-id=\"30c29176\" data-element_type=\"widget\" data-widget_type=\"text-editor.default\">\n<div class=\"elementor-widget-container\">\n<div class=\"elementor-text-editor elementor-clearfix\">\n<p>Cookies sind kleine Textdateien, die die meisten Websites auf den Ger\u00e4ten der Benutzer speichern und dazu dienen, Interneteinstellungen zu speichern. Der Zweck von Cookies besteht darin, die einzelnen Ger\u00e4te zu identifizieren, die Benutzer verwendet haben, um auf die Website zuzugreifen. Dadurch k\u00f6nnen Webseiten erkennen, ob der Nutzer sie bereits besucht hat und den angezeigten Inhalt in manchen F\u00e4llen entsprechend anpassen. Ihre Speicherung unterliegt der vollen Kontrolle des Internetbrowsers des jeweiligen Benutzers, sodass jeder Benutzer das Speichern von Cookies einschr\u00e4nken oder vollst\u00e4ndig deaktivieren kann.<\/p>\n<h2>Warum sind Cookies notwendig?<\/h2>\n<p>Cookies sind grundlegend f\u00fcr die Bereitstellung benutzerfreundlicher Online-Dienste. Ohne Cookies w\u00e4ren die g\u00e4ngigsten E-Business-Funktionen nicht m\u00f6glich. Die Interaktion zwischen dem Webbenutzer und der Website ist mit Hilfe von Cookies schneller und einfacher. Mit ihrer Hilfe merkt sich die Website die Vorlieben und Erfahrungen des Einzelnen, spart Zeit und macht das Surfen effizienter und angenehmer. Cookies werden von den meisten Websites verwendet, da sie ein praktisches Mittel sind, um Inhalte aktuell und angemessen zu halten, was den Interessen und Vorlieben einzelner Webbenutzer entspricht.<\/p>\n<p>Websites verwenden verschiedene Arten von Cookies.<\/p>\n<h2>Obligatorische Cookies<\/h2>\n<p>Diese Cookies sind immer aktiviert und f\u00fcr das grundlegende Funktionieren der Website erforderlich. Ohne diese Cookies funktionieren Websites nicht richtig. <br \/>Dementsprechend bitten wir nicht ausdr\u00fccklich um Erlaubnis, diese Cookies zu verwenden.<\/p>\n<p>Also Cookies, die sich an Sie erinnern, damit Sie Websites ohne Unterbrechung durchsuchen k\u00f6nnen. Diese Gruppe umfasst Cookies, die f\u00fcr die Website verwendet werden, um Ihre Eingaben in Online-Formularen usw. zu speichern. Sie sind obligatorisch, weil sie unter anderem die Sicherheit gew\u00e4hrleisten und damit den Missbrauch von Systemen verhindern.<\/p>\n<h2>Funktionale und analytische Cookies<\/h2>\n<p>Funktionale Cookies sind Cookies, die die Benutzererfahrung auf Websites verbessern, und die Erlaubnis zur Verwendung dieser Cookies wird durch die Verwendung von oder eingeholt nach Vereinbarung. Analytische Cookies erm\u00f6glichen es uns, anonymes Tracking zu verwenden, um die Website-Funktionalit\u00e4t zu verbessern, ein personalisierteres Erlebnis auf unserer Website zu bieten und Ihre Auswahl bei der Nutzung unserer Website zu speichern. Diese Tracking-Cookies erm\u00f6glichen die Analyse der Besuche und angesehenen Inhalte. Diese Cookies sind anonym und erm\u00f6glichen kein Tracking von spezifisch identifizierten Benutzern. Sie erm\u00f6glichen es uns auch, Produkte, die f\u00fcr Sie von Interesse sind, leichter zu identifizieren. In einigen F\u00e4llen besteht der Vorteil dieser Cookies darin,die Verarbeitungsgeschwindigkeit Ihrer Anfragen zu verbessern, Ihre Pr\u00e4ferenzen zu erkennen und zu speichern und Ihnen zu helfen, sich mit sozialen Netzwerken zu verbinden. Wenn Sie diese Cookies nicht ausw\u00e4hlen, kann sich dies in schlecht gestalteten Empfehlungen widerspiegeln.<\/p>\n<p>\u00a0<\/p>\n<h2>Welche Cookies enth\u00e4lt die Website silvaprodukt.si?<\/h2>\n<p>Mit Hilfe von Cookies sorgt Silvaprodukt f\u00fcr eine bessere und benutzerfreundlichere und personalisiertere Bedienung und Anzeige der Website, gleichzeitig helfen Cookies bei der Analyse der Benutzer,der Erfassung der Besuche (statistische Zwecke) und f\u00fcr effektivere Werbung. Keines der Cookies, die wir auf unseren Websites verwenden, sammelt Informationen, mit denen Sie pers\u00f6nlich identifiziert werden k\u00f6nnten. Die Daten werden nur zu Analysezwecken verwendet.<\/p>\n<p>Indem Sie diese Website weiterhin nutzen, stimmen Sie unserer Cookie-Richtlinie zu. Sie k\u00f6nnen Ihre Cookie-Einstellungen jederzeit \u00e4ndern.<\/p>\n<p>Unsere Websites und Anwendungen verwenden die folgenden Cookies:<\/p>\n<p>Nicht-invasive Cookies, die f\u00fcr den Betrieb der Website erforderlich sind:<b><\/b><\/p>\n<p>wp-settings<br \/>wp-settings-time<br \/>wordpress_logged_in<br \/>wordpress_sec_ ali wordpress_test_cookie<br \/>moove_gdpr_popup<\/p>\n<p>Invasive Cookies, die nach Zustimmung verwendet werden:<\/p>\n<p>Google Analytics<\/p>\n<table style=\"overflow: auto;\">\n<thead>\n<tr>\n<th>#<\/th>\n<th>QUELLE<\/th>\n<th>COOKIES<\/th>\n<th>BESCHREIBUNG DES COOKIES<\/th>\n<th>PROZESS<\/th>\n<\/tr>\n<\/thead>\n<tbody>\n<tr>\n<th>1<\/th>\n<td>WordPress<\/td>\n<td>wp-settings-<\/td>\n<td>\n<p>WordPress setzt einige wp-settings-[UID]-Cookies. Die Zahl am Ende ist die Identifikationsnummer des Benutzers, die sich in der Benutzertabelle der Datenbank befindet. <br \/>Das Cookie wird verwendet, um das Aussehen der Admin-Oberfl\u00e4che und das Aussehen der Website anzupassen.<\/p>\n<\/td>\n<td>Nach dem\u00a0 1. Jahr<\/td>\n<\/tr>\n<tr>\n<th>2<\/th>\n<td>WordPress<\/td>\n<td>wp-settings-time<\/td>\n<td>WordPress setzt einige wp-settings-[UID]-Cookies. Die Zahl am Ende ist die Identifikationsnummer des Benutzers, die sich in der Benutzertabelle der Datenbank befindet. <br \/>Das Cookie wird verwendet, <br \/>um das Aussehen der Admin-Oberfl\u00e4che und das Aussehen der Website anzupassen.<\/td>\n<td>Nach dem 1. Jahr<\/td>\n<\/tr>\n<tr>\n<th>3<\/th>\n<td>WordPress<\/td>\n<td>wordpress_logged_in_<\/td>\n<td>WordPress verwendet dieses Cookie, um zu \u00fcberpr\u00fcfen, wer im System angemeldet ist.<\/td>\n<td>Nachdem die Browsersitzung beendet ist<\/td>\n<\/tr>\n<tr>\n<th>4<\/th>\n<td>WordPress<\/td>\n<td>wordpress_sec_ ali wordpress_test_cookie<\/td>\n<td>WordPress verwendet diese beiden Cookies, um das Vorhandensein von Cookies zu \u00fcberpr\u00fcfen oder um zu \u00fcberpr\u00fcfen, ob der Browser das Speichern von Cookies zul\u00e4sst.<\/td>\n<td>Nachdem die Browsersitzung beendet ist<\/td>\n<\/tr>\n<tr>\n<th>5<\/th>\n<td>Google Analytics<\/td>\n<td>_ga<\/td>\n<td>Es wird verwendet, um Benutzerinteraktionen mit der Website zu verfolgen.<\/td>\n<td>Nach dem 2. Jahr<\/td>\n<\/tr>\n<tr>\n<th>6<\/th>\n<td>Moove GDPR popup<\/td>\n<td>moove_gdpr_popup<\/td>\n<td>Merken Sie sich die von Ihnen gew\u00e4hlten Cookie-Einstellungen.<\/td>\n<td>Nach dem 1. Jahr<\/td>\n<\/tr>\n<tr>\n<th>7<\/th>\n<td>Stripe<\/td>\n<td>__stripe_mid<\/td>\n<td>Betrugspr\u00e4vention bereitzustellen.<\/td>\n<td>Nach dem 1. Jahr<\/td>\n<\/tr>\n<tr>\n<th>8<\/th>\n<td>Stripe<\/td>\n<td>__stripe_sid<\/td>\n<td>Betrugspr\u00e4vention bereitzustellen.<\/td>\n<td>Nach 30 Minuten<\/td>\n<\/tr>\n<tr>\n<th>9<\/th>\n<td>\n                Litespeed<\/td>\n<td>\n                _lscache_vary<\/td>\n<td>um die Verhinderung von zwischengespeicherten Seiten bereitzustellen.<\/td>\n<td>2 Tage<\/td>\n<\/tr>\n<tr>\n<th>10<\/th>\n<td>\n                BlogVault<\/td>\n<td>\n                Bvfw-Bypass-Cookie<\/td>\n<td>\n                mit unbekannter Funktion<\/td>\n<td>mindestens eine Sitzung<\/td>\n<\/tr>\n<tr>\n<th>11<\/th>\n<td>\n                Automattic, JetPack, WooCommerce<\/td>\n<td>\n                Tk_ai<\/td>\n<td>\n                um eine eindeutige Benutzer-ID zu speichern.<\/td>\n<td>Nach einer abgeschlossenen Browsersitzung<\/td>\n<\/tr>\n<tr>\n<th>12<\/th>\n<td>\n                WooCommerce<\/td>\n<td> Woocommerce_cart_hash<\/td>\n<td>\n                um Artikel im Warenkorb zu speichern.<\/td>\n<td>\n                1 Tag<\/td>\n<\/tr>\n<tr>\n<th>13<\/th>\n<td>\n                WooCommerce<\/td>\n<td> Woocommerce_items_in_cart<\/td>\n<td>\n                um Artikel im Warenkorb zu speichern.<\/td>\n<td>\n                Sitzung<\/td>\n<\/tr>\n<tr>\n<th>14<\/th>\n<td>\n            WPML<\/td>\n<td> Wp-Wpml_current_language<\/td>\n<td>\n            Spracheinstellungen speichern<\/td>\n<td>\n            1 Tag\n        <\/td>\n<\/tr>\n<tr>\n<th>15<\/th>\n<td>\n<p>WooCommerce\n            <\/td>\n<td>\n<p>\n                    Woocommerce_items_in_cart\n            <\/td>\n<td>\n                Artikel im Warenkorb zu speichern.\n            <\/td>\n<td>Sitzungen<\/td>\n<\/tr>\n<tr>\n<th>16<\/th>\n<td>\n<p>\n                    WordPress\n            <\/td>\n<td>\n<p>\n                    WordPress_test_cookie\n            <\/td>\n<td>\n                um zu lesen, ob Cookies installiert werden k\u00f6nnen.\n            <\/td>\n<\/tr>\n<tr>\n<th>17<\/th>\n<td>\/<\/td>\n<td>pavarti-cookie<\/td>\n<td>\/<\/td>\n<td>\/<\/td>\n<\/tr>\n<\/tbody>\n<\/table>\n<p>Wir verpflichten uns, unsere eigenen Cookies nicht an Dritte weiterzugeben. Sie k\u00f6nnen Cookies \u00fcber die Einstellungen in Ihrem Browser l\u00f6schen oder deaktivieren. <br \/>Anweisungen finden Sie unten. Wenn Sie Cookies deaktivieren, funktionieren einige Websites m\u00f6glicherweise nicht richtig f\u00fcr Sie.<\/p>\n<p>Cookie-Manager: <b>Silvaprodukt d.o.o.<\/b><\/p>\n<p><b><strong>Anleitung zum Bearbeiten und L\u00f6schen von Cookies im Browser:<\/strong><\/b><\/p>\n<p><u><a href=\"https:\/\/support.google.com\/chrome\/answer\/95647?hl=sl\" rel=\"nofollow noopener\" target=\"_blank\">Google Chrome<\/a><\/u><\/p>\n<p><a href=\"https:\/\/support.microsoft.com\/en-us\/help\/17442\/windows-internet-explorer-delete-manage-cookies#ie=ie-10\" rel=\"nofollow noopener\" target=\"_blank\">Internet Explorer<\/a><\/p>\n<p><a href=\"https:\/\/www.wikihow.com\/Delete-Cookies-Using-the-Safari-Web-Browser\" rel=\"nofollow noopener\" target=\"_blank\">Safari<\/a><\/p>\n<p><a href=\"https:\/\/support.mozilla.org\/sl\/kb\/izbrisite-piskotke-podatke-strani\" rel=\"nofollow noopener\" target=\"_blank\">Firefox<\/a><\/p>\n<p><a href=\"https:\/\/help.opera.com\/en\/latest\/\" rel=\"nofollow noopener\" target=\"_blank\">Opera<\/a><\/p>\n<\/div>\n<\/div>\n<\/div>\n\t\t<\/div>\n\t\t\t\t\t<\/div>\n\n\t\n<\/div>\n\t\t<\/div>\n\n\t\t\n<style>\n#section_2029452405 {\n  padding-top: 90px;\n  padding-bottom: 90px;\n}\n<\/style>\n\t<\/section>\n\t\n\t<div id=\"gap-677141263\" class=\"gap-element clearfix\" style=\"display:block; height:auto;\">\n\t\t\n<style>\n#gap-677141263 {\n  padding-top: 100px;\n}\n<\/style>\n\t<\/div>\n\t\n","protected":false},"excerpt":{"rendered":"","protected":false},"author":5,"featured_media":4022,"parent":0,"menu_order":0,"comment_status":"closed","ping_status":"closed","template":"page-blank.php","meta":{"inline_featured_image":false,"footnotes":""},"class_list":["post-4566","page","type-page","status-publish","has-post-thumbnail","hentry"],"acf":[],"_links":{"self":[{"href":"https:\/\/silvaprodukt.si\/de\/wp-json\/wp\/v2\/pages\/4566","targetHints":{"allow":["GET"]}}],"collection":[{"href":"https:\/\/silvaprodukt.si\/de\/wp-json\/wp\/v2\/pages"}],"about":[{"href":"https:\/\/silvaprodukt.si\/de\/wp-json\/wp\/v2\/types\/page"}],"author":[{"embeddable":true,"href":"https:\/\/silvaprodukt.si\/de\/wp-json\/wp\/v2\/users\/5"}],"replies":[{"embeddable":true,"href":"https:\/\/silvaprodukt.si\/de\/wp-json\/wp\/v2\/comments?post=4566"}],"version-history":[{"count":0,"href":"https:\/\/silvaprodukt.si\/de\/wp-json\/wp\/v2\/pages\/4566\/revisions"}],"wp:featuredmedia":[{"embeddable":true,"href":"https:\/\/silvaprodukt.si\/de\/wp-json\/wp\/v2\/media\/4022"}],"wp:attachment":[{"href":"https:\/\/silvaprodukt.si\/de\/wp-json\/wp\/v2\/media?parent=4566"}],"curies":[{"name":"wp","href":"https:\/\/api.w.org\/{rel}","templated":true}]}}