{"id":4458,"date":"2022-09-06T08:48:11","date_gmt":"2022-09-06T08:48:11","guid":{"rendered":"http:\/\/silvaprodukt.si\/politika-zasebnosti\/"},"modified":"2022-10-26T07:30:16","modified_gmt":"2022-10-26T07:30:16","slug":"datenschutz-bestimmungen","status":"publish","type":"page","link":"https:\/\/silvaprodukt.si\/de\/datenschutz-bestimmungen\/","title":{"rendered":"Datenschutz-Bestimmungen"},"content":{"rendered":"\n\t<section class=\"section\" id=\"section_1258259606\">\n\t\t<div class=\"section-bg fill\" >\n\t\t\t<img decoding=\"async\" width=\"1600\" height=\"670\" src=\"https:\/\/silvaprodukt.si\/wp-content\/uploads\/2022\/09\/jasna_2.jpg\" class=\"bg attachment- size-\" alt=\"\" \/>\t\t\t\t\t\t<div class=\"section-bg-overlay absolute fill\"><\/div>\n\t\t\t\n\n\t\t<\/div>\n\n\t\t\n\n\t\t<div class=\"section-content relative\">\n\t\t\t\n<div class=\"row\"  id=\"row-1988245989\">\n\n\t<div id=\"col-1552091874\" class=\"col small-12 large-12\"  >\n\t\t\t\t<div class=\"col-inner dark\"  >\n\t\t\t\n\t\t\t\n\t<div id=\"text-2218967072\" class=\"text\">\n\t\t\n<h1><span style=\" overflow-wrap: break-word;\">Datenschutz-bestimmungen und richtlinien zum schutz personenbezogener daten<\/span><\/h1>\n\t\t\n<style>\n#text-2218967072 {\n  font-size: 1.65rem;\n}\n<\/style>\n\t<\/div>\n\t\n\t\t<\/div>\n\t\t\t\t\t<\/div>\n\n\t\n<\/div>\n\t\t<\/div>\n\n\t\t\n<style>\n#section_1258259606 {\n  padding-top: 90px;\n  padding-bottom: 90px;\n  min-height: 610px;\n}\n#section_1258259606 .section-bg-overlay {\n  background-color: rgba(0, 0, 0, 0.35);\n}\n#section_1258259606 .section-bg img {\n  object-position: 46% 100%;\n}\n<\/style>\n\t<\/section>\n\t\n\n\t<section class=\"section\" id=\"section_2124856205\">\n\t\t<div class=\"section-bg fill\" >\n\t\t\t\t\t\t\t\t\t<div class=\"section-bg-overlay absolute fill\"><\/div>\n\t\t\t\n\n\t\t<\/div>\n\n\t\t\n\n\t\t<div class=\"section-content relative\">\n\t\t\t\n<div class=\"row align-middle\"  id=\"row-1440812394\">\n\n\t<div id=\"col-308510535\" class=\"col medium-12 small-12 large-12\"  >\n\t\t\t\t<div class=\"col-inner\"  >\n\t\t\t\n\t\t\t\n\t<div id=\"text-2708646827\" class=\"text tabela-pz\">\n\t\t\n<p><span style=\"font-weight: 400;\">Im Unternehmen Silvaprodukt d.o.o. respektieren wir Ihre Privatsph\u00e4re und verwenden Ihre personenbezogenen Daten ausschlie\u00dflich f\u00fcr die angegebenen Zwecke. Wir werden Ihre personenbezogenen Daten sorgf\u00e4ltig in \u00dcbereinstimmung mit den Rechtsvorschriften zum Schutz personenbezogener Daten (EU-Verordnung 2016\/679 (DSGVO) und dem Gesetz zum Schutz personenbezogener Daten &#8211; ZVOP-1) und den Vorschriften zum Schutz personenbezogener Daten sch\u00fctzen. <\/span><\/p>\n<h2><b>1. Allgemeine Infomationen<\/b><\/h2>\n<p><span style=\"font-weight: 400;\">Auf dieser Seite k\u00f6nnen Sie regelm\u00e4\u00dfig alle \u00c4nderungen im Zusammenhang mit dem Schutz personenbezogener Daten verfolgen. <\/span><\/p>\n<p><span style=\"font-weight: 400;\">Im Unternehmen Silvaprodukt d.o.o. und insbesondere in unserem Online-Shop \u00a0<\/span><a href=\"https:\/\/silvaprodukt.si\"><span style=\"font-weight: 400;\">www.silvaprodukt.si<\/span><\/a><span style=\"font-weight: 400;\"> respektieren wir Ihre Privatsph\u00e4re und sch\u00fctzen Ihre Daten. Diese Richtlinie gilt f\u00fcr alle Nutzer der Website. <\/span><span style=\"font-weight: 400;\">Ta politika velja za vse uporabnike spletnega mesta.<\/span><\/p>\n<p><span style=\"font-weight: 400;\">Wir arbeiten in \u00dcbereinstimmung mit dem Datenschutzgesetz (ZVOP-1) und seit der Ver\u00f6ffentlichung dieser Regeln auch mit der Europ\u00e4ischen Verordnung zum Schutz personenbezogener Daten (DSGVO). <\/span><\/p>\n<p><span style=\"font-weight: 400;\">Diese Richtlinie kann jederzeit ohne Vorank\u00fcndigung oder Ank\u00fcndigung ge\u00e4ndert oder erg\u00e4nzt werden. Durch die Nutzung der Website nach \u00c4nderung dieser Richtlinie best\u00e4tigt der Nutzer, dass er mit den \u00c4nderungen einverstanden ist.<\/p>\n<p><\/span><\/p>\n<h2><b>2. Datenverwalter<\/b><\/h2>\n<p><span style=\"font-weight: 400;\">Der Datenverwalter f\u00fcr die gem\u00e4\u00df den Datenschutzrichtlinie verarbeiteten personenbezogenen Daten ist das Unternehmen Silvaprodukt d.o.o., Dolenjska cesta 42, 1000 Ljubljana, Umsatzsteuer-Identifikationsnummer: SI73253782, Firmenkennzahl: 5041716000.\u00a0<\/span><\/p>\n<h2><b>3. Formen der Zusammenarbeit <\/b><\/h2>\n<p><span style=\"font-weight: 400;\">Sie k\u00f6nnen unsere Dienste nutzen als: <\/span><\/p>\n<ul>\n<li style=\"font-weight: 400;\" aria-level=\"1\"><span style=\"font-weight: 400;\">identifizierter Nutzer (in diesem Fall sammeln wir mit Ihrer Zustimmung Daten \u00fcber Cookies, wenn Sie unsere Seiten besuchen, um eine bessere Funktionalit\u00e4t und Nutzererfahrung, Sicherheit, Z\u00e4hlung der Anzahl der Nutzer auf der Website und Gew\u00e4hrleistung des reibungslosen Betriebs von Websites bereitzustellen)<\/span><\/li>\n<li style=\"font-weight: 400;\" aria-level=\"1\"><span style=\"font-weight: 400;\">Nutzer des Online-Anfrageformulars (durch die Angabe grundlegender Angaben zu Ihrer Person erm\u00f6glichen Sie uns, Ihre Frage m\u00f6glichst ausf\u00fchrlich und professionell zu beantworten bzw. Ihre Anfrage zu bearbeiten).<\/span><\/li>\n<li style=\"font-weight: 400;\" aria-level=\"1\"><span style=\"font-weight: 400;\">registrierter Nutzer, Kunde (dies erm\u00f6glicht und erleichtert Online-K\u00e4ufe auf unserer Website). Sie k\u00f6nnen diese Informationen jederzeit in Ihrem Online-Profil auf unserer Website \u00e4ndern und jederzeit verlangen, dass sie aus unserer Datenbank gel\u00f6scht werden.\n<p><\/span><\/li>\n<\/ul>\n<h2><b>4. Erhebung und Verarbeitung personenbezogener Daten beim Besuch der Website <\/b><\/h2>\n<h3>4.1 Allgemein:<\/h3>\n<p><span style=\"font-weight: 400;\">Wenn Sie unsere Website nur zu Informationszwecken besuchen und nutzen, d.h. Sie stellen uns Ihre Daten nicht \u00fcber spezielle Einstiegspunkte (Anfrage, Kauf, Kontaktformular) zur Verf\u00fcgung, erheben wir nur personenbezogene Daten, die Ihr Browser an unseren Server \u00fcbermittelt. Diese Informationen sind technisch erforderlich, um die Website anzuzeigen und die Stabilit\u00e4t und Sicherheit zu gew\u00e4hrleisten. Bestimmte erhobene Daten werden zur Verarbeitung an externe Dienstleister oder Auftragnehmer gem\u00e4\u00df den erforderlichen Zwecken (zur Anzeige der Website und zur Einrichtung ihrer Inhalte) und der Gesetzgebung weitergeleitet.<\/span><\/p>\n<p><span style=\"font-weight: 400;\">Zus\u00e4tzlich zu den genannten Informationen werden bei Ihrem Besuch und Ihrer Nutzung unserer Website Cookies auf Ihrem Computer gespeichert. Cookies sind kleine Textdateien, die Ihr Browser auf Ihrem Ger\u00e4t speichert, um bestimmte Informationen zu speichern. Wenn Sie unsere Website das n\u00e4chste Mal mit demselben Ger\u00e4t besuchen, werden die in Cookies gespeicherten Informationen an unsere Website (\u00bbeigene Cookies\u00ab) oder an eine andere Website, zu der das Cookie geh\u00f6rt (\u00bbandere Cookies\u00ab) gesendet. Anhand gespeicherter und zur\u00fcckgegebener Informationen erkennt eine bestimmte Website, dass Sie diese bereits aufgerufen und mit dem auf Ihrem Ger\u00e4t verwendeten Browser besucht haben. Wir verwenden diese Informationen, um die Website optimal nach Ihrem Geschmack gestalten und anzeigen zu k\u00f6nnen. Dabei wird nur ein Cookie auf Ihrem Ger\u00e4t erkannt. Au\u00dferhalb dieses Rahmens werden Ihre personenbezogenen Daten nur mit Ihrer ausdr\u00fccklichen Zustimmung gespeichert oder, wenn dies unbedingt erforderlich ist, damit Sie die Ihnen zur Verf\u00fcgung stehenden Dienste nutzen k\u00f6nnen, auf die Sie zugreifen.<\/span><\/p>\n<p><span style=\"font-weight: 400;\">Diese Website benutzt auch Google Analytics, einen Webanalysedienst von Google Inc. (\u00bbGoogle\u00ab). Google Analytics verwendet eine spezielle Form von Cookies, die auf Ihrem Computer gespeichert werden und die eine Analyse der Benutzung der Website durch Sie erm\u00f6glicht. Die durch den Cookie erzeugten Informationen \u00fcber die Benutzung dieser Website werden in der Regel an einen Server von Google in den USA \u00fcbertragen und dort gespeichert.<\/span><\/p>\n<h3>4.2 Daten, die wir \u00fcber unsere registrierten Nutzer und Kunden sammeln:<\/h3>\n<ul>\n<li style=\"font-weight: 400;\" aria-level=\"1\"><span style=\"font-weight: 400;\">Identit\u00e4tsdaten: Name, Familienname, E-Mail-Adresse und Passwort, die verschl\u00fcsselt sind und nur dem Nutzer bekannt sind (es ist auch uns nicht bekannt). Wenn Sie sich \u00fcber ein soziales Netzwerk (Facebook, Google u.a.) registriert haben, k\u00f6nnen Ihre Identit\u00e4tsinformationen auch den Nutzernamen enthalten, den Sie in diesem sozialen Netzwerk verwenden. Zu den Daten zur Identit\u00e4t von gewerblichen Nutzern geh\u00f6ren auch der Name des Unternehmens und die Steuernummer oder die Nummer des Umsatzsteuerzahlers. Bei nat\u00fcrlichen Personen, die als Umsatzsteuerzahler t\u00e4tig sind, bewahren wir auch die Umsatzsteuerzahlernummer auf. Sie k\u00f6nnen diese Informationen \u00fcber das Men\u00fc in Ihrem Profil einsehen und bearbeiten. <\/span><\/li>\n<li style=\"font-weight: 400;\" aria-level=\"1\"><span style=\"font-weight: 400;\">Kontaktdaten: Lieferadressen, Rechnungsadresse und Telefonnummer. Sie k\u00f6nnen diese Informationen \u00fcber das Men\u00fc in Ihrem Profil einsehen und bearbeiten.<\/span><\/li>\n<li style=\"font-weight: 400;\" aria-level=\"1\"><span style=\"font-weight: 400;\">Finanzinformationen: Wir speichern Daten \u00fcber Ihre Kreditkarten nicht. Wir geben diese Informationen nur an den Aussteller Ihrer Kreditkarte weiter. Das Gleiche gilt f\u00fcr andere \u00e4hnliche Formen der Online-Zahlung.<\/span><\/li>\n<li style=\"font-weight: 400;\" aria-level=\"1\"><span style=\"font-weight: 400;\">Kauf- und Zahlungsinformationen: Wir speichern alle Informationen zu Ihren Bestellungen und Zahlungen, einschlie\u00dflich Informationen zu Stornierungen und R\u00fccksendungen von Bestellungen. Sie k\u00f6nnen diese Informationen \u00fcber das Men\u00fc in Ihrem Profil einsehen und bearbeiten.<\/span><\/li>\n<li style=\"font-weight: 400;\" aria-level=\"1\"><span style=\"font-weight: 400;\">Informationen zu Ihrer Nutzung und Ihrem Profil: letzte Produktaufrufe, Produkte in unfertiger Reihenfolge, Besuchsh\u00e4ufigkeit in einzelnen Abteilungen, h\u00e4ufige Eink\u00e4ufe, Kommunikation mit uns \u00fcber den Bereich \u00bbFragen und Antworten\u00ab, ausgew\u00e4hlte Abteilungen und abgegebene Kommentare und Bewertungen zu unseren Angeboten. Sie k\u00f6nnen diese Informationen \u00fcber das Men\u00fc in Ihrem Profil auf unserer Website einsehen und bearbeiten.<\/span><\/li>\n<\/ul>\n<p><span style=\"font-weight: 400;\">Alle personenbezogenen Daten, die Sie uns \u00fcber die Website zur Verf\u00fcgung stellen (abgesendete Anfrage, Online-Kauf oder ausgef\u00fclltes Kontaktformular), werden vertraulich behandelt und f\u00fcr die Zwecke verwendet, f\u00fcr die Sie sie uns zur Verf\u00fcgung gestellt haben. Sollte eine weitere Verarbeitung Ihrer Daten f\u00fcr andere Zwecke erforderlich sein, werden wir Sie vorab informieren und Sie um Ihre Zustimmung bitten.<\/span><\/p>\n<p><span style=\"font-weight: 400;\">Die Website www.silvaprodukt.si kann ohne Angabe personenbezogener Daten besucht werden. Die Bereitstellung personenbezogener Daten ist nur dann erforderlich, wenn Sie eine Anfrage stellen, einen Online-Einkauf t\u00e4tigen oder uns \u00fcber das Kontaktformular kontaktieren. \u00a0<\/span><\/p>\n<p><span style=\"font-weight: 400;\">Der Anbieter gibt die erhobenen Daten nicht an Dritte weiter, es sei denn, es besteht eine gesetzliche Grundlage daf\u00fcr (z. B. Anfragen von Gerichten oder anderen Stellen etc.).<\/span><\/p>\n<p><span style=\"font-weight: 400;\">Dem Nutzer ist bekannt und er willigt ein, dass der Anbieter einzelne Aufgaben im Zusammenhang mit den erhobenen Daten an Dritte (Auftragsverarbeiter) \u00fcbertragen kann. Dritte d\u00fcrfen vertrauliche Daten nur im Rahmen der Befugnisse des Anbieters und gem\u00e4\u00df den Zwecken der Datenverwendung verarbeiten.<\/span><\/p>\n<h3><span style=\"font-weight: 400;\">4.3 Wie wir Daten erheben: <\/span><\/h3>\n<p><span style=\"font-weight: 400;\">Wir erhalten Informationen \u00fcber Sie auf verschiedene Weise, wenn: \u00a0<\/span><\/p>\n<ul>\n<li style=\"font-weight: 400;\" aria-level=\"1\"><span style=\"font-weight: 400;\">Sie sich als Nutzer unserer Website registrieren <\/span><\/li>\n<li style=\"font-weight: 400;\" aria-level=\"1\"><span style=\"font-weight: 400;\">eine Bestellung aufgeben <\/span><\/li>\n<li style=\"font-weight: 400;\" aria-level=\"1\"><span style=\"font-weight: 400;\">Bestellung stornieren<\/span><\/li>\n<li style=\"font-weight: 400;\" aria-level=\"1\"><span style=\"font-weight: 400;\">Sie eine der Benachrichtigungen abonnieren <\/span><\/li>\n<li style=\"font-weight: 400;\" aria-level=\"1\"><span style=\"font-weight: 400;\">mit Gewinnspielen <\/span><\/li>\n<li style=\"font-weight: 400;\" aria-level=\"1\"><span style=\"font-weight: 400;\">Sie unsere Inhalte \u00fcberpr\u00fcfen<\/span><\/li>\n<li style=\"font-weight: 400;\" aria-level=\"1\"><span style=\"font-weight: 400;\">wenn Sie eine Frage, einen Kommentar oder eine Bewertung zu einem unserer Produkte posten <\/span><\/li>\n<li style=\"font-weight: 400;\" aria-level=\"1\"><span style=\"font-weight: 400;\">wenn Sie uns verschiedene Fragen senden, eine Reklamation anfordern, das Produkt zur\u00fccksenden, &#8230;<\/span><\/li>\n<li style=\"font-weight: 400;\" aria-level=\"1\"><span style=\"font-weight: 400;\">\u00fcber soziale Netzwerke mit uns kommunizieren <\/span><\/li>\n<li style=\"font-weight: 400;\" aria-level=\"1\"><span style=\"font-weight: 400;\">aus anderen Quellen (z.B.: Ihre M\u00f6glichkeit, auf Kredit zu kaufen, wird von dem Kreditanbieter gew\u00e4hrt, Informationen dar\u00fcber, ob Ihre Kredit- oder Debitkarte g\u00fcltig ist und ob Sie damit eine Bestellung bei uns bezahlen k\u00f6nnen dagegen von dem Aussteller Ihrer Kreditkarte)<\/span><\/li>\n<\/ul>\n<p><span style=\"font-weight: 400;\">Technische Daten erhalten wir automatisch..<\/span><\/p>\n<h3><span style=\"font-weight: 400;\">4.4 Verarbeitung Ihrer Daten<\/span><\/h3>\n<p><span style=\"font-weight: 400;\">Daten \u00fcber registrierte Nutzer und Kunden und K\u00e4ufe werden erhoben f\u00fcr<\/span><\/p>\n<ul>\n<li style=\"font-weight: 400;\" aria-level=\"1\"><span style=\"font-weight: 400;\">Erf\u00fcllung unserer gesetzlichen Pflichten (z. B. zur F\u00fchrung von Finanz- und Gesch\u00e4ftsb\u00fcchern), <\/span><\/li>\n<li style=\"font-weight: 400;\" aria-level=\"1\"><span style=\"font-weight: 400;\">Ausf\u00fchrung Ihrer Auftr\u00e4ge <\/span><\/li>\n<li style=\"font-weight: 400;\" aria-level=\"1\"><span style=\"font-weight: 400;\">zur Kundenprofilerstellung, die es erm\u00f6glicht, auf der Website passendere Angebote f\u00fcr die Bed\u00fcrfnisse einzelner Kunden anzuzeigen<\/span><\/li>\n<li style=\"font-weight: 400;\" aria-level=\"1\"><span style=\"font-weight: 400;\">um potenzielle Vorteile zu gew\u00e4hren <\/span><\/li>\n<li style=\"font-weight: 400;\" aria-level=\"1\"><span style=\"font-weight: 400;\">zur Gesch\u00e4ftsanalyse, Planung, \u00dcberwachung von Statistiken, Kunden- und Besucherverhalten und dergleichen, wobei die verwendeten Daten anonymisiert werden <\/span><\/li>\n<\/ul>\n<p><span style=\"font-weight: 400;\">Die Bedingungen f\u00fcr die Teilnahme an einem einzelnen Gewinnspiel und die Datenverarbeitung sowie die Ver\u00f6ffentlichung der Gewinner werden bei jedem Gewinnspiel gesondert festgelegt.<\/span><\/p>\n<p><span style=\"font-weight: 400;\">Fragen, die Sie uns \u00fcber die auf der Website ver\u00f6ffentlichten Kontaktformulare oder E-Mail-Adressen zukommen lassen, verwenden wir ausschlie\u00dflich zur Kl\u00e4rung des Anliegens bzw. zur Vorbereitung der Beantwortung der Frage. <\/span><\/p>\n<p><span style=\"font-weight: 400;\">Um an Umfragen teilzunehmen, ver\u00f6ffentlichen Sie Ihre Kommentare, Fragen und Bewertungen usw. <\/span><\/p>\n<p><span style=\"font-weight: 400;\">Wenn Sie \u00fcber ein soziales Netzwerk mit uns kommunizieren, k\u00f6nnen wir Ihre Daten auch verwenden, um Ihnen Marketingbotschaften \u00fcber dasselbe soziale Netzwerk gem\u00e4\u00df den Bedingungen und Genehmigungen zuzusenden, die Sie dem Betreiber des sozialen Netzwerks erteilt haben.<\/span><\/p>\n<h3>4.5 Wer hat Zugriff auf Ihre personenbezogenen Daten<\/h3>\n<p><span style=\"font-weight: 400;\">Neben uns k\u00f6nnen Ihre personenbezogenen Daten auch von unseren vertrauensw\u00fcrdigen Partnern verwendet werden, die wir f\u00fcr die Umsetzung gem\u00e4\u00df dem geltenden Datenschutzgesetz und der Europ\u00e4ischen Verordnung zum Schutz personenbezogener Daten ben\u00f6tigen:<\/span><\/p>\n<ul>\n<li style=\"font-weight: 400;\" aria-level=\"1\"><span style=\"font-weight: 400;\">Wir stellen Lieferdiensten die Informationen zur Verf\u00fcgung, die sie f\u00fcr den Transport und die Bestellung ben\u00f6tigen, <\/span><\/li>\n<li style=\"font-weight: 400;\" aria-level=\"1\"><span style=\"font-weight: 400;\">f\u00fcr den Fall, dass Ihre Bestellung Produkte umfasst, die beim Lieferanten auf Lager sind, stellen wir ihm die Informationen zur Verf\u00fcgung, die er zur Vorbereitung einer Sendung mit Ihrer Lieferadresse und dem Inhalt der Bestellung ben\u00f6tigt<\/span><\/li>\n<li style=\"font-weight: 400;\" aria-level=\"1\"><span style=\"font-weight: 400;\">an Lieferanten, sofern Sie Beschwerden oder Probleme verwalten, bei denen wir ihre Mitwirkung durch uns ben\u00f6tigen, <\/span><\/li>\n<li style=\"font-weight: 400;\" aria-level=\"1\"><span style=\"font-weight: 400;\">Zahlungsanbieter (z.B. Bankart, Paypal, Mastercard, Kreditanbieter), <\/span><\/li>\n<li style=\"font-weight: 400;\" aria-level=\"1\"><span style=\"font-weight: 400;\">autorisierte Institutionen, sofern gesetzlich vorgeschrieben (Gericht etc.), <\/span><\/li>\n<li style=\"font-weight: 400;\" aria-level=\"1\"><span style=\"font-weight: 400;\">mit Ihrer Zustimmung geben wir Ihre Daten \u00fcber Cookies an Google, Facebook und andere soziale Netzwerke weiter;<\/span><\/li>\n<\/ul>\n<p>\u00a0<\/p>\n<p><span style=\"font-weight: 400;\">Keinesfalls geben wir Ihre Daten an unbefugte Dritte weiter.<\/span><\/p>\n<h3>4.6 Aufbewahrungsfristen f\u00fcr personenbezogene Daten<\/h3>\n<p><span style=\"font-weight: 400;\">Wir speichern und verarbeiten Ihre personenbezogenen Daten, soweit dies zur Erreichung der Verarbeitungszwecke erforderlich ist, und so lange, wie dies zur Durchf\u00fchrung der bestellten oder vereinbarten T\u00e4tigkeiten erforderlich ist, und dann innerhalb der Verj\u00e4hrungsfrist f\u00fcr Verpflichtungen, die sich aus der Verarbeitung dieser personenbezogenen Daten ergeben, vor allem dann, wenn die Verarbeitung personenbezogener Daten im Rahmen eines Vertragsabschlusses oder einer Vertragsabwicklung erforderlich ist. <\/span><\/p>\n<p><span style=\"font-weight: 400;\">Aufgrund einer Einwilligung erhobene Daten werden bis zum Widerruf aufbewahrt.<\/span><\/p>\n<p><span style=\"font-weight: 400;\">In F\u00e4llen, in denen die Aufbewahrungsfrist von personenbezogenen Daten gesetzlich vorgeschrieben ist, werden die Daten gem\u00e4\u00df der gesetzlichen Anordnung gespeichert.<\/span><\/p>\n<ul>\n<li style=\"font-weight: 400;\" aria-level=\"1\"><span style=\"font-weight: 400;\">Plugins f\u00fcr soziale Medien<\/span><\/li>\n<\/ul>\n<p><span style=\"font-weight: 400;\">Wir verwenden auf unseren Webseiten das Plugin f\u00fcr soziale Medien Facebook. Das Plugin ist mit dem Facebook-Logo gekennzeichnet.<\/span><\/p>\n<ul>\n<li style=\"font-weight: 400;\" aria-level=\"1\"><span style=\"font-weight: 400;\">YouTube &#8211; Videos\u00a0<\/span><\/li>\n<\/ul>\n<p><span style=\"font-weight: 400;\">We have included YouTube videos on our website, which are stored at http:\/\/www.YouTube.com and can be streamed directly on our website. All videos are included in &#8218;extended data protection mode&#8216;, which means that no information about you as a user will be passed to YouTube unless you click on the videos to start playing. Only when you play the videos certain data will be transmitted to YouTube. We have no influence on this data transmission.<\/span><\/p>\n<h2>5. Gew\u00e4hrleistung der Sicherheit<\/h2>\n<p><span style=\"font-weight: 400;\">Nur berechtigte Personen (Mitarbeiter, Vertragspartner) mit Benutzername und Passwort haben Zugriff auf die erhobenen personenbezogenen Daten. <\/span><\/p>\n<p><span style=\"font-weight: 400;\">Bitte helfen Sie uns, Ihre pers\u00f6nlichen Daten zu sch\u00fctzen, indem Sie die Sicherheit Ihres Benutzernamens und Passworts gew\u00e4hrleisten.<\/span><\/p>\n<h2>6. Die Rechte jedes Einzelnen, auf den sich die personenbezogenen Daten beziehen<\/h2>\n<p><span style=\"font-weight: 400;\">Als Einzelner, auf den sich die personenbezogenen Daten beziehen, die verarbeitet werden, haben Sie folgenden Rechte in Bezug auf personenbezogenen Daten, die in Artikel 15 und den folgenden Artikeln der DSGVO aufgef\u00fchrt sind: <\/span><\/p>\n<ul>\n<li style=\"font-weight: 400;\" aria-level=\"1\"><span style=\"font-weight: 400;\">Zugangsrecht; <\/span><\/li>\n<li style=\"font-weight: 400;\" aria-level=\"1\"><span style=\"font-weight: 400;\">das Recht auf Berichtigung und L\u00f6schung; <\/span><\/li>\n<li style=\"font-weight: 400;\" aria-level=\"1\"><span style=\"font-weight: 400;\">das Recht auf Einschr\u00e4nkung der Verarbeitung<\/span><\/li>\n<li style=\"font-weight: 400;\" aria-level=\"1\"><span style=\"font-weight: 400;\">das Recht auf Daten\u00fcbertragbarkeit und <\/span><\/li>\n<li style=\"font-weight: 400;\" aria-level=\"1\"><span style=\"font-weight: 400;\">Vertragsabschluss. <\/span><\/li>\n<\/ul>\n<p><span style=\"font-weight: 400;\">Dar\u00fcber hinaus haben Sie das Recht, sich bei der Aufsichtsbeh\u00f6rde \u00fcber die Verarbeitung Ihrer personenbezogenen Daten zu beschweren. <\/span><\/p>\n<p><span style=\"font-weight: 400;\">Ljubljana, den 23. 11. 2021<\/span><\/p>\n\t\t\t<\/div>\n\t\n\t\t<\/div>\n\t\t\t\t\t<\/div>\n\n\t\n<\/div>\n\t\t<\/div>\n\n\t\t\n<style>\n#section_2124856205 {\n  padding-top: 90px;\n  padding-bottom: 90px;\n}\n#section_2124856205 .section-bg-overlay {\n  background-color: rgb(255, 255, 255);\n}\n<\/style>\n\t<\/section>\n\t\n\t<div id=\"gap-1648586010\" class=\"gap-element clearfix\" style=\"display:block; height:auto;\">\n\t\t\n<style>\n#gap-1648586010 {\n  padding-top: 100px;\n}\n<\/style>\n\t<\/div>\n\t\n","protected":false},"excerpt":{"rendered":"","protected":false},"author":5,"featured_media":4022,"parent":0,"menu_order":0,"comment_status":"closed","ping_status":"closed","template":"page-blank.php","meta":{"inline_featured_image":false,"footnotes":""},"class_list":["post-4458","page","type-page","status-publish","has-post-thumbnail","hentry"],"acf":[],"_links":{"self":[{"href":"https:\/\/silvaprodukt.si\/de\/wp-json\/wp\/v2\/pages\/4458","targetHints":{"allow":["GET"]}}],"collection":[{"href":"https:\/\/silvaprodukt.si\/de\/wp-json\/wp\/v2\/pages"}],"about":[{"href":"https:\/\/silvaprodukt.si\/de\/wp-json\/wp\/v2\/types\/page"}],"author":[{"embeddable":true,"href":"https:\/\/silvaprodukt.si\/de\/wp-json\/wp\/v2\/users\/5"}],"replies":[{"embeddable":true,"href":"https:\/\/silvaprodukt.si\/de\/wp-json\/wp\/v2\/comments?post=4458"}],"version-history":[{"count":0,"href":"https:\/\/silvaprodukt.si\/de\/wp-json\/wp\/v2\/pages\/4458\/revisions"}],"wp:featuredmedia":[{"embeddable":true,"href":"https:\/\/silvaprodukt.si\/de\/wp-json\/wp\/v2\/media\/4022"}],"wp:attachment":[{"href":"https:\/\/silvaprodukt.si\/de\/wp-json\/wp\/v2\/media?parent=4458"}],"curies":[{"name":"wp","href":"https:\/\/api.w.org\/{rel}","templated":true}]}}