{"id":2384,"date":"2022-09-01T07:32:24","date_gmt":"2022-09-01T07:32:24","guid":{"rendered":"http:\/\/silvaprodukt.si\/storitve\/zascita-lesa-s-24-urnim-potapljanjem\/"},"modified":"2022-10-25T12:42:15","modified_gmt":"2022-10-25T12:42:15","slug":"holzschutz-durch-tauchen-24-stunden","status":"publish","type":"page","link":"https:\/\/silvaprodukt.si\/de\/dienstleistungen\/holzschutz-durch-tauchen-24-stunden\/","title":{"rendered":"Holzschutz durch Tauchen (24 Stunden)"},"content":{"rendered":"\n\t<section class=\"section\" id=\"section_1511675055\">\n\t\t<div class=\"section-bg fill\" >\n\t\t\t<img decoding=\"async\" width=\"1920\" height=\"1080\" src=\"https:\/\/silvaprodukt.si\/wp-content\/uploads\/2022\/08\/head1.jpg\" class=\"bg attachment- size-\" alt=\"\" \/>\t\t\t\t\t\t<div class=\"section-bg-overlay absolute fill\"><\/div>\n\t\t\t\n\n\t\t<\/div>\n\n\t\t\n\n\t\t<div class=\"section-content relative\">\n\t\t\t\n<div class=\"row\"  id=\"row-21703137\">\n\n\t<div id=\"col-1041905561\" class=\"col medium-12 small-12 large-12\"  >\n\t\t\t\t<div class=\"col-inner text-left dark\"  >\n\t\t\t\n\t\t\t\n<p class=\"nadnaslov\">DIENSTLEISTUNGEN <\/p>\n<h1>Holzschutz durch Tauchen (24 Stunden)<\/h1>\n<p>Tauchen ist ein Verfahren zur Holzschutzgrundierung , das die Aufnahme des Holzschutzmittels in das Holz erh\u00f6ht, dadurch dessen Widerstandsf\u00e4higkeit gegen Holzsch\u00e4dlinge erh\u00f6ht und f\u00fcr eine l\u00e4ngere Haltbarkeit bzw. Lebensdauer sorgt.<\/p>\n<ul>\n<li><strong>Grundschutz<\/strong><\/li>\n<li><strong>Au\u00dfenfl\u00e4chen<\/strong><\/li>\n<li><strong>Innenfl\u00e4chen<\/strong><\/li>\n<li><strong>F\u00fcr Holz, das h\u00e4rtesten Bedingungen ausgesetzt ist<\/strong><\/li>\n<\/ul>\n<a href=\"#holz\" class=\"button primary\" >\n\t\t<span>Lesen Sie mehr<\/span>\n\t<\/a>\n\n<a class=\"button primary pop-open\" >\n\t\t<span>Anfrage<\/span>\n\t<\/a>\n\n\t\t<\/div>\n\t\t\t\t\t<\/div>\n\n\t\n<\/div>\n\t\t<\/div>\n\n\t\t\n<style>\n#section_1511675055 {\n  padding-top: 90px;\n  padding-bottom: 90px;\n  min-height: 500px;\n}\n#section_1511675055 .section-bg-overlay {\n  background-color: rgba(0, 0, 0, 0.66);\n}\n<\/style>\n\t<\/section>\n\t\n\n\t<section class=\"section pasica\" id=\"section_1967693907\">\n\t\t<div class=\"section-bg fill\" >\n\t\t\t\t\t\t\t\t\t\n\t\t\t\n\n\t\t<\/div>\n\n\t\t\n\n\t\t<div class=\"section-content relative\">\n\t\t\t\n\n\t<div id=\"gap-107849065\" class=\"gap-element clearfix\" style=\"display:block; height:auto;\">\n\t\t\n<style>\n#gap-107849065 {\n  padding-top: 30px;\n}\n<\/style>\n\t<\/div>\n\t\n\n<div class=\"row align-equal\"  id=\"row-1072093369\">\n\n\n\t<div id=\"col-181154581\" class=\"col medium-6 small-12 large-3\"  >\n\t\t\t\t<div class=\"col-inner dark\"  >\n\t\t\t\n\t\t\t\n\n\n\t\t<div class=\"icon-box featured-box icon-box-left text-left\"  >\n\t\t\t\t\t<div class=\"icon-box-img\" style=\"width: 40px\">\n\t\t\t\t<div class=\"icon\">\n\t\t\t\t\t<div class=\"icon-inner\" >\n\t\t\t\t\t\t<img decoding=\"async\" width=\"200\" height=\"201\" src=\"https:\/\/silvaprodukt.si\/wp-content\/uploads\/2022\/09\/Ikona_Silvaprodukt-02.png\" class=\"attachment-medium size-medium\" alt=\"\" srcset=\"https:\/\/silvaprodukt.si\/wp-content\/uploads\/2022\/09\/Ikona_Silvaprodukt-02.png 200w, https:\/\/silvaprodukt.si\/wp-content\/uploads\/2022\/09\/Ikona_Silvaprodukt-02-100x100.png 100w, https:\/\/silvaprodukt.si\/wp-content\/uploads\/2022\/09\/Ikona_Silvaprodukt-02-150x150.png 150w\" sizes=\"(max-width: 200px) 100vw, 200px\" \/>\t\t\t\t\t<\/div>\n\t\t\t\t<\/div>\n\t\t\t<\/div>\n\t\t\t\t<div class=\"icon-box-text last-reset\">\n\t\t\t\t\t\t\t\t\t\n\n<p><strong>BEWIESEN umweltfreundlich<\/strong><\/p>\n\n\t\t<\/div>\n\t<\/div>\n\t\n\t\n\n\t\t<\/div>\n\t\t\t\t\t<\/div>\n\n\t\n\n\t<div id=\"col-1654793763\" class=\"col medium-6 small-12 large-3\"  >\n\t\t\t\t<div class=\"col-inner dark\"  >\n\t\t\t\n\t\t\t\n\n\n\t\t<div class=\"icon-box featured-box icon-box-left text-left\"  >\n\t\t\t\t\t<div class=\"icon-box-img\" style=\"width: 40px\">\n\t\t\t\t<div class=\"icon\">\n\t\t\t\t\t<div class=\"icon-inner\" >\n\t\t\t\t\t\t<img decoding=\"async\" width=\"200\" height=\"201\" src=\"https:\/\/silvaprodukt.si\/wp-content\/uploads\/2022\/09\/Ikona_Silvaprodukt-03.png\" class=\"attachment-medium size-medium\" alt=\"\" srcset=\"https:\/\/silvaprodukt.si\/wp-content\/uploads\/2022\/09\/Ikona_Silvaprodukt-03.png 200w, https:\/\/silvaprodukt.si\/wp-content\/uploads\/2022\/09\/Ikona_Silvaprodukt-03-100x100.png 100w, https:\/\/silvaprodukt.si\/wp-content\/uploads\/2022\/09\/Ikona_Silvaprodukt-03-150x150.png 150w\" sizes=\"(max-width: 200px) 100vw, 200px\" \/>\t\t\t\t\t<\/div>\n\t\t\t\t<\/div>\n\t\t\t<\/div>\n\t\t\t\t<div class=\"icon-box-text last-reset\">\n\t\t\t\t\t\t\t\t\t\n\n<p><strong>Wir versichern eine 3X L\u00c4NGERE Lebensdauer des Holzes<\/strong><\/p>\n\n\n\t\t<\/div>\n\t<\/div>\n\t\n\t\n\n\t\t<\/div>\n\t\t\t\t\t<\/div>\n\n\t\n\n\t<div id=\"col-841566998\" class=\"col medium-6 small-12 large-3\"  >\n\t\t\t\t<div class=\"col-inner dark\"  >\n\t\t\t\n\t\t\t\n\n\n\t\t<div class=\"icon-box featured-box icon-box-left text-left\"  >\n\t\t\t\t\t<div class=\"icon-box-img\" style=\"width: 40px\">\n\t\t\t\t<div class=\"icon\">\n\t\t\t\t\t<div class=\"icon-inner\" >\n\t\t\t\t\t\t<img decoding=\"async\" width=\"200\" height=\"201\" src=\"https:\/\/silvaprodukt.si\/wp-content\/uploads\/2022\/09\/Ikona_Silvaprodukt-04.png\" class=\"attachment-medium size-medium\" alt=\"\" srcset=\"https:\/\/silvaprodukt.si\/wp-content\/uploads\/2022\/09\/Ikona_Silvaprodukt-04.png 200w, https:\/\/silvaprodukt.si\/wp-content\/uploads\/2022\/09\/Ikona_Silvaprodukt-04-100x100.png 100w, https:\/\/silvaprodukt.si\/wp-content\/uploads\/2022\/09\/Ikona_Silvaprodukt-04-150x150.png 150w\" sizes=\"(max-width: 200px) 100vw, 200px\" \/>\t\t\t\t\t<\/div>\n\t\t\t\t<\/div>\n\t\t\t<\/div>\n\t\t\t\t<div class=\"icon-box-text last-reset\">\n\t\t\t\t\t\t\t\t\t\n\n<p><strong>1x und dauerhaft gesch\u00fctzt, OHNE ERNEUERUNG<\/strong><\/p>\n\n\t\t<\/div>\n\t<\/div>\n\t\n\t\n\n\t\t<\/div>\n\t\t\t\t\t<\/div>\n\n\t\n\n\t<div id=\"col-976139431\" class=\"col medium-6 small-12 large-3\"  >\n\t\t\t\t<div class=\"col-inner dark\"  >\n\t\t\t\n\t\t\t\n\n\n\t\t<div class=\"icon-box featured-box icon-box-left text-left\"  >\n\t\t\t\t\t<div class=\"icon-box-img\" style=\"width: 40px\">\n\t\t\t\t<div class=\"icon\">\n\t\t\t\t\t<div class=\"icon-inner\" >\n\t\t\t\t\t\t<img decoding=\"async\" width=\"200\" height=\"201\" src=\"https:\/\/silvaprodukt.si\/wp-content\/uploads\/2022\/09\/Ikona_Silvaprodukt-01.png\" class=\"attachment-medium size-medium\" alt=\"\" srcset=\"https:\/\/silvaprodukt.si\/wp-content\/uploads\/2022\/09\/Ikona_Silvaprodukt-01.png 200w, https:\/\/silvaprodukt.si\/wp-content\/uploads\/2022\/09\/Ikona_Silvaprodukt-01-100x100.png 100w, https:\/\/silvaprodukt.si\/wp-content\/uploads\/2022\/09\/Ikona_Silvaprodukt-01-150x150.png 150w\" sizes=\"(max-width: 200px) 100vw, 200px\" \/>\t\t\t\t\t<\/div>\n\t\t\t\t<\/div>\n\t\t\t<\/div>\n\t\t\t\t<div class=\"icon-box-text last-reset\">\n\t\t\t\t\t\t\t\t\t\n\n<p><strong>Mehr als zehn Jahre Erfahrung beim Testen von Produkten<\/strong><\/p>\n\n\t\t<\/div>\n\t<\/div>\n\t\n\t\n\n\t\t<\/div>\n\t\t\t\t\t<\/div>\n\n\t\n\n<\/div>\n\n\t\t<\/div>\n\n\t\t\n<style>\n#section_1967693907 {\n  padding-top: 0px;\n  padding-bottom: 0px;\n  background-color: rgb(157, 141, 118);\n}\n<\/style>\n\t<\/section>\n\t\n<span class=\"scroll-to\" data-label=\"Scroll to: #holz\" data-bullet=\"false\" data-link=\"#holz\" data-title=\"holz\"><a name=\"holz\"><\/a><\/span>\n\n\t<section class=\"section\" id=\"section_1699408531\">\n\t\t<div class=\"section-bg fill\" >\n\t\t\t\t\t\t\t\t\t<div class=\"section-bg-overlay absolute fill\"><\/div>\n\t\t\t\n\n\t\t<\/div>\n\n\t\t\n\n\t\t<div class=\"section-content relative\">\n\t\t\t\n<div class=\"row\"  id=\"row-181754197\">\n\n\t<div id=\"col-462484076\" class=\"col medium-12 small-12 large-6\"  >\n\t\t\t\t<div class=\"col-inner text-left dark\"  >\n\t\t\t\n\t\t\t\n\t<div class=\"img has-hover x md-x lg-x y md-y lg-y\" id=\"image_1519004207\">\n\t\t\t\t\t\t\t\t<div class=\"img-inner dark\" >\n\t\t\t<img decoding=\"async\" width=\"768\" height=\"1024\" src=\"https:\/\/silvaprodukt.si\/wp-content\/uploads\/2022\/09\/e683bdb4-0ea1-4c24-928c-f15db38e5b50-768x1024.jpeg\" class=\"attachment-large size-large\" alt=\"\" srcset=\"https:\/\/silvaprodukt.si\/wp-content\/uploads\/2022\/09\/e683bdb4-0ea1-4c24-928c-f15db38e5b50-768x1024.jpeg 768w, https:\/\/silvaprodukt.si\/wp-content\/uploads\/2022\/09\/e683bdb4-0ea1-4c24-928c-f15db38e5b50-510x680.jpeg 510w, https:\/\/silvaprodukt.si\/wp-content\/uploads\/2022\/09\/e683bdb4-0ea1-4c24-928c-f15db38e5b50-225x300.jpeg 225w, https:\/\/silvaprodukt.si\/wp-content\/uploads\/2022\/09\/e683bdb4-0ea1-4c24-928c-f15db38e5b50.jpeg 1080w\" sizes=\"(max-width: 768px) 100vw, 768px\" \/>\t\t\t\t\t\t\n\t\t\t\t\t<\/div>\n\t\t\t\t\t\t\t\t\n<style>\n#image_1519004207 {\n  width: 100%;\n}\n<\/style>\n\t<\/div>\n\t\n\t\t<\/div>\n\t\t\t\t\t<\/div>\n\n\t\n\n\t<div id=\"col-1234193375\" class=\"col medium-12 small-12 large-6\"  >\n\t\t\t\t<div class=\"col-inner text-left\"  >\n\t\t\t\n\t\t\t\n<h2>F\u00fcr weniger exponiertes Holz<\/h2>\n<p>Bei weniger exponiertem Holz im Au\u00dfenbereich (z. B. D\u00e4cher, Traufen, Holzverkleidungen unter dem Dach) reicht es in der Regel aus, das Holz mit einem satten Anstrich bzw. Fluten von Holz mit dem Schutzmittel zu sch\u00fctzen.<\/p>\n<p>Alle Holzteile, bei denen die M\u00f6glichkeit hoher Feuchtigkeit (z. B. Keller), zuf\u00e4lliger Ereignisse (z. B. Fehler beim Bau von Holzkonstruktionen und H\u00e4usern aufgrund von Kondenswasser, Versch\u00fctten von Wasserinstallationen usw.) oder \u00fcberm\u00e4\u00dfiger Feuchtigkeit besteht, m\u00fcssen ebenfalls gesch\u00fctzt werden.<\/p>\n\t\t<\/div>\n\t\t\t\t\n<style>\n#col-1234193375 > .col-inner {\n  padding: 0px 0px 0px 0px;\n}\n@media (min-width:550px) {\n  #col-1234193375 > .col-inner {\n    padding: 0px 0px 0px 0px;\n  }\n}\n@media (min-width:850px) {\n  #col-1234193375 > .col-inner {\n    padding: 0px 0px 0px 50px;\n  }\n}\n<\/style>\n\t<\/div>\n\n\t\n<\/div>\n\t\t<\/div>\n\n\t\t\n<style>\n#section_1699408531 {\n  padding-top: 90px;\n  padding-bottom: 90px;\n}\n#section_1699408531 .section-bg-overlay {\n  background-color: rgba(255, 255, 255, 0.54);\n}\n<\/style>\n\t<\/section>\n\t\n\n\t<section class=\"section\" id=\"section_1819132008\">\n\t\t<div class=\"section-bg fill\" >\n\t\t\t\t\t\t\t\t\t<div class=\"section-bg-overlay absolute fill\"><\/div>\n\t\t\t\n\n\t\t<\/div>\n\n\t\t\n\n\t\t<div class=\"section-content relative\">\n\t\t\t\n<div class=\"row\"  id=\"row-594480338\">\n\n\t<div id=\"col-796996686\" class=\"col medium-12 small-12 large-6\"  >\n\t\t\t\t<div class=\"col-inner text-left\"  >\n\t\t\t\n\t\t\t\n<h2>F\u00fcr mehr freiliegendes Holz<br \/>\n<\/h2>\n<p>F\u00fcr das Holz, das dem Regen ausgesetzt ist (z. B. Fassaden, Gartenz\u00e4une usw.), empfehlen wir ein langfristiges Tauchen von Holz in das Schutzmittel in speziellen Trogen (z. B. aus Holz, mit Folie ausgekleidet) oder Becken, in denen das Schutzmittel tiefer in das Holz eindringt, damit steigt auch die Qualit\u00e4t seines Schutzes.<\/p>\n<p><strong>Zu diesem Zweck bietet Silvaprodukt einen 24-Stunden-Tauchservice an. <\/strong><\/p>\n\t\t<\/div>\n\t\t\t\t\n<style>\n#col-796996686 > .col-inner {\n  padding: 0px 0px 0px 0px;\n}\n@media (min-width:550px) {\n  #col-796996686 > .col-inner {\n    padding: 0px 50px 0px 0px;\n  }\n}\n<\/style>\n\t<\/div>\n\n\t\n\n\t<div id=\"col-1678225939\" class=\"col medium-12 small-12 large-6\"  >\n\t\t\t\t<div class=\"col-inner text-left dark\"  >\n\t\t\t\n\t\t\t\n\t<div class=\"img has-hover x md-x lg-x y md-y lg-y\" id=\"image_819355558\">\n\t\t\t\t\t\t\t\t<div class=\"img-inner dark\" >\n\t\t\t<img decoding=\"async\" width=\"1020\" height=\"765\" src=\"https:\/\/silvaprodukt.si\/wp-content\/uploads\/2022\/09\/Silvaprodukt-namakanje-v-Silvanolin-scaled-1-1024x768.jpeg\" class=\"attachment-large size-large\" alt=\"\" srcset=\"https:\/\/silvaprodukt.si\/wp-content\/uploads\/2022\/09\/Silvaprodukt-namakanje-v-Silvanolin-scaled-1-1024x768.jpeg 1024w, https:\/\/silvaprodukt.si\/wp-content\/uploads\/2022\/09\/Silvaprodukt-namakanje-v-Silvanolin-scaled-1-510x383.jpeg 510w, https:\/\/silvaprodukt.si\/wp-content\/uploads\/2022\/09\/Silvaprodukt-namakanje-v-Silvanolin-scaled-1-300x225.jpeg 300w, https:\/\/silvaprodukt.si\/wp-content\/uploads\/2022\/09\/Silvaprodukt-namakanje-v-Silvanolin-scaled-1-768x576.jpeg 768w, https:\/\/silvaprodukt.si\/wp-content\/uploads\/2022\/09\/Silvaprodukt-namakanje-v-Silvanolin-scaled-1-1536x1152.jpeg 1536w, https:\/\/silvaprodukt.si\/wp-content\/uploads\/2022\/09\/Silvaprodukt-namakanje-v-Silvanolin-scaled-1-2048x1536.jpeg 2048w\" sizes=\"(max-width: 1020px) 100vw, 1020px\" \/>\t\t\t\t\t\t\n\t\t\t\t\t<\/div>\n\t\t\t\t\t\t\t\t\n<style>\n#image_819355558 {\n  width: 100%;\n}\n<\/style>\n\t<\/div>\n\t\n\t\t<\/div>\n\t\t\t\t\t<\/div>\n\n\t\n<\/div>\n\t\t<\/div>\n\n\t\t\n<style>\n#section_1819132008 {\n  padding-top: 90px;\n  padding-bottom: 90px;\n}\n#section_1819132008 .section-bg-overlay {\n  background-color: rgb(243, 245, 245);\n}\n<\/style>\n\t<\/section>\n\t\n\n\t<section class=\"section\" id=\"section_133186994\">\n\t\t<div class=\"section-bg fill\" >\n\t\t\t\t\t\t\t\t\t\n\t\t\t\n\n\t\t<\/div>\n\n\t\t\n\n\t\t<div class=\"section-content relative\">\n\t\t\t\n<div class=\"row\"  id=\"row-1483173604\">\n\n\t<div id=\"col-589680861\" class=\"col medium-12 small-12 large-6\"  >\n\t\t\t\t<div class=\"col-inner text-left dark\"  >\n\t\t\t\n\t\t\t\n\t<div id=\"gap-99252010\" class=\"gap-element clearfix\" style=\"display:block; height:auto;\">\n\t\t\n<style>\n#gap-99252010 {\n  padding-top: 90px;\n}\n@media (min-width:550px) {\n  #gap-99252010 {\n    padding-top: 0px;\n  }\n}\n<\/style>\n\t<\/div>\n\t\n\t<div class=\"img has-hover x md-x lg-x y md-y lg-y\" id=\"image_1660561817\">\n\t\t\t\t\t\t\t\t<div class=\"img-inner dark\" >\n\t\t\t<img decoding=\"async\" width=\"700\" height=\"700\" src=\"https:\/\/silvaprodukt.si\/wp-content\/uploads\/2022\/09\/termicna_modifikacija_lesa-1.jpg\" class=\"attachment-large size-large\" alt=\"\" srcset=\"https:\/\/silvaprodukt.si\/wp-content\/uploads\/2022\/09\/termicna_modifikacija_lesa-1.jpg 700w, https:\/\/silvaprodukt.si\/wp-content\/uploads\/2022\/09\/termicna_modifikacija_lesa-1-100x100.jpg 100w, https:\/\/silvaprodukt.si\/wp-content\/uploads\/2022\/09\/termicna_modifikacija_lesa-1-510x510.jpg 510w, https:\/\/silvaprodukt.si\/wp-content\/uploads\/2022\/09\/termicna_modifikacija_lesa-1-300x300.jpg 300w, https:\/\/silvaprodukt.si\/wp-content\/uploads\/2022\/09\/termicna_modifikacija_lesa-1-150x150.jpg 150w\" sizes=\"(max-width: 700px) 100vw, 700px\" \/>\t\t\t\t\t\t\n\t\t\t\t\t<\/div>\n\t\t\t\t\t\t\t\t\n<style>\n#image_1660561817 {\n  width: 100%;\n}\n<\/style>\n\t<\/div>\n\t\n\t\t<\/div>\n\t\t\t\t\t<\/div>\n\n\t\n\n\t<div id=\"col-868601700\" class=\"col medium-12 small-12 large-6\"  >\n\t\t\t\t<div class=\"col-inner text-left\"  >\n\t\t\t\n\t\t\t\n<h2>Anfrage<\/h2>\n<p>Zu diesem Zweck bietet Silvaprodukt einen 24-Stunden-Tauchservice an. \u00a0<a href=\"tel:0801202\">+386 (51) 413 424 (Pavel Novak)<\/a>\u00a0, Verf\u00fcgung, Sie k\u00f6nnen uns aber auch eine Nachricht per E-Mail\u00a0<a href=\"mailto:info@silvaprodukt.si\">info@silvaprodukt.si <\/a>senden.<\/p>\n\t\t<\/div>\n\t\t\t\t\n<style>\n#col-868601700 > .col-inner {\n  padding: 0px 0px 0px 0px;\n}\n@media (min-width:550px) {\n  #col-868601700 > .col-inner {\n    padding: 0px 0px 0px 0px;\n  }\n}\n@media (min-width:850px) {\n  #col-868601700 > .col-inner {\n    padding: 0px 0px 0px 50px;\n  }\n}\n<\/style>\n\t<\/div>\n\n\t\n<\/div>\n\t\t<\/div>\n\n\t\t\n<style>\n#section_133186994 {\n  padding-top: 0px;\n  padding-bottom: 0px;\n}\n@media (min-width:550px) {\n  #section_133186994 {\n    padding-top: 90px;\n    padding-bottom: 90px;\n  }\n}\n<\/style>\n\t<\/section>\n\t\n\t<div id=\"gap-428836751\" class=\"gap-element clearfix\" style=\"display:block; height:auto;\">\n\t\t\n<style>\n#gap-428836751 {\n  padding-top: 100px;\n}\n<\/style>\n\t<\/div>\n\t\n","protected":false},"excerpt":{"rendered":"","protected":false},"author":5,"featured_media":4022,"parent":2271,"menu_order":0,"comment_status":"closed","ping_status":"closed","template":"page-blank.php","meta":{"inline_featured_image":false,"footnotes":""},"class_list":["post-2384","page","type-page","status-publish","has-post-thumbnail","hentry"],"acf":[],"_links":{"self":[{"href":"https:\/\/silvaprodukt.si\/de\/wp-json\/wp\/v2\/pages\/2384","targetHints":{"allow":["GET"]}}],"collection":[{"href":"https:\/\/silvaprodukt.si\/de\/wp-json\/wp\/v2\/pages"}],"about":[{"href":"https:\/\/silvaprodukt.si\/de\/wp-json\/wp\/v2\/types\/page"}],"author":[{"embeddable":true,"href":"https:\/\/silvaprodukt.si\/de\/wp-json\/wp\/v2\/users\/5"}],"replies":[{"embeddable":true,"href":"https:\/\/silvaprodukt.si\/de\/wp-json\/wp\/v2\/comments?post=2384"}],"version-history":[{"count":0,"href":"https:\/\/silvaprodukt.si\/de\/wp-json\/wp\/v2\/pages\/2384\/revisions"}],"up":[{"embeddable":true,"href":"https:\/\/silvaprodukt.si\/de\/wp-json\/wp\/v2\/pages\/2271"}],"wp:featuredmedia":[{"embeddable":true,"href":"https:\/\/silvaprodukt.si\/de\/wp-json\/wp\/v2\/media\/4022"}],"wp:attachment":[{"href":"https:\/\/silvaprodukt.si\/de\/wp-json\/wp\/v2\/media?parent=2384"}],"curies":[{"name":"wp","href":"https:\/\/api.w.org\/{rel}","templated":true}]}}