{"id":2286,"date":"2022-09-01T07:31:47","date_gmt":"2022-09-01T07:31:47","guid":{"rendered":"http:\/\/silvaprodukt.si\/storitve\/zascita-lesa-s-postopkom-termicne-modifikacije-silvapro\/"},"modified":"2022-10-25T12:30:48","modified_gmt":"2022-10-25T12:30:48","slug":"holschutz-durch-thermischer-modifizierung-silvapro","status":"publish","type":"page","link":"https:\/\/silvaprodukt.si\/de\/dienstleistungen\/holschutz-durch-thermischer-modifizierung-silvapro\/","title":{"rendered":"Holschutz durch thermischer Modifizierung \u2013 Silvapro"},"content":{"rendered":"\n\t<section class=\"section\" id=\"section_1526661425\">\n\t\t<div class=\"section-bg fill\" >\n\t\t\t<img decoding=\"async\" width=\"1920\" height=\"1080\" src=\"https:\/\/silvaprodukt.si\/wp-content\/uploads\/2022\/08\/head1.jpg\" class=\"bg attachment- size-\" alt=\"\" \/>\t\t\t\t\t\t<div class=\"section-bg-overlay absolute fill\"><\/div>\n\t\t\t\n\n\t\t<\/div>\n\n\t\t\n\n\t\t<div class=\"section-content relative\">\n\t\t\t\n<div class=\"row\"  id=\"row-1094407323\">\n\n\t<div id=\"col-281432336\" class=\"col medium-12 small-12 large-12\"  >\n\t\t\t\t<div class=\"col-inner text-left dark\"  >\n\t\t\t\n\t\t\t\n<p class=\"nadnaslov\">DEINSTLEISTUNGEN<\/p>\n<h1>Holschutz durch thermischer Modifizierung \u2013 Silvapro\u00ae<\/h1>\n<p>Silvapro\u00ae ist ein modernes, umweltfreundliches und mehrfach ausgezeichnetes Holschutzverfahren, bei dem gar keine Chemikalien eingesetzt werden.<br \/>\nDas Silvapro\u00ae-Verfahren ist somit ein ganz nat\u00fcrlicher Holzschutz, da wir eine Erh\u00f6hung des Holzschutzes und dessen Resistenz gegen Holzsch\u00e4dlinge nur durch den Einsatz von Hitze erreichen, ohne Zusatz von Chemikalien!<\/p>\n<ul>\n<li><strong>Grundschutz<\/strong><\/li>\n<li><strong>Au\u00dfenfl\u00e4chen<\/strong><\/li>\n<li><strong>Innenfl\u00e4chen<\/strong><\/li>\n<li><strong>100% nat\u00fcrlicher Holzschutz<\/strong><\/li>\n<\/ul>\n<a href=\"#modifikation\" class=\"button primary\" >\n\t\t<span>Lesen Sie mehr<\/span>\n\t<\/a>\n\n<a class=\"button primary pop-open\" >\n\t\t<span>Anfrage<\/span>\n\t<\/a>\n\n\t\t<\/div>\n\t\t\t\t\t<\/div>\n\n\t\n<\/div>\n\t\t<\/div>\n\n\t\t\n<style>\n#section_1526661425 {\n  padding-top: 90px;\n  padding-bottom: 90px;\n}\n#section_1526661425 .section-bg-overlay {\n  background-color: rgba(0, 0, 0, 0.66);\n}\n<\/style>\n\t<\/section>\n\t\n\n\t<section class=\"section pasica\" id=\"section_1860915166\">\n\t\t<div class=\"section-bg fill\" >\n\t\t\t\t\t\t\t\t\t\n\t\t\t\n\n\t\t<\/div>\n\n\t\t\n\n\t\t<div class=\"section-content relative\">\n\t\t\t\n\n\t<div id=\"gap-1445261492\" class=\"gap-element clearfix\" style=\"display:block; height:auto;\">\n\t\t\n<style>\n#gap-1445261492 {\n  padding-top: 30px;\n}\n<\/style>\n\t<\/div>\n\t\n\n<div class=\"row align-equal\"  id=\"row-1662193801\">\n\n\n\t<div id=\"col-25270732\" class=\"col medium-6 small-12 large-3\"  >\n\t\t\t\t<div class=\"col-inner dark\"  >\n\t\t\t\n\t\t\t\n\n\n\t\t<div class=\"icon-box featured-box icon-box-left text-left\"  >\n\t\t\t\t\t<div class=\"icon-box-img\" style=\"width: 40px\">\n\t\t\t\t<div class=\"icon\">\n\t\t\t\t\t<div class=\"icon-inner\" >\n\t\t\t\t\t\t<img decoding=\"async\" width=\"200\" height=\"201\" src=\"https:\/\/silvaprodukt.si\/wp-content\/uploads\/2022\/09\/Ikona_Silvaprodukt-02.png\" class=\"attachment-medium size-medium\" alt=\"\" srcset=\"https:\/\/silvaprodukt.si\/wp-content\/uploads\/2022\/09\/Ikona_Silvaprodukt-02.png 200w, https:\/\/silvaprodukt.si\/wp-content\/uploads\/2022\/09\/Ikona_Silvaprodukt-02-100x100.png 100w, https:\/\/silvaprodukt.si\/wp-content\/uploads\/2022\/09\/Ikona_Silvaprodukt-02-150x150.png 150w\" sizes=\"(max-width: 200px) 100vw, 200px\" \/>\t\t\t\t\t<\/div>\n\t\t\t\t<\/div>\n\t\t\t<\/div>\n\t\t\t\t<div class=\"icon-box-text last-reset\">\n\t\t\t\t\t\t\t\t\t\n\n<p><strong>BEWIESEN umweltfreundlich<\/strong><\/p>\n\n\t\t<\/div>\n\t<\/div>\n\t\n\t\n\n\t\t<\/div>\n\t\t\t\t\t<\/div>\n\n\t\n\n\t<div id=\"col-178068430\" class=\"col medium-6 small-12 large-3\"  >\n\t\t\t\t<div class=\"col-inner dark\"  >\n\t\t\t\n\t\t\t\n\n\n\t\t<div class=\"icon-box featured-box icon-box-left text-left\"  >\n\t\t\t\t\t<div class=\"icon-box-img\" style=\"width: 40px\">\n\t\t\t\t<div class=\"icon\">\n\t\t\t\t\t<div class=\"icon-inner\" >\n\t\t\t\t\t\t<img decoding=\"async\" width=\"200\" height=\"201\" src=\"https:\/\/silvaprodukt.si\/wp-content\/uploads\/2022\/09\/Ikona_Silvaprodukt-03.png\" class=\"attachment-medium size-medium\" alt=\"\" srcset=\"https:\/\/silvaprodukt.si\/wp-content\/uploads\/2022\/09\/Ikona_Silvaprodukt-03.png 200w, https:\/\/silvaprodukt.si\/wp-content\/uploads\/2022\/09\/Ikona_Silvaprodukt-03-100x100.png 100w, https:\/\/silvaprodukt.si\/wp-content\/uploads\/2022\/09\/Ikona_Silvaprodukt-03-150x150.png 150w\" sizes=\"(max-width: 200px) 100vw, 200px\" \/>\t\t\t\t\t<\/div>\n\t\t\t\t<\/div>\n\t\t\t<\/div>\n\t\t\t\t<div class=\"icon-box-text last-reset\">\n\t\t\t\t\t\t\t\t\t\n\n<p><strong>Wir versichern eine 3X L\u00c4NGERE Lebensdauer des Holzes<\/strong><\/p>\n\n\n\t\t<\/div>\n\t<\/div>\n\t\n\t\n\n\t\t<\/div>\n\t\t\t\t\t<\/div>\n\n\t\n\n\t<div id=\"col-639903509\" class=\"col medium-6 small-12 large-3\"  >\n\t\t\t\t<div class=\"col-inner dark\"  >\n\t\t\t\n\t\t\t\n\n\n\t\t<div class=\"icon-box featured-box icon-box-left text-left\"  >\n\t\t\t\t\t<div class=\"icon-box-img\" style=\"width: 40px\">\n\t\t\t\t<div class=\"icon\">\n\t\t\t\t\t<div class=\"icon-inner\" >\n\t\t\t\t\t\t<img decoding=\"async\" width=\"200\" height=\"201\" src=\"https:\/\/silvaprodukt.si\/wp-content\/uploads\/2022\/09\/Ikona_Silvaprodukt-04.png\" class=\"attachment-medium size-medium\" alt=\"\" srcset=\"https:\/\/silvaprodukt.si\/wp-content\/uploads\/2022\/09\/Ikona_Silvaprodukt-04.png 200w, https:\/\/silvaprodukt.si\/wp-content\/uploads\/2022\/09\/Ikona_Silvaprodukt-04-100x100.png 100w, https:\/\/silvaprodukt.si\/wp-content\/uploads\/2022\/09\/Ikona_Silvaprodukt-04-150x150.png 150w\" sizes=\"(max-width: 200px) 100vw, 200px\" \/>\t\t\t\t\t<\/div>\n\t\t\t\t<\/div>\n\t\t\t<\/div>\n\t\t\t\t<div class=\"icon-box-text last-reset\">\n\t\t\t\t\t\t\t\t\t\n\n<p><strong>1x und dauerhaft gesch\u00fctzt, OHNE ERNEUERUNG<\/strong><\/p>\n\n\t\t<\/div>\n\t<\/div>\n\t\n\t\n\n\t\t<\/div>\n\t\t\t\t\t<\/div>\n\n\t\n\n\t<div id=\"col-897868131\" class=\"col medium-6 small-12 large-3\"  >\n\t\t\t\t<div class=\"col-inner dark\"  >\n\t\t\t\n\t\t\t\n\n\n\t\t<div class=\"icon-box featured-box icon-box-left text-left\"  >\n\t\t\t\t\t<div class=\"icon-box-img\" style=\"width: 40px\">\n\t\t\t\t<div class=\"icon\">\n\t\t\t\t\t<div class=\"icon-inner\" >\n\t\t\t\t\t\t<img decoding=\"async\" width=\"200\" height=\"201\" src=\"https:\/\/silvaprodukt.si\/wp-content\/uploads\/2022\/09\/Ikona_Silvaprodukt-01.png\" class=\"attachment-medium size-medium\" alt=\"\" srcset=\"https:\/\/silvaprodukt.si\/wp-content\/uploads\/2022\/09\/Ikona_Silvaprodukt-01.png 200w, https:\/\/silvaprodukt.si\/wp-content\/uploads\/2022\/09\/Ikona_Silvaprodukt-01-100x100.png 100w, https:\/\/silvaprodukt.si\/wp-content\/uploads\/2022\/09\/Ikona_Silvaprodukt-01-150x150.png 150w\" sizes=\"(max-width: 200px) 100vw, 200px\" \/>\t\t\t\t\t<\/div>\n\t\t\t\t<\/div>\n\t\t\t<\/div>\n\t\t\t\t<div class=\"icon-box-text last-reset\">\n\t\t\t\t\t\t\t\t\t\n\n<p><strong>Mehr als zehn Jahre Erfahrung beim Testen von Produkten<\/strong><\/p>\n\n\t\t<\/div>\n\t<\/div>\n\t\n\t\n\n\t\t<\/div>\n\t\t\t\t\t<\/div>\n\n\t\n\n<\/div>\n\n\t\t<\/div>\n\n\t\t\n<style>\n#section_1860915166 {\n  padding-top: 0px;\n  padding-bottom: 0px;\n  background-color: rgb(157, 141, 118);\n}\n<\/style>\n\t<\/section>\n\t\n<span class=\"scroll-to\" data-label=\"Scroll to: #modifikation\" data-bullet=\"false\" data-link=\"#modifikation\" data-title=\"modifikation\"><a name=\"modifikation\"><\/a><\/span>\n\n\t<section class=\"section\" id=\"section_1994994919\">\n\t\t<div class=\"section-bg fill\" >\n\t\t\t\t\t\t\t\t\t<div class=\"section-bg-overlay absolute fill\"><\/div>\n\t\t\t\n\n\t\t<\/div>\n\n\t\t\n\n\t\t<div class=\"section-content relative\">\n\t\t\t\n<div class=\"row\"  id=\"row-81104996\">\n\n\t<div id=\"col-1584926509\" class=\"col medium-12 small-12 large-6\"  >\n\t\t\t\t<div class=\"col-inner text-left dark\"  >\n\t\t\t\n\t\t\t\n\t<div class=\"img has-hover x md-x lg-x y md-y lg-y\" id=\"image_1099298972\">\n\t\t\t\t\t\t\t\t<div class=\"img-inner dark\" >\n\t\t\t<img decoding=\"async\" width=\"1020\" height=\"555\" src=\"https:\/\/silvaprodukt.si\/wp-content\/uploads\/2022\/08\/retusirana_termicna_modifikacija-1024x557.jpg\" class=\"attachment-large size-large\" alt=\"\" srcset=\"https:\/\/silvaprodukt.si\/wp-content\/uploads\/2022\/08\/retusirana_termicna_modifikacija-1024x557.jpg 1024w, https:\/\/silvaprodukt.si\/wp-content\/uploads\/2022\/08\/retusirana_termicna_modifikacija-510x277.jpg 510w, https:\/\/silvaprodukt.si\/wp-content\/uploads\/2022\/08\/retusirana_termicna_modifikacija-300x163.jpg 300w, https:\/\/silvaprodukt.si\/wp-content\/uploads\/2022\/08\/retusirana_termicna_modifikacija-768x418.jpg 768w, https:\/\/silvaprodukt.si\/wp-content\/uploads\/2022\/08\/retusirana_termicna_modifikacija-1536x835.jpg 1536w, https:\/\/silvaprodukt.si\/wp-content\/uploads\/2022\/08\/retusirana_termicna_modifikacija.jpg 1600w\" sizes=\"(max-width: 1020px) 100vw, 1020px\" \/>\t\t\t\t\t\t\n\t\t\t\t\t<\/div>\n\t\t\t\t\t\t\t\t\n<style>\n#image_1099298972 {\n  width: 100%;\n}\n<\/style>\n\t<\/div>\n\t\n\t\t<\/div>\n\t\t\t\t\t<\/div>\n\n\t\n\n\t<div id=\"col-989050511\" class=\"col medium-12 small-12 large-6\"  >\n\t\t\t\t<div class=\"col-inner text-left\"  >\n\t\t\t\n\t\t\t\n<h2>Was ist thermische Modifikation?<br \/>\n<\/h2>\n<p><b>Thermisch modifiziertes Holz ist bei richtiger Auswahl und Verwendungsweise ein <b>hervorragendes Material f\u00fcr den Einsatz in Feuchtr\u00e4umen und im Au\u00dfenbereich<\/b> und aufgrund seiner geringeren W\u00e4rmeleitf\u00e4higkeit auch sehr gut f\u00fcr die <b>Herstellung von Geb\u00e4udem\u00f6beln<\/b> geeignet.<\/b><\/p>\n<p>Das Holz setzt sich aus Zellen und die Zellw\u00e4nde aus Zellstoff, Hemicellulosen und Lignin zusammen. Durch die Ver\u00e4nderung (Modifizierung) der Struktur dieser Makromolek\u00fcle lassen sich einige Holzeigenschaften verbessern. Bei der <b>thermischen Modifizierung<\/b> (spezielle W\u00e4rmebehandlung) von Holz sind die Strukturver\u00e4nderungen der Makromolek\u00fcle von Holz eine Folge spontaner thermochemische Reaktionen, die bei der Erhitzung von Holz zwischen 180 \u00b0C und 230 \u00b0C in einer inerten Atmosph\u00e4re ablaufen..<\/p>\n\t\t<\/div>\n\t\t\t\t\n<style>\n#col-989050511 > .col-inner {\n  padding: 0px 0px 0px 0px;\n}\n@media (min-width:850px) {\n  #col-989050511 > .col-inner {\n    padding: 0px 0px 0px 50px;\n  }\n}\n<\/style>\n\t<\/div>\n\n\t\n<\/div>\n\t\t<\/div>\n\n\t\t\n<style>\n#section_1994994919 {\n  padding-top: 90px;\n  padding-bottom: 90px;\n}\n#section_1994994919 .section-bg-overlay {\n  background-color: rgba(255, 255, 255, 0.54);\n}\n<\/style>\n\t<\/section>\n\t\n\n\t<section class=\"section\" id=\"section_928031734\">\n\t\t<div class=\"section-bg fill\" >\n\t\t\t\t\t\t\t\t\t<div class=\"section-bg-overlay absolute fill\"><\/div>\n\t\t\t\n\n\t\t<\/div>\n\n\t\t\n\n\t\t<div class=\"section-content relative\">\n\t\t\t\n<div class=\"row\"  id=\"row-1709246192\">\n\n\t<div id=\"col-26659724\" class=\"col medium-12 small-12 large-6\"  >\n\t\t\t\t<div class=\"col-inner text-left\"  >\n\t\t\t\n\t\t\t\n<h2>Wettbewerbsvorteile<\/h2>\n<p><strong>Thermisch modifiziertes Holz nach unserem patentierten Silvapro\u00ae-Verfahren weist folgende Konkurrenzvorteile auf:<\/strong><\/p>\n<ul>\n<li><strong>v\u00f6llig nat\u00fcrlicher Holzschutz, <\/strong><\/li>\n<li><strong>verbesserte Resistenz gegen Holzsch\u00e4dlinge, <\/strong><\/li>\n<li><strong>l\u00e4ngere Lebensdauer<\/strong><\/li>\n<li><strong>reduzierte W\u00e4rmeleitf\u00e4higkeit,<\/strong><\/li>\n<li><strong>verbesserte Dimensionsstabilit\u00e4t, <\/strong><\/li>\n<li><strong>exotische dunkle Optik (\u00fcber den gesamten Querschnitt!), <\/strong><\/li>\n<li><strong>erh\u00f6hte Wasserabweisung<\/strong><\/li>\n<li><strong>100 % freundlich zu Mensch und Umwelt, <\/strong><\/li>\n<li><strong>Dauerhafter Schutz, ohne weitere Wartung.<\/strong><\/li>\n<\/ul>\n\t\t<\/div>\n\t\t\t\t\n<style>\n#col-26659724 > .col-inner {\n  padding: 0px 0px 0px 0px;\n}\n@media (min-width:550px) {\n  #col-26659724 > .col-inner {\n    padding: 0px 0px 0px 0px;\n  }\n}\n@media (min-width:850px) {\n  #col-26659724 > .col-inner {\n    padding: 0px 50px 0px 0px;\n  }\n}\n<\/style>\n\t<\/div>\n\n\t\n\n\t<div id=\"col-1458763938\" class=\"col medium-12 small-12 large-6\"  >\n\t\t\t\t<div class=\"col-inner text-left dark\"  >\n\t\t\t\n\t\t\t\n\t<div class=\"img has-hover x md-x lg-x y md-y lg-y\" id=\"image_953182179\">\n\t\t\t\t\t\t\t\t<div class=\"img-inner dark\" >\n\t\t\t<img decoding=\"async\" width=\"1000\" height=\"664\" src=\"https:\/\/silvaprodukt.si\/wp-content\/uploads\/2022\/09\/Silvaprodukt-Termic\u030cna-modifikacija-lesa-4.jpg\" class=\"attachment-large size-large\" alt=\"\" srcset=\"https:\/\/silvaprodukt.si\/wp-content\/uploads\/2022\/09\/Silvaprodukt-Termic\u030cna-modifikacija-lesa-4.jpg 1000w, https:\/\/silvaprodukt.si\/wp-content\/uploads\/2022\/09\/Silvaprodukt-Termic\u030cna-modifikacija-lesa-4-510x339.jpg 510w, https:\/\/silvaprodukt.si\/wp-content\/uploads\/2022\/09\/Silvaprodukt-Termic\u030cna-modifikacija-lesa-4-300x199.jpg 300w, https:\/\/silvaprodukt.si\/wp-content\/uploads\/2022\/09\/Silvaprodukt-Termic\u030cna-modifikacija-lesa-4-768x510.jpg 768w\" sizes=\"(max-width: 1000px) 100vw, 1000px\" \/>\t\t\t\t\t\t\n\t\t\t\t\t<\/div>\n\t\t\t\t\t\t\t\t\n<style>\n#image_953182179 {\n  width: 100%;\n}\n<\/style>\n\t<\/div>\n\t\n\t\t<\/div>\n\t\t\t\t\t<\/div>\n\n\t\n<\/div>\n\t\t<\/div>\n\n\t\t\n<style>\n#section_928031734 {\n  padding-top: 90px;\n  padding-bottom: 90px;\n}\n#section_928031734 .section-bg-overlay {\n  background-color: rgb(243, 245, 245);\n}\n<\/style>\n\t<\/section>\n\t\n\n\t<section class=\"section\" id=\"section_478856107\">\n\t\t<div class=\"section-bg fill\" >\n\t\t\t\t\t\t\t\t\t\n\t\t\t\n\n\t\t<\/div>\n\n\t\t\n\n\t\t<div class=\"section-content relative\">\n\t\t\t\n<div class=\"row\"  id=\"row-2118508228\">\n\n\t<div id=\"col-704276184\" class=\"col medium-12 small-12 large-6\"  >\n\t\t\t\t<div class=\"col-inner text-left dark\"  >\n\t\t\t\n\t\t\t\n\t<div class=\"img has-hover x md-x lg-x y md-y lg-y\" id=\"image_1313220835\">\n\t\t\t\t\t\t\t\t<div class=\"img-inner dark\" >\n\t\t\t<img decoding=\"async\" width=\"1000\" height=\"664\" src=\"https:\/\/silvaprodukt.si\/wp-content\/uploads\/2022\/09\/Silvaprodukt-Termic\u030cna-modifikacija-lesa-5.jpg\" class=\"attachment-large size-large\" alt=\"\" srcset=\"https:\/\/silvaprodukt.si\/wp-content\/uploads\/2022\/09\/Silvaprodukt-Termic\u030cna-modifikacija-lesa-5.jpg 1000w, https:\/\/silvaprodukt.si\/wp-content\/uploads\/2022\/09\/Silvaprodukt-Termic\u030cna-modifikacija-lesa-5-510x339.jpg 510w, https:\/\/silvaprodukt.si\/wp-content\/uploads\/2022\/09\/Silvaprodukt-Termic\u030cna-modifikacija-lesa-5-300x199.jpg 300w, https:\/\/silvaprodukt.si\/wp-content\/uploads\/2022\/09\/Silvaprodukt-Termic\u030cna-modifikacija-lesa-5-768x510.jpg 768w\" sizes=\"(max-width: 1000px) 100vw, 1000px\" \/>\t\t\t\t\t\t\n\t\t\t\t\t<\/div>\n\t\t\t\t\t\t\t\t\n<style>\n#image_1313220835 {\n  width: 100%;\n}\n<\/style>\n\t<\/div>\n\t\n\t\t<\/div>\n\t\t\t\t\t<\/div>\n\n\t\n\n\t<div id=\"col-1506854367\" class=\"col medium-12 small-12 large-6\"  >\n\t\t\t\t<div class=\"col-inner text-left\"  >\n\t\t\t\n\t\t\t\n<h2>F\u00fcr welches Holz ist es geeignet?<\/h2>\n<p>Das Verfahren eignet sich zur Veredelung der Eigenschaften der meisten Nadel- und Laubholzarten, von Vollholz und Furnier. Hochwertige und tropische Holzarten k\u00f6nnen so ohne Verwendung chemischer Schutzmittel mit weniger hochwertigen und weniger ansprechenden Holzarten, die in unseren W\u00e4ldern im \u00dcberfluss vorhanden sind, gleichwertig ersetzt werden.<b> Die thermische Modifizierung ausgew\u00e4hlter heimischer Holzarten kann somit die Verwendung von mehr oder weniger hochwertigen Exoten- und Tropenholzarten <\/b> (z. B. Sibirische L\u00e4rche, Teak, Meranti, Linde u.\u00e4.) <b>mindestens gleichwertig ersetzen.<\/b><\/p>\n<p>Holz, das der Witterung und der Sonne (UV-Strahlen) ausgesetzt ist, patiniert (vergraut), was ein v\u00f6llig nat\u00fcrlicher Prozess ist, der jedoch die Qualit\u00e4t des Holzes nicht beeintr\u00e4chtigt. Wenn Sie das modifizierte Holz <b>noch zus\u00e4tzlich f\u00e4rben<\/b> oder eine Patinierung seiner Oberfl\u00e4che verhindern m\u00f6chten, empfehlen wir die Verwendung unserer <b>Lasuranstriche auf Wasserbasis \u2013 Silvanol lazura Glasur B oder Silvacera\u00ae- Naturwachs<\/b>, die neben ihrer Farbfunktion auch einen zus\u00e4tzlichen Schutz vor Witterungseinfl\u00fcssen bieten.<\/p>\n\t\t<\/div>\n\t\t\t\t\n<style>\n#col-1506854367 > .col-inner {\n  padding: 0px 0px 0px 0px;\n}\n@media (min-width:550px) {\n  #col-1506854367 > .col-inner {\n    padding: 0px 0px 0px 50px;\n  }\n}\n<\/style>\n\t<\/div>\n\n\t\n<\/div>\n\t\t<\/div>\n\n\t\t\n<style>\n#section_478856107 {\n  padding-top: 90px;\n  padding-bottom: 90px;\n}\n<\/style>\n\t<\/section>\n\t\n\n\t<section class=\"section\" id=\"section_482736448\">\n\t\t<div class=\"section-bg fill\" >\n\t\t\t\t\t\t\t\t\t<div class=\"section-bg-overlay absolute fill\"><\/div>\n\t\t\t\n\n\t\t<\/div>\n\n\t\t\n\n\t\t<div class=\"section-content relative\">\n\t\t\t\n<div class=\"row\"  id=\"row-1939245915\">\n\n\t<div id=\"col-1032880205\" class=\"col medium-12 small-12 large-6\"  >\n\t\t\t\t<div class=\"col-inner text-left\"  >\n\t\t\t\n\t\t\t\n\t<div id=\"gap-118552710\" class=\"gap-element clearfix\" style=\"display:block; height:auto;\">\n\t\t\n<style>\n#gap-118552710 {\n  padding-top: 90px;\n}\n@media (min-width:550px) {\n  #gap-118552710 {\n    padding-top: 30px;\n  }\n}\n<\/style>\n\t<\/div>\n\t\n<h2>Wettbewerbsvorteile<\/h2>\n<p>Holz f\u00fcr die Behandlung mit thermischer Modifizierung nach dem Silvapro\u00ae-Verfahren k\u00f6nnen Sie uns selbst liefern, Sie k\u00f6nnen es aus unserem Lager kaufen, und f\u00fcr gr\u00f6\u00dfere Projekte bieten wir auch die fertigen Elemente gem\u00e4\u00df Ihren spezifischen Projektanforderungen an.<\/p>\n<p>F\u00fcr alle zus\u00e4tzlichen Anweisungen und Tipps stehen wir Ihnen jeden Werktag zwischen <b>7:00 und 15:00 Uhr <\/b>\u00a0unter der Telefonnummer \u00a0<a href=\"tel:0801202\">+386 (51) 413 424 <\/a>\u00a0zur Verf\u00fcgung, Sie k\u00f6nnen uns aber auch eine Nachricht per E-Mail \u00a0<a href=\"mailto:info@silvaprodukt.si\">info@silvaprodukt.si<\/a> senden.<\/p>\n<a href=\"https:\/\/silvaprodukt.si\/wp-content\/uploads\/2022\/10\/Navodila-za-izbiro-in-pripravo-lesa-za-termic\u030cno-modifikacijo-za-pdf-DE.pdf\" class=\"button primary\" >\n\t\t<span>Anleitung zur Auswahl und Vorbereitung von Holz f\u00fcr Silvapro\u00ae<\/span>\n\t<\/a>\n\n<a href=\"https:\/\/silvaprodukt.si\/wp-content\/uploads\/2022\/10\/Navodila-za-obdelavo-termic\u030cno-modificiranega-lesa-Silvapro-za-pdf-DE.pdf\" class=\"button primary\" >\n\t\t<span>Hinweise zur Verarbeitung und Anwendung von Silvapro\u00ae<\/span>\n\t<\/a>\n\n\t\t<\/div>\n\t\t\t\t\n<style>\n#col-1032880205 > .col-inner {\n  padding: 0px 0px 0px 0px;\n}\n@media (min-width:550px) {\n  #col-1032880205 > .col-inner {\n    padding: 0px 50px 0px 0px;\n  }\n}\n<\/style>\n\t<\/div>\n\n\t\n\n\t<div id=\"col-1681327459\" class=\"col medium-12 small-12 large-6\"  >\n\t\t\t\t<div class=\"col-inner text-left dark\"  >\n\t\t\t\n\t\t\t\n\t<div class=\"img has-hover x md-x lg-x y md-y lg-y\" id=\"image_1258935032\">\n\t\t\t\t\t\t\t\t<div class=\"img-inner dark\" >\n\t\t\t<img decoding=\"async\" width=\"1020\" height=\"628\" src=\"https:\/\/silvaprodukt.si\/wp-content\/uploads\/2022\/09\/Silvaprodukt-termic\u030cno-modificiran-les-5-1024x630.jpg\" class=\"attachment-large size-large\" alt=\"\" srcset=\"https:\/\/silvaprodukt.si\/wp-content\/uploads\/2022\/09\/Silvaprodukt-termic\u030cno-modificiran-les-5-1024x630.jpg 1024w, https:\/\/silvaprodukt.si\/wp-content\/uploads\/2022\/09\/Silvaprodukt-termic\u030cno-modificiran-les-5-510x314.jpg 510w, https:\/\/silvaprodukt.si\/wp-content\/uploads\/2022\/09\/Silvaprodukt-termic\u030cno-modificiran-les-5-300x185.jpg 300w, https:\/\/silvaprodukt.si\/wp-content\/uploads\/2022\/09\/Silvaprodukt-termic\u030cno-modificiran-les-5-768x473.jpg 768w, https:\/\/silvaprodukt.si\/wp-content\/uploads\/2022\/09\/Silvaprodukt-termic\u030cno-modificiran-les-5.jpg 1280w\" sizes=\"(max-width: 1020px) 100vw, 1020px\" \/>\t\t\t\t\t\t\n\t\t\t\t\t<\/div>\n\t\t\t\t\t\t\t\t\n<style>\n#image_1258935032 {\n  width: 100%;\n}\n<\/style>\n\t<\/div>\n\t\n\t\t<\/div>\n\t\t\t\t\t<\/div>\n\n\t\n<\/div>\n\t\t<\/div>\n\n\t\t\n<style>\n#section_482736448 {\n  padding-top: 0px;\n  padding-bottom: 0px;\n}\n#section_482736448 .section-bg-overlay {\n  background-color: rgb(243, 245, 245);\n}\n@media (min-width:550px) {\n  #section_482736448 {\n    padding-top: 90px;\n    padding-bottom: 90px;\n  }\n}\n<\/style>\n\t<\/section>\n\t\n\n\t<section class=\"section\" id=\"section_2079321656\">\n\t\t<div class=\"section-bg fill\" >\n\t\t\t\t\t\t\t\t\t\n\t\t\t\n\n\t\t<\/div>\n\n\t\t\n\n\t\t<div class=\"section-content relative\">\n\t\t\t\n<div class=\"row align-middle\"  id=\"row-497738863\">\n\n\t<div id=\"col-1410643548\" class=\"col small-12 large-12\"  >\n\t\t\t\t<div class=\"col-inner text-center\"  >\n\t\t\t\n\t\t\t\n\t<div id=\"gap-1929799008\" class=\"gap-element clearfix\" style=\"display:block; height:auto;\">\n\t\t\n<style>\n#gap-1929799008 {\n  padding-top: 50px;\n}\n<\/style>\n\t<\/div>\n\t\n<p class=\"nadnaslov\">MEHRJ\u00c4HRIGE EXPERIMENTE AN DER FAKULT\u00c4T BIOTECH<\/p>\n<h2>GEPR\u00dcFT VON<\/h2>\n<p><strong>Das Holz <span class=\"secondary-color\">Silvapro\u00ae <\/span> wurde in Rahmen des <span class=\"secondary-color\">R &amp; D <\/span> Projekts RIP09 an der <span class=\"secondary-color\">Biotechnischen Fakult\u00e4t der Universit\u00e4t Ljubljana<\/span> getestet.<\/strong><\/p>\n\t<div class=\"img has-hover x md-x lg-x y md-y lg-y\" id=\"image_703614106\">\n\t\t\t\t\t\t\t\t<div class=\"img-inner dark\" >\n\t\t\t<img decoding=\"async\" width=\"508\" height=\"150\" src=\"https:\/\/silvaprodukt.si\/wp-content\/uploads\/2022\/09\/BF_logo.png\" class=\"attachment-large size-large\" alt=\"\" srcset=\"https:\/\/silvaprodukt.si\/wp-content\/uploads\/2022\/09\/BF_logo.png 508w, https:\/\/silvaprodukt.si\/wp-content\/uploads\/2022\/09\/BF_logo-300x89.png 300w\" sizes=\"(max-width: 508px) 100vw, 508px\" \/>\t\t\t\t\t\t\n\t\t\t\t\t<\/div>\n\t\t\t\t\t\t\t\t\n<style>\n#image_703614106 {\n  width: 30%;\n}\n<\/style>\n\t<\/div>\n\t\n\t\t<\/div>\n\t\t\t\t\t<\/div>\n\n\t\n<\/div>\n\t<div id=\"gap-962426654\" class=\"gap-element clearfix\" style=\"display:block; height:auto;\">\n\t\t\n<style>\n#gap-962426654 {\n  padding-top: 100px;\n}\n<\/style>\n\t<\/div>\n\t\n\t\t<\/div>\n\n\t\t\n<style>\n#section_2079321656 {\n  padding-top: 30px;\n  padding-bottom: 30px;\n}\n<\/style>\n\t<\/section>\n\t\n","protected":false},"excerpt":{"rendered":"","protected":false},"author":5,"featured_media":4022,"parent":2271,"menu_order":0,"comment_status":"closed","ping_status":"closed","template":"page-blank.php","meta":{"inline_featured_image":false,"footnotes":""},"class_list":["post-2286","page","type-page","status-publish","has-post-thumbnail","hentry"],"acf":[],"_links":{"self":[{"href":"https:\/\/silvaprodukt.si\/de\/wp-json\/wp\/v2\/pages\/2286","targetHints":{"allow":["GET"]}}],"collection":[{"href":"https:\/\/silvaprodukt.si\/de\/wp-json\/wp\/v2\/pages"}],"about":[{"href":"https:\/\/silvaprodukt.si\/de\/wp-json\/wp\/v2\/types\/page"}],"author":[{"embeddable":true,"href":"https:\/\/silvaprodukt.si\/de\/wp-json\/wp\/v2\/users\/5"}],"replies":[{"embeddable":true,"href":"https:\/\/silvaprodukt.si\/de\/wp-json\/wp\/v2\/comments?post=2286"}],"version-history":[{"count":0,"href":"https:\/\/silvaprodukt.si\/de\/wp-json\/wp\/v2\/pages\/2286\/revisions"}],"up":[{"embeddable":true,"href":"https:\/\/silvaprodukt.si\/de\/wp-json\/wp\/v2\/pages\/2271"}],"wp:featuredmedia":[{"embeddable":true,"href":"https:\/\/silvaprodukt.si\/de\/wp-json\/wp\/v2\/media\/4022"}],"wp:attachment":[{"href":"https:\/\/silvaprodukt.si\/de\/wp-json\/wp\/v2\/media?parent=2286"}],"curies":[{"name":"wp","href":"https:\/\/api.w.org\/{rel}","templated":true}]}}