{"id":2271,"date":"2022-08-30T09:45:41","date_gmt":"2022-08-30T07:45:41","guid":{"rendered":"http:\/\/silvaprodukt.si\/storitve\/"},"modified":"2022-10-26T06:49:18","modified_gmt":"2022-10-26T06:49:18","slug":"dienstleistungen","status":"publish","type":"page","link":"https:\/\/silvaprodukt.si\/de\/dienstleistungen\/","title":{"rendered":"Dienstleistungen"},"content":{"rendered":"\n\t<section class=\"section\" id=\"section_761562824\">\n\t\t<div class=\"section-bg fill\" >\n\t\t\t<img decoding=\"async\" width=\"1600\" height=\"870\" src=\"https:\/\/silvaprodukt.si\/wp-content\/uploads\/2022\/08\/retusirana_termicna_modifikacija.jpg\" class=\"bg attachment- size-\" alt=\"\" \/>\t\t\t\t\t\t<div class=\"section-bg-overlay absolute fill\"><\/div>\n\t\t\t\n\n\t\t<\/div>\n\n\t\t\n\n\t\t<div class=\"section-content relative\">\n\t\t\t\n<div class=\"row\"  id=\"row-1165754918\">\n\n\t<div id=\"col-1918016125\" class=\"col medium-12 small-12 large-6\"  >\n\t\t\t\t<div class=\"col-inner text-left dark\"  >\n\t\t\t\n\t\t\t\n<p class=\"nadnaslov\">Silva produkt<\/p>\n<h1>Dienstleistungen<\/h1>\n<p>Bei Silvaprodukt bieten wir auch moderne und effektive Dienstleistungen zum Schutz von Holz gegen alle Witterungsbedingungen und Holzsch\u00e4dlinge an und verl\u00e4ngern so die Lebensdauer von Holz um ein Vielfaches!<\/p>\n<a href=\"#holz\" class=\"button primary\" >\n\t\t<span>Lesen Sie mehr<\/span>\n\t<\/a>\n\n<a class=\"button primary pop-open\" >\n\t\t<span>Anfrage<\/span>\n\t<\/a>\n\n\t\t<\/div>\n\t\t\t\t\t<\/div>\n\n\t\n<\/div>\n\t\t<\/div>\n\n\t\t\n<style>\n#section_761562824 {\n  padding-top: 90px;\n  padding-bottom: 90px;\n}\n#section_761562824 .section-bg-overlay {\n  background-color: rgba(0, 0, 0, 0.66);\n}\n<\/style>\n\t<\/section>\n\t\n\n\t<section class=\"section pasica\" id=\"section_684623288\">\n\t\t<div class=\"section-bg fill\" >\n\t\t\t\t\t\t\t\t\t\n\t\t\t\n\n\t\t<\/div>\n\n\t\t\n\n\t\t<div class=\"section-content relative\">\n\t\t\t\n\n\t<div id=\"gap-1599331166\" class=\"gap-element clearfix\" style=\"display:block; height:auto;\">\n\t\t\n<style>\n#gap-1599331166 {\n  padding-top: 30px;\n}\n<\/style>\n\t<\/div>\n\t\n\n<div class=\"row align-equal\"  id=\"row-1309474579\">\n\n\n\t<div id=\"col-671756191\" class=\"col medium-6 small-12 large-3\"  >\n\t\t\t\t<div class=\"col-inner dark\"  >\n\t\t\t\n\t\t\t\n\n\n\t\t<div class=\"icon-box featured-box icon-box-left text-left\"  >\n\t\t\t\t\t<div class=\"icon-box-img\" style=\"width: 40px\">\n\t\t\t\t<div class=\"icon\">\n\t\t\t\t\t<div class=\"icon-inner\" >\n\t\t\t\t\t\t<img decoding=\"async\" width=\"200\" height=\"201\" src=\"https:\/\/silvaprodukt.si\/wp-content\/uploads\/2022\/09\/Ikona_Silvaprodukt-02.png\" class=\"attachment-medium size-medium\" alt=\"\" srcset=\"https:\/\/silvaprodukt.si\/wp-content\/uploads\/2022\/09\/Ikona_Silvaprodukt-02.png 200w, https:\/\/silvaprodukt.si\/wp-content\/uploads\/2022\/09\/Ikona_Silvaprodukt-02-100x100.png 100w, https:\/\/silvaprodukt.si\/wp-content\/uploads\/2022\/09\/Ikona_Silvaprodukt-02-150x150.png 150w\" sizes=\"(max-width: 200px) 100vw, 200px\" \/>\t\t\t\t\t<\/div>\n\t\t\t\t<\/div>\n\t\t\t<\/div>\n\t\t\t\t<div class=\"icon-box-text last-reset\">\n\t\t\t\t\t\t\t\t\t\n\n<p><strong>BEWIESEN umweltfreundlich<\/strong><\/p>\n\n\t\t<\/div>\n\t<\/div>\n\t\n\t\n\n\t\t<\/div>\n\t\t\t\t\t<\/div>\n\n\t\n\n\t<div id=\"col-1130178516\" class=\"col medium-6 small-12 large-3\"  >\n\t\t\t\t<div class=\"col-inner dark\"  >\n\t\t\t\n\t\t\t\n\n\n\t\t<div class=\"icon-box featured-box icon-box-left text-left\"  >\n\t\t\t\t\t<div class=\"icon-box-img\" style=\"width: 40px\">\n\t\t\t\t<div class=\"icon\">\n\t\t\t\t\t<div class=\"icon-inner\" >\n\t\t\t\t\t\t<img decoding=\"async\" width=\"200\" height=\"201\" src=\"https:\/\/silvaprodukt.si\/wp-content\/uploads\/2022\/09\/Ikona_Silvaprodukt-03.png\" class=\"attachment-medium size-medium\" alt=\"\" srcset=\"https:\/\/silvaprodukt.si\/wp-content\/uploads\/2022\/09\/Ikona_Silvaprodukt-03.png 200w, https:\/\/silvaprodukt.si\/wp-content\/uploads\/2022\/09\/Ikona_Silvaprodukt-03-100x100.png 100w, https:\/\/silvaprodukt.si\/wp-content\/uploads\/2022\/09\/Ikona_Silvaprodukt-03-150x150.png 150w\" sizes=\"(max-width: 200px) 100vw, 200px\" \/>\t\t\t\t\t<\/div>\n\t\t\t\t<\/div>\n\t\t\t<\/div>\n\t\t\t\t<div class=\"icon-box-text last-reset\">\n\t\t\t\t\t\t\t\t\t\n\n<p><strong>Wir versichern eine 3X L\u00c4NGERE Lebensdauer des Holzes<\/strong><\/p>\n\n\n\t\t<\/div>\n\t<\/div>\n\t\n\t\n\n\t\t<\/div>\n\t\t\t\t\t<\/div>\n\n\t\n\n\t<div id=\"col-144260225\" class=\"col medium-6 small-12 large-3\"  >\n\t\t\t\t<div class=\"col-inner dark\"  >\n\t\t\t\n\t\t\t\n\n\n\t\t<div class=\"icon-box featured-box icon-box-left text-left\"  >\n\t\t\t\t\t<div class=\"icon-box-img\" style=\"width: 40px\">\n\t\t\t\t<div class=\"icon\">\n\t\t\t\t\t<div class=\"icon-inner\" >\n\t\t\t\t\t\t<img decoding=\"async\" width=\"200\" height=\"201\" src=\"https:\/\/silvaprodukt.si\/wp-content\/uploads\/2022\/09\/Ikona_Silvaprodukt-04.png\" class=\"attachment-medium size-medium\" alt=\"\" srcset=\"https:\/\/silvaprodukt.si\/wp-content\/uploads\/2022\/09\/Ikona_Silvaprodukt-04.png 200w, https:\/\/silvaprodukt.si\/wp-content\/uploads\/2022\/09\/Ikona_Silvaprodukt-04-100x100.png 100w, https:\/\/silvaprodukt.si\/wp-content\/uploads\/2022\/09\/Ikona_Silvaprodukt-04-150x150.png 150w\" sizes=\"(max-width: 200px) 100vw, 200px\" \/>\t\t\t\t\t<\/div>\n\t\t\t\t<\/div>\n\t\t\t<\/div>\n\t\t\t\t<div class=\"icon-box-text last-reset\">\n\t\t\t\t\t\t\t\t\t\n\n<p><strong>1x und dauerhaft gesch\u00fctzt, OHNE ERNEUERUNG<\/strong><\/p>\n\n\t\t<\/div>\n\t<\/div>\n\t\n\t\n\n\t\t<\/div>\n\t\t\t\t\t<\/div>\n\n\t\n\n\t<div id=\"col-730745322\" class=\"col medium-6 small-12 large-3\"  >\n\t\t\t\t<div class=\"col-inner dark\"  >\n\t\t\t\n\t\t\t\n\n\n\t\t<div class=\"icon-box featured-box icon-box-left text-left\"  >\n\t\t\t\t\t<div class=\"icon-box-img\" style=\"width: 40px\">\n\t\t\t\t<div class=\"icon\">\n\t\t\t\t\t<div class=\"icon-inner\" >\n\t\t\t\t\t\t<img decoding=\"async\" width=\"200\" height=\"201\" src=\"https:\/\/silvaprodukt.si\/wp-content\/uploads\/2022\/09\/Ikona_Silvaprodukt-01.png\" class=\"attachment-medium size-medium\" alt=\"\" srcset=\"https:\/\/silvaprodukt.si\/wp-content\/uploads\/2022\/09\/Ikona_Silvaprodukt-01.png 200w, https:\/\/silvaprodukt.si\/wp-content\/uploads\/2022\/09\/Ikona_Silvaprodukt-01-100x100.png 100w, https:\/\/silvaprodukt.si\/wp-content\/uploads\/2022\/09\/Ikona_Silvaprodukt-01-150x150.png 150w\" sizes=\"(max-width: 200px) 100vw, 200px\" \/>\t\t\t\t\t<\/div>\n\t\t\t\t<\/div>\n\t\t\t<\/div>\n\t\t\t\t<div class=\"icon-box-text last-reset\">\n\t\t\t\t\t\t\t\t\t\n\n<p><strong>Mehr als zehn Jahre Erfahrung beim Testen von Produkten<\/strong><\/p>\n\n\t\t<\/div>\n\t<\/div>\n\t\n\t\n\n\t\t<\/div>\n\t\t\t\t\t<\/div>\n\n\t\n\n<\/div>\n\n\t\t<\/div>\n\n\t\t\n<style>\n#section_684623288 {\n  padding-top: 0px;\n  padding-bottom: 0px;\n  background-color: rgb(157, 141, 118);\n}\n<\/style>\n\t<\/section>\n\t\n<span class=\"scroll-to\" data-label=\"Scroll to: #holz\" data-bullet=\"false\" data-link=\"#holz\" data-title=\"holz\"><a name=\"holz\"><\/a><\/span>\n\n\t<section class=\"section\" id=\"section_415747563\">\n\t\t<div class=\"section-bg fill\" >\n\t\t\t\t\t\t\t\t\t<div class=\"section-bg-overlay absolute fill\"><\/div>\n\t\t\t\n\n\t\t<\/div>\n\n\t\t\n\n\t\t<div class=\"section-content relative\">\n\t\t\t\n<div class=\"row align-middle\"  id=\"row-544627082\">\n\n\t<div id=\"col-1764916257\" class=\"col medium-12 small-12 large-6\"  >\n\t\t\t\t<div class=\"col-inner text-left dark\"  >\n\t\t\t\n\t\t\t\n\t<div class=\"img has-hover x md-x lg-x y md-y lg-y\" id=\"image_512884472\">\n\t\t\t\t\t\t\t\t<div class=\"img-inner dark\" >\n\t\t\t<img decoding=\"async\" width=\"1020\" height=\"555\" src=\"https:\/\/silvaprodukt.si\/wp-content\/uploads\/2022\/08\/retusirana_termicna_modifikacija-1024x557.jpg\" class=\"attachment-large size-large\" alt=\"\" srcset=\"https:\/\/silvaprodukt.si\/wp-content\/uploads\/2022\/08\/retusirana_termicna_modifikacija-1024x557.jpg 1024w, https:\/\/silvaprodukt.si\/wp-content\/uploads\/2022\/08\/retusirana_termicna_modifikacija-510x277.jpg 510w, https:\/\/silvaprodukt.si\/wp-content\/uploads\/2022\/08\/retusirana_termicna_modifikacija-300x163.jpg 300w, https:\/\/silvaprodukt.si\/wp-content\/uploads\/2022\/08\/retusirana_termicna_modifikacija-768x418.jpg 768w, https:\/\/silvaprodukt.si\/wp-content\/uploads\/2022\/08\/retusirana_termicna_modifikacija-1536x835.jpg 1536w, https:\/\/silvaprodukt.si\/wp-content\/uploads\/2022\/08\/retusirana_termicna_modifikacija.jpg 1600w\" sizes=\"(max-width: 1020px) 100vw, 1020px\" \/>\t\t\t\t\t\t\n\t\t\t\t\t<\/div>\n\t\t\t\t\t\t\t\t\n<style>\n#image_512884472 {\n  width: 100%;\n}\n<\/style>\n\t<\/div>\n\t\n\t\t<\/div>\n\t\t\t\t\t<\/div>\n\n\t\n\n\t<div id=\"col-1639573206\" class=\"col medium-12 small-12 large-6\"  >\n\t\t\t\t<div class=\"col-inner text-left\"  >\n\t\t\t\n\t\t\t\n<h2>Holschutz durch thermischer Modifizierung \u2013 Silvapro\u00ae<\/h2>\n<p>Silvapro\u00ae ist ein modernes, umweltfreundliches und mehrfach ausgezeichnetes Holschutzverfahren, bei dem gar keine Chemikalien eingesetzt werden. Das Silvapro\u00ae-Verfahren ist somit ein ganz nat\u00fcrlicher Holzschutz, da wir eine Erh\u00f6hung des Holzschutzes und dessen Resistenz gegen Holzsch\u00e4dlinge nur durch den Einsatz von Hitze erreichen, ohne Zusatz von Chemikalien!<\/p>\n<ul>\n<li><strong>Grundschutz<\/strong><\/li>\n<li><strong>Au\u00dfenfl\u00e4chen<\/strong><\/li>\n<li><strong>Innenfl\u00e4chen<\/strong><\/li>\n<li><strong>100% nat\u00fcrlicher Holzschutz<\/strong><\/li>\n<\/ul>\n<a href=\"https:\/\/silvaprodukt.si\/de\/storitve\/holschutz-durch-thermischer-modifizierung-silvapro\/\" class=\"button primary\" >\n\t\t<span>Lesen Sie mehr<\/span>\n\t<\/a>\n\n<a class=\"button primary pop-open\" >\n\t\t<span>Anfrage<\/span>\n\t<\/a>\n\n\t\t<\/div>\n\t\t\t\t\n<style>\n#col-1639573206 > .col-inner {\n  padding: 0px 0px 0px 0px;\n}\n@media (min-width:550px) {\n  #col-1639573206 > .col-inner {\n    padding: 0px 0px 0px 0px;\n  }\n}\n@media (min-width:850px) {\n  #col-1639573206 > .col-inner {\n    padding: 0px 0px 0px 50px;\n  }\n}\n<\/style>\n\t<\/div>\n\n\t\n\n<style>\n#row-544627082 > .col > .col-inner {\n  padding: 0px 0px 0px 50px0px;\n}\n<\/style>\n<\/div>\n\t\t<\/div>\n\n\t\t\n<style>\n#section_415747563 {\n  padding-top: 30px;\n  padding-bottom: 30px;\n}\n#section_415747563 .section-bg-overlay {\n  background-color: rgba(255, 255, 255, 0.54);\n}\n@media (min-width:550px) {\n  #section_415747563 {\n    padding-top: 90px;\n    padding-bottom: 90px;\n  }\n}\n<\/style>\n\t<\/section>\n\t\n\n\t<section class=\"section\" id=\"section_971095864\">\n\t\t<div class=\"section-bg fill\" >\n\t\t\t\t\t\t\t\t\t<div class=\"section-bg-overlay absolute fill\"><\/div>\n\t\t\t\n\n\t\t<\/div>\n\n\t\t\n\n\t\t<div class=\"section-content relative\">\n\t\t\t\n<div class=\"row align-middle\"  id=\"row-1345632251\">\n\n\t<div id=\"col-967449319\" class=\"col medium-12 small-12 large-6\"  >\n\t\t\t\t<div class=\"col-inner text-left\"  >\n\t\t\t\n\t\t\t\n<h2>Holzschutz durch Vakuumdruckimpr\u00e4gnierung<\/h2>\n<p>Die Vakuumdruckimpr\u00e4gnierung ist ein Verfahren des Holzgrundschutzes, mit dem wir das tiefste Eindringen und die maximale Aufnahme von Grundschutzmittel in das Holz erreichen. Dieses Verfahren sch\u00fctzt Holz, das den schwierigsten Bedingungen und Verwendungszwecken ausgesetzt werden soll.<\/p>\n<ul>\n<li><strong>Grundschutz<\/strong><\/li>\n<li><strong>Au\u00dfenfl\u00e4chen<\/strong><\/li>\n<li><strong>Innenfl\u00e4chen<br \/>\n<\/strong><\/li>\n<li><strong>F\u00fcr Holz, das h\u00e4rtesten Bedingungen ausgesetzt ist<\/strong><\/li>\n<\/ul>\n<a href=\"https:\/\/silvaprodukt.si\/de\/storitve\/holzschutz-durch-vakuumdruckimpraegnierung\/\" class=\"button primary\" >\n\t\t<span>Lesen Sie mehr<\/span>\n\t<\/a>\n\n<a class=\"button primary pop-open\" >\n\t\t<span>Anfrage<\/span>\n\t<\/a>\n\n\t\t<\/div>\n\t\t\t\t\n<style>\n#col-967449319 > .col-inner {\n  padding: 0px 0px 0px 0px;\n}\n@media (min-width:550px) {\n  #col-967449319 > .col-inner {\n    padding: 0px 0px 0px 0px;\n  }\n}\n@media (min-width:850px) {\n  #col-967449319 > .col-inner {\n    padding: 0px 50px 0px 0px;\n  }\n}\n<\/style>\n\t<\/div>\n\n\t\n\n\t<div id=\"col-613118060\" class=\"col medium-12 small-12 large-6\"  >\n\t\t\t\t<div class=\"col-inner text-left dark\"  >\n\t\t\t\n\t\t\t\n\t<div class=\"img has-hover x md-x lg-x y md-y lg-y\" id=\"image_1008282049\">\n\t\t\t\t\t\t\t\t<div class=\"img-inner dark\" >\n\t\t\t<img decoding=\"async\" width=\"1020\" height=\"1020\" src=\"https:\/\/silvaprodukt.si\/wp-content\/uploads\/2022\/08\/vakumsko-tlanca-1024x1024.jpg\" class=\"attachment-large size-large\" alt=\"\" srcset=\"https:\/\/silvaprodukt.si\/wp-content\/uploads\/2022\/08\/vakumsko-tlanca-1024x1024.jpg 1024w, https:\/\/silvaprodukt.si\/wp-content\/uploads\/2022\/08\/vakumsko-tlanca-100x100.jpg 100w, https:\/\/silvaprodukt.si\/wp-content\/uploads\/2022\/08\/vakumsko-tlanca-510x510.jpg 510w, https:\/\/silvaprodukt.si\/wp-content\/uploads\/2022\/08\/vakumsko-tlanca-300x300.jpg 300w, https:\/\/silvaprodukt.si\/wp-content\/uploads\/2022\/08\/vakumsko-tlanca-150x150.jpg 150w, https:\/\/silvaprodukt.si\/wp-content\/uploads\/2022\/08\/vakumsko-tlanca-768x768.jpg 768w, https:\/\/silvaprodukt.si\/wp-content\/uploads\/2022\/08\/vakumsko-tlanca.jpg 1400w\" sizes=\"(max-width: 1020px) 100vw, 1020px\" \/>\t\t\t\t\t\t\n\t\t\t\t\t<\/div>\n\t\t\t\t\t\t\t\t\n<style>\n#image_1008282049 {\n  width: 100%;\n}\n<\/style>\n\t<\/div>\n\t\n\t\t<\/div>\n\t\t\t\t\t<\/div>\n\n\t\n<\/div>\n\t\t<\/div>\n\n\t\t\n<style>\n#section_971095864 {\n  padding-top: 30px;\n  padding-bottom: 30px;\n}\n#section_971095864 .section-bg-overlay {\n  background-color: rgb(243, 245, 245);\n}\n@media (min-width:550px) {\n  #section_971095864 {\n    padding-top: 90px;\n    padding-bottom: 90px;\n  }\n}\n<\/style>\n\t<\/section>\n\t\n\n\t<section class=\"section\" id=\"section_115502911\">\n\t\t<div class=\"section-bg fill\" >\n\t\t\t\t\t\t\t\t\t\n\t\t\t\n\n\t\t<\/div>\n\n\t\t\n\n\t\t<div class=\"section-content relative\">\n\t\t\t\n<div class=\"row align-middle\"  id=\"row-381054155\">\n\n\t<div id=\"col-1400919229\" class=\"col medium-12 small-12 large-6\"  >\n\t\t\t\t<div class=\"col-inner text-left dark\"  >\n\t\t\t\n\t\t\t\n\t<div id=\"gap-849569528\" class=\"gap-element clearfix\" style=\"display:block; height:auto;\">\n\t\t\n<style>\n#gap-849569528 {\n  padding-top: 30px;\n}\n@media (min-width:550px) {\n  #gap-849569528 {\n    padding-top: 30px;\n  }\n}\n<\/style>\n\t<\/div>\n\t\n\t<div class=\"img has-hover x md-x lg-x y md-y lg-y\" id=\"image_863632990\">\n\t\t\t\t\t\t\t\t<div class=\"img-inner dark\" >\n\t\t\t<img decoding=\"async\" width=\"700\" height=\"700\" src=\"https:\/\/silvaprodukt.si\/wp-content\/uploads\/2022\/08\/termicna_modifikacija_lesa.jpg\" class=\"attachment-large size-large\" alt=\"\" srcset=\"https:\/\/silvaprodukt.si\/wp-content\/uploads\/2022\/08\/termicna_modifikacija_lesa.jpg 700w, https:\/\/silvaprodukt.si\/wp-content\/uploads\/2022\/08\/termicna_modifikacija_lesa-100x100.jpg 100w, https:\/\/silvaprodukt.si\/wp-content\/uploads\/2022\/08\/termicna_modifikacija_lesa-510x510.jpg 510w, https:\/\/silvaprodukt.si\/wp-content\/uploads\/2022\/08\/termicna_modifikacija_lesa-300x300.jpg 300w, https:\/\/silvaprodukt.si\/wp-content\/uploads\/2022\/08\/termicna_modifikacija_lesa-150x150.jpg 150w\" sizes=\"(max-width: 700px) 100vw, 700px\" \/>\t\t\t\t\t\t\n\t\t\t\t\t<\/div>\n\t\t\t\t\t\t\t\t\n<style>\n#image_863632990 {\n  width: 100%;\n}\n<\/style>\n\t<\/div>\n\t\n\t\t<\/div>\n\t\t\t\t\t<\/div>\n\n\t\n\n\t<div id=\"col-317592884\" class=\"col medium-12 small-12 large-6\"  >\n\t\t\t\t<div class=\"col-inner text-left\"  >\n\t\t\t\n\t\t\t\n<h2>Holzschutz durch Tauchen (24 Stunden)<\/h2>\n<p>Tauchen ist ein Verfahren zur Holzschutzgrundierung , das die Aufnahme des Holzschutzmittels in das Holz erh\u00f6ht, dadurch dessen Widerstandsf\u00e4higkeit gegen Holzsch\u00e4dlinge erh\u00f6ht und f\u00fcr eine l\u00e4ngere Haltbarkeit bzw. Lebensdauer sorgt..<\/p>\n<ul>\n<li><strong>Grundschutz<\/strong><\/li>\n<li><strong>Au\u00dfenfl\u00e4chen<\/strong><\/li>\n<li><strong>Innenfl\u00e4chen<\/strong><\/li>\n<li><strong>F\u00fcr Holz, das Regen den Niederschl\u00e4gen ausgesetzt ist<\/strong><\/li>\n<\/ul>\n<a href=\"https:\/\/silvaprodukt.si\/de\/storitve\/holzschutz-durch-tauchen-24-stunden\/\" class=\"button primary\" >\n\t\t<span>Lesen Sie mehr<\/span>\n\t<\/a>\n\n<a class=\"button primary pop-open\" >\n\t\t<span>Anfrage<\/span>\n\t<\/a>\n\n\t\t<\/div>\n\t\t\t\t\t<\/div>\n\n\t\n<\/div>\n\t\t<\/div>\n\n\t\t\n<style>\n#section_115502911 {\n  padding-top: 0px;\n  padding-bottom: 0px;\n}\n@media (min-width:550px) {\n  #section_115502911 {\n    padding-top: 90px;\n    padding-bottom: 90px;\n  }\n}\n<\/style>\n\t<\/section>\n\t\n\n\t<section class=\"section\" id=\"section_820470431\">\n\t\t<div class=\"section-bg fill\" >\n\t\t\t\t\t\t\t\t\t<div class=\"section-bg-overlay absolute fill\"><\/div>\n\t\t\t\n\n\t\t<\/div>\n\n\t\t\n\n\t\t<div class=\"section-content relative\">\n\t\t\t\n<div class=\"row align-middle\"  id=\"row-719412374\">\n\n\t<div id=\"col-1995793905\" class=\"col medium-12 small-12 large-6\"  >\n\t\t\t\t<div class=\"col-inner text-left dark\" style=\"background-color:rgb(97, 143, 122);\" >\n\t\t\t\n\t\t\t\n<div class=\"row\"  id=\"row-1667119506\">\n\n\t<div id=\"col-1395939314\" class=\"col badge-projekt-col medium-2 small-12 large-2\"  >\n\t\t\t\t<div class=\"col-inner text-center\"  >\n\t\t\t\n\t\t\t\n<p class=\"badge-projekt\">01<\/p>\n\t\t<\/div>\n\t\t\t\t\t<\/div>\n\n\t\n\n\t<div id=\"col-1617805901\" class=\"col medium-10 small-12 large-10\"  >\n\t\t\t\t<div class=\"col-inner\"  >\n\t\t\t\n\t\t\t\n<h3>Vertrauen Sie uns Ihr Projekt an<\/h3>\n<p>W\u00e4hrend unsere 70-j\u00e4hrigen T\u00e4tigkeit haben wir viele Projekte erfolgreich abgeschlossen, lassen Sie uns auch Sie beraten, die optimale und effektivste L\u00f6sung f\u00fcr Ihre Idee zu finden.<\/p>\n\t\t<\/div>\n\t\t\t\t\t<\/div>\n\n\t\n<\/div>\n\t\t<\/div>\n\t\t\t\t\n<style>\n#col-1995793905 > .col-inner {\n  padding: 50px 30px 30px 30px;\n}\n<\/style>\n\t<\/div>\n\n\t\n\n\t<div id=\"col-1299343801\" class=\"col medium-12 small-12 large-6\"  >\n\t\t\t\t<div class=\"col-inner text-left dark\" style=\"background-color:rgb(97, 143, 122);\" >\n\t\t\t\n\t\t\t\n<div class=\"row\"  id=\"row-1365048982\">\n\n\t<div id=\"col-1449286126\" class=\"col badge-projekt-col medium-2 small-12 large-2\"  >\n\t\t\t\t<div class=\"col-inner text-center\"  >\n\t\t\t\n\t\t\t\n<p class=\"badge-projekt\">02<\/p>\n\t\t<\/div>\n\t\t\t\t\t<\/div>\n\n\t\n\n\t<div id=\"col-1884000684\" class=\"col medium-10 small-12 large-10\"  >\n\t\t\t\t<div class=\"col-inner\"  >\n\t\t\t\n\t\t\t\n<h3>Bewertung, Angebot &amp; Frist<\/h3>\n<p>In k\u00fcrzester Zeit erstellen wir Ihnen ein individuelles Angebot nach Ihren W\u00fcnschen mit allen Schl\u00fcsselpunkten der Ausf\u00fchrung<\/p>\n\t\t<\/div>\n\t\t\t\t\t<\/div>\n\n\t\n<\/div>\n\t\t<\/div>\n\t\t\t\t\n<style>\n#col-1299343801 > .col-inner {\n  padding: 50px 30px 30px 30px;\n}\n<\/style>\n\t<\/div>\n\n\t\n\n\t<div id=\"col-1219568302\" class=\"col medium-12 small-12 large-6\"  >\n\t\t\t\t<div class=\"col-inner text-left dark\" style=\"background-color:rgb(97, 143, 122);\" >\n\t\t\t\n\t\t\t\n<div class=\"row\"  id=\"row-943162006\">\n\n\t<div id=\"col-300226415\" class=\"col badge-projekt-col medium-2 small-12 large-2\"  >\n\t\t\t\t<div class=\"col-inner text-center\"  >\n\t\t\t\n\t\t\t\n<p class=\"badge-projekt\">03<\/p>\n\t\t<\/div>\n\t\t\t\t\t<\/div>\n\n\t\n\n\t<div id=\"col-761010746\" class=\"col medium-10 small-12 large-10\"  >\n\t\t\t\t<div class=\"col-inner\"  >\n\t\t\t\n\t\t\t\n<h3>Ausf\u00fchrung der Dienstleistung<\/h3>\n<p>Um unsere Kunden zufrieden zu stellen, f\u00fchren wir unsere Arbeit stets professionell, fachgerecht und hochwertig aus.<\/p>\n\t\t<\/div>\n\t\t\t\t\t<\/div>\n\n\t\n<\/div>\n\t\t<\/div>\n\t\t\t\t\n<style>\n#col-1219568302 > .col-inner {\n  padding: 50px 30px 30px 30px;\n}\n<\/style>\n\t<\/div>\n\n\t\n\n\t<div id=\"col-2120917445\" class=\"col medium-12 small-12 large-6\"  >\n\t\t\t\t<div class=\"col-inner text-left dark\" style=\"background-color:rgb(97, 143, 122);\" >\n\t\t\t\n\t\t\t\n<div class=\"row\"  id=\"row-592401624\">\n\n\t<div id=\"col-886660488\" class=\"col badge-projekt-col medium-2 small-12 large-2\"  >\n\t\t\t\t<div class=\"col-inner text-center\"  >\n\t\t\t\n\t\t\t\n<p class=\"badge-projekt\">04<\/p>\n\t\t<\/div>\n\t\t\t\t\t<\/div>\n\n\t\n\n\t<div id=\"col-157541105\" class=\"col medium-10 small-12 large-10\"  >\n\t\t\t\t<div class=\"col-inner\"  >\n\t\t\t\n\t\t\t\n<h3>\u00dcberpr\u00fcfung &amp; Lieferung<\/h3>\n<p>F\u00fcr jedes Projekt wird die Qualit\u00e4tskontrolle sowohl des Eingangs- als auch des Ausgangsmaterials und des Ergebnisses der erbrachten Dienstleistung gef\u00fchrt.<\/p>\n\t\t<\/div>\n\t\t\t\t\t<\/div>\n\n\t\n<\/div>\n\t\t<\/div>\n\t\t\t\t\n<style>\n#col-2120917445 > .col-inner {\n  padding: 50px 30px 30px 30px;\n}\n<\/style>\n\t<\/div>\n\n\t\n<\/div>\n\t\t<\/div>\n\n\t\t\n<style>\n#section_820470431 {\n  padding-top: 30px;\n  padding-bottom: 30px;\n}\n#section_820470431 .section-bg-overlay {\n  background-color: rgb(243, 245, 245);\n}\n@media (min-width:550px) {\n  #section_820470431 {\n    padding-top: 90px;\n    padding-bottom: 90px;\n  }\n}\n<\/style>\n\t<\/section>\n\t\n\t<div id=\"gap-320188876\" class=\"gap-element clearfix\" style=\"display:block; height:auto;\">\n\t\t\n<style>\n#gap-320188876 {\n  padding-top: 30px;\n}\n<\/style>\n\t<\/div>\n\t\n","protected":false},"excerpt":{"rendered":"","protected":false},"author":5,"featured_media":4022,"parent":0,"menu_order":0,"comment_status":"closed","ping_status":"closed","template":"page-blank.php","meta":{"inline_featured_image":false,"footnotes":""},"class_list":["post-2271","page","type-page","status-publish","has-post-thumbnail","hentry"],"acf":[],"_links":{"self":[{"href":"https:\/\/silvaprodukt.si\/de\/wp-json\/wp\/v2\/pages\/2271","targetHints":{"allow":["GET"]}}],"collection":[{"href":"https:\/\/silvaprodukt.si\/de\/wp-json\/wp\/v2\/pages"}],"about":[{"href":"https:\/\/silvaprodukt.si\/de\/wp-json\/wp\/v2\/types\/page"}],"author":[{"embeddable":true,"href":"https:\/\/silvaprodukt.si\/de\/wp-json\/wp\/v2\/users\/5"}],"replies":[{"embeddable":true,"href":"https:\/\/silvaprodukt.si\/de\/wp-json\/wp\/v2\/comments?post=2271"}],"version-history":[{"count":0,"href":"https:\/\/silvaprodukt.si\/de\/wp-json\/wp\/v2\/pages\/2271\/revisions"}],"wp:featuredmedia":[{"embeddable":true,"href":"https:\/\/silvaprodukt.si\/de\/wp-json\/wp\/v2\/media\/4022"}],"wp:attachment":[{"href":"https:\/\/silvaprodukt.si\/de\/wp-json\/wp\/v2\/media?parent=2271"}],"curies":[{"name":"wp","href":"https:\/\/api.w.org\/{rel}","templated":true}]}}