{"id":2260,"date":"2022-09-01T07:34:05","date_gmt":"2022-09-01T07:34:05","guid":{"rendered":"http:\/\/silvaprodukt.si\/testiranja\/standardi-s-podrocja-zascite-lesa\/"},"modified":"2022-10-26T05:38:33","modified_gmt":"2022-10-26T05:38:33","slug":"standards-im-bereich-des-holzschutzes","status":"publish","type":"page","link":"https:\/\/silvaprodukt.si\/de\/testen\/standards-im-bereich-des-holzschutzes\/","title":{"rendered":"Standards im Bereich des Holzschutzes"},"content":{"rendered":"\n\t<section class=\"section\" id=\"section_1141367381\">\n\t\t<div class=\"section-bg fill\" >\n\t\t\t<img decoding=\"async\" width=\"1600\" height=\"1068\" src=\"https:\/\/silvaprodukt.si\/wp-content\/uploads\/2022\/10\/hiska.jpg\" class=\"bg attachment- size-\" alt=\"\" \/>\t\t\t\t\t\t<div class=\"section-bg-overlay absolute fill\"><\/div>\n\t\t\t\n\n\t\t<\/div>\n\n\t\t\n\n\t\t<div class=\"section-content relative\">\n\t\t\t\n<div class=\"row\"  id=\"row-1516390897\">\n\n\t<div id=\"col-1139657586\" class=\"col medium-12 small-12 large-12\"  >\n\t\t\t\t<div class=\"col-inner text-left dark\"  >\n\t\t\t\n\t\t\t\n<p class=\"nadnaslov\">Testen<\/p>\n<h1>Standards im Bereich des Holzschutzes<\/h1>\n\t<div id=\"gap-2082624223\" class=\"gap-element clearfix\" style=\"display:block; height:auto;\">\n\t\t\n<style>\n#gap-2082624223 {\n  padding-top: 10px;\n}\n<\/style>\n\t<\/div>\n\t\n<a href=\"https:\/\/silvaprodukt.si\/de\/ueber-uns\/kontakt\/#kontakt\" class=\"button primary\" >\n\t\t<span>KONTAKT<\/span>\n\t<\/a>\n\n\t\t<\/div>\n\t\t\t\t\t<\/div>\n\n\t\n<\/div>\n\t\t<\/div>\n\n\t\t\n<style>\n#section_1141367381 {\n  padding-top: 90px;\n  padding-bottom: 90px;\n  min-height: 500px;\n}\n#section_1141367381 .section-bg-overlay {\n  background-color: rgba(0, 0, 0, 0.66);\n}\n#section_1141367381 .section-bg img {\n  object-position: 3% 18%;\n}\n<\/style>\n\t<\/section>\n\t\n\n\t<section class=\"section pasica\" id=\"section_1290178027\">\n\t\t<div class=\"section-bg fill\" >\n\t\t\t\t\t\t\t\t\t\n\t\t\t\n\n\t\t<\/div>\n\n\t\t\n\n\t\t<div class=\"section-content relative\">\n\t\t\t\n\n\t<div id=\"gap-200815286\" class=\"gap-element clearfix\" style=\"display:block; height:auto;\">\n\t\t\n<style>\n#gap-200815286 {\n  padding-top: 30px;\n}\n<\/style>\n\t<\/div>\n\t\n\n<div class=\"row align-equal\"  id=\"row-1332608918\">\n\n\n\t<div id=\"col-1870654686\" class=\"col medium-6 small-12 large-3\"  >\n\t\t\t\t<div class=\"col-inner dark\"  >\n\t\t\t\n\t\t\t\n\n\n\t\t<div class=\"icon-box featured-box icon-box-left text-left\"  >\n\t\t\t\t\t<div class=\"icon-box-img\" style=\"width: 40px\">\n\t\t\t\t<div class=\"icon\">\n\t\t\t\t\t<div class=\"icon-inner\" >\n\t\t\t\t\t\t<img decoding=\"async\" width=\"200\" height=\"201\" src=\"https:\/\/silvaprodukt.si\/wp-content\/uploads\/2022\/09\/Ikona_Silvaprodukt-02.png\" class=\"attachment-medium size-medium\" alt=\"\" srcset=\"https:\/\/silvaprodukt.si\/wp-content\/uploads\/2022\/09\/Ikona_Silvaprodukt-02.png 200w, https:\/\/silvaprodukt.si\/wp-content\/uploads\/2022\/09\/Ikona_Silvaprodukt-02-100x100.png 100w, https:\/\/silvaprodukt.si\/wp-content\/uploads\/2022\/09\/Ikona_Silvaprodukt-02-150x150.png 150w\" sizes=\"(max-width: 200px) 100vw, 200px\" \/>\t\t\t\t\t<\/div>\n\t\t\t\t<\/div>\n\t\t\t<\/div>\n\t\t\t\t<div class=\"icon-box-text last-reset\">\n\t\t\t\t\t\t\t\t\t\n\n<p><strong>BEWIESEN umweltfreundlich<\/strong><\/p>\n\n\t\t<\/div>\n\t<\/div>\n\t\n\t\n\n\t\t<\/div>\n\t\t\t\t\t<\/div>\n\n\t\n\n\t<div id=\"col-422501564\" class=\"col medium-6 small-12 large-3\"  >\n\t\t\t\t<div class=\"col-inner dark\"  >\n\t\t\t\n\t\t\t\n\n\n\t\t<div class=\"icon-box featured-box icon-box-left text-left\"  >\n\t\t\t\t\t<div class=\"icon-box-img\" style=\"width: 40px\">\n\t\t\t\t<div class=\"icon\">\n\t\t\t\t\t<div class=\"icon-inner\" >\n\t\t\t\t\t\t<img decoding=\"async\" width=\"200\" height=\"201\" src=\"https:\/\/silvaprodukt.si\/wp-content\/uploads\/2022\/09\/Ikona_Silvaprodukt-03.png\" class=\"attachment-medium size-medium\" alt=\"\" srcset=\"https:\/\/silvaprodukt.si\/wp-content\/uploads\/2022\/09\/Ikona_Silvaprodukt-03.png 200w, https:\/\/silvaprodukt.si\/wp-content\/uploads\/2022\/09\/Ikona_Silvaprodukt-03-100x100.png 100w, https:\/\/silvaprodukt.si\/wp-content\/uploads\/2022\/09\/Ikona_Silvaprodukt-03-150x150.png 150w\" sizes=\"(max-width: 200px) 100vw, 200px\" \/>\t\t\t\t\t<\/div>\n\t\t\t\t<\/div>\n\t\t\t<\/div>\n\t\t\t\t<div class=\"icon-box-text last-reset\">\n\t\t\t\t\t\t\t\t\t\n\n<p><strong>Wir versichern eine 3X L\u00c4NGERE Lebensdauer des Holzes<\/strong><\/p>\n\n\n\t\t<\/div>\n\t<\/div>\n\t\n\t\n\n\t\t<\/div>\n\t\t\t\t\t<\/div>\n\n\t\n\n\t<div id=\"col-1101028850\" class=\"col medium-6 small-12 large-3\"  >\n\t\t\t\t<div class=\"col-inner dark\"  >\n\t\t\t\n\t\t\t\n\n\n\t\t<div class=\"icon-box featured-box icon-box-left text-left\"  >\n\t\t\t\t\t<div class=\"icon-box-img\" style=\"width: 40px\">\n\t\t\t\t<div class=\"icon\">\n\t\t\t\t\t<div class=\"icon-inner\" >\n\t\t\t\t\t\t<img decoding=\"async\" width=\"200\" height=\"201\" src=\"https:\/\/silvaprodukt.si\/wp-content\/uploads\/2022\/09\/Ikona_Silvaprodukt-04.png\" class=\"attachment-medium size-medium\" alt=\"\" srcset=\"https:\/\/silvaprodukt.si\/wp-content\/uploads\/2022\/09\/Ikona_Silvaprodukt-04.png 200w, https:\/\/silvaprodukt.si\/wp-content\/uploads\/2022\/09\/Ikona_Silvaprodukt-04-100x100.png 100w, https:\/\/silvaprodukt.si\/wp-content\/uploads\/2022\/09\/Ikona_Silvaprodukt-04-150x150.png 150w\" sizes=\"(max-width: 200px) 100vw, 200px\" \/>\t\t\t\t\t<\/div>\n\t\t\t\t<\/div>\n\t\t\t<\/div>\n\t\t\t\t<div class=\"icon-box-text last-reset\">\n\t\t\t\t\t\t\t\t\t\n\n<p><strong>1x und dauerhaft gesch\u00fctzt, OHNE ERNEUERUNG<\/strong><\/p>\n\n\t\t<\/div>\n\t<\/div>\n\t\n\t\n\n\t\t<\/div>\n\t\t\t\t\t<\/div>\n\n\t\n\n\t<div id=\"col-768951437\" class=\"col medium-6 small-12 large-3\"  >\n\t\t\t\t<div class=\"col-inner dark\"  >\n\t\t\t\n\t\t\t\n\n\n\t\t<div class=\"icon-box featured-box icon-box-left text-left\"  >\n\t\t\t\t\t<div class=\"icon-box-img\" style=\"width: 40px\">\n\t\t\t\t<div class=\"icon\">\n\t\t\t\t\t<div class=\"icon-inner\" >\n\t\t\t\t\t\t<img decoding=\"async\" width=\"200\" height=\"201\" src=\"https:\/\/silvaprodukt.si\/wp-content\/uploads\/2022\/09\/Ikona_Silvaprodukt-01.png\" class=\"attachment-medium size-medium\" alt=\"\" srcset=\"https:\/\/silvaprodukt.si\/wp-content\/uploads\/2022\/09\/Ikona_Silvaprodukt-01.png 200w, https:\/\/silvaprodukt.si\/wp-content\/uploads\/2022\/09\/Ikona_Silvaprodukt-01-100x100.png 100w, https:\/\/silvaprodukt.si\/wp-content\/uploads\/2022\/09\/Ikona_Silvaprodukt-01-150x150.png 150w\" sizes=\"(max-width: 200px) 100vw, 200px\" \/>\t\t\t\t\t<\/div>\n\t\t\t\t<\/div>\n\t\t\t<\/div>\n\t\t\t\t<div class=\"icon-box-text last-reset\">\n\t\t\t\t\t\t\t\t\t\n\n<p><strong>Mehr als zehn Jahre Erfahrung beim Testen von Produkten<\/strong><\/p>\n\n\t\t<\/div>\n\t<\/div>\n\t\n\t\n\n\t\t<\/div>\n\t\t\t\t\t<\/div>\n\n\t\n\n<\/div>\n\n\t\t<\/div>\n\n\t\t\n<style>\n#section_1290178027 {\n  padding-top: 0px;\n  padding-bottom: 0px;\n  background-color: rgb(157, 141, 118);\n}\n<\/style>\n\t<\/section>\n\t\n\n\t<section class=\"section\" id=\"section_1410965037\">\n\t\t<div class=\"section-bg fill\" >\n\t\t\t\t\t\t\t\t\t<div class=\"section-bg-overlay absolute fill\"><\/div>\n\t\t\t\n\n\t\t<\/div>\n\n\t\t\n\n\t\t<div class=\"section-content relative\">\n\t\t\t\n<div class=\"row align-middle\"  id=\"row-2122427023\">\n\n\t<div id=\"col-1671039829\" class=\"col small-12 large-12\"  >\n\t\t\t\t<div class=\"col-inner text-left\"  >\n\t\t\t\n\t\t\t\n<div>Die richtige Auswahl und Verwendung des Holzschutzmittels ist \u00e4u\u00dferst wichtig, denn von dieser Auswahl sind sowohl die Lebensdauer Ihres Holzprodukts oder -objekts als auch die Auswirkungen des gesch\u00fctzten Holzes auf Mensch und Umwelt abh\u00e4ngig. F\u00fcr ein Schutzmittel, dass vielleicht beim Schutz (\u00fcberdachter) Dachst\u00fchle aus Holz wirksam ist, gilt n\u00e4mlich noch lange nicht, dass es beim Schutz von Holz, das f\u00fcr die Verwendung im Au\u00dfenbereich, im Kontakt mit flie\u00dfendem Wasser oder mit dem Boden (Auswaschens des Schutzmittels, Vermorschen und Faulen m\u00f6glich) bestimmt ist, bei der Verwendung in anderen Klimazonen (z. B. Termitenbefall m\u00f6glich) oder gar bei der Verwendung im Meerwasser (Befall durch Meeressch\u00e4dlinge m\u00f6glich) ebenso wirksam sein wird. Nur wenige Schutzmittel sch\u00fctzen das Holz wirkungsvoll vor allen Holzsch\u00e4dlingen.<br \/>Ein gutes Schutzmittel sollte folgende Eigenschaften haben:<\/div>\n<ul class=\"p-rich_text_list p-rich_text_list__bullet\" data-stringify-type=\"unordered-list\" data-indent=\"0\" data-border=\"0\">\n<li data-stringify-indent=\"0\" data-stringify-border=\"0\">nachweislich wirksam und ein m\u00f6glichst breites Anwendungsspektrum<\/li>\n<li data-stringify-indent=\"0\" data-stringify-border=\"0\">m\u00f6glichst tiefes Eindringen ins Holz und kein Auswaschen aus dem Holz bei Exposition gegen\u00fcber Niederschl\u00e4gen,<\/li>\n<li data-stringify-indent=\"0\" data-stringify-border=\"0\">gleichm\u00e4\u00dfige Verteilung \u00fcber das Holz,<\/li>\n<li data-stringify-indent=\"0\" data-stringify-border=\"0\">enth\u00e4lt keine fl\u00fcchtigen Stoffe und hat keinen starken Geruch,<\/li>\n<li data-stringify-indent=\"0\" data-stringify-border=\"0\">bei richtiger Verwendung unbedenklich f\u00fcr Menschen, Tiere und Umwelt,<\/li>\n<li data-stringify-indent=\"0\" data-stringify-border=\"0\">die Breenbarkeit von Holz nicht zu erh\u00f6hen,<\/li>\n<li data-stringify-indent=\"0\" data-stringify-border=\"0\">erh\u00f6ht nicht die Entz\u00fcndlichkeit des Holzes<\/li>\n<\/ul>\n<div class=\"p-rich_text_section\">Bei der Auswahl des Holzschutzmittels muss man also zun\u00e4chst seine Wirksamkeit sicherstellen und ebenso die ordnungsgem\u00e4\u00dfe Verwendung des ausgew\u00e4hlten Schutzmittels bzw. die ordnungsgem\u00e4\u00dfe Durchf\u00fchrung des Holzschutzverfahrens. Wir m\u00fcssen insbesondere auf die Menge des eingebrachten Schutzmittels (im Einklang mit den Empfehlungen des Herstellers) achten, im Hinblick auf den Verwendungszweck muss auch eine entsprechende Eindringtiefe des Schutzmittels gew\u00e4hrleistet sein. Bei der Pr\u00fcfung der Wirksamkeit des Schutzmittels und\/oder Verarbeitungsverfahrens kann man auf die geltenden internationalen Normen (CEN, ISO, ASTM, \u2026) zur\u00fcckgreifen. W\u00e4hlen wir nur solche Schutzmittel, die nachweislich den geltenden Normen entsprechen und nachweislich f\u00fcr unseren Verwendungszweck wirksam sind (Tests bei unabh\u00e4ngigen Einrichtungen). Bei der Vorbereitung gr\u00f6\u00dferer Projekte und der Erstellung der Projektunterlagen empfehlen wir Ihnen, Fachleute f\u00fcr Holzschutz zu konsultieren (z. B. die Abteilung f\u00fcr Holzwirtschaft der Biotechnischen Fakult\u00e4t Ljubljana), die Ihnen bei der Auswahl der f\u00fcr Ihr Projekt relevanten Normen helfen k\u00f6nnen.<\/p>\n<\/div>\n<div class=\"p-rich_text_section\"><b data-stringify-type=\"bold\">Einige wichtige Normen im Bereich des Holzschutzes:<\/b><br \/><b data-stringify-type=\"bold\">SIST EN 335:2013<\/b>: Dauerhaftigkeit von Holz und Holzprodukten \u2013 Gebrauchsklassen: Definitionen, Anwendung bei Vollholz und Holzprodukten<br \/><b data-stringify-type=\"bold\">SIST EN 350:2017<\/b>: Dauerhaftigkeit von Holz und Holzprodukten \u2013 Pr\u00fcfung und Klassifizierung der Dauerhaftigkeit von Holz und Holzprodukten gegen biologischen Angriff<br \/><b data-stringify-type=\"bold\">SIST EN 460:1995<\/b>: Dauerhaftigkeit von Holz und Holzprodukten \u2013 Nat\u00fcrliche Dauerhaftigkeit von Vollholz \u2013 Anforderungen an die Dauerhaftigkeit von Holz f\u00fcr die Anwendung in den Gef\u00e4hrdungsklassen<br \/><b data-stringify-type=\"bold\">SIST EN 599-1:2009+A1:2014<\/b>: Dauerhaftigkeit von Holz und Holzprodukten \u2013 Wirksamkeit von Holzschutzmitteln wie sie durch biologische Pr\u00fcfungen ermittelt wird \u2013 Teil 1 Spezifikationen<br \/><b data-stringify-type=\"bold\">SIST-TS CEN\/TS 15083-1:2006<\/b>: Pr\u00fcfverfahren f\u00fcr Holzschutzmittel \u2013 Laborverfahren zur Bestimmung der vorbeugenden Wirksamkeit eines Schutzmittels gegen Bl\u00e4uepilze \u2013 Teil 1: Beschichtung<br \/><b data-stringify-type=\"bold\">SIST EN 152:1996<\/b>: Holzschutzmittel \u2013 Bestimmung der vorbeugenden Wirkung gegen den Hausbock Hylotrupes bajulus (Linnaeus) \u2013 Teil 1: Larvicidial effect (Laborverfahren)<br \/><b data-stringify-type=\"bold\">SIST EN 46-1:2010<\/b>: Holzschutzmittel \u2013 Bestimmung der vorbeugenden Wirkung gegen den Hausbock Hylotrupes bajulus (Linnaeus) \u2013 Teil 1: Larvicidial effect (Laborverfahren)\u00a0<i data-stringify-type=\"italic\">Hylotrupes bajulus<\/i>\u00a0(Linnaeus) \u2013 1. del: Larvicidial effect (Laborverfahren)<br \/><b data-stringify-type=\"bold\">SIST EN 84:2002<\/b>: Holzschutzmittel \u2013 Beschleunigte Alterung gesch\u00fctzter H\u00f6lzer gegen biologische Pr\u00fcfung \u2013 Sp\u00fclverfahren<br \/><b data-stringify-type=\"bold\">SIST ENV 1250-2:2004<\/b>: Holzschutzmittel \u2013 Verfahren zur Messung von Verlusten an Wirkstoffen und anderen Schutzmitteln aus behandeltem Holz \u2013 Teil 2: Laborverfahren zur Herstellung von Proben zur Bestimmung von Verlusten durch Sp\u00fclen ins Wasser oder synthetisches Meerwasser<br \/><b data-stringify-type=\"bold\">SIST-TS CEN\/TS 15119-1:2008<\/b>: Dauerhaftigkeit von Holz und Holzprodukten \u2013 Absch\u00e4tzung von Emissionen von mit Holzschutzmitteln behandeltem Holz an die Umwelt \u2013 Teil 1: Holz auf dem Lagerplatz nach der Behandlung und Holzprodukte in Gebrauchsklasse 3 (nicht abgedeckt, ohne Erdkontakt) \u2013 Laborverfahren<br \/><b data-stringify-type=\"bold\">SIST EN 275:2004<\/b>: Holzschutzmittel \u2013 Bestimmung der vorbeugenden Wirksamkeit eines Holzschutzmittels gegen Meeresorganismen<br \/><b data-stringify-type=\"bold\">SIST-TS CEN\/TS 12037:2005<\/b>: Holzschutzmittel \u2013 Freilandversuche zur Bestimmung der relativen Wirksamkeit eines Holzschutzmittels ohne Erdkontakt<br \/><b data-stringify-type=\"bold\">Methode Becker (1969):\u00a0<\/b>: Termitizides Schutzmittel<br \/>Im Unternehmen Silvaprodukt achten wir darauf, dass unsere Produkte und Dienstleistungen den Normen im Bereich Holzschutz entsprechen und ihre Wirksamkeit regelm\u00e4\u00dfig von unabh\u00e4ngigen Institutionen, z. Universit\u00e4t Ljubljana und andere unabh\u00e4ngige Institutionen im Ausland getestet wird.<br \/>Weitere Holzschutznormen finden Sie auf der Website des\u00a0<a class=\"c-link\" tabindex=\"-1\" href=\"https:\/\/www.sist.si\/\" target=\"_blank\" rel=\"noopener noreferrer nofollow\" data-stringify-link=\"https:\/\/www.sist.si\/\" data-sk=\"tooltip_parent\" data-remove-tab-index=\"true\">des Slowenischen Instituts f\u00fcr Standardisierung.<\/a>.<\/div>\n\t\t<\/div>\n\t\t\t\t\t<\/div>\n\n\t\n<\/div>\n\t\t<\/div>\n\n\t\t\n<style>\n#section_1410965037 {\n  padding-top: 10px;\n  padding-bottom: 10px;\n}\n#section_1410965037 .section-bg-overlay {\n  background-color: rgba(255, 255, 255, 0.54);\n}\n@media (min-width:550px) {\n  #section_1410965037 {\n    padding-top: 90px;\n    padding-bottom: 90px;\n  }\n}\n<\/style>\n\t<\/section>\n\t\n\t<div id=\"gap-2056392987\" class=\"gap-element clearfix\" style=\"display:block; height:auto;\">\n\t\t\n<style>\n#gap-2056392987 {\n  padding-top: 100px;\n}\n<\/style>\n\t<\/div>\n\t\n","protected":false},"excerpt":{"rendered":"","protected":false},"author":5,"featured_media":4022,"parent":2206,"menu_order":0,"comment_status":"closed","ping_status":"closed","template":"page-blank.php","meta":{"inline_featured_image":false,"footnotes":""},"class_list":["post-2260","page","type-page","status-publish","has-post-thumbnail","hentry"],"acf":[],"_links":{"self":[{"href":"https:\/\/silvaprodukt.si\/de\/wp-json\/wp\/v2\/pages\/2260","targetHints":{"allow":["GET"]}}],"collection":[{"href":"https:\/\/silvaprodukt.si\/de\/wp-json\/wp\/v2\/pages"}],"about":[{"href":"https:\/\/silvaprodukt.si\/de\/wp-json\/wp\/v2\/types\/page"}],"author":[{"embeddable":true,"href":"https:\/\/silvaprodukt.si\/de\/wp-json\/wp\/v2\/users\/5"}],"replies":[{"embeddable":true,"href":"https:\/\/silvaprodukt.si\/de\/wp-json\/wp\/v2\/comments?post=2260"}],"version-history":[{"count":0,"href":"https:\/\/silvaprodukt.si\/de\/wp-json\/wp\/v2\/pages\/2260\/revisions"}],"up":[{"embeddable":true,"href":"https:\/\/silvaprodukt.si\/de\/wp-json\/wp\/v2\/pages\/2206"}],"wp:featuredmedia":[{"embeddable":true,"href":"https:\/\/silvaprodukt.si\/de\/wp-json\/wp\/v2\/media\/4022"}],"wp:attachment":[{"href":"https:\/\/silvaprodukt.si\/de\/wp-json\/wp\/v2\/media?parent=2260"}],"curies":[{"name":"wp","href":"https:\/\/api.w.org\/{rel}","templated":true}]}}