{"id":2055,"date":"2022-09-01T07:36:21","date_gmt":"2022-09-01T05:36:21","guid":{"rendered":"http:\/\/silvaprodukt.si\/dobro-je-vedeti\/lesni-crv\/"},"modified":"2022-10-19T13:00:39","modified_gmt":"2022-10-19T13:00:39","slug":"holzwurm","status":"publish","type":"page","link":"https:\/\/silvaprodukt.si\/de\/es-ist-gut-zu-wissen\/holzwurm\/","title":{"rendered":"Holzwurm"},"content":{"rendered":"\n\t<section class=\"section\" id=\"section_1498733547\">\n\t\t<div class=\"section-bg fill\" >\n\t\t\t<img decoding=\"async\" width=\"1920\" height=\"1080\" src=\"https:\/\/silvaprodukt.si\/wp-content\/uploads\/2022\/08\/head1.jpg\" class=\"bg attachment- size-\" alt=\"\" \/>\t\t\t\t\t\t<div class=\"section-bg-overlay absolute fill\"><\/div>\n\t\t\t\n\n\t\t<\/div>\n\n\t\t\n\n\t\t<div class=\"section-content relative\">\n\t\t\t\n<div class=\"row\"  id=\"row-739264685\">\n\n\t<div id=\"col-483970611\" class=\"col medium-12 small-12 large-12\"  >\n\t\t\t\t<div class=\"col-inner text-left dark\"  >\n\t\t\t\n\t\t\t\n<p class=\"nadnaslov\">Gut zu wissen<\/p>\n<h1>&#8222;Holzwurm&#8220;<\/h1>\n\t<div id=\"gap-668839869\" class=\"gap-element clearfix\" style=\"display:block; height:auto;\">\n\t\t\n<style>\n#gap-668839869 {\n  padding-top: 10px;\n}\n<\/style>\n\t<\/div>\n\t\n<a href=\"#vec\" class=\"button primary\" >\n\t\t<span>LESEN SIE MEHR<\/span>\n\t<\/a>\n\n<a class=\"button primary pop-open\" >\n\t\t<span>ANFRAGE<\/span>\n\t<\/a>\n\n\t\t<\/div>\n\t\t\t\t\t<\/div>\n\n\t\n<\/div>\n\t\t<\/div>\n\n\t\t\n<style>\n#section_1498733547 {\n  padding-top: 90px;\n  padding-bottom: 90px;\n  min-height: 500px;\n}\n#section_1498733547 .section-bg-overlay {\n  background-color: rgba(0, 0, 0, 0.66);\n}\n<\/style>\n\t<\/section>\n\t\n\n\t<section class=\"section pasica\" id=\"section_883506994\">\n\t\t<div class=\"section-bg fill\" >\n\t\t\t\t\t\t\t\t\t\n\t\t\t\n\n\t\t<\/div>\n\n\t\t\n\n\t\t<div class=\"section-content relative\">\n\t\t\t\n\n\t<div id=\"gap-2105092030\" class=\"gap-element clearfix\" style=\"display:block; height:auto;\">\n\t\t\n<style>\n#gap-2105092030 {\n  padding-top: 30px;\n}\n<\/style>\n\t<\/div>\n\t\n\n<div class=\"row align-equal\"  id=\"row-79511529\">\n\n\n\t<div id=\"col-446230721\" class=\"col medium-6 small-12 large-3\"  >\n\t\t\t\t<div class=\"col-inner dark\"  >\n\t\t\t\n\t\t\t\n\n\n\t\t<div class=\"icon-box featured-box icon-box-left text-left\"  >\n\t\t\t\t\t<div class=\"icon-box-img\" style=\"width: 40px\">\n\t\t\t\t<div class=\"icon\">\n\t\t\t\t\t<div class=\"icon-inner\" >\n\t\t\t\t\t\t<img decoding=\"async\" width=\"200\" height=\"201\" src=\"https:\/\/silvaprodukt.si\/wp-content\/uploads\/2022\/09\/Ikona_Silvaprodukt-02.png\" class=\"attachment-medium size-medium\" alt=\"\" srcset=\"https:\/\/silvaprodukt.si\/wp-content\/uploads\/2022\/09\/Ikona_Silvaprodukt-02.png 200w, https:\/\/silvaprodukt.si\/wp-content\/uploads\/2022\/09\/Ikona_Silvaprodukt-02-100x100.png 100w, https:\/\/silvaprodukt.si\/wp-content\/uploads\/2022\/09\/Ikona_Silvaprodukt-02-150x150.png 150w\" sizes=\"(max-width: 200px) 100vw, 200px\" \/>\t\t\t\t\t<\/div>\n\t\t\t\t<\/div>\n\t\t\t<\/div>\n\t\t\t\t<div class=\"icon-box-text last-reset\">\n\t\t\t\t\t\t\t\t\t\n\n<p><strong>BEWIESEN umweltfreundlich<\/strong><\/p>\n\n\t\t<\/div>\n\t<\/div>\n\t\n\t\n\n\t\t<\/div>\n\t\t\t\t\t<\/div>\n\n\t\n\n\t<div id=\"col-712166324\" class=\"col medium-6 small-12 large-3\"  >\n\t\t\t\t<div class=\"col-inner dark\"  >\n\t\t\t\n\t\t\t\n\n\n\t\t<div class=\"icon-box featured-box icon-box-left text-left\"  >\n\t\t\t\t\t<div class=\"icon-box-img\" style=\"width: 40px\">\n\t\t\t\t<div class=\"icon\">\n\t\t\t\t\t<div class=\"icon-inner\" >\n\t\t\t\t\t\t<img decoding=\"async\" width=\"200\" height=\"201\" src=\"https:\/\/silvaprodukt.si\/wp-content\/uploads\/2022\/09\/Ikona_Silvaprodukt-03.png\" class=\"attachment-medium size-medium\" alt=\"\" srcset=\"https:\/\/silvaprodukt.si\/wp-content\/uploads\/2022\/09\/Ikona_Silvaprodukt-03.png 200w, https:\/\/silvaprodukt.si\/wp-content\/uploads\/2022\/09\/Ikona_Silvaprodukt-03-100x100.png 100w, https:\/\/silvaprodukt.si\/wp-content\/uploads\/2022\/09\/Ikona_Silvaprodukt-03-150x150.png 150w\" sizes=\"(max-width: 200px) 100vw, 200px\" \/>\t\t\t\t\t<\/div>\n\t\t\t\t<\/div>\n\t\t\t<\/div>\n\t\t\t\t<div class=\"icon-box-text last-reset\">\n\t\t\t\t\t\t\t\t\t\n\n<p><strong>Wir versichern eine 3X L\u00c4NGERE Lebensdauer des Holzes<\/strong><\/p>\n\n\n\t\t<\/div>\n\t<\/div>\n\t\n\t\n\n\t\t<\/div>\n\t\t\t\t\t<\/div>\n\n\t\n\n\t<div id=\"col-922546408\" class=\"col medium-6 small-12 large-3\"  >\n\t\t\t\t<div class=\"col-inner dark\"  >\n\t\t\t\n\t\t\t\n\n\n\t\t<div class=\"icon-box featured-box icon-box-left text-left\"  >\n\t\t\t\t\t<div class=\"icon-box-img\" style=\"width: 40px\">\n\t\t\t\t<div class=\"icon\">\n\t\t\t\t\t<div class=\"icon-inner\" >\n\t\t\t\t\t\t<img decoding=\"async\" width=\"200\" height=\"201\" src=\"https:\/\/silvaprodukt.si\/wp-content\/uploads\/2022\/09\/Ikona_Silvaprodukt-04.png\" class=\"attachment-medium size-medium\" alt=\"\" srcset=\"https:\/\/silvaprodukt.si\/wp-content\/uploads\/2022\/09\/Ikona_Silvaprodukt-04.png 200w, https:\/\/silvaprodukt.si\/wp-content\/uploads\/2022\/09\/Ikona_Silvaprodukt-04-100x100.png 100w, https:\/\/silvaprodukt.si\/wp-content\/uploads\/2022\/09\/Ikona_Silvaprodukt-04-150x150.png 150w\" sizes=\"(max-width: 200px) 100vw, 200px\" \/>\t\t\t\t\t<\/div>\n\t\t\t\t<\/div>\n\t\t\t<\/div>\n\t\t\t\t<div class=\"icon-box-text last-reset\">\n\t\t\t\t\t\t\t\t\t\n\n<p><strong>1x und dauerhaft gesch\u00fctzt, OHNE ERNEUERUNG<\/strong><\/p>\n\n\t\t<\/div>\n\t<\/div>\n\t\n\t\n\n\t\t<\/div>\n\t\t\t\t\t<\/div>\n\n\t\n\n\t<div id=\"col-336230442\" class=\"col medium-6 small-12 large-3\"  >\n\t\t\t\t<div class=\"col-inner dark\"  >\n\t\t\t\n\t\t\t\n\n\n\t\t<div class=\"icon-box featured-box icon-box-left text-left\"  >\n\t\t\t\t\t<div class=\"icon-box-img\" style=\"width: 40px\">\n\t\t\t\t<div class=\"icon\">\n\t\t\t\t\t<div class=\"icon-inner\" >\n\t\t\t\t\t\t<img decoding=\"async\" width=\"200\" height=\"201\" src=\"https:\/\/silvaprodukt.si\/wp-content\/uploads\/2022\/09\/Ikona_Silvaprodukt-01.png\" class=\"attachment-medium size-medium\" alt=\"\" srcset=\"https:\/\/silvaprodukt.si\/wp-content\/uploads\/2022\/09\/Ikona_Silvaprodukt-01.png 200w, https:\/\/silvaprodukt.si\/wp-content\/uploads\/2022\/09\/Ikona_Silvaprodukt-01-100x100.png 100w, https:\/\/silvaprodukt.si\/wp-content\/uploads\/2022\/09\/Ikona_Silvaprodukt-01-150x150.png 150w\" sizes=\"(max-width: 200px) 100vw, 200px\" \/>\t\t\t\t\t<\/div>\n\t\t\t\t<\/div>\n\t\t\t<\/div>\n\t\t\t\t<div class=\"icon-box-text last-reset\">\n\t\t\t\t\t\t\t\t\t\n\n<p><strong>Mehr als zehn Jahre Erfahrung beim Testen von Produkten<\/strong><\/p>\n\n\t\t<\/div>\n\t<\/div>\n\t\n\t\n\n\t\t<\/div>\n\t\t\t\t\t<\/div>\n\n\t\n\n<\/div>\n\n\t\t<\/div>\n\n\t\t\n<style>\n#section_883506994 {\n  padding-top: 0px;\n  padding-bottom: 0px;\n  background-color: rgb(157, 141, 118);\n}\n<\/style>\n\t<\/section>\n\t\n<span class=\"scroll-to\" data-label=\"Scroll to: #vec\" data-bullet=\"true\" data-link=\"#vec\" data-title=\"vec\"><a name=\"vec\"><\/a><\/span>\n\n\t<section class=\"section\" id=\"section_157326436\">\n\t\t<div class=\"section-bg fill\" >\n\t\t\t\t\t\t\t\t\t<div class=\"section-bg-overlay absolute fill\"><\/div>\n\t\t\t\n\n\t\t<\/div>\n\n\t\t\n\n\t\t<div class=\"section-content relative\">\n\t\t\t\n<div class=\"row align-middle\"  id=\"row-1922069491\">\n\n\t<div id=\"col-845515215\" class=\"col medium-12 small-12 large-6\"  >\n\t\t\t\t<div class=\"col-inner text-left dark\"  >\n\t\t\t\n\t\t\t\n\t<div class=\"img has-hover x md-x lg-x y md-y lg-y\" id=\"image_1043200927\">\n\t\t\t\t\t\t\t\t<div class=\"img-inner dark\" >\n\t\t\t<img decoding=\"async\" width=\"525\" height=\"299\" src=\"https:\/\/silvaprodukt.si\/wp-content\/uploads\/2022\/09\/His\u030cni-kozlic\u030cek-pos\u030ckodbe.jpg\" class=\"attachment-large size-large\" alt=\"\" srcset=\"https:\/\/silvaprodukt.si\/wp-content\/uploads\/2022\/09\/His\u030cni-kozlic\u030cek-pos\u030ckodbe.jpg 525w, https:\/\/silvaprodukt.si\/wp-content\/uploads\/2022\/09\/His\u030cni-kozlic\u030cek-pos\u030ckodbe-510x290.jpg 510w, https:\/\/silvaprodukt.si\/wp-content\/uploads\/2022\/09\/His\u030cni-kozlic\u030cek-pos\u030ckodbe-300x171.jpg 300w\" sizes=\"(max-width: 525px) 100vw, 525px\" \/>\t\t\t\t\t\t\n\t\t\t\t\t<\/div>\n\t\t\t\t\t\t\t\t\n<style>\n#image_1043200927 {\n  width: 100%;\n}\n<\/style>\n\t<\/div>\n\t\n\t\t<\/div>\n\t\t\t\t\t<\/div>\n\n\t\n\n\t<div id=\"col-604592758\" class=\"col medium-12 small-12 large-6\"  >\n\t\t\t\t<div class=\"col-inner text-left\"  >\n\t\t\t\n\t\t\t\n<h2>\u00bbHolzwurm\u00ab<\/h2>\n<p>Holzinsekten k\u00f6nnen wachsende B\u00e4ume, gelagertes Holz und bereits verwendetes eingebautes Holz angreifen. Den Angriff auf eingebautem Bauholz (Dachkonstruktionen, Fenster und T\u00fcren, Holzauskleidung, Bodenbel\u00e4ge usw.) erkennen wir aufgrund von typischen lochartigen Sch\u00e4den auf der Holzoberfl\u00e4che, dem Klang nach, der w\u00e4hrend des Bohrens von Tunneln bzw. Holzg\u00e4ngen entsteht, sowohl als auch durch Wurm- Holzmehl, das unter den angegriffenen Holzteilen entsteht.<\/p>\n<p>Solche Sch\u00e4den werden meist von Larven der Holzk\u00e4fer verursacht, die von Menschen aufgrund ihres Aussehens \u00bbHolzw\u00fcrmer\u00ab bezeichnet werden. Die Art der Sanierung des angegriffenen Holzes h\u00e4ngt von der Art der Holzprodukte, der Dicke der Holzelemente, der Holzart und des Holzinsekts usw. ab. Ein weiterer Angriff und Sch\u00e4den k\u00f6nnen in der Regel mit der Verwendung von Schutzmitteln Silvaroyal\u00ae oder Silvanol, die so weit wie m\u00f6glich an den Flug\u00f6ffnungen bzw. L\u00f6chern auf der Holzoberfl\u00e4che appliziert werden, verhindert werden. F\u00fcr Produkte, bei denen auch das Aussehen bzw. ihre \u00e4sthetische Funktion zum Beispiel in der Tischlerei, bedeutend ist, kann man die Flug\u00f6ffnungen nach der Applikation des entsprechenden Schutzmittels mit einem geeigneten Kitt f\u00fcllen.<\/p>\n<p>Die im Holz anwesenden Insekten oder Holzw\u00fcrmer kann man auch durch Erhitzen des Holzes vernichten, wobei im Holz (auch im Holzkern) eine Temperatur von 80\u00b0C erreicht werden muss. Die Bearbeitung bei niedrigeren Temperaturen (z.B. \u00fcber 55\u00b0C) muss deutlich l\u00e4nger sein. Mit Silvapro\u00ae Bearbeitung von Abfallholz, das von Holzw\u00fcrmern befallen wurde (z. B. Elemente von entfernten Dachkonstruktionen), ist es m\u00f6glich, einige interessante Holzst\u00fccke f\u00fcr die Herstellung von Stilm\u00f6beln vorzubereiten und diese erneut f\u00fcr die Herstellung von Produkten mit Mehrwert zu verwenden.<\/p>\n\t\t<\/div>\n\t\t\t\t\t<\/div>\n\n\t\n<\/div>\n\t\t<\/div>\n\n\t\t\n<style>\n#section_157326436 {\n  padding-top: 90px;\n  padding-bottom: 90px;\n}\n#section_157326436 .section-bg-overlay {\n  background-color: rgb(243, 245, 245);\n}\n<\/style>\n\t<\/section>\n\t\n","protected":false},"excerpt":{"rendered":"","protected":false},"author":5,"featured_media":4022,"parent":1808,"menu_order":0,"comment_status":"closed","ping_status":"closed","template":"page-blank.php","meta":{"inline_featured_image":false,"footnotes":""},"class_list":["post-2055","page","type-page","status-publish","has-post-thumbnail","hentry"],"acf":[],"_links":{"self":[{"href":"https:\/\/silvaprodukt.si\/de\/wp-json\/wp\/v2\/pages\/2055","targetHints":{"allow":["GET"]}}],"collection":[{"href":"https:\/\/silvaprodukt.si\/de\/wp-json\/wp\/v2\/pages"}],"about":[{"href":"https:\/\/silvaprodukt.si\/de\/wp-json\/wp\/v2\/types\/page"}],"author":[{"embeddable":true,"href":"https:\/\/silvaprodukt.si\/de\/wp-json\/wp\/v2\/users\/5"}],"replies":[{"embeddable":true,"href":"https:\/\/silvaprodukt.si\/de\/wp-json\/wp\/v2\/comments?post=2055"}],"version-history":[{"count":0,"href":"https:\/\/silvaprodukt.si\/de\/wp-json\/wp\/v2\/pages\/2055\/revisions"}],"up":[{"embeddable":true,"href":"https:\/\/silvaprodukt.si\/de\/wp-json\/wp\/v2\/pages\/1808"}],"wp:featuredmedia":[{"embeddable":true,"href":"https:\/\/silvaprodukt.si\/de\/wp-json\/wp\/v2\/media\/4022"}],"wp:attachment":[{"href":"https:\/\/silvaprodukt.si\/de\/wp-json\/wp\/v2\/media?parent=2055"}],"curies":[{"name":"wp","href":"https:\/\/api.w.org\/{rel}","templated":true}]}}