{"id":2016,"date":"2022-09-01T07:38:30","date_gmt":"2022-09-01T05:38:30","guid":{"rendered":"http:\/\/silvaprodukt.si\/dobro-je-vedeti\/o-lesnih-skodljivcih\/"},"modified":"2022-10-19T12:53:34","modified_gmt":"2022-10-19T12:53:34","slug":"ueber-holzschaedlinge","status":"publish","type":"page","link":"https:\/\/silvaprodukt.si\/de\/es-ist-gut-zu-wissen\/ueber-holzschaedlinge\/","title":{"rendered":"\u00dcber Holzsch\u00e4dlinge"},"content":{"rendered":"\n\t<section class=\"section\" id=\"section_89372710\">\n\t\t<div class=\"section-bg fill\" >\n\t\t\t<img decoding=\"async\" width=\"1024\" height=\"429\" src=\"https:\/\/silvaprodukt.si\/wp-content\/uploads\/2022\/10\/jasna_2-1024x429-1.jpg\" class=\"bg attachment- size-\" alt=\"\" \/>\t\t\t\t\t\t<div class=\"section-bg-overlay absolute fill\"><\/div>\n\t\t\t\n\n\t\t<\/div>\n\n\t\t\n\n\t\t<div class=\"section-content relative\">\n\t\t\t\n<div class=\"row\"  id=\"row-46014747\">\n\n\t<div id=\"col-811286018\" class=\"col medium-12 small-12 large-12\"  >\n\t\t\t\t<div class=\"col-inner text-left dark\"  >\n\t\t\t\n\t\t\t\n<p class=\"nadnaslov\">Gut zu wissen<\/p>\n<h1>\u00dcBER HOLZSCH\u00c4DLINGE<\/h1>\n\t<div id=\"gap-1550368447\" class=\"gap-element clearfix\" style=\"display:block; height:auto;\">\n\t\t\n<style>\n#gap-1550368447 {\n  padding-top: 10px;\n}\n<\/style>\n\t<\/div>\n\t\n<a href=\"#vec\" class=\"button primary\" >\n\t\t<span>LESEN SIE MEHR<\/span>\n\t<\/a>\n\n<a class=\"button primary pop-open\" >\n\t\t<span>ANFRAGE<\/span>\n\t<\/a>\n\n\t\t<\/div>\n\t\t\t\t\t<\/div>\n\n\t\n<\/div>\n\t\t<\/div>\n\n\t\t\n<style>\n#section_89372710 {\n  padding-top: 90px;\n  padding-bottom: 90px;\n  min-height: 500px;\n}\n#section_89372710 .section-bg-overlay {\n  background-color: rgba(0, 0, 0, 0.66);\n}\n<\/style>\n\t<\/section>\n\t\n\n\t<section class=\"section pasica\" id=\"section_452637701\">\n\t\t<div class=\"section-bg fill\" >\n\t\t\t\t\t\t\t\t\t\n\t\t\t\n\n\t\t<\/div>\n\n\t\t\n\n\t\t<div class=\"section-content relative\">\n\t\t\t\n\n\t<div id=\"gap-2143045414\" class=\"gap-element clearfix\" style=\"display:block; height:auto;\">\n\t\t\n<style>\n#gap-2143045414 {\n  padding-top: 30px;\n}\n<\/style>\n\t<\/div>\n\t\n\n<div class=\"row align-equal\"  id=\"row-1276248107\">\n\n\n\t<div id=\"col-95110797\" class=\"col medium-6 small-12 large-3\"  >\n\t\t\t\t<div class=\"col-inner dark\"  >\n\t\t\t\n\t\t\t\n\n\n\t\t<div class=\"icon-box featured-box icon-box-left text-left\"  >\n\t\t\t\t\t<div class=\"icon-box-img\" style=\"width: 40px\">\n\t\t\t\t<div class=\"icon\">\n\t\t\t\t\t<div class=\"icon-inner\" >\n\t\t\t\t\t\t<img decoding=\"async\" width=\"200\" height=\"201\" src=\"https:\/\/silvaprodukt.si\/wp-content\/uploads\/2022\/09\/Ikona_Silvaprodukt-02.png\" class=\"attachment-medium size-medium\" alt=\"\" srcset=\"https:\/\/silvaprodukt.si\/wp-content\/uploads\/2022\/09\/Ikona_Silvaprodukt-02.png 200w, https:\/\/silvaprodukt.si\/wp-content\/uploads\/2022\/09\/Ikona_Silvaprodukt-02-100x100.png 100w, https:\/\/silvaprodukt.si\/wp-content\/uploads\/2022\/09\/Ikona_Silvaprodukt-02-150x150.png 150w\" sizes=\"(max-width: 200px) 100vw, 200px\" \/>\t\t\t\t\t<\/div>\n\t\t\t\t<\/div>\n\t\t\t<\/div>\n\t\t\t\t<div class=\"icon-box-text last-reset\">\n\t\t\t\t\t\t\t\t\t\n\n<p><strong>BEWIESEN umweltfreundlich<\/strong><\/p>\n\n\t\t<\/div>\n\t<\/div>\n\t\n\t\n\n\t\t<\/div>\n\t\t\t\t\t<\/div>\n\n\t\n\n\t<div id=\"col-1875996403\" class=\"col medium-6 small-12 large-3\"  >\n\t\t\t\t<div class=\"col-inner dark\"  >\n\t\t\t\n\t\t\t\n\n\n\t\t<div class=\"icon-box featured-box icon-box-left text-left\"  >\n\t\t\t\t\t<div class=\"icon-box-img\" style=\"width: 40px\">\n\t\t\t\t<div class=\"icon\">\n\t\t\t\t\t<div class=\"icon-inner\" >\n\t\t\t\t\t\t<img decoding=\"async\" width=\"200\" height=\"201\" src=\"https:\/\/silvaprodukt.si\/wp-content\/uploads\/2022\/09\/Ikona_Silvaprodukt-03.png\" class=\"attachment-medium size-medium\" alt=\"\" srcset=\"https:\/\/silvaprodukt.si\/wp-content\/uploads\/2022\/09\/Ikona_Silvaprodukt-03.png 200w, https:\/\/silvaprodukt.si\/wp-content\/uploads\/2022\/09\/Ikona_Silvaprodukt-03-100x100.png 100w, https:\/\/silvaprodukt.si\/wp-content\/uploads\/2022\/09\/Ikona_Silvaprodukt-03-150x150.png 150w\" sizes=\"(max-width: 200px) 100vw, 200px\" \/>\t\t\t\t\t<\/div>\n\t\t\t\t<\/div>\n\t\t\t<\/div>\n\t\t\t\t<div class=\"icon-box-text last-reset\">\n\t\t\t\t\t\t\t\t\t\n\n<p><strong>Wir versichern eine 3X L\u00c4NGERE Lebensdauer des Holzes<\/strong><\/p>\n\n\n\t\t<\/div>\n\t<\/div>\n\t\n\t\n\n\t\t<\/div>\n\t\t\t\t\t<\/div>\n\n\t\n\n\t<div id=\"col-125358158\" class=\"col medium-6 small-12 large-3\"  >\n\t\t\t\t<div class=\"col-inner dark\"  >\n\t\t\t\n\t\t\t\n\n\n\t\t<div class=\"icon-box featured-box icon-box-left text-left\"  >\n\t\t\t\t\t<div class=\"icon-box-img\" style=\"width: 40px\">\n\t\t\t\t<div class=\"icon\">\n\t\t\t\t\t<div class=\"icon-inner\" >\n\t\t\t\t\t\t<img decoding=\"async\" width=\"200\" height=\"201\" src=\"https:\/\/silvaprodukt.si\/wp-content\/uploads\/2022\/09\/Ikona_Silvaprodukt-04.png\" class=\"attachment-medium size-medium\" alt=\"\" srcset=\"https:\/\/silvaprodukt.si\/wp-content\/uploads\/2022\/09\/Ikona_Silvaprodukt-04.png 200w, https:\/\/silvaprodukt.si\/wp-content\/uploads\/2022\/09\/Ikona_Silvaprodukt-04-100x100.png 100w, https:\/\/silvaprodukt.si\/wp-content\/uploads\/2022\/09\/Ikona_Silvaprodukt-04-150x150.png 150w\" sizes=\"(max-width: 200px) 100vw, 200px\" \/>\t\t\t\t\t<\/div>\n\t\t\t\t<\/div>\n\t\t\t<\/div>\n\t\t\t\t<div class=\"icon-box-text last-reset\">\n\t\t\t\t\t\t\t\t\t\n\n<p><strong>1x und dauerhaft gesch\u00fctzt, OHNE ERNEUERUNG<\/strong><\/p>\n\n\t\t<\/div>\n\t<\/div>\n\t\n\t\n\n\t\t<\/div>\n\t\t\t\t\t<\/div>\n\n\t\n\n\t<div id=\"col-1453520121\" class=\"col medium-6 small-12 large-3\"  >\n\t\t\t\t<div class=\"col-inner dark\"  >\n\t\t\t\n\t\t\t\n\n\n\t\t<div class=\"icon-box featured-box icon-box-left text-left\"  >\n\t\t\t\t\t<div class=\"icon-box-img\" style=\"width: 40px\">\n\t\t\t\t<div class=\"icon\">\n\t\t\t\t\t<div class=\"icon-inner\" >\n\t\t\t\t\t\t<img decoding=\"async\" width=\"200\" height=\"201\" src=\"https:\/\/silvaprodukt.si\/wp-content\/uploads\/2022\/09\/Ikona_Silvaprodukt-01.png\" class=\"attachment-medium size-medium\" alt=\"\" srcset=\"https:\/\/silvaprodukt.si\/wp-content\/uploads\/2022\/09\/Ikona_Silvaprodukt-01.png 200w, https:\/\/silvaprodukt.si\/wp-content\/uploads\/2022\/09\/Ikona_Silvaprodukt-01-100x100.png 100w, https:\/\/silvaprodukt.si\/wp-content\/uploads\/2022\/09\/Ikona_Silvaprodukt-01-150x150.png 150w\" sizes=\"(max-width: 200px) 100vw, 200px\" \/>\t\t\t\t\t<\/div>\n\t\t\t\t<\/div>\n\t\t\t<\/div>\n\t\t\t\t<div class=\"icon-box-text last-reset\">\n\t\t\t\t\t\t\t\t\t\n\n<p><strong>Mehr als zehn Jahre Erfahrung beim Testen von Produkten<\/strong><\/p>\n\n\t\t<\/div>\n\t<\/div>\n\t\n\t\n\n\t\t<\/div>\n\t\t\t\t\t<\/div>\n\n\t\n\n<\/div>\n\n\t\t<\/div>\n\n\t\t\n<style>\n#section_452637701 {\n  padding-top: 0px;\n  padding-bottom: 0px;\n  background-color: rgb(157, 141, 118);\n}\n<\/style>\n\t<\/section>\n\t\n<span class=\"scroll-to\" data-label=\"Scroll to: #vec\" data-bullet=\"false\" data-link=\"#vec\" data-title=\"vec\"><a name=\"vec\"><\/a><\/span>\n\n\t<section class=\"section\" id=\"section_1478659697\">\n\t\t<div class=\"section-bg fill\" >\n\t\t\t\t\t\t\t\t\t<div class=\"section-bg-overlay absolute fill\"><\/div>\n\t\t\t\n\n\t\t<\/div>\n\n\t\t\n\n\t\t<div class=\"section-content relative\">\n\t\t\t\n<div class=\"row align-middle\"  id=\"row-694414720\">\n\n\t<div id=\"col-1674862614\" class=\"col medium-12 small-12 large-4\"  >\n\t\t\t\t<div class=\"col-inner text-left dark\"  >\n\t\t\t\n\t\t\t\n\t<div class=\"img has-hover x md-x lg-x y md-y lg-y\" id=\"image_286447106\">\n\t\t\t\t\t\t\t\t<div class=\"img-inner dark\" >\n\t\t\t<img decoding=\"async\" width=\"636\" height=\"488\" src=\"https:\/\/silvaprodukt.si\/wp-content\/uploads\/2022\/09\/Screenshot-2021-12-19-at-23.02.31.png\" class=\"attachment-large size-large\" alt=\"\" srcset=\"https:\/\/silvaprodukt.si\/wp-content\/uploads\/2022\/09\/Screenshot-2021-12-19-at-23.02.31.png 636w, https:\/\/silvaprodukt.si\/wp-content\/uploads\/2022\/09\/Screenshot-2021-12-19-at-23.02.31-510x391.png 510w, https:\/\/silvaprodukt.si\/wp-content\/uploads\/2022\/09\/Screenshot-2021-12-19-at-23.02.31-300x230.png 300w\" sizes=\"(max-width: 636px) 100vw, 636px\" \/>\t\t\t\t\t\t\n\t\t\t\t\t<\/div>\n\t\t\t\t\t\t\t\t\n<style>\n#image_286447106 {\n  width: 100%;\n}\n<\/style>\n\t<\/div>\n\t\n<p style=\"text-align: center;\"><em><span style=\"color: #282828;\">Ungesch\u00fctzte und oberfl\u00e4chengesch\u00fctzte Fichtenplatte nach mehrmonatiger Sonnen- und Niederschlagseinwirkung <\/span><\/em><\/p>\n\t\t<\/div>\n\t\t\t\t\t<\/div>\n\n\t\n\n\t<div id=\"col-1641240406\" class=\"col medium-12 small-12 large-8\"  >\n\t\t\t\t<div class=\"col-inner text-left\"  >\n\t\t\t\n\t\t\t\n<h2>\u00dcBER HOLZSCH\u00c4DLINGE<\/h2>\n<p>Das Holz ist ein nat\u00fcrlicher und nachwachsender Rohstoff, der Zersetzungsprozessen unterliegt, wodurch Stoffe in der Natur zirkulieren k\u00f6nnen. Holzf\u00e4ule wird durch unbelebte (abiotische) und lebende (biotische) F\u00e4ulnisfaktoren verursacht. Bei der wirtschaftlichen Nutzung von Holz wollen wir dessen Zersetzung so weit wie m\u00f6glich verlangsamen.<br \/>\nZu den unbelebten Zersetzungsfaktoren geh\u00f6ren Klimafaktoren (Niederschlag, UV-Licht, Temperatur\u00e4nderungen usw.), verschmutzte Luft (Gase, Feststoffe) und Feuer. Unbelebte Faktoren beeinflussen insbesondere das \u00e4sthetische Erscheinungsbild von Holz, seltener die mechanischen Eigenschaften eines Holzprodukts. Sonnen- oder UV-Licht verursacht chemische und farbliche Ver\u00e4nderungen in der Holzoberfl\u00e4che, beeinflusst jedoch nicht die mechanischen Eigenschaften. Die Kombination dieser abiotischen Faktoren, insbesondere Licht und Niederschlag, spiegelt sich schlie\u00dflich in der grauen Patina der Holzoberfl\u00e4che wider. Holz kann in der Regel mit geeigneten Oberfl\u00e4chenbeschichtungen, wie z. B. Silvanol Glasur Glasur B, wirksam vor unbelebten Zersetzungsfaktoren gesch\u00fctzt werden.<\/p>\n\t\t<\/div>\n\t\t\t\t\t<\/div>\n\n\t\n<\/div>\n\t\t<\/div>\n\n\t\t\n<style>\n#section_1478659697 {\n  padding-top: 90px;\n  padding-bottom: 90px;\n}\n#section_1478659697 .section-bg-overlay {\n  background-color: rgb(243, 245, 245);\n}\n<\/style>\n\t<\/section>\n\t\n\n\t<section class=\"section\" id=\"section_1762523401\">\n\t\t<div class=\"section-bg fill\" >\n\t\t\t\t\t\t\t\t\t\n\t\t\t\n\n\t\t<\/div>\n\n\t\t\n\n\t\t<div class=\"section-content relative\">\n\t\t\t\n<div class=\"row align-equal\"  id=\"row-764854613\">\n\n\t<div id=\"col-2136936271\" class=\"col small-12 large-12\"  >\n\t\t\t\t<div class=\"col-inner text-left\"  >\n\t\t\t\n\t\t\t\n<p>Viel gef\u00e4hrlicher, gerade bei der Verwendung von Holz im Au\u00dfenbereich, sind lebende F\u00e4ulnisfaktoren. Das sind Organismen, die sich von Holz ern\u00e4hren oder es zum eigenen \u00dcberleben unbedingt brauchen. Dazu geh\u00f6ren Pilze (z. B. F\u00e4ulnispilze, Blaupilze, Schimmelpilze), Insekten (z. B. Holzinsektenlarven bzw. \u00bbHolzw\u00fcrmer\u00ab, Termiten), Bakterien und Meeressch\u00e4dlinge. In Slowenien werden bei weitem die meisten Sch\u00e4den an Nutzholz und fertigen Holzprodukten und -anlagen durch F\u00e4ulnispilze verursacht. Unter g\u00fcnstigen Bedingungen (Holzfeuchte \u00fcber 20 %, moderate Temperaturen) kann Holz in wenigen Monaten zerfallen. In dieser Hinsicht hat Slowenien eines der ung\u00fcnstigsten Klimas in Europa, da die Bedingungen f\u00fcr Holzf\u00e4ule die meiste Zeit sehr geeignet sind (starke Niederschl\u00e4ge, hohe Luftfeuchtigkeit, fast das ganze Jahr \u00fcber moderate Temperaturen \u00fcber dem Gefrierpunkt).<\/p>\n\t\t<\/div>\n\t\t\t\t\t<\/div>\n\n\t\n\n\t<div id=\"col-2029382966\" class=\"col medium-3 small-12 large-3\"  >\n\t\t\t\t<div class=\"col-inner text-left dark\"  >\n\t\t\t\n\t\t\t\n\t<div class=\"img has-hover x md-x lg-x y md-y lg-y\" id=\"image_273928641\">\n\t\t\t\t\t\t\t\t<div class=\"img-inner box-shadow-2 dark\" >\n\t\t\t<img decoding=\"async\" width=\"606\" height=\"456\" src=\"https:\/\/silvaprodukt.si\/wp-content\/uploads\/2022\/09\/Gljive-razkrojevalke-micelj-1.jpg\" class=\"attachment-large size-large\" alt=\"\" srcset=\"https:\/\/silvaprodukt.si\/wp-content\/uploads\/2022\/09\/Gljive-razkrojevalke-micelj-1.jpg 606w, https:\/\/silvaprodukt.si\/wp-content\/uploads\/2022\/09\/Gljive-razkrojevalke-micelj-1-510x384.jpg 510w, https:\/\/silvaprodukt.si\/wp-content\/uploads\/2022\/09\/Gljive-razkrojevalke-micelj-1-300x226.jpg 300w\" sizes=\"(max-width: 606px) 100vw, 606px\" \/>\t\t\t\t\t\t\n\t\t\t\t\t<\/div>\n\t\t\t\t\t\t\t\t\n<style>\n#image_273928641 {\n  width: 100%;\n}\n<\/style>\n\t<\/div>\n\t\n<p style=\"text-align: center;\"><em><span style=\"color: #282828;\">Die F\u00e4ulnispilze im\/auf dem Holz bilden das Myzelium, k\u00f6nnen aber auch H\u00fcte bilden. <\/span><\/em><\/p>\n\t\t<\/div>\n\t\t\t\t\t<\/div>\n\n\t\n\n\t<div id=\"col-575520746\" class=\"col medium-3 small-12 large-3\"  >\n\t\t\t\t<div class=\"col-inner text-left dark\"  >\n\t\t\t\n\t\t\t\n\t<div class=\"img has-hover x md-x lg-x y md-y lg-y\" id=\"image_1803984796\">\n\t\t\t\t\t\t\t\t<div class=\"img-inner box-shadow-2 dark\" >\n\t\t\t<img decoding=\"async\" width=\"606\" height=\"455\" src=\"https:\/\/silvaprodukt.si\/wp-content\/uploads\/2022\/09\/glive-razkrojevalke-klobuk-1.jpg\" class=\"attachment-large size-large\" alt=\"\" srcset=\"https:\/\/silvaprodukt.si\/wp-content\/uploads\/2022\/09\/glive-razkrojevalke-klobuk-1.jpg 606w, https:\/\/silvaprodukt.si\/wp-content\/uploads\/2022\/09\/glive-razkrojevalke-klobuk-1-510x383.jpg 510w, https:\/\/silvaprodukt.si\/wp-content\/uploads\/2022\/09\/glive-razkrojevalke-klobuk-1-300x225.jpg 300w\" sizes=\"(max-width: 606px) 100vw, 606px\" \/>\t\t\t\t\t\t\n\t\t\t\t\t<\/div>\n\t\t\t\t\t\t\t\t\n<style>\n#image_1803984796 {\n  width: 100%;\n}\n<\/style>\n\t<\/div>\n\t\n<p style=\"text-align: center;\"><em><span style=\"color: #282828;\">Die F\u00e4ulnispilze im\/auf dem Holz bilden das Myzelium, k\u00f6nnen aber auch H\u00fcte bilden. <\/span><\/em><\/p>\n\t\t<\/div>\n\t\t\t\t\t<\/div>\n\n\t\n\n\t<div id=\"col-1279744061\" class=\"col medium-3 small-12 large-3\"  >\n\t\t\t\t<div class=\"col-inner text-left dark\"  >\n\t\t\t\n\t\t\t\n\t<div class=\"img has-hover x md-x lg-x y md-y lg-y\" id=\"image_1853571457\">\n\t\t\t\t\t\t\t\t<div class=\"img-inner box-shadow-2 dark\" >\n\t\t\t<img decoding=\"async\" width=\"620\" height=\"465\" src=\"https:\/\/silvaprodukt.si\/wp-content\/uploads\/2022\/09\/His\u030cni-kozlic\u030cek-larva-1.jpg\" class=\"attachment-large size-large\" alt=\"\" srcset=\"https:\/\/silvaprodukt.si\/wp-content\/uploads\/2022\/09\/His\u030cni-kozlic\u030cek-larva-1.jpg 620w, https:\/\/silvaprodukt.si\/wp-content\/uploads\/2022\/09\/His\u030cni-kozlic\u030cek-larva-1-510x383.jpg 510w, https:\/\/silvaprodukt.si\/wp-content\/uploads\/2022\/09\/His\u030cni-kozlic\u030cek-larva-1-300x225.jpg 300w\" sizes=\"(max-width: 620px) 100vw, 620px\" \/>\t\t\t\t\t\t\n\t\t\t\t\t<\/div>\n\t\t\t\t\t\t\t\t\n<style>\n#image_1853571457 {\n  width: 100%;\n}\n<\/style>\n\t<\/div>\n\t\n<p style=\"text-align: center;\"><em><span style=\"color: #282828;\">Larve (\u00bbWurm\u00ab) und erwachsenes Holzinsekt (Hausbock oder Hylotrupes bajulus)<\/span><\/em><\/p>\n\t\t<\/div>\n\t\t\t\t\t<\/div>\n\n\t\n\n\t<div id=\"col-310467285\" class=\"col medium-3 small-12 large-3\"  >\n\t\t\t\t<div class=\"col-inner text-left dark\"  >\n\t\t\t\n\t\t\t\n\t<div class=\"img has-hover x md-x lg-x y md-y lg-y\" id=\"image_1923777695\">\n\t\t\t\t\t\t\t\t<div class=\"img-inner box-shadow-2 dark\" >\n\t\t\t<img decoding=\"async\" width=\"633\" height=\"475\" src=\"https:\/\/silvaprodukt.si\/wp-content\/uploads\/2022\/09\/His\u030cni-kozlic\u030cek-odrasel-1.jpg\" class=\"attachment-large size-large\" alt=\"\" srcset=\"https:\/\/silvaprodukt.si\/wp-content\/uploads\/2022\/09\/His\u030cni-kozlic\u030cek-odrasel-1.jpg 633w, https:\/\/silvaprodukt.si\/wp-content\/uploads\/2022\/09\/His\u030cni-kozlic\u030cek-odrasel-1-510x383.jpg 510w, https:\/\/silvaprodukt.si\/wp-content\/uploads\/2022\/09\/His\u030cni-kozlic\u030cek-odrasel-1-300x225.jpg 300w\" sizes=\"(max-width: 633px) 100vw, 633px\" \/>\t\t\t\t\t\t\n\t\t\t\t\t<\/div>\n\t\t\t\t\t\t\t\t\n<style>\n#image_1923777695 {\n  width: 100%;\n}\n<\/style>\n\t<\/div>\n\t\n<p style=\"text-align: center;\"><em><span style=\"color: #282828;\">Larve (\u00bbWurm\u00ab) und erwachsenes Holzinsekt (Hausbock oder Hylotrupes bajulus)<\/span><\/em><\/p>\n\t\t<\/div>\n\t\t\t\t\t<\/div>\n\n\t\n\n\t<div id=\"col-277471527\" class=\"col small-12 large-12\"  >\n\t\t\t\t<div class=\"col-inner text-left\"  >\n\t\t\t\n\t\t\t\n<p>Auch moderne Holzh\u00e4user sind vor F\u00e4ulnispilzen nicht sicher, da wir viele F\u00e4lle begegnen, in denen Pilze aufgrund kleinerer oder gr\u00f6\u00dferer Fehler in der Ausf\u00fchrung innerhalb weniger Jahre nach dem Einzug die Struktur und\/oder Verkleidung von ungesch\u00fctzten Holzbauten vollst\u00e4ndig zerst\u00f6ren. Die Sanierung solcher Sch\u00e4den ist extrem teuer und zeitaufw\u00e4ndig. Um Holz wirksam vor lebenden F\u00e4ulnisfaktoren zu sch\u00fctzen, m\u00fcssen wir wirksame Holzschutzgrundierungen (z. B. Silvaroyal\u00ae) verwenden und darauf achten, dass diese tief genug in das Holz eindringen. Je nach Beanspruchung und Funktion des Holzprodukts bzw. Objekts werden die geeignete Schutzmethode und die Eindringtiefe des Holzschutzmittels ausgew\u00e4hlt. Eine hervorragende Alternative zu dem klassischen Holzgrundschutz (insbesondere f\u00fcr die Geb\u00e4udeau\u00dfenh\u00fclle &#8211; Fassade \/ Terrasse) f\u00fcr Holz ist neuerdings die thermische Holzmodifizierung Silvapro\u00ae.<\/p>\n<h3>Einige Schadensbeispiele durch F\u00e4ulnispilze (Holzf\u00e4ule) .<\/h3>\n\t\t<\/div>\n\t\t\t\t\t<\/div>\n\n\t\n\n\t<div id=\"col-1626786634\" class=\"col medium-3 small-12 large-3\"  >\n\t\t\t\t<div class=\"col-inner text-left dark\"  >\n\t\t\t\n\t\t\t\n\t<div class=\"img has-hover x md-x lg-x y md-y lg-y\" id=\"image_544130045\">\n\t\t\t\t\t\t\t\t<div class=\"img-inner box-shadow-2 dark\" >\n\t\t\t<img decoding=\"async\" width=\"615\" height=\"461\" src=\"https:\/\/silvaprodukt.si\/wp-content\/uploads\/2022\/09\/Glive-razkrojevalke-pos\u030ckodba-lesa-1-1.jpg\" class=\"attachment-large size-large\" alt=\"\" srcset=\"https:\/\/silvaprodukt.si\/wp-content\/uploads\/2022\/09\/Glive-razkrojevalke-pos\u030ckodba-lesa-1-1.jpg 615w, https:\/\/silvaprodukt.si\/wp-content\/uploads\/2022\/09\/Glive-razkrojevalke-pos\u030ckodba-lesa-1-1-510x382.jpg 510w, https:\/\/silvaprodukt.si\/wp-content\/uploads\/2022\/09\/Glive-razkrojevalke-pos\u030ckodba-lesa-1-1-300x225.jpg 300w\" sizes=\"(max-width: 615px) 100vw, 615px\" \/>\t\t\t\t\t\t\n\t\t\t\t\t<\/div>\n\t\t\t\t\t\t\t\t\n<style>\n#image_544130045 {\n  width: 100%;\n}\n<\/style>\n\t<\/div>\n\t\n\t\t<\/div>\n\t\t\t\t\t<\/div>\n\n\t\n\n\t<div id=\"col-180319370\" class=\"col medium-3 small-12 large-3\"  >\n\t\t\t\t<div class=\"col-inner text-left dark\"  >\n\t\t\t\n\t\t\t\n\t<div class=\"img has-hover x md-x lg-x y md-y lg-y\" id=\"image_577786103\">\n\t\t\t\t\t\t\t\t<div class=\"img-inner box-shadow-2 dark\" >\n\t\t\t<img decoding=\"async\" width=\"768\" height=\"576\" src=\"https:\/\/silvaprodukt.si\/wp-content\/uploads\/2022\/09\/Glive-razkrojevalke-pos\u030ckodba-lesa-2.jpg\" class=\"attachment-large size-large\" alt=\"\" srcset=\"https:\/\/silvaprodukt.si\/wp-content\/uploads\/2022\/09\/Glive-razkrojevalke-pos\u030ckodba-lesa-2.jpg 768w, https:\/\/silvaprodukt.si\/wp-content\/uploads\/2022\/09\/Glive-razkrojevalke-pos\u030ckodba-lesa-2-510x383.jpg 510w, https:\/\/silvaprodukt.si\/wp-content\/uploads\/2022\/09\/Glive-razkrojevalke-pos\u030ckodba-lesa-2-300x225.jpg 300w\" sizes=\"(max-width: 768px) 100vw, 768px\" \/>\t\t\t\t\t\t\n\t\t\t\t\t<\/div>\n\t\t\t\t\t\t\t\t\n<style>\n#image_577786103 {\n  width: 100%;\n}\n<\/style>\n\t<\/div>\n\t\n\t\t<\/div>\n\t\t\t\t\t<\/div>\n\n\t\n\n\t<div id=\"col-2137735259\" class=\"col medium-3 small-12 large-3\"  >\n\t\t\t\t<div class=\"col-inner text-left dark\"  >\n\t\t\t\n\t\t\t\n\t<div class=\"img has-hover x md-x lg-x y md-y lg-y\" id=\"image_1606690811\">\n\t\t\t\t\t\t\t\t<div class=\"img-inner box-shadow-2 dark\" >\n\t\t\t<img decoding=\"async\" width=\"860\" height=\"652\" src=\"https:\/\/silvaprodukt.si\/wp-content\/uploads\/2022\/09\/Glive-razkrojevalke-pos\u030ckodba-lesa-3.jpg\" class=\"attachment-large size-large\" alt=\"\" srcset=\"https:\/\/silvaprodukt.si\/wp-content\/uploads\/2022\/09\/Glive-razkrojevalke-pos\u030ckodba-lesa-3.jpg 860w, https:\/\/silvaprodukt.si\/wp-content\/uploads\/2022\/09\/Glive-razkrojevalke-pos\u030ckodba-lesa-3-510x387.jpg 510w, https:\/\/silvaprodukt.si\/wp-content\/uploads\/2022\/09\/Glive-razkrojevalke-pos\u030ckodba-lesa-3-300x227.jpg 300w, https:\/\/silvaprodukt.si\/wp-content\/uploads\/2022\/09\/Glive-razkrojevalke-pos\u030ckodba-lesa-3-768x582.jpg 768w\" sizes=\"(max-width: 860px) 100vw, 860px\" \/>\t\t\t\t\t\t\n\t\t\t\t\t<\/div>\n\t\t\t\t\t\t\t\t\n<style>\n#image_1606690811 {\n  width: 100%;\n}\n<\/style>\n\t<\/div>\n\t\n\t\t<\/div>\n\t\t\t\t\t<\/div>\n\n\t\n\n\t<div id=\"col-1916743377\" class=\"col medium-3 small-12 large-3\"  >\n\t\t\t\t<div class=\"col-inner text-left dark\"  >\n\t\t\t\n\t\t\t\n\t<div class=\"img has-hover x md-x lg-x y md-y lg-y\" id=\"image_516082572\">\n\t\t\t\t\t\t\t\t<div class=\"img-inner box-shadow-2 dark\" >\n\t\t\t<img decoding=\"async\" width=\"1020\" height=\"765\" src=\"https:\/\/silvaprodukt.si\/wp-content\/uploads\/2022\/09\/arboretum-rjava-t-feb-2008-2a-1-1024x768.jpeg\" class=\"attachment-large size-large\" alt=\"\" srcset=\"https:\/\/silvaprodukt.si\/wp-content\/uploads\/2022\/09\/arboretum-rjava-t-feb-2008-2a-1-1024x768.jpeg 1024w, https:\/\/silvaprodukt.si\/wp-content\/uploads\/2022\/09\/arboretum-rjava-t-feb-2008-2a-1-510x383.jpeg 510w, https:\/\/silvaprodukt.si\/wp-content\/uploads\/2022\/09\/arboretum-rjava-t-feb-2008-2a-1-300x225.jpeg 300w, https:\/\/silvaprodukt.si\/wp-content\/uploads\/2022\/09\/arboretum-rjava-t-feb-2008-2a-1-768x576.jpeg 768w, https:\/\/silvaprodukt.si\/wp-content\/uploads\/2022\/09\/arboretum-rjava-t-feb-2008-2a-1.jpeg 1037w\" sizes=\"(max-width: 1020px) 100vw, 1020px\" \/>\t\t\t\t\t\t\n\t\t\t\t\t<\/div>\n\t\t\t\t\t\t\t\t\n<style>\n#image_516082572 {\n  width: 100%;\n}\n<\/style>\n\t<\/div>\n\t\n\t\t<\/div>\n\t\t\t\t\t<\/div>\n\n\t\n<\/div>\n\t\t<\/div>\n\n\t\t\n<style>\n#section_1762523401 {\n  padding-top: 90px;\n  padding-bottom: 90px;\n}\n<\/style>\n\t<\/section>\n\t\n\n\t<section class=\"section\" id=\"section_1911898869\">\n\t\t<div class=\"section-bg fill\" >\n\t\t\t\t\t\t\t\t\t\n\t\t\t\n\n\t\t<\/div>\n\n\t\t\n\n\t\t<div class=\"section-content relative\">\n\t\t\t\r\n\r\n<div class=\"row\"  id=\"row-1494053355\">\r\n\r\n\n\t<div id=\"col-833741547\" class=\"col small-12 large-12\"  >\n\t\t\t\t<div class=\"col-inner\"  >\n\t\t\t\n\t\t\t\r\n\r\n<h2 style=\"text-align: center;\"><span style=\"color: #618f7a;\">Vorstellungsvideo<\/span><\/h2>\r\n<div class=\"video video-fit mb box-shadow-3\" style=\"padding-top:50%;\"><p><iframe title=\"Silvaprodukt 70 Jahre - promo video\" width=\"1020\" height=\"574\" src=\"https:\/\/www.youtube.com\/embed\/dmhcyZiVg3s?feature=oembed\" frameborder=\"0\" allow=\"accelerometer; autoplay; clipboard-write; encrypted-media; gyroscope; picture-in-picture\" allowfullscreen><\/iframe><\/p>\n<\/div>\r\n\r\n\r\n\t\t<\/div>\n\t\t\t\t\t<\/div>\n\n\t\r\n\r\n<\/div>\r\n\r\n\t\t<\/div>\n\n\t\t\n<style>\n#section_1911898869 {\n  padding-top: 30px;\n  padding-bottom: 30px;\n}\n<\/style>\n\t<\/section>\n\t\n\t<div id=\"gap-2038408474\" class=\"gap-element clearfix\" style=\"display:block; height:auto;\">\n\t\t\n<style>\n#gap-2038408474 {\n  padding-top: 100px;\n}\n<\/style>\n\t<\/div>\n\t\n","protected":false},"excerpt":{"rendered":"","protected":false},"author":5,"featured_media":4022,"parent":1808,"menu_order":0,"comment_status":"closed","ping_status":"closed","template":"page-blank.php","meta":{"inline_featured_image":false,"footnotes":""},"class_list":["post-2016","page","type-page","status-publish","has-post-thumbnail","hentry"],"acf":[],"_links":{"self":[{"href":"https:\/\/silvaprodukt.si\/de\/wp-json\/wp\/v2\/pages\/2016","targetHints":{"allow":["GET"]}}],"collection":[{"href":"https:\/\/silvaprodukt.si\/de\/wp-json\/wp\/v2\/pages"}],"about":[{"href":"https:\/\/silvaprodukt.si\/de\/wp-json\/wp\/v2\/types\/page"}],"author":[{"embeddable":true,"href":"https:\/\/silvaprodukt.si\/de\/wp-json\/wp\/v2\/users\/5"}],"replies":[{"embeddable":true,"href":"https:\/\/silvaprodukt.si\/de\/wp-json\/wp\/v2\/comments?post=2016"}],"version-history":[{"count":0,"href":"https:\/\/silvaprodukt.si\/de\/wp-json\/wp\/v2\/pages\/2016\/revisions"}],"up":[{"embeddable":true,"href":"https:\/\/silvaprodukt.si\/de\/wp-json\/wp\/v2\/pages\/1808"}],"wp:featuredmedia":[{"embeddable":true,"href":"https:\/\/silvaprodukt.si\/de\/wp-json\/wp\/v2\/media\/4022"}],"wp:attachment":[{"href":"https:\/\/silvaprodukt.si\/de\/wp-json\/wp\/v2\/media?parent=2016"}],"curies":[{"name":"wp","href":"https:\/\/api.w.org\/{rel}","templated":true}]}}