{"id":2008,"date":"2022-09-01T07:35:32","date_gmt":"2022-09-01T07:35:32","guid":{"rendered":"http:\/\/silvaprodukt.si\/dobro-je-vedeti\/zascita-lesa\/"},"modified":"2022-10-11T12:09:59","modified_gmt":"2022-10-11T12:09:59","slug":"holzschutz","status":"publish","type":"page","link":"https:\/\/silvaprodukt.si\/de\/es-ist-gut-zu-wissen\/holzschutz\/","title":{"rendered":"Holzschutz"},"content":{"rendered":"\n\t<section class=\"section\" id=\"section_1500932690\">\n\t\t<div class=\"section-bg fill\" >\n\t\t\t<img decoding=\"async\" width=\"1600\" height=\"670\" src=\"https:\/\/silvaprodukt.si\/wp-content\/uploads\/2022\/09\/jasna_2.jpg\" class=\"bg attachment- size-\" alt=\"\" \/>\t\t\t\t\t\t<div class=\"section-bg-overlay absolute fill\"><\/div>\n\t\t\t\n\n\t\t<\/div>\n\n\t\t\n\n\t\t<div class=\"section-content relative\">\n\t\t\t\n<div class=\"row\"  id=\"row-1926149207\">\n\n\t<div id=\"col-716170301\" class=\"col small-12 large-12\"  >\n\t\t\t\t<div class=\"col-inner dark\"  >\n\t\t\t\n\t\t\t\n<p class=\"nadnaslov\">Holz, das lange h\u00e4lt.<br \/>\nSilvaprodukt seit 70 Jahren.<\/p>\n<h1>Holzschutz<\/h1>\n\t<div id=\"gap-1816175947\" class=\"gap-element clearfix\" style=\"display:block; height:auto;\">\n\t\t\n<style>\n#gap-1816175947 {\n  padding-top: 10px;\n}\n<\/style>\n\t<\/div>\n\t\n<a href=\"https:\/\/silvaprodukt.si\/de\/shop\/\" class=\"button primary\" >\n\t\t<span>Produkte kaufen<\/span>\n\t<\/a>\n\n<a href=\"https:\/\/silvaprodukt.si\/de\/ueber-uns\/kontakt\/#kontakt\" class=\"button primary\" >\n\t\t<span>KONTAKT<\/span>\n\t<\/a>\n\n\t\t<\/div>\n\t\t\t\t\t<\/div>\n\n\t\n<\/div>\n\t\t<\/div>\n\n\t\t\n<style>\n#section_1500932690 {\n  padding-top: 90px;\n  padding-bottom: 90px;\n  min-height: 500px;\n}\n#section_1500932690 .section-bg-overlay {\n  background-color: rgba(0, 0, 0, 0.48);\n}\n#section_1500932690 .section-bg img {\n  object-position: 51% 100%;\n}\n<\/style>\n\t<\/section>\n\t\n\n\t<section class=\"section pasica\" id=\"section_617150400\">\n\t\t<div class=\"section-bg fill\" >\n\t\t\t\t\t\t\t\t\t\n\t\t\t\n\n\t\t<\/div>\n\n\t\t\n\n\t\t<div class=\"section-content relative\">\n\t\t\t\n\n\t<div id=\"gap-466917009\" class=\"gap-element clearfix\" style=\"display:block; height:auto;\">\n\t\t\n<style>\n#gap-466917009 {\n  padding-top: 30px;\n}\n<\/style>\n\t<\/div>\n\t\n\n<div class=\"row align-equal\"  id=\"row-1179924847\">\n\n\n\t<div id=\"col-119812375\" class=\"col medium-6 small-12 large-3\"  >\n\t\t\t\t<div class=\"col-inner dark\"  >\n\t\t\t\n\t\t\t\n\n\n\t\t<div class=\"icon-box featured-box icon-box-left text-left\"  >\n\t\t\t\t\t<div class=\"icon-box-img\" style=\"width: 40px\">\n\t\t\t\t<div class=\"icon\">\n\t\t\t\t\t<div class=\"icon-inner\" >\n\t\t\t\t\t\t<img decoding=\"async\" width=\"200\" height=\"201\" src=\"https:\/\/silvaprodukt.si\/wp-content\/uploads\/2022\/09\/Ikona_Silvaprodukt-02.png\" class=\"attachment-medium size-medium\" alt=\"\" srcset=\"https:\/\/silvaprodukt.si\/wp-content\/uploads\/2022\/09\/Ikona_Silvaprodukt-02.png 200w, https:\/\/silvaprodukt.si\/wp-content\/uploads\/2022\/09\/Ikona_Silvaprodukt-02-100x100.png 100w, https:\/\/silvaprodukt.si\/wp-content\/uploads\/2022\/09\/Ikona_Silvaprodukt-02-150x150.png 150w\" sizes=\"(max-width: 200px) 100vw, 200px\" \/>\t\t\t\t\t<\/div>\n\t\t\t\t<\/div>\n\t\t\t<\/div>\n\t\t\t\t<div class=\"icon-box-text last-reset\">\n\t\t\t\t\t\t\t\t\t\n\n<p><strong>BEWIESEN umweltfreundlich<\/strong><\/p>\n\n\t\t<\/div>\n\t<\/div>\n\t\n\t\n\n\t\t<\/div>\n\t\t\t\t\t<\/div>\n\n\t\n\n\t<div id=\"col-1091075322\" class=\"col medium-6 small-12 large-3\"  >\n\t\t\t\t<div class=\"col-inner dark\"  >\n\t\t\t\n\t\t\t\n\n\n\t\t<div class=\"icon-box featured-box icon-box-left text-left\"  >\n\t\t\t\t\t<div class=\"icon-box-img\" style=\"width: 40px\">\n\t\t\t\t<div class=\"icon\">\n\t\t\t\t\t<div class=\"icon-inner\" >\n\t\t\t\t\t\t<img decoding=\"async\" width=\"200\" height=\"201\" src=\"https:\/\/silvaprodukt.si\/wp-content\/uploads\/2022\/09\/Ikona_Silvaprodukt-03.png\" class=\"attachment-medium size-medium\" alt=\"\" srcset=\"https:\/\/silvaprodukt.si\/wp-content\/uploads\/2022\/09\/Ikona_Silvaprodukt-03.png 200w, https:\/\/silvaprodukt.si\/wp-content\/uploads\/2022\/09\/Ikona_Silvaprodukt-03-100x100.png 100w, https:\/\/silvaprodukt.si\/wp-content\/uploads\/2022\/09\/Ikona_Silvaprodukt-03-150x150.png 150w\" sizes=\"(max-width: 200px) 100vw, 200px\" \/>\t\t\t\t\t<\/div>\n\t\t\t\t<\/div>\n\t\t\t<\/div>\n\t\t\t\t<div class=\"icon-box-text last-reset\">\n\t\t\t\t\t\t\t\t\t\n\n<p><strong>Wir versichern eine 3X L\u00c4NGERE Lebensdauer des Holzes<\/strong><\/p>\n\n\n\t\t<\/div>\n\t<\/div>\n\t\n\t\n\n\t\t<\/div>\n\t\t\t\t\t<\/div>\n\n\t\n\n\t<div id=\"col-868469609\" class=\"col medium-6 small-12 large-3\"  >\n\t\t\t\t<div class=\"col-inner dark\"  >\n\t\t\t\n\t\t\t\n\n\n\t\t<div class=\"icon-box featured-box icon-box-left text-left\"  >\n\t\t\t\t\t<div class=\"icon-box-img\" style=\"width: 40px\">\n\t\t\t\t<div class=\"icon\">\n\t\t\t\t\t<div class=\"icon-inner\" >\n\t\t\t\t\t\t<img decoding=\"async\" width=\"200\" height=\"201\" src=\"https:\/\/silvaprodukt.si\/wp-content\/uploads\/2022\/09\/Ikona_Silvaprodukt-04.png\" class=\"attachment-medium size-medium\" alt=\"\" srcset=\"https:\/\/silvaprodukt.si\/wp-content\/uploads\/2022\/09\/Ikona_Silvaprodukt-04.png 200w, https:\/\/silvaprodukt.si\/wp-content\/uploads\/2022\/09\/Ikona_Silvaprodukt-04-100x100.png 100w, https:\/\/silvaprodukt.si\/wp-content\/uploads\/2022\/09\/Ikona_Silvaprodukt-04-150x150.png 150w\" sizes=\"(max-width: 200px) 100vw, 200px\" \/>\t\t\t\t\t<\/div>\n\t\t\t\t<\/div>\n\t\t\t<\/div>\n\t\t\t\t<div class=\"icon-box-text last-reset\">\n\t\t\t\t\t\t\t\t\t\n\n<p><strong>1x und dauerhaft gesch\u00fctzt, OHNE ERNEUERUNG<\/strong><\/p>\n\n\t\t<\/div>\n\t<\/div>\n\t\n\t\n\n\t\t<\/div>\n\t\t\t\t\t<\/div>\n\n\t\n\n\t<div id=\"col-173766057\" class=\"col medium-6 small-12 large-3\"  >\n\t\t\t\t<div class=\"col-inner dark\"  >\n\t\t\t\n\t\t\t\n\n\n\t\t<div class=\"icon-box featured-box icon-box-left text-left\"  >\n\t\t\t\t\t<div class=\"icon-box-img\" style=\"width: 40px\">\n\t\t\t\t<div class=\"icon\">\n\t\t\t\t\t<div class=\"icon-inner\" >\n\t\t\t\t\t\t<img decoding=\"async\" width=\"200\" height=\"201\" src=\"https:\/\/silvaprodukt.si\/wp-content\/uploads\/2022\/09\/Ikona_Silvaprodukt-01.png\" class=\"attachment-medium size-medium\" alt=\"\" srcset=\"https:\/\/silvaprodukt.si\/wp-content\/uploads\/2022\/09\/Ikona_Silvaprodukt-01.png 200w, https:\/\/silvaprodukt.si\/wp-content\/uploads\/2022\/09\/Ikona_Silvaprodukt-01-100x100.png 100w, https:\/\/silvaprodukt.si\/wp-content\/uploads\/2022\/09\/Ikona_Silvaprodukt-01-150x150.png 150w\" sizes=\"(max-width: 200px) 100vw, 200px\" \/>\t\t\t\t\t<\/div>\n\t\t\t\t<\/div>\n\t\t\t<\/div>\n\t\t\t\t<div class=\"icon-box-text last-reset\">\n\t\t\t\t\t\t\t\t\t\n\n<p><strong>Mehr als zehn Jahre Erfahrung beim Testen von Produkten<\/strong><\/p>\n\n\t\t<\/div>\n\t<\/div>\n\t\n\t\n\n\t\t<\/div>\n\t\t\t\t\t<\/div>\n\n\t\n\n<\/div>\n\n\t\t<\/div>\n\n\t\t\n<style>\n#section_617150400 {\n  padding-top: 0px;\n  padding-bottom: 0px;\n  background-color: rgb(157, 141, 118);\n}\n<\/style>\n\t<\/section>\n\t\n\n\t<section class=\"section\" id=\"section_1120533376\">\n\t\t<div class=\"section-bg fill\" >\n\t\t\t\t\t\t\t\t\t\n\t\t\t\n\n\t\t<\/div>\n\n\t\t\n\n\t\t<div class=\"section-content relative\">\n\t\t\t\n<div class=\"row\"  id=\"row-375659325\">\n\n\t<div id=\"col-1049693546\" class=\"col small-12 large-12\"  >\n\t\t\t\t<div class=\"col-inner\"  >\n\t\t\t\n\t\t\t\n<h2>Holzschutz<\/h2>\n\t\t<\/div>\n\t\t\t\t\t<\/div>\n\n\t\n\n\t<div id=\"col-347624950\" class=\"col medium-12 small-12 large-6\"  >\n\t\t\t\t<div class=\"col-inner\"  >\n\t\t\t\n\t\t\t\n<p>Zu einer nachhaltigen Entwicklung geh\u00f6rt auch die intelligente Nutzung von Holz und anderen erneuerbaren Energiequellen. Beim Wachstum von Holz im Wald wird eine gro\u00dfe Menge Kohlendioxid aus der Atmosph\u00e4re gebunden, was zum Klimaschutz beitr\u00e4gt. Eine geeigneter Holzgrundschutz kann die Lebensdauer unserer Holzprodukte und -anlagen erheblich verl\u00e4ngern. Auf diese Weise sparen wir Holzrohstoffe und Kosten f\u00fcr Renovierungen, Sanierungen und (Wieder-)Produktionen, w\u00e4hrend holzgebundenes Kohlendioxid deutlich l\u00e4nger darin gespeichert wird.<\/p>\n<p>Der Bereich der Holzschutzmittel (Biozide) wird in der EU immer strenger reguliert. In den letzten 15 Jahren sind eine Reihe neuer Verordnungen in Kraft getreten (z. B. Richtlinie 98\/8\/EG \u00fcber Biozidprodukte, Verordnung Nr. 28\/2012 \u00fcber die Bereitstellung von Biozidprodukten auf dem Markt und ihre Verwendung, REACH-Verordnung zur Registrierung, Bewertung, Zulassung und Beschr\u00e4nkung von Chemikalien usw.), die die Zahl der zugelassenen Wirkstoffe und deren Verwendung begrenzen.<\/p>\n<p>Der Bereich der Holzschutzmittel in Slowenien wird vom Amt der Republik Slowenien f\u00fcr Chemikalien (URSK) \u00fcberwacht. Die Auswirkungen zugelassener Wirkstoffe auf Mensch und Umwelt sind bei richtiger Auswahl und Anwendung der Schutzausr\u00fcstung nachweislich vernachl\u00e4ssigbar. Bei der Verwendung von Holzschutzmitteln im Innenbereich ist darauf zu achten, dass keine sch\u00e4dlichen fl\u00fcchtigen Stoffe in das Holz eingebracht werden, und bei Holzschutzmitteln f\u00fcr den Au\u00dfenbereich binden sich die Wirkstoffe des Holzschutzmittels an das Holz und werden bei Regen nicht ausgewaschen. Durch das Auswaschen k\u00f6nnte die Umgebung kontaminiert und die Wirksamkeit des Konservierungsmittels selbst verringert werden. Die Anwendung muss zudem den Herstellerangaben folgen und darf die Zusammensetzung von Schutzpr\u00e4paraten nicht ver\u00e4ndern (verschiedene Stoffe oder Chemikalien zugeben, verd\u00fcnnen u.\u00e4.).<\/p>\n<p>Im Unternehmen Silvaprodukt bem\u00fchen wir uns regelm\u00e4\u00dfig, wirksame und umweltfreundliche Holzschutzmittel zu entwickeln. Alle unsere Pr\u00e4parate und Verfahren erm\u00f6glichen den Schutz von Holz, um den Umweltrichtlinien und der EU-Gesetzgebung zu entsprechen. W\u00e4hrend bei der thermischen Holzmodifizierung zum Dauerschutz vor Holzsch\u00e4dlingen keine Chemikalien eingesetzt werden, sorgen alle anderen Konservierungsmittel nachweislich daf\u00fcr, dass die sch\u00fctzenden Bestandteile des Holzes nicht verdunsten und nicht in die Umwelt gelangen. Daher kann gesch\u00fctztes Holz bei Verwendung eines geeigneten Schutzmittels bedenkenlos auch im Innenbereich bei Kontakt mit Erde und flie\u00dfendem Wasser verwendet werden.<\/p>\n<p>Bei der Auswahl eines Holzschutzmittels m\u00fcssen wir daher auf seine Wirksamkeit (Pr\u00fcfung, Einhaltung von Normen) und seine geeignete Zusammensetzung bzw. Einhaltung der EU-Gesetzgebung achten. Bei der Vorbereitung von Gro\u00dfprojekten und der Erstellung der Projektdokumentation ist es ratsam, einen Experten auf dem Gebiet des Holzschutzes (z. B. die Abteilung f\u00fcr Holzwissenschaften der Biotechnischen Fakult\u00e4t in Ljubljana oder Bureau Veritas) zu Rate zu ziehen.<\/p>\n\t\t<\/div>\n\t\t\t\t\n<style>\n#col-347624950 > .col-inner {\n  padding: 0px 0px 0px 0px;\n}\n@media (min-width:850px) {\n  #col-347624950 > .col-inner {\n    padding: 0px 50px 0px 0px;\n  }\n}\n<\/style>\n\t<\/div>\n\n\t\n\n\t<div id=\"col-1260304379\" class=\"col medium-12 small-12 large-6\"  >\n\t\t\t\t<div class=\"col-inner\"  >\n\t\t\t\n\t\t\t\n\t<div class=\"img has-hover x md-x lg-x y md-y lg-y\" id=\"image_2035267754\">\n\t\t\t\t\t\t\t\t<div class=\"img-inner dark\" >\n\t\t\t<img decoding=\"async\" width=\"600\" height=\"600\" src=\"https:\/\/silvaprodukt.si\/wp-content\/uploads\/2022\/09\/Silvaprodukt-Stipol-AF-1.png\" class=\"attachment-large size-large\" alt=\"\" srcset=\"https:\/\/silvaprodukt.si\/wp-content\/uploads\/2022\/09\/Silvaprodukt-Stipol-AF-1.png 600w, https:\/\/silvaprodukt.si\/wp-content\/uploads\/2022\/09\/Silvaprodukt-Stipol-AF-1-100x100.png 100w, https:\/\/silvaprodukt.si\/wp-content\/uploads\/2022\/09\/Silvaprodukt-Stipol-AF-1-510x510.png 510w, https:\/\/silvaprodukt.si\/wp-content\/uploads\/2022\/09\/Silvaprodukt-Stipol-AF-1-300x300.png 300w, https:\/\/silvaprodukt.si\/wp-content\/uploads\/2022\/09\/Silvaprodukt-Stipol-AF-1-150x150.png 150w\" sizes=\"(max-width: 600px) 100vw, 600px\" \/>\t\t\t\t\t\t\n\t\t\t\t\t<\/div>\n\t\t\t\t\t\t\t\t\n<style>\n#image_2035267754 {\n  width: 100%;\n}\n<\/style>\n\t<\/div>\n\t\n\t\t<\/div>\n\t\t\t\t\t<\/div>\n\n\t\n<\/div>\n\t\t<\/div>\n\n\t\t\n<style>\n#section_1120533376 {\n  padding-top: 90px;\n  padding-bottom: 90px;\n  background-color: rgb(243, 245, 245);\n}\n<\/style>\n\t<\/section>\n\t\n\n\t<section class=\"section\" id=\"section_745996086\">\n\t\t<div class=\"section-bg fill\" >\n\t\t\t\t\t\t\t\t\t\n\t\t\t\n\n\t\t<\/div>\n\n\t\t\n\n\t\t<div class=\"section-content relative\">\n\t\t\t\n\t<div id=\"gap-1416917396\" class=\"gap-element clearfix\" style=\"display:block; height:auto;\">\n\t\t\n<style>\n#gap-1416917396 {\n  padding-top: 50px;\n}\n<\/style>\n\t<\/div>\n\t\n<div class=\"row\"  id=\"row-1789143309\">\n\n\t<div id=\"col-520984155\" class=\"col medium-6 small-12 large-12\"  >\n\t\t\t\t<div class=\"col-inner text-center\"  >\n\t\t\t\n\t\t\t\n<h3>Haben Sie Fragen? <span class=\"secondary-color\">Kontaktieren Sie uns!<\/span><\/h3>\n\t<div id=\"gap-1061732266\" class=\"gap-element clearfix\" style=\"display:block; height:auto;\">\n\t\t\n<style>\n#gap-1061732266 {\n  padding-top: 10px;\n}\n<\/style>\n\t<\/div>\n\t\n<a href=\"https:\/\/silvaprodukt.si\/de\/ueber-uns\/kontakt\/#kontakt\" class=\"button primary\" >\n\t\t<span>KONTAKT<\/span>\n\t<\/a>\n\n\t\t<\/div>\n\t\t\t\t\t<\/div>\n\n\t\n<\/div>\n\t\t<\/div>\n\n\t\t\n<style>\n#section_745996086 {\n  padding-top: 0px;\n  padding-bottom: 0px;\n}\n<\/style>\n\t<\/section>\n\t\n\n\t<section class=\"section\" id=\"section_516033615\">\n\t\t<div class=\"section-bg fill\" >\n\t\t\t\t\t\t\t\t\t\n\t\t\t\n\n\t\t<\/div>\n\n\t\t\n\n\t\t<div class=\"section-content relative\">\n\t\t\t\n<div class=\"row\"  id=\"row-1088979317\">\n\n\t<div id=\"col-916738238\" class=\"col small-12 large-12\"  >\n\t\t\t\t<div class=\"col-inner\"  >\n\t\t\t\n\t\t\t\n<h2>Holz\u00f6l<\/h2>\n\t\t<\/div>\n\t\t\t\t\t<\/div>\n\n\t\n\n\t<div id=\"col-222450592\" class=\"col medium-12 small-12 large-6\"  >\n\t\t\t\t<div class=\"col-inner\"  >\n\t\t\t\n\t\t\t\n\t<div class=\"img has-hover x md-x lg-x y md-y lg-y\" id=\"image_1177026133\">\n\t\t\t\t\t\t\t\t<div class=\"img-inner dark\" >\n\t\t\t<img decoding=\"async\" width=\"600\" height=\"600\" src=\"https:\/\/silvaprodukt.si\/wp-content\/uploads\/2022\/09\/Silvaprodukt-Stipol-AF-debla.png\" class=\"attachment-large size-large\" alt=\"\" srcset=\"https:\/\/silvaprodukt.si\/wp-content\/uploads\/2022\/09\/Silvaprodukt-Stipol-AF-debla.png 600w, https:\/\/silvaprodukt.si\/wp-content\/uploads\/2022\/09\/Silvaprodukt-Stipol-AF-debla-100x100.png 100w, https:\/\/silvaprodukt.si\/wp-content\/uploads\/2022\/09\/Silvaprodukt-Stipol-AF-debla-510x510.png 510w, https:\/\/silvaprodukt.si\/wp-content\/uploads\/2022\/09\/Silvaprodukt-Stipol-AF-debla-300x300.png 300w, https:\/\/silvaprodukt.si\/wp-content\/uploads\/2022\/09\/Silvaprodukt-Stipol-AF-debla-150x150.png 150w\" sizes=\"(max-width: 600px) 100vw, 600px\" \/>\t\t\t\t\t\t\n\t\t\t\t\t<\/div>\n\t\t\t\t\t\t\t\t\n<style>\n#image_1177026133 {\n  width: 100%;\n}\n<\/style>\n\t<\/div>\n\t\n\t\t<\/div>\n\t\t\t\t\t<\/div>\n\n\t\n\n\t<div id=\"col-782755965\" class=\"col medium-12 small-12 large-6\"  >\n\t\t\t\t<div class=\"col-inner\"  >\n\t\t\t\n\t\t\t\n<p>Die Wirksamkeit verschiedener \u00d6le, die in der Praxis h\u00e4ufig verwendet werden, ist h\u00f6chst fraglich, da nur das fl\u00e4chige Auftragen von \u00d6l \u00fcber einen l\u00e4ngeren Zeitraum Holz nicht vor F\u00e4ulnispilzen und anderen Holzsch\u00e4dlingen sch\u00fctzen kann. Die \u00d6le verhindern nicht, dass das Holz nass wird und sich somit die F\u00e4ulnispilze ansiedeln. Die Lebensdauer von mit \u00d6len gesch\u00fctztem Holz ist daher in der Regel nicht wesentlich l\u00e4nger im Vergleich zu der Lebensdauer von gew\u00f6hnlichem ungesch\u00fctztem Holz. Das Auslaugen von \u00d6len aus der Holzoberfl\u00e4che verursacht auch zus\u00e4tzliche Unannehmlichkeiten: ungleichm\u00e4\u00dfiges Aussehen und Flecken auf der Oberfl\u00e4che, starke Umweltverschmutzung und die Notwendigkeit einer h\u00e4ufigen erneuten Anwendung. Die so oft verwendeten \u00d6le sind auch ein hervorragender N\u00e4hrboden f\u00fcr diverse Schimmelpilze, die sich auf Holz noch schneller ausbreiten und intensive dunkle Verf\u00e4rbungen verursachen. Auch die Oberfl\u00e4che des Holzes ist nach dem \u00d6lauftrag deutlich dunkler, daher erw\u00e4rmen die Sonnenstrahlen das Holz im Sommer deutlich st\u00e4rker, weshalb die Holzelemente platzen.<\/p>\n<p>Die Ausnahme ist das Kreosot\u00f6l, das zum Schutz von Eisenbahnschwellen verwendet wird. Kreosot\u00f6l ist ein Biozidprodukt, das aufgrund seiner Toxizit\u00e4t nicht im Handel erh\u00e4ltlich ist, dessen Verwendung jedoch nur in bestimmten F\u00e4llen, wie z. B. Eisenbahnschwellen, erlaubt ist. Diese werden durch Vakuum-Druck-Verfahren mit Kreosot\u00f6l gesch\u00fctzt, wodurch ein Gro\u00dfteil des Holzes mit \u00d6l impr\u00e4gniert wird (Holz ist in diesem Fall nicht nur oberfl\u00e4chengesch\u00fctzt). Dar\u00fcber hinaus ist Kreosot\u00f6l \u00e4u\u00dferst sch\u00e4dlich f\u00fcr Mensch und Umwelt, daher sollte mit Kreosot\u00f6l gesch\u00fctztes Holz nicht in st\u00e4dtischen Umgebungen, G\u00e4rten usw. verwendet werden. Aufgrund des wachsenden Bewusstseins und der Tendenz, die nat\u00fcrliche Umwelt zu sch\u00fctzen, werden gro\u00dfe Anstrengungen und Ressourcen in die Erforschung und Entwicklung neuer umweltfreundlicherer Alternativen investiert, darunter das Vakuum-Druck-Verfahren des Holzschutzes mit kupferbasierten Pr\u00e4paraten und thermisch modifiziertes Holz.<\/p>\n<p>Um eine hervorragende und vor allem deutlich dauerhaftere Wasserabweisung von der Witterung ausgesetzten Holzoberfl\u00e4chen zu erreichen, empfehlen wir daher die Verwendung von Silvacera\u00ae-Wachs, das nat\u00fcrlichen Ursprungs, nicht gef\u00e4hrlich f\u00fcr Mensch und Natur, sich dauerhaft an Holz bindet und wird nicht aus dem Holz ausgewaschen. Silvacera\u00ae-Wachs verdunkelt auch die Holzoberfl\u00e4che nicht und verringert aufgrund seiner wasserabweisenden Eigenschaft sogar die M\u00f6glichkeit von Rissen.<\/p>\n\t\t<\/div>\n\t\t\t\t\t<\/div>\n\n\t\n<\/div>\n\t\t<\/div>\n\n\t\t\n<style>\n#section_516033615 {\n  padding-top: 90px;\n  padding-bottom: 90px;\n  background-color: rgb(243, 245, 245);\n}\n<\/style>\n\t<\/section>\n\t\n\n\t<section class=\"section\" id=\"section_164577121\">\n\t\t<div class=\"section-bg fill\" >\n\t\t\t\t\t\t\t\t\t\n\t\t\t\n\n\t\t<\/div>\n\n\t\t\n\n\t\t<div class=\"section-content relative\">\n\t\t\t\r\n\r\n<div class=\"row\"  id=\"row-560808259\">\r\n\r\n\n\t<div id=\"col-1767292862\" class=\"col small-12 large-12\"  >\n\t\t\t\t<div class=\"col-inner\"  >\n\t\t\t\n\t\t\t\r\n\r\n<h2 style=\"text-align: center;\"><span style=\"color: #618f7a;\">Vorstellungsvideo<\/span><\/h2>\r\n<div class=\"video video-fit mb box-shadow-3\" style=\"padding-top:50%;\"><p><iframe title=\"Silvaprodukt 70 Jahre - promo video\" width=\"1020\" height=\"574\" src=\"https:\/\/www.youtube.com\/embed\/dmhcyZiVg3s?feature=oembed\" frameborder=\"0\" allow=\"accelerometer; autoplay; clipboard-write; encrypted-media; gyroscope; picture-in-picture\" allowfullscreen><\/iframe><\/p>\n<\/div>\r\n\r\n\r\n\t\t<\/div>\n\t\t\t\t\t<\/div>\n\n\t\r\n\r\n<\/div>\r\n\r\n\t\t<\/div>\n\n\t\t\n<style>\n#section_164577121 {\n  padding-top: 30px;\n  padding-bottom: 30px;\n}\n<\/style>\n\t<\/section>\n\t\n\t<div id=\"gap-783599144\" class=\"gap-element clearfix\" style=\"display:block; height:auto;\">\n\t\t\n<style>\n#gap-783599144 {\n  padding-top: 100px;\n}\n<\/style>\n\t<\/div>\n\t\n","protected":false},"excerpt":{"rendered":"","protected":false},"author":5,"featured_media":4022,"parent":1808,"menu_order":0,"comment_status":"closed","ping_status":"closed","template":"page-blank.php","meta":{"inline_featured_image":false,"footnotes":""},"class_list":["post-2008","page","type-page","status-publish","has-post-thumbnail","hentry"],"acf":[],"_links":{"self":[{"href":"https:\/\/silvaprodukt.si\/de\/wp-json\/wp\/v2\/pages\/2008","targetHints":{"allow":["GET"]}}],"collection":[{"href":"https:\/\/silvaprodukt.si\/de\/wp-json\/wp\/v2\/pages"}],"about":[{"href":"https:\/\/silvaprodukt.si\/de\/wp-json\/wp\/v2\/types\/page"}],"author":[{"embeddable":true,"href":"https:\/\/silvaprodukt.si\/de\/wp-json\/wp\/v2\/users\/5"}],"replies":[{"embeddable":true,"href":"https:\/\/silvaprodukt.si\/de\/wp-json\/wp\/v2\/comments?post=2008"}],"version-history":[{"count":0,"href":"https:\/\/silvaprodukt.si\/de\/wp-json\/wp\/v2\/pages\/2008\/revisions"}],"up":[{"embeddable":true,"href":"https:\/\/silvaprodukt.si\/de\/wp-json\/wp\/v2\/pages\/1808"}],"wp:featuredmedia":[{"embeddable":true,"href":"https:\/\/silvaprodukt.si\/de\/wp-json\/wp\/v2\/media\/4022"}],"wp:attachment":[{"href":"https:\/\/silvaprodukt.si\/de\/wp-json\/wp\/v2\/media?parent=2008"}],"curies":[{"name":"wp","href":"https:\/\/api.w.org\/{rel}","templated":true}]}}