{"id":1808,"date":"2022-08-30T09:46:03","date_gmt":"2022-08-30T07:46:03","guid":{"rendered":"http:\/\/silvaprodukt.si\/dobro-je-vedeti\/"},"modified":"2022-10-21T10:12:58","modified_gmt":"2022-10-21T10:12:58","slug":"es-ist-gut-zu-wissen","status":"publish","type":"page","link":"https:\/\/silvaprodukt.si\/de\/es-ist-gut-zu-wissen\/","title":{"rendered":"Es ist gut zu wissen"},"content":{"rendered":"\n\t<section class=\"section\" id=\"section_2102007456\">\n\t\t<div class=\"section-bg fill\" >\n\t\t\t<img decoding=\"async\" width=\"1200\" height=\"900\" src=\"https:\/\/silvaprodukt.si\/wp-content\/uploads\/2022\/09\/20-Silvacera\u00ae-kapljice-Silvaprodukt.jpg\" class=\"bg attachment- size-\" alt=\"\" \/>\t\t\t\t\t\t<div class=\"section-bg-overlay absolute fill\"><\/div>\n\t\t\t\n\n\t\t<\/div>\n\n\t\t\n\n\t\t<div class=\"section-content relative\">\n\t\t\t\n<div class=\"row\"  id=\"row-769602218\">\n\n\t<div id=\"col-1706385724\" class=\"col small-12 large-12\"  >\n\t\t\t\t<div class=\"col-inner dark\"  >\n\t\t\t\n\t\t\t\n<h1>Es ist gut zu wissen<\/h1>\n\t<div id=\"gap-1618228661\" class=\"gap-element clearfix\" style=\"display:block; height:auto;\">\n\t\t\n<style>\n#gap-1618228661 {\n  padding-top: 30px;\n}\n<\/style>\n\t<\/div>\n\t\n<a href=\"https:\/\/silvaprodukt.si\/de\/ueber-uns\/kontakt\/#kontakt\" class=\"button primary\" >\n\t\t<span>KONTAKT<\/span>\n\t<\/a>\n\n\t\t<\/div>\n\t\t\t\t\t<\/div>\n\n\t\n<\/div>\n\t\t<\/div>\n\n\t\t\n<style>\n#section_2102007456 {\n  padding-top: 90px;\n  padding-bottom: 90px;\n  min-height: 500px;\n}\n#section_2102007456 .section-bg-overlay {\n  background-color: rgba(0, 0, 0, 0.35);\n}\n#section_2102007456 .section-bg img {\n  object-position: 59% 57%;\n}\n<\/style>\n\t<\/section>\n\t\n\n\t<section class=\"section pasica\" id=\"section_1497326329\">\n\t\t<div class=\"section-bg fill\" >\n\t\t\t\t\t\t\t\t\t\n\t\t\t\n\n\t\t<\/div>\n\n\t\t\n\n\t\t<div class=\"section-content relative\">\n\t\t\t\n\n\t<div id=\"gap-1820366508\" class=\"gap-element clearfix\" style=\"display:block; height:auto;\">\n\t\t\n<style>\n#gap-1820366508 {\n  padding-top: 30px;\n}\n<\/style>\n\t<\/div>\n\t\n\n<div class=\"row align-equal\"  id=\"row-1389260583\">\n\n\n\t<div id=\"col-1328457234\" class=\"col medium-6 small-12 large-3\"  >\n\t\t\t\t<div class=\"col-inner dark\"  >\n\t\t\t\n\t\t\t\n\n\n\t\t<div class=\"icon-box featured-box icon-box-left text-left\"  >\n\t\t\t\t\t<div class=\"icon-box-img\" style=\"width: 40px\">\n\t\t\t\t<div class=\"icon\">\n\t\t\t\t\t<div class=\"icon-inner\" >\n\t\t\t\t\t\t<img decoding=\"async\" width=\"200\" height=\"201\" src=\"https:\/\/silvaprodukt.si\/wp-content\/uploads\/2022\/09\/Ikona_Silvaprodukt-02.png\" class=\"attachment-medium size-medium\" alt=\"\" srcset=\"https:\/\/silvaprodukt.si\/wp-content\/uploads\/2022\/09\/Ikona_Silvaprodukt-02.png 200w, https:\/\/silvaprodukt.si\/wp-content\/uploads\/2022\/09\/Ikona_Silvaprodukt-02-100x100.png 100w, https:\/\/silvaprodukt.si\/wp-content\/uploads\/2022\/09\/Ikona_Silvaprodukt-02-150x150.png 150w\" sizes=\"(max-width: 200px) 100vw, 200px\" \/>\t\t\t\t\t<\/div>\n\t\t\t\t<\/div>\n\t\t\t<\/div>\n\t\t\t\t<div class=\"icon-box-text last-reset\">\n\t\t\t\t\t\t\t\t\t\n\n<p><strong>BEWIESEN umweltfreundlich<\/strong><\/p>\n\n\t\t<\/div>\n\t<\/div>\n\t\n\t\n\n\t\t<\/div>\n\t\t\t\t\t<\/div>\n\n\t\n\n\t<div id=\"col-226658934\" class=\"col medium-6 small-12 large-3\"  >\n\t\t\t\t<div class=\"col-inner dark\"  >\n\t\t\t\n\t\t\t\n\n\n\t\t<div class=\"icon-box featured-box icon-box-left text-left\"  >\n\t\t\t\t\t<div class=\"icon-box-img\" style=\"width: 40px\">\n\t\t\t\t<div class=\"icon\">\n\t\t\t\t\t<div class=\"icon-inner\" >\n\t\t\t\t\t\t<img decoding=\"async\" width=\"200\" height=\"201\" src=\"https:\/\/silvaprodukt.si\/wp-content\/uploads\/2022\/09\/Ikona_Silvaprodukt-03.png\" class=\"attachment-medium size-medium\" alt=\"\" srcset=\"https:\/\/silvaprodukt.si\/wp-content\/uploads\/2022\/09\/Ikona_Silvaprodukt-03.png 200w, https:\/\/silvaprodukt.si\/wp-content\/uploads\/2022\/09\/Ikona_Silvaprodukt-03-100x100.png 100w, https:\/\/silvaprodukt.si\/wp-content\/uploads\/2022\/09\/Ikona_Silvaprodukt-03-150x150.png 150w\" sizes=\"(max-width: 200px) 100vw, 200px\" \/>\t\t\t\t\t<\/div>\n\t\t\t\t<\/div>\n\t\t\t<\/div>\n\t\t\t\t<div class=\"icon-box-text last-reset\">\n\t\t\t\t\t\t\t\t\t\n\n<p><strong>Wir versichern eine 3X L\u00c4NGERE Lebensdauer des Holzes<\/strong><\/p>\n\n\n\t\t<\/div>\n\t<\/div>\n\t\n\t\n\n\t\t<\/div>\n\t\t\t\t\t<\/div>\n\n\t\n\n\t<div id=\"col-555954549\" class=\"col medium-6 small-12 large-3\"  >\n\t\t\t\t<div class=\"col-inner dark\"  >\n\t\t\t\n\t\t\t\n\n\n\t\t<div class=\"icon-box featured-box icon-box-left text-left\"  >\n\t\t\t\t\t<div class=\"icon-box-img\" style=\"width: 40px\">\n\t\t\t\t<div class=\"icon\">\n\t\t\t\t\t<div class=\"icon-inner\" >\n\t\t\t\t\t\t<img decoding=\"async\" width=\"200\" height=\"201\" src=\"https:\/\/silvaprodukt.si\/wp-content\/uploads\/2022\/09\/Ikona_Silvaprodukt-04.png\" class=\"attachment-medium size-medium\" alt=\"\" srcset=\"https:\/\/silvaprodukt.si\/wp-content\/uploads\/2022\/09\/Ikona_Silvaprodukt-04.png 200w, https:\/\/silvaprodukt.si\/wp-content\/uploads\/2022\/09\/Ikona_Silvaprodukt-04-100x100.png 100w, https:\/\/silvaprodukt.si\/wp-content\/uploads\/2022\/09\/Ikona_Silvaprodukt-04-150x150.png 150w\" sizes=\"(max-width: 200px) 100vw, 200px\" \/>\t\t\t\t\t<\/div>\n\t\t\t\t<\/div>\n\t\t\t<\/div>\n\t\t\t\t<div class=\"icon-box-text last-reset\">\n\t\t\t\t\t\t\t\t\t\n\n<p><strong>1x und dauerhaft gesch\u00fctzt, OHNE ERNEUERUNG<\/strong><\/p>\n\n\t\t<\/div>\n\t<\/div>\n\t\n\t\n\n\t\t<\/div>\n\t\t\t\t\t<\/div>\n\n\t\n\n\t<div id=\"col-1674849505\" class=\"col medium-6 small-12 large-3\"  >\n\t\t\t\t<div class=\"col-inner dark\"  >\n\t\t\t\n\t\t\t\n\n\n\t\t<div class=\"icon-box featured-box icon-box-left text-left\"  >\n\t\t\t\t\t<div class=\"icon-box-img\" style=\"width: 40px\">\n\t\t\t\t<div class=\"icon\">\n\t\t\t\t\t<div class=\"icon-inner\" >\n\t\t\t\t\t\t<img decoding=\"async\" width=\"200\" height=\"201\" src=\"https:\/\/silvaprodukt.si\/wp-content\/uploads\/2022\/09\/Ikona_Silvaprodukt-01.png\" class=\"attachment-medium size-medium\" alt=\"\" srcset=\"https:\/\/silvaprodukt.si\/wp-content\/uploads\/2022\/09\/Ikona_Silvaprodukt-01.png 200w, https:\/\/silvaprodukt.si\/wp-content\/uploads\/2022\/09\/Ikona_Silvaprodukt-01-100x100.png 100w, https:\/\/silvaprodukt.si\/wp-content\/uploads\/2022\/09\/Ikona_Silvaprodukt-01-150x150.png 150w\" sizes=\"(max-width: 200px) 100vw, 200px\" \/>\t\t\t\t\t<\/div>\n\t\t\t\t<\/div>\n\t\t\t<\/div>\n\t\t\t\t<div class=\"icon-box-text last-reset\">\n\t\t\t\t\t\t\t\t\t\n\n<p><strong>Mehr als zehn Jahre Erfahrung beim Testen von Produkten<\/strong><\/p>\n\n\t\t<\/div>\n\t<\/div>\n\t\n\t\n\n\t\t<\/div>\n\t\t\t\t\t<\/div>\n\n\t\n\n<\/div>\n\n\t\t<\/div>\n\n\t\t\n<style>\n#section_1497326329 {\n  padding-top: 0px;\n  padding-bottom: 0px;\n  background-color: rgb(157, 141, 118);\n}\n<\/style>\n\t<\/section>\n\t\n\n\t<section class=\"section\" id=\"section_1389340599\">\n\t\t<div class=\"section-bg fill\" >\n\t\t\t\t\t\t\t\t\t<div class=\"section-bg-overlay absolute fill\"><\/div>\n\t\t\t\n\n\t\t<\/div>\n\n\t\t\n\n\t\t<div class=\"section-content relative\">\n\t\t\t\n<div class=\"row align-middle\"  id=\"row-963730958\">\n\n\t<div id=\"col-331956623\" class=\"col medium-12 small-12 large-6\"  >\n\t\t\t\t<div class=\"col-inner dark\"  >\n\t\t\t\n\t\t\t\n\t<div class=\"img has-hover x md-x lg-x y md-y lg-y\" id=\"image_452618626\">\n\t\t\t\t\t\t\t\t<div class=\"img-inner dark\" >\n\t\t\t<img decoding=\"async\" width=\"1020\" height=\"419\" src=\"https:\/\/silvaprodukt.si\/wp-content\/uploads\/2022\/09\/top-1024x421.jpg\" class=\"attachment-large size-large\" alt=\"\" srcset=\"https:\/\/silvaprodukt.si\/wp-content\/uploads\/2022\/09\/top-1024x421.jpg 1024w, https:\/\/silvaprodukt.si\/wp-content\/uploads\/2022\/09\/top-510x210.jpg 510w, https:\/\/silvaprodukt.si\/wp-content\/uploads\/2022\/09\/top-300x123.jpg 300w, https:\/\/silvaprodukt.si\/wp-content\/uploads\/2022\/09\/top-768x316.jpg 768w, https:\/\/silvaprodukt.si\/wp-content\/uploads\/2022\/09\/top-1536x631.jpg 1536w, https:\/\/silvaprodukt.si\/wp-content\/uploads\/2022\/09\/top.jpg 1920w\" sizes=\"(max-width: 1020px) 100vw, 1020px\" \/>\t\t\t\t\t\t\n\t\t\t\t\t<\/div>\n\t\t\t\t\t\t\t\t\n<style>\n#image_452618626 {\n  width: 100%;\n}\n<\/style>\n\t<\/div>\n\t\n\t\t<\/div>\n\t\t\t\t\t<\/div>\n\n\t\n\n\t<div id=\"col-1202619534\" class=\"col medium-12 small-12 large-6\"  >\n\t\t\t\t<div class=\"col-inner\"  >\n\t\t\t\n\t\t\t\n<p class=\"nadnaslov\">Zum Holzschutz im Allgemeinen.<\/p>\n<h2>Holzschutz<\/h2>\n<p>Zu einer nachhaltigen Entwicklung geh\u00f6rt auch die intelligente Nutzung von Holz und anderen erneuerbaren Energiequellen. Beim Wachstum von Holz im Wald wird eine gro\u00dfe Menge Kohlendioxid aus der Atmosph\u00e4re gebunden, was zum Klimaschutz beitr\u00e4gt. Eine geeigneter Holzgrundschutz kann die Lebensdauer unserer Holzprodukte und -anlagen erheblich verl\u00e4ngern.<\/p>\n<a href=\"https:\/\/silvaprodukt.si\/de\/es-ist-gut-zu-wissen\/holzschutz\/\" class=\"button primary\" >\n\t\t<span>Mehr lesen<\/span>\n\t<\/a>\n\n\t\t<\/div>\n\t\t\t\t\t<\/div>\n\n\t\n<\/div>\n\t\t<\/div>\n\n\t\t\n<style>\n#section_1389340599 {\n  padding-top: 90px;\n  padding-bottom: 90px;\n}\n#section_1389340599 .section-bg-overlay {\n  background-color: rgb(243, 245, 245);\n}\n<\/style>\n\t<\/section>\n\t\n\n\t<section class=\"section\" id=\"section_1529158913\">\n\t\t<div class=\"section-bg fill\" >\n\t\t\t\t\t\t\t\t\t\n\t\t\t\n\n\t\t<\/div>\n\n\t\t\n\n\t\t<div class=\"section-content relative\">\n\t\t\t\n<div class=\"row align-middle\"  id=\"row-554913225\">\n\n\t<div id=\"col-1743571250\" class=\"col medium-12 small-12 large-6\"  >\n\t\t\t\t<div class=\"col-inner\"  >\n\t\t\t\n\t\t\t\n<p class=\"nadnaslov\">Allgemeine Informationen \u00fcber Holzsch\u00e4dlinge und wie man Holz vor ihnen sch\u00fctzen kann.<\/p>\n<h2>\u00dcber Holzsch\u00e4dlinge<\/h2>\n<p>Das Holz ist ein nat\u00fcrlicher und nachwachsender Rohstoff, der Zersetzungsprozessen unterliegt, wodurch Stoffe in der Natur zirkulieren k\u00f6nnen. Holzf\u00e4ule wird durch unbelebte (abiotische) und lebende (biotische) F\u00e4ulnisfaktoren verursacht. Bei der wirtschaftlichen Nutzung von Holz wollen wir dessen Zersetzung so weit wie m\u00f6glich verlangsamen.<\/p>\n<a href=\"https:\/\/silvaprodukt.si\/de\/es-ist-gut-zu-wissen\/ueber-holzschaedlinge\/\" class=\"button primary\" >\n\t\t<span>Mehr lesen<\/span>\n\t<\/a>\n\n\t\t<\/div>\n\t\t\t\t\t<\/div>\n\n\t\n\n\t<div id=\"col-232275255\" class=\"col medium-12 small-12 large-6\"  >\n\t\t\t\t<div class=\"col-inner dark\"  >\n\t\t\t\n\t\t\t\n\t<div class=\"img has-hover x md-x lg-x y md-y lg-y\" id=\"image_1943379673\">\n\t\t\t\t\t\t\t\t<div class=\"img-inner dark\" >\n\t\t\t<img decoding=\"async\" width=\"661\" height=\"438\" src=\"https:\/\/silvaprodukt.si\/wp-content\/uploads\/2022\/09\/SP-c\u030clanek1.jpeg\" class=\"attachment-large size-large\" alt=\"\" srcset=\"https:\/\/silvaprodukt.si\/wp-content\/uploads\/2022\/09\/SP-c\u030clanek1.jpeg 661w, https:\/\/silvaprodukt.si\/wp-content\/uploads\/2022\/09\/SP-c\u030clanek1-510x338.jpeg 510w, https:\/\/silvaprodukt.si\/wp-content\/uploads\/2022\/09\/SP-c\u030clanek1-300x199.jpeg 300w\" sizes=\"(max-width: 661px) 100vw, 661px\" \/>\t\t\t\t\t\t\n\t\t\t\t\t<\/div>\n\t\t\t\t\t\t\t\t\n<style>\n#image_1943379673 {\n  width: 100%;\n}\n<\/style>\n\t<\/div>\n\t\n\t\t<\/div>\n\t\t\t\t\t<\/div>\n\n\t\n<\/div>\n\t\t<\/div>\n\n\t\t\n<style>\n#section_1529158913 {\n  padding-top: 90px;\n  padding-bottom: 90px;\n}\n<\/style>\n\t<\/section>\n\t\n\n\t<section class=\"section\" id=\"section_1376687593\">\n\t\t<div class=\"section-bg fill\" >\n\t\t\t\t\t\t\t\t\t<div class=\"section-bg-overlay absolute fill\"><\/div>\n\t\t\t\n\n\t\t<\/div>\n\n\t\t\n\n\t\t<div class=\"section-content relative\">\n\t\t\t\n<div class=\"row align-middle\"  id=\"row-1600240135\">\n\n\t<div id=\"col-1950523516\" class=\"col medium-12 small-12 large-6\"  >\n\t\t\t\t<div class=\"col-inner dark\"  >\n\t\t\t\n\t\t\t\n\t<div class=\"img has-hover x md-x lg-x y md-y lg-y\" id=\"image_1172833997\">\n\t\t\t\t\t\t\t\t<div class=\"img-inner dark\" >\n\t\t\t<img decoding=\"async\" width=\"525\" height=\"299\" src=\"https:\/\/silvaprodukt.si\/wp-content\/uploads\/2022\/09\/His\u030cni-kozlic\u030cek-pos\u030ckodbe.jpg\" class=\"attachment-large size-large\" alt=\"\" srcset=\"https:\/\/silvaprodukt.si\/wp-content\/uploads\/2022\/09\/His\u030cni-kozlic\u030cek-pos\u030ckodbe.jpg 525w, https:\/\/silvaprodukt.si\/wp-content\/uploads\/2022\/09\/His\u030cni-kozlic\u030cek-pos\u030ckodbe-510x290.jpg 510w, https:\/\/silvaprodukt.si\/wp-content\/uploads\/2022\/09\/His\u030cni-kozlic\u030cek-pos\u030ckodbe-300x171.jpg 300w\" sizes=\"(max-width: 525px) 100vw, 525px\" \/>\t\t\t\t\t\t\n\t\t\t\t\t<\/div>\n\t\t\t\t\t\t\t\t\n<style>\n#image_1172833997 {\n  width: 100%;\n}\n<\/style>\n\t<\/div>\n\t\n\t\t<\/div>\n\t\t\t\t\t<\/div>\n\n\t\n\n\t<div id=\"col-991282533\" class=\"col medium-12 small-12 large-6\"  >\n\t\t\t\t<div class=\"col-inner\"  >\n\t\t\t\n\t\t\t\n<p class=\"nadnaslov\">\u201cHolzwurm\u201d\n<\/p>\n<h2>\u201cHolzwurm\u201d<\/h2>\n<p>Holzinsekten k\u00f6nnen wachsende B\u00e4ume, gelagertes Holz und bereits verwendetes eingebautes Holz angreifen. Den Angriff auf eingebautem Bauholz (Dachkonstruktionen, Fenster und T\u00fcren, Holzauskleidung, Bodenbel\u00e4ge usw.) erkennen wir aufgrund von typischen lochartigen Sch\u00e4den auf der Holzoberfl\u00e4che, dem Klang nach, der w\u00e4hrend des Bohrens von Tunneln bzw. Holzg\u00e4ngen entsteht, sowohl als auch durch Wurm- Holzmehl, das unter den angegriffenen Holzteilen entsteht.<\/p>\n<a href=\"https:\/\/silvaprodukt.si\/de\/es-ist-gut-zu-wissen\/holzwurm\/\" class=\"button primary\" >\n\t\t<span>Mehr lesen<\/span>\n\t<\/a>\n\n\t\t<\/div>\n\t\t\t\t\t<\/div>\n\n\t\n<\/div>\n\t\t<\/div>\n\n\t\t\n<style>\n#section_1376687593 {\n  padding-top: 90px;\n  padding-bottom: 90px;\n}\n#section_1376687593 .section-bg-overlay {\n  background-color: rgb(243, 245, 245);\n}\n<\/style>\n\t<\/section>\n\t\n\n\t<section class=\"section\" id=\"section_872667345\">\n\t\t<div class=\"section-bg fill\" >\n\t\t\t\t\t\t\t\t\t<div class=\"section-bg-overlay absolute fill\"><\/div>\n\t\t\t\n\n\t\t<\/div>\n\n\t\t\n\n\t\t<div class=\"section-content relative\">\n\t\t\t\n<div class=\"row align-middle\"  id=\"row-2047971606\">\n\n\t<div id=\"col-60523760\" class=\"col medium-12 small-12 large-6\"  >\n\t\t\t\t<div class=\"col-inner\"  >\n\t\t\t\n\t\t\t\n<p class=\"nadnaslov\">Antworten auf zwei sehr h\u00e4ufig gestellte Fragen.<\/p>\n<h2>Wie sch\u00fctzt man Holz?<\/h2>\n<p>Bei der Planung eines f\u00fcr die Verwendung im Au\u00dfenbereich bestimmten Holzprodukts oder -objekts muss sichergestellt werden, dass das Holz entsprechend vor Niederschl\u00e4gen gesch\u00fctzt ist und dass das Wasser nach den Niederschl\u00e4gen schnellstm\u00f6glich abflie\u00dft. Stellen, die nie oder nur schwer trocknen (z. B. zwischen den Ber\u00fchrungsfl\u00e4chen von Holzelementen), stellen die gr\u00f6\u00dfte Gefahr f\u00fcr einen Pilzbefall und das daraus resultierende Vermorschen von Holz dar.<\/p>\n<a href=\"https:\/\/silvaprodukt.si\/de\/es-ist-gut-zu-wissen\/wie-schuetzt-man-holz\/\" class=\"button primary\" >\n\t\t<span>Mehr lesen<\/span>\n\t<\/a>\n\n\t\t<\/div>\n\t\t\t\t\t<\/div>\n\n\t\n\n\t<div id=\"col-1561705552\" class=\"col medium-12 small-12 large-6\"  >\n\t\t\t\t<div class=\"col-inner dark\"  >\n\t\t\t\n\t\t\t\n\t<div class=\"img has-hover x md-x lg-x y md-y lg-y\" id=\"image_1346269227\">\n\t\t\t\t\t\t\t\t<div class=\"img-inner dark\" >\n\t\t\t<img decoding=\"async\" width=\"661\" height=\"438\" src=\"https:\/\/silvaprodukt.si\/wp-content\/uploads\/2022\/09\/SP-c\u030clanek1.jpeg\" class=\"attachment-large size-large\" alt=\"\" srcset=\"https:\/\/silvaprodukt.si\/wp-content\/uploads\/2022\/09\/SP-c\u030clanek1.jpeg 661w, https:\/\/silvaprodukt.si\/wp-content\/uploads\/2022\/09\/SP-c\u030clanek1-510x338.jpeg 510w, https:\/\/silvaprodukt.si\/wp-content\/uploads\/2022\/09\/SP-c\u030clanek1-300x199.jpeg 300w\" sizes=\"(max-width: 661px) 100vw, 661px\" \/>\t\t\t\t\t\t\n\t\t\t\t\t<\/div>\n\t\t\t\t\t\t\t\t\n<style>\n#image_1346269227 {\n  width: 100%;\n}\n<\/style>\n\t<\/div>\n\t\n\t\t<\/div>\n\t\t\t\t\t<\/div>\n\n\t\n<\/div>\n\t\t<\/div>\n\n\t\t\n<style>\n#section_872667345 {\n  padding-top: 90px;\n  padding-bottom: 90px;\n}\n#section_872667345 .section-bg-overlay {\n  background-color: rgb(255, 255, 255);\n}\n<\/style>\n\t<\/section>\n\t\n\n\t<section class=\"section\" id=\"section_645283936\">\n\t\t<div class=\"section-bg fill\" >\n\t\t\t\t\t\t\t\t\t<div class=\"section-bg-overlay absolute fill\"><\/div>\n\t\t\t\n\n\t\t<\/div>\n\n\t\t\n\n\t\t<div class=\"section-content relative\">\n\t\t\t\n<div class=\"row align-middle\"  id=\"row-1974211420\">\n\n\t<div id=\"col-554371010\" class=\"col medium-12 small-12 large-6\"  >\n\t\t\t\t<div class=\"col-inner dark\"  >\n\t\t\t\n\t\t\t\n\t<div class=\"img has-hover x md-x lg-x y md-y lg-y\" id=\"image_1548561732\">\n\t\t\t\t\t\t\t\t<div class=\"img-inner dark\" >\n\t\t\t<img decoding=\"async\" width=\"1020\" height=\"765\" src=\"https:\/\/silvaprodukt.si\/wp-content\/uploads\/2022\/09\/arboretum-rjava-t-feb-2008-2a-1024x768.jpeg\" class=\"attachment-large size-large\" alt=\"\" srcset=\"https:\/\/silvaprodukt.si\/wp-content\/uploads\/2022\/09\/arboretum-rjava-t-feb-2008-2a-1024x768.jpeg 1024w, https:\/\/silvaprodukt.si\/wp-content\/uploads\/2022\/09\/arboretum-rjava-t-feb-2008-2a-510x383.jpeg 510w, https:\/\/silvaprodukt.si\/wp-content\/uploads\/2022\/09\/arboretum-rjava-t-feb-2008-2a-300x225.jpeg 300w, https:\/\/silvaprodukt.si\/wp-content\/uploads\/2022\/09\/arboretum-rjava-t-feb-2008-2a-768x576.jpeg 768w, https:\/\/silvaprodukt.si\/wp-content\/uploads\/2022\/09\/arboretum-rjava-t-feb-2008-2a.jpeg 1037w\" sizes=\"(max-width: 1020px) 100vw, 1020px\" \/>\t\t\t\t\t\t\n\t\t\t\t\t<\/div>\n\t\t\t\t\t\t\t\t\n<style>\n#image_1548561732 {\n  width: 100%;\n}\n<\/style>\n\t<\/div>\n\t\n\t\t<\/div>\n\t\t\t\t\t<\/div>\n\n\t\n\n\t<div id=\"col-50560728\" class=\"col medium-12 small-12 large-6\"  >\n\t\t\t\t<div class=\"col-inner\"  >\n\t\t\t\n\t\t\t\n<p class=\"nadnaslov\">L\u00f6sungen zum Schutz von Holz, das Feuchtigkeit und Witterungseinfl\u00fcssen ausgesetzt ist.\n<\/p>\n<h2>Herausforderungen und L\u00f6sungen im Holzschutz<\/h2>\n<p>Die klimatischen Bedingungen im gr\u00f6\u00dften Teil Sloweniens sind auf europ\u00e4ischer Ebene die ung\u00fcnstigsten f\u00fcr die Verwendung von Holz im Au\u00dfenbereich. Eine hohe Menge an Niederschl\u00e4gen, hohe Luftfeuchtigkeit und m\u00e4\u00dfige Temperaturen erm\u00f6glichen die Entwicklung und die T\u00e4tigkeit von Schimmel, Schimmelpilzsporen und anderen Sch\u00e4dlingen, die ausgepr\u00e4gte Verf\u00e4rbungen (ungleichm\u00e4\u00dfige dunkle Verf\u00e4rbung) von Holzelementen und ihren relativ schnellen Verfall, verursachen.<\/p>\n<a href=\"https:\/\/silvaprodukt.si\/de\/es-ist-gut-zu-wissen\/herausforderungen-und-loesungen-im-holzschutz\/\" class=\"button primary\" >\n\t\t<span>Mehr lesen<\/span>\n\t<\/a>\n\n\t\t<\/div>\n\t\t\t\t\t<\/div>\n\n\t\n<\/div>\n\t\t<\/div>\n\n\t\t\n<style>\n#section_645283936 {\n  padding-top: 90px;\n  padding-bottom: 90px;\n}\n#section_645283936 .section-bg-overlay {\n  background-color: rgb(243, 245, 245);\n}\n<\/style>\n\t<\/section>\n\t\n\n\t<section class=\"section\" id=\"section_544365483\">\n\t\t<div class=\"section-bg fill\" >\n\t\t\t\t\t\t\t\t\t\n\t\t\t\n\n\t\t<\/div>\n\n\t\t\n\n\t\t<div class=\"section-content relative\">\n\t\t\t\r\n\r\n<div class=\"row\"  id=\"row-335713535\">\r\n\r\n\n\t<div id=\"col-698508060\" class=\"col small-12 large-12\"  >\n\t\t\t\t<div class=\"col-inner\"  >\n\t\t\t\n\t\t\t\r\n\r\n<h2 style=\"text-align: center;\"><span style=\"color: #618f7a;\">Vorstellungsvideo<\/span><\/h2>\r\n<div class=\"video video-fit mb box-shadow-3\" style=\"padding-top:50%;\"><p><iframe title=\"Silvaprodukt 70 Jahre - promo video\" width=\"1020\" height=\"574\" src=\"https:\/\/www.youtube.com\/embed\/dmhcyZiVg3s?feature=oembed\" frameborder=\"0\" allow=\"accelerometer; autoplay; clipboard-write; encrypted-media; gyroscope; picture-in-picture\" allowfullscreen><\/iframe><\/p>\n<\/div>\r\n\r\n\r\n\t\t<\/div>\n\t\t\t\t\t<\/div>\n\n\t\r\n\r\n<\/div>\r\n\r\n\t\t<\/div>\n\n\t\t\n<style>\n#section_544365483 {\n  padding-top: 30px;\n  padding-bottom: 30px;\n}\n<\/style>\n\t<\/section>\n\t\n\t<div id=\"gap-751791611\" class=\"gap-element clearfix\" style=\"display:block; height:auto;\">\n\t\t\n<style>\n#gap-751791611 {\n  padding-top: 100px;\n}\n<\/style>\n\t<\/div>\n\t\n","protected":false},"excerpt":{"rendered":"","protected":false},"author":5,"featured_media":4022,"parent":0,"menu_order":0,"comment_status":"closed","ping_status":"closed","template":"page-blank.php","meta":{"inline_featured_image":false,"footnotes":""},"class_list":["post-1808","page","type-page","status-publish","has-post-thumbnail","hentry"],"acf":[],"_links":{"self":[{"href":"https:\/\/silvaprodukt.si\/de\/wp-json\/wp\/v2\/pages\/1808","targetHints":{"allow":["GET"]}}],"collection":[{"href":"https:\/\/silvaprodukt.si\/de\/wp-json\/wp\/v2\/pages"}],"about":[{"href":"https:\/\/silvaprodukt.si\/de\/wp-json\/wp\/v2\/types\/page"}],"author":[{"embeddable":true,"href":"https:\/\/silvaprodukt.si\/de\/wp-json\/wp\/v2\/users\/5"}],"replies":[{"embeddable":true,"href":"https:\/\/silvaprodukt.si\/de\/wp-json\/wp\/v2\/comments?post=1808"}],"version-history":[{"count":0,"href":"https:\/\/silvaprodukt.si\/de\/wp-json\/wp\/v2\/pages\/1808\/revisions"}],"wp:featuredmedia":[{"embeddable":true,"href":"https:\/\/silvaprodukt.si\/de\/wp-json\/wp\/v2\/media\/4022"}],"wp:attachment":[{"href":"https:\/\/silvaprodukt.si\/de\/wp-json\/wp\/v2\/media?parent=1808"}],"curies":[{"name":"wp","href":"https:\/\/api.w.org\/{rel}","templated":true}]}}