{"id":1758,"date":"2022-09-01T07:39:48","date_gmt":"2022-09-01T07:39:48","guid":{"rendered":"http:\/\/silvaprodukt.si\/o-nas\/vizija-poslanstvo-vrednote\/"},"modified":"2022-10-11T12:28:42","modified_gmt":"2022-10-11T12:28:42","slug":"vision-mission-werte","status":"publish","type":"page","link":"https:\/\/silvaprodukt.si\/de\/ueber-uns\/vision-mission-werte\/","title":{"rendered":"Vision, mission, werte"},"content":{"rendered":"\n\t<section class=\"section\" id=\"section_773457781\">\n\t\t<div class=\"section-bg fill\" >\n\t\t\t<img decoding=\"async\" width=\"1600\" height=\"670\" src=\"https:\/\/silvaprodukt.si\/wp-content\/uploads\/2022\/09\/jasna_2.jpg\" class=\"bg attachment- size-\" alt=\"\" \/>\t\t\t\t\t\t<div class=\"section-bg-overlay absolute fill\"><\/div>\n\t\t\t\n\n\t\t<\/div>\n\n\t\t\n\n\t\t<div class=\"section-content relative\">\n\t\t\t\n<div class=\"row\"  id=\"row-71204289\">\n\n\t<div id=\"col-1114280669\" class=\"col small-12 large-12\"  >\n\t\t\t\t<div class=\"col-inner dark\"  >\n\t\t\t\n\t\t\t\n<h1>Vision, mission, werte<\/h1>\n\t<div id=\"gap-1725221072\" class=\"gap-element clearfix\" style=\"display:block; height:auto;\">\n\t\t\n<style>\n#gap-1725221072 {\n  padding-top: 10px;\n}\n<\/style>\n\t<\/div>\n\t\n<a href=\"https:\/\/silvaprodukt.si\/de\/ueber-uns\/kontakt\/#kontakt\" class=\"button primary\" >\n\t\t<span>KONTAKT<\/span>\n\t<\/a>\n\n\t\t<\/div>\n\t\t\t\t\t<\/div>\n\n\t\n<\/div>\n\t\t<\/div>\n\n\t\t\n<style>\n#section_773457781 {\n  padding-top: 90px;\n  padding-bottom: 90px;\n  min-height: 500px;\n}\n#section_773457781 .section-bg-overlay {\n  background-color: rgba(0, 0, 0, 0.55);\n}\n#section_773457781 .section-bg img {\n  object-position: 45% 100%;\n}\n<\/style>\n\t<\/section>\n\t\n\n\t<section class=\"section pasica\" id=\"section_576398139\">\n\t\t<div class=\"section-bg fill\" >\n\t\t\t\t\t\t\t\t\t\n\t\t\t\n\n\t\t<\/div>\n\n\t\t\n\n\t\t<div class=\"section-content relative\">\n\t\t\t\n\n\t<div id=\"gap-884441597\" class=\"gap-element clearfix\" style=\"display:block; height:auto;\">\n\t\t\n<style>\n#gap-884441597 {\n  padding-top: 30px;\n}\n<\/style>\n\t<\/div>\n\t\n\n<div class=\"row align-equal\"  id=\"row-766819975\">\n\n\n\t<div id=\"col-727349617\" class=\"col medium-6 small-12 large-3\"  >\n\t\t\t\t<div class=\"col-inner dark\"  >\n\t\t\t\n\t\t\t\n\n\n\t\t<div class=\"icon-box featured-box icon-box-left text-left\"  >\n\t\t\t\t\t<div class=\"icon-box-img\" style=\"width: 40px\">\n\t\t\t\t<div class=\"icon\">\n\t\t\t\t\t<div class=\"icon-inner\" >\n\t\t\t\t\t\t<img decoding=\"async\" width=\"200\" height=\"201\" src=\"https:\/\/silvaprodukt.si\/wp-content\/uploads\/2022\/09\/Ikona_Silvaprodukt-02.png\" class=\"attachment-medium size-medium\" alt=\"\" srcset=\"https:\/\/silvaprodukt.si\/wp-content\/uploads\/2022\/09\/Ikona_Silvaprodukt-02.png 200w, https:\/\/silvaprodukt.si\/wp-content\/uploads\/2022\/09\/Ikona_Silvaprodukt-02-100x100.png 100w, https:\/\/silvaprodukt.si\/wp-content\/uploads\/2022\/09\/Ikona_Silvaprodukt-02-150x150.png 150w\" sizes=\"(max-width: 200px) 100vw, 200px\" \/>\t\t\t\t\t<\/div>\n\t\t\t\t<\/div>\n\t\t\t<\/div>\n\t\t\t\t<div class=\"icon-box-text last-reset\">\n\t\t\t\t\t\t\t\t\t\n\n<p><strong>BEWIESEN umweltfreundlich<\/strong><\/p>\n\n\t\t<\/div>\n\t<\/div>\n\t\n\t\n\n\t\t<\/div>\n\t\t\t\t\t<\/div>\n\n\t\n\n\t<div id=\"col-1948681953\" class=\"col medium-6 small-12 large-3\"  >\n\t\t\t\t<div class=\"col-inner dark\"  >\n\t\t\t\n\t\t\t\n\n\n\t\t<div class=\"icon-box featured-box icon-box-left text-left\"  >\n\t\t\t\t\t<div class=\"icon-box-img\" style=\"width: 40px\">\n\t\t\t\t<div class=\"icon\">\n\t\t\t\t\t<div class=\"icon-inner\" >\n\t\t\t\t\t\t<img decoding=\"async\" width=\"200\" height=\"201\" src=\"https:\/\/silvaprodukt.si\/wp-content\/uploads\/2022\/09\/Ikona_Silvaprodukt-03.png\" class=\"attachment-medium size-medium\" alt=\"\" srcset=\"https:\/\/silvaprodukt.si\/wp-content\/uploads\/2022\/09\/Ikona_Silvaprodukt-03.png 200w, https:\/\/silvaprodukt.si\/wp-content\/uploads\/2022\/09\/Ikona_Silvaprodukt-03-100x100.png 100w, https:\/\/silvaprodukt.si\/wp-content\/uploads\/2022\/09\/Ikona_Silvaprodukt-03-150x150.png 150w\" sizes=\"(max-width: 200px) 100vw, 200px\" \/>\t\t\t\t\t<\/div>\n\t\t\t\t<\/div>\n\t\t\t<\/div>\n\t\t\t\t<div class=\"icon-box-text last-reset\">\n\t\t\t\t\t\t\t\t\t\n\n<p><strong>Wir versichern eine 3X L\u00c4NGERE Lebensdauer des Holzes<\/strong><\/p>\n\n\n\t\t<\/div>\n\t<\/div>\n\t\n\t\n\n\t\t<\/div>\n\t\t\t\t\t<\/div>\n\n\t\n\n\t<div id=\"col-1306721967\" class=\"col medium-6 small-12 large-3\"  >\n\t\t\t\t<div class=\"col-inner dark\"  >\n\t\t\t\n\t\t\t\n\n\n\t\t<div class=\"icon-box featured-box icon-box-left text-left\"  >\n\t\t\t\t\t<div class=\"icon-box-img\" style=\"width: 40px\">\n\t\t\t\t<div class=\"icon\">\n\t\t\t\t\t<div class=\"icon-inner\" >\n\t\t\t\t\t\t<img decoding=\"async\" width=\"200\" height=\"201\" src=\"https:\/\/silvaprodukt.si\/wp-content\/uploads\/2022\/09\/Ikona_Silvaprodukt-04.png\" class=\"attachment-medium size-medium\" alt=\"\" srcset=\"https:\/\/silvaprodukt.si\/wp-content\/uploads\/2022\/09\/Ikona_Silvaprodukt-04.png 200w, https:\/\/silvaprodukt.si\/wp-content\/uploads\/2022\/09\/Ikona_Silvaprodukt-04-100x100.png 100w, https:\/\/silvaprodukt.si\/wp-content\/uploads\/2022\/09\/Ikona_Silvaprodukt-04-150x150.png 150w\" sizes=\"(max-width: 200px) 100vw, 200px\" \/>\t\t\t\t\t<\/div>\n\t\t\t\t<\/div>\n\t\t\t<\/div>\n\t\t\t\t<div class=\"icon-box-text last-reset\">\n\t\t\t\t\t\t\t\t\t\n\n<p><strong>1x und dauerhaft gesch\u00fctzt, OHNE ERNEUERUNG<\/strong><\/p>\n\n\t\t<\/div>\n\t<\/div>\n\t\n\t\n\n\t\t<\/div>\n\t\t\t\t\t<\/div>\n\n\t\n\n\t<div id=\"col-934766470\" class=\"col medium-6 small-12 large-3\"  >\n\t\t\t\t<div class=\"col-inner dark\"  >\n\t\t\t\n\t\t\t\n\n\n\t\t<div class=\"icon-box featured-box icon-box-left text-left\"  >\n\t\t\t\t\t<div class=\"icon-box-img\" style=\"width: 40px\">\n\t\t\t\t<div class=\"icon\">\n\t\t\t\t\t<div class=\"icon-inner\" >\n\t\t\t\t\t\t<img decoding=\"async\" width=\"200\" height=\"201\" src=\"https:\/\/silvaprodukt.si\/wp-content\/uploads\/2022\/09\/Ikona_Silvaprodukt-01.png\" class=\"attachment-medium size-medium\" alt=\"\" srcset=\"https:\/\/silvaprodukt.si\/wp-content\/uploads\/2022\/09\/Ikona_Silvaprodukt-01.png 200w, https:\/\/silvaprodukt.si\/wp-content\/uploads\/2022\/09\/Ikona_Silvaprodukt-01-100x100.png 100w, https:\/\/silvaprodukt.si\/wp-content\/uploads\/2022\/09\/Ikona_Silvaprodukt-01-150x150.png 150w\" sizes=\"(max-width: 200px) 100vw, 200px\" \/>\t\t\t\t\t<\/div>\n\t\t\t\t<\/div>\n\t\t\t<\/div>\n\t\t\t\t<div class=\"icon-box-text last-reset\">\n\t\t\t\t\t\t\t\t\t\n\n<p><strong>Mehr als zehn Jahre Erfahrung beim Testen von Produkten<\/strong><\/p>\n\n\t\t<\/div>\n\t<\/div>\n\t\n\t\n\n\t\t<\/div>\n\t\t\t\t\t<\/div>\n\n\t\n\n<\/div>\n\n\t\t<\/div>\n\n\t\t\n<style>\n#section_576398139 {\n  padding-top: 0px;\n  padding-bottom: 0px;\n  background-color: rgb(157, 141, 118);\n}\n<\/style>\n\t<\/section>\n\t\n\n\t<section class=\"section\" id=\"section_280504548\">\n\t\t<div class=\"section-bg fill\" >\n\t\t\t\t\t\t\t\t\t\n\t\t\t\n\n\t\t<\/div>\n\n\t\t\n\n\t\t<div class=\"section-content relative\">\n\t\t\t\n<div class=\"row\"  id=\"row-301535892\">\n\n\t<div id=\"col-265891424\" class=\"col small-12 large-12\"  >\n\t\t\t\t<div class=\"col-inner\"  >\n\t\t\t\n\t\t\t\n<h2>Vision<\/h2>\n<p>Entwicklung und Bereitstellung von umweltfreundlichen und effizienten L\u00f6sungen f\u00fcr den langfristigen und hochwertigen Schutz von Holz unter Ber\u00fccksichtigung der Prinzipien der Dauerhaftigkeit und Nachhaltigkeit. Unser Ziel ist es, ein erkennbares ZENTRUM F\u00dcR HOLZSCHUTZ in Slowenien und den angrenzenden EU-L\u00e4ndern zu werden.<\/p>\n\t\t<\/div>\n\t\t\t\t\t<\/div>\n\n\t\n<\/div>\n<div class=\"row\"  id=\"row-1516200623\">\n\n\t<div id=\"col-497151927\" class=\"col small-12 large-12\"  >\n\t\t\t\t<div class=\"col-inner\"  >\n\t\t\t\n\t\t\t\n<h2>Mission<\/h2>\n<p>Silvaprodukt ist ein sozial verantwortliches Unternehmen.<\/p>\n<p>Hohe Professionalit\u00e4t, Wissen und 70 Jahre Erfahrung erm\u00f6glichen es uns, auf dem Gebiet des Holzschutzes zu produzieren, zu beraten und auszubilden sowie unseren Kunden und Gesch\u00e4ftspartnern hochwertige L\u00f6sungen zum Schutz aller Holzarten unabh\u00e4ngig vom Verwendungszweck anzubieten.<\/p>\n<p>Wir f\u00f6rdern und sensibilisieren die Zweckm\u00e4\u00dfigkeit der Verwendung von Holz und Holzprodukten und die Bedeutung ihres Qualit\u00e4tsschutzes f\u00fcr eine lange Lebensdauer.<\/p>\n<p>Durch verschiedene Ma\u00dfnahmen und Anreize schaffen wir eine positive Unternehmenskultur und -atmosph\u00e4re und bieten so unseren Mitarbeitern ein kreatives und angenehmes Arbeitsumfeld in einer entwicklungsorientierten Gesellschaft.<\/p>\n\t\t<\/div>\n\t\t\t\t\t<\/div>\n\n\t\n<\/div>\n<div class=\"row\"  id=\"row-1385394290\">\n\n\t<div id=\"col-1329307149\" class=\"col small-12 large-12\"  >\n\t\t\t\t<div class=\"col-inner\"  >\n\t\t\t\n\t\t\t\n<h2>Werte<\/h2>\n<p><strong>Fachkompetenz:<\/strong>: Wir bem\u00fchen uns um die Zufriedenheit unserer Benutzer, daher ist die Fachkompetenz unserer Arbeit \u00e4u\u00dferst wichtig. Wir sch\u00f6pfen Fachkompetenz aus unserer Erfahrung, unserem Wissen und unseren Verbindungen. Wir sind stets bestrebt, unsere Arbeit qualitativ, effizient, gewissenhaft, verantwortungsbewusst und termingerecht \u2013 professionell \u2013 auszuf\u00fchren.<\/p>\n<p><strong>Verantwortung und Respekt:<\/strong>: Wir zeigen Verantwortung gegen\u00fcber unserer Arbeit, dem Unternehmen und allen, mit denen wir bei unserer Arbeit in Kontakt kommen. Wir gehen sorgsam und umsichtig mit dem Eigentum und dem guten Namen des Unternehmens um und sind uns gleichzeitig dar\u00fcber bewusst, dass uns die Interessengruppen, mit denen wir bei unserer Arbeit zusammenarbeiten, vertrauen und nehmen dieses Vertrauen \u00e4u\u00dferst verantwortungsvoll entgegen. Wir respektieren jeden Einzelnen und behandeln jeden so, wie wir uns w\u00fcnschen, dass sich andere uns gegen\u00fcber verhalten.<\/p>\n<p><strong>Kreativit\u00e4t und Innovation<\/strong>: Wir stellen uns t\u00e4glich Herausforderungen, deshalb sind wir immer kreativ, um die Bed\u00fcrfnisse und W\u00fcnsche unserer Kunden qualitativ und professionell zu erf\u00fcllen. Unsere Kreativit\u00e4t f\u00fchrt auch zu Innovationen, die wir in verschiedenen internationalen Projekten und durch die Zusammenarbeit mit Wissensinstituten in Slowenien und der Welt pflegen und umsetzen.<\/p>\n<p><strong>Zusammenarbeit<\/strong>: Weil wir gemeinsam mehr erreichen k\u00f6nnen und weil Zusammenarbeit bessere Ergebnisse bringt, f\u00f6rdern wir den Beitrag des Einzelnen zu gemeinsamen Zielen, denn wir sind gemeinsam Teil des gleichen Teams und nur so k\u00f6nnen wir die angestrebten Ziele erreichen.<\/p>\n<p><strong>Zugeh\u00f6rigkeit<\/strong>: Verbundenheit, aufrichtige und offene Beziehungen, freundliche Atmosph\u00e4re, respektvolle Kommunikation, Hilfsbereitschaft, gegenseitiges Verst\u00e4ndnis und Vertrauen \u2026 Wir als Mitarbeiter auf allen Ebenen der T\u00e4tigkeit betrachten das Unternehmen als das eigene und so arbeiten wir auch \u2013 als Gro\u00dffamilie. Wir sind stolz darauf, Teil von Silvaprodukt zu sein!<\/p>\n\t\t<\/div>\n\t\t\t\t\t<\/div>\n\n\t\n<\/div>\n\t\t<\/div>\n\n\t\t\n<style>\n#section_280504548 {\n  padding-top: 90px;\n  padding-bottom: 90px;\n}\n<\/style>\n\t<\/section>\n\t\n\t<div id=\"gap-1192809510\" class=\"gap-element clearfix\" style=\"display:block; height:auto;\">\n\t\t\n<style>\n#gap-1192809510 {\n  padding-top: 30px;\n}\n<\/style>\n\t<\/div>\n\t\n","protected":false},"excerpt":{"rendered":"","protected":false},"author":5,"featured_media":4022,"parent":1483,"menu_order":0,"comment_status":"closed","ping_status":"closed","template":"page-blank.php","meta":{"inline_featured_image":false,"footnotes":""},"class_list":["post-1758","page","type-page","status-publish","has-post-thumbnail","hentry"],"acf":[],"_links":{"self":[{"href":"https:\/\/silvaprodukt.si\/de\/wp-json\/wp\/v2\/pages\/1758","targetHints":{"allow":["GET"]}}],"collection":[{"href":"https:\/\/silvaprodukt.si\/de\/wp-json\/wp\/v2\/pages"}],"about":[{"href":"https:\/\/silvaprodukt.si\/de\/wp-json\/wp\/v2\/types\/page"}],"author":[{"embeddable":true,"href":"https:\/\/silvaprodukt.si\/de\/wp-json\/wp\/v2\/users\/5"}],"replies":[{"embeddable":true,"href":"https:\/\/silvaprodukt.si\/de\/wp-json\/wp\/v2\/comments?post=1758"}],"version-history":[{"count":0,"href":"https:\/\/silvaprodukt.si\/de\/wp-json\/wp\/v2\/pages\/1758\/revisions"}],"up":[{"embeddable":true,"href":"https:\/\/silvaprodukt.si\/de\/wp-json\/wp\/v2\/pages\/1483"}],"wp:featuredmedia":[{"embeddable":true,"href":"https:\/\/silvaprodukt.si\/de\/wp-json\/wp\/v2\/media\/4022"}],"wp:attachment":[{"href":"https:\/\/silvaprodukt.si\/de\/wp-json\/wp\/v2\/media?parent=1758"}],"curies":[{"name":"wp","href":"https:\/\/api.w.org\/{rel}","templated":true}]}}