{"id":1483,"date":"2022-08-30T09:46:15","date_gmt":"2022-08-30T07:46:15","guid":{"rendered":"http:\/\/silvaprodukt.si\/o-nas\/"},"modified":"2022-10-26T07:22:34","modified_gmt":"2022-10-26T07:22:34","slug":"ueber-uns","status":"publish","type":"page","link":"https:\/\/silvaprodukt.si\/de\/ueber-uns\/","title":{"rendered":"\u00dcber uns"},"content":{"rendered":"\n\t<section class=\"section\" id=\"section_10592069\">\n\t\t<div class=\"section-bg fill\" >\n\t\t\t<img decoding=\"async\" width=\"800\" height=\"442\" src=\"https:\/\/silvaprodukt.si\/wp-content\/uploads\/2022\/09\/98_547_big.jpeg\" class=\"bg attachment- size-\" alt=\"\" \/>\t\t\t\t\t\t<div class=\"section-bg-overlay absolute fill\"><\/div>\n\t\t\t\n\n\t\t<\/div>\n\n\t\t\n\n\t\t<div class=\"section-content relative\">\n\t\t\t\n<div class=\"row\"  id=\"row-407386038\">\n\n\t<div id=\"col-1388626683\" class=\"col small-12 large-12\"  >\n\t\t\t\t<div class=\"col-inner dark\"  >\n\t\t\t\n\t\t\t\n<p class=\"nadnaslov\">Silvaprodukt ist seit 70 Jahren ein echter Partner im Bereich Holzschutz.<\/p>\n<h1>Silvaprodukt und Holzschutz<\/h1>\n\t<div id=\"gap-1788209822\" class=\"gap-element clearfix\" style=\"display:block; height:auto;\">\n\t\t\n<style>\n#gap-1788209822 {\n  padding-top: 20px;\n}\n<\/style>\n\t<\/div>\n\t\n<p>Aufgrund seiner klimatischen Eigenschaften (hohe Luftfeuchtigkeit, m\u00e4\u00dfige Temperaturen und hohe Niederschl\u00e4ge) ist Slowenien gr\u00f6\u00dftenteils eines der ung\u00fcnstigsten Gebiete in Europa f\u00fcr die Verwendung von Holz im Freien. Prognosen zu Ver\u00e4nderungen unseres Klimas, die Folge des globalen Klimawandels sind, sagen uns noch mildere Winter und ein schlechteres Niederschlagsregime voraus. All dies wird die Entwicklung von Holzsch\u00e4dlingen weiter f\u00f6rdern und den Holzverfall beschleunigen.<\/p>\n\t\t<\/div>\n\t\t\t\t\t<\/div>\n\n\t\n<\/div>\n\t\t<\/div>\n\n\t\t\n<style>\n#section_10592069 {\n  padding-top: 90px;\n  padding-bottom: 90px;\n  min-height: 500px;\n}\n#section_10592069 .section-bg-overlay {\n  background-color: rgba(0, 0, 0, 0.63);\n}\n#section_10592069 .section-bg img {\n  object-position: 43% 100%;\n}\n<\/style>\n\t<\/section>\n\t\n\n\t<section class=\"section\" id=\"section_1340950863\">\n\t\t<div class=\"section-bg fill\" >\n\t\t\t\t\t\t\t\t\t<div class=\"section-bg-overlay absolute fill\"><\/div>\n\t\t\t\n\n\t\t<\/div>\n\n\t\t\n\n\t\t<div class=\"section-content relative\">\n\t\t\t\n\t<div id=\"gap-16688416\" class=\"gap-element clearfix\" style=\"display:block; height:auto;\">\n\t\t\n<style>\n#gap-16688416 {\n  padding-top: 50px;\n}\n<\/style>\n\t<\/div>\n\t\n<div class=\"row\"  id=\"row-2032731031\">\n\n\t<div id=\"col-1526684295\" class=\"col small-12 large-12\"  >\n\t\t\t\t<div class=\"col-inner text-center\"  >\n\t\t\t\n\t\t\t\n<p><strong>Diese Tatsachen und das \u00e4u\u00dferst ung\u00fcnstige Klima verk\u00fcrzen st\u00e4ndig die<span class=\"second-color\"> Lebensdauer von Produkten aus allen Holzarten<\/span>,sowohl heimischen als auch exotischen (Buche, Esche, Tanne, Fichte, Kiefer, L\u00e4rche, Sibirische L\u00e4rche, Tikholz, usw.).<span class=\"second-color\">Daher ist es \u00e4u\u00dferst wichtig, Holzschutzprodukte und -systeme von bew\u00e4hrter Qualit\u00e4t zum Schutz von Holz zu verwenden,<\/span> die das Holz vor dem Auftreten von Holzsch\u00e4dlingen wie Schimmelpilzen, F\u00e4ulnispilzen und Holzinsekten, die den Verfall von Holzelementen oder Geb\u00e4uden verursachen, sch\u00fctzen.<\/strong><\/p>\n\t\t<\/div>\n\t\t\t\t\t<\/div>\n\n\t\n<\/div>\n\t\t<\/div>\n\n\t\t\n<style>\n#section_1340950863 {\n  padding-top: 0px;\n  padding-bottom: 0px;\n}\n#section_1340950863 .section-bg-overlay {\n  background-color: rgb(243, 245, 245);\n}\n<\/style>\n\t<\/section>\n\t\n\n\t<section class=\"section\" id=\"section_876188109\">\n\t\t<div class=\"section-bg fill\" >\n\t\t\t\t\t\t\t\t\t\n\t\t\t\n\n\t\t<\/div>\n\n\t\t\n\n\t\t<div class=\"section-content relative\">\n\t\t\t\n<div class=\"row\"  id=\"row-1375113608\">\n\n\t<div id=\"col-1569732678\" class=\"col medium-12 small-12 large-6\"  >\n\t\t\t\t<div class=\"col-inner dark\"  >\n\t\t\t\n\t\t\t\n\t<div class=\"img has-hover x md-x lg-x y md-y lg-y\" id=\"image_231529796\">\n\t\t\t\t\t\t\t\t<div class=\"img-inner dark\" >\n\t\t\t<img decoding=\"async\" width=\"800\" height=\"533\" src=\"https:\/\/silvaprodukt.si\/wp-content\/uploads\/2022\/09\/108_619_big.jpeg\" class=\"attachment-large size-large\" alt=\"\" srcset=\"https:\/\/silvaprodukt.si\/wp-content\/uploads\/2022\/09\/108_619_big.jpeg 800w, https:\/\/silvaprodukt.si\/wp-content\/uploads\/2022\/09\/108_619_big-510x340.jpeg 510w, https:\/\/silvaprodukt.si\/wp-content\/uploads\/2022\/09\/108_619_big-300x200.jpeg 300w, https:\/\/silvaprodukt.si\/wp-content\/uploads\/2022\/09\/108_619_big-768x512.jpeg 768w\" sizes=\"(max-width: 800px) 100vw, 800px\" \/>\t\t\t\t\t\t\n\t\t\t\t\t<\/div>\n\t\t\t\t\t\t\t\t\n<style>\n#image_231529796 {\n  width: 100%;\n}\n<\/style>\n\t<\/div>\n\t\n\t\t<\/div>\n\t\t\t\t\t<\/div>\n\n\t\n\n\t<div id=\"col-416265497\" class=\"col medium-12 small-12 large-6\"  >\n\t\t\t\t<div class=\"col-inner\"  >\n\t\t\t\n\t\t\t\n<p>Im Unternehmen<strong>\u00a0Silvaprodukt<\/strong>\u00a0haben wir in\u00a0<strong>jahrzehntelanger<\/strong>\u00a0<strong>Zusammenarbeit mit der Biotechnischen Fakult\u00e4t in Ljubljana<\/strong>, Abteilung f\u00fcr Holzwissenschaften, einige \u00e4u\u00dferst wirksame Produkte und Verfahren zum Qualit\u00e4tsschutz aller H\u00f6lzer entwickelt, unabh\u00e4ngig von den Bedingungen und dem Zweck ihrer Verwendung.<\/p>\n<p>Die Ergebnisse umfangreicher Feld- und Labortests<strong>\u00a0von mehr als einem Jahrzehnt zu Hause, in Europa und auf der ganzen Welt<\/strong>\u00a0haben bewiesen, dass unsere Produkte und Dienstleistungen bew\u00e4hrte Qualit\u00e4t, effektive und umwelt-, menschen- und tierfreundliche L\u00f6sungen f\u00fcr den Holzschutz sind.<\/p>\n<p>Das belegen nicht zuletzt auch unsere<strong>\u00a0internationalen Patente, zahlreiche Auszeichnungen und Anerkennungen, Referenzen, Konformit\u00e4tsbescheinigungen und das Erreichen verschiedener europ\u00e4ischer Normen.<\/strong><\/p>\n\t\t<\/div>\n\t\t\t\t\n<style>\n#col-416265497 > .col-inner {\n  padding: 0px 0px 0px 3px;\n}\n@media (min-width:550px) {\n  #col-416265497 > .col-inner {\n    padding: 0px 0px 0px 0px;\n  }\n}\n@media (min-width:850px) {\n  #col-416265497 > .col-inner {\n    padding: 0px 0px 0px 50px;\n  }\n}\n<\/style>\n\t<\/div>\n\n\t\n<\/div>\n\t\t<\/div>\n\n\t\t\n<style>\n#section_876188109 {\n  padding-top: 90px;\n  padding-bottom: 90px;\n}\n<\/style>\n\t<\/section>\n\t\n\n\t<section class=\"section\" id=\"section_2126210643\">\n\t\t<div class=\"section-bg fill\" >\n\t\t\t\t\t\t\t\t\t<div class=\"section-bg-overlay absolute fill\"><\/div>\n\t\t\t\n\n\t\t<\/div>\n\n\t\t\n\n\t\t<div class=\"section-content relative\">\n\t\t\t\n<div class=\"row\"  id=\"row-1202444490\">\n\n\t<div id=\"col-36210448\" class=\"col medium-12 small-12 large-6\"  >\n\t\t\t\t<div class=\"col-inner\"  >\n\t\t\t\n\t\t\t\n<p>Unser gr\u00f6\u00dfter Stolz kommt von der Tatsache, dass\u00a0<strong>wir uns seit mehr als 70 Jahren um unseren nat\u00fcrlichen Reichtum Holz k\u00fcmmern<\/strong>, da unsere Schutzausr\u00fcstung nachweislich seine Lebensdauer um ein Vielfaches verl\u00e4ngert, was eine gro\u00dfe Reduzierung der Wartungskosten f\u00fcr Holzprodukte bzw. Anlagen, f\u00fcr die\u00a0<strong>Umwelt eine l\u00e4ngere CO2-Speicherung im Holz und damit eine geringere Kohlenstoffbelastung der Umwelt<\/strong>\u00a0und f\u00fcr unsere W\u00e4lder ein geringerer Holzeinschlagbedarf, bedeutet.<\/p>\n\t\t<\/div>\n\t\t\t\t\n<style>\n#col-36210448 > .col-inner {\n  padding: 0px 0px 0px 0px;\n}\n@media (min-width:550px) {\n  #col-36210448 > .col-inner {\n    padding: 0px 0px 0px 0px;\n  }\n}\n@media (min-width:850px) {\n  #col-36210448 > .col-inner {\n    padding: 0px 50px 0px 0px;\n  }\n}\n<\/style>\n\t<\/div>\n\n\t\n\n\t<div id=\"col-611348201\" class=\"col medium-12 small-12 large-6\"  >\n\t\t\t\t<div class=\"col-inner dark\"  >\n\t\t\t\n\t\t\t\n\t<div class=\"img has-hover x md-x lg-x y md-y lg-y\" id=\"image_1687803100\">\n\t\t\t\t\t\t\t\t<div class=\"img-inner dark\" >\n\t\t\t<img decoding=\"async\" width=\"800\" height=\"533\" src=\"https:\/\/silvaprodukt.si\/wp-content\/uploads\/2022\/09\/98_549_big.jpeg\" class=\"attachment-large size-large\" alt=\"\" srcset=\"https:\/\/silvaprodukt.si\/wp-content\/uploads\/2022\/09\/98_549_big.jpeg 800w, https:\/\/silvaprodukt.si\/wp-content\/uploads\/2022\/09\/98_549_big-510x340.jpeg 510w, https:\/\/silvaprodukt.si\/wp-content\/uploads\/2022\/09\/98_549_big-300x200.jpeg 300w, https:\/\/silvaprodukt.si\/wp-content\/uploads\/2022\/09\/98_549_big-768x512.jpeg 768w\" sizes=\"(max-width: 800px) 100vw, 800px\" \/>\t\t\t\t\t\t\n\t\t\t\t\t<\/div>\n\t\t\t\t\t\t\t\t\n<style>\n#image_1687803100 {\n  width: 100%;\n}\n<\/style>\n\t<\/div>\n\t\n\t\t<\/div>\n\t\t\t\t\t<\/div>\n\n\t\n<\/div>\n\t\t<\/div>\n\n\t\t\n<style>\n#section_2126210643 {\n  padding-top: 90px;\n  padding-bottom: 90px;\n}\n#section_2126210643 .section-bg-overlay {\n  background-color: rgb(243, 245, 245);\n}\n<\/style>\n\t<\/section>\n\t\n\n\t<section class=\"section\" id=\"section_1834958867\">\n\t\t<div class=\"section-bg fill\" >\n\t\t\t\t\t\t\t\t\t\n\t\t\t\n\n\t\t<\/div>\n\n\t\t\n\n\t\t<div class=\"section-content relative\">\n\t\t\t\n<div class=\"row\"  id=\"row-1922328365\">\n\n\t<div id=\"col-1504352772\" class=\"col medium-12 small-12 large-6\"  >\n\t\t\t\t<div class=\"col-inner dark\"  >\n\t\t\t\n\t\t\t\n\t<div class=\"img has-hover x md-x lg-x y md-y lg-y\" id=\"image_1465279579\">\n\t\t\t\t\t\t\t\t<div class=\"img-inner dark\" >\n\t\t\t<img decoding=\"async\" width=\"800\" height=\"600\" src=\"https:\/\/silvaprodukt.si\/wp-content\/uploads\/2022\/09\/100_553_big-1.jpeg\" class=\"attachment-large size-large\" alt=\"\" srcset=\"https:\/\/silvaprodukt.si\/wp-content\/uploads\/2022\/09\/100_553_big-1.jpeg 800w, https:\/\/silvaprodukt.si\/wp-content\/uploads\/2022\/09\/100_553_big-1-510x383.jpeg 510w, https:\/\/silvaprodukt.si\/wp-content\/uploads\/2022\/09\/100_553_big-1-300x225.jpeg 300w, https:\/\/silvaprodukt.si\/wp-content\/uploads\/2022\/09\/100_553_big-1-768x576.jpeg 768w\" sizes=\"(max-width: 800px) 100vw, 800px\" \/>\t\t\t\t\t\t\n\t\t\t\t\t<\/div>\n\t\t\t\t\t\t\t\t\n<style>\n#image_1465279579 {\n  width: 100%;\n}\n<\/style>\n\t<\/div>\n\t\n\t\t<\/div>\n\t\t\t\t\t<\/div>\n\n\t\n\n\t<div id=\"col-972501991\" class=\"col medium-12 small-12 large-6\"  >\n\t\t\t\t<div class=\"col-inner\"  >\n\t\t\t\n\t\t\t\n<section class=\"elementor-section elementor-inner-section elementor-element elementor-element-36a5b36 elementor-section-full_width elementor-section-height-default elementor-section-height-default jet-parallax-section\" data-id=\"36a5b36\" data-element_type=\"section\" data-settings=\"{&quot;jet_parallax_layout_list&quot;:&#091;{&quot;jet_parallax_layout_image&quot;:{&quot;url&quot;:&quot;&quot;,&quot;id&quot;:&quot;&quot;},&quot;_id&quot;:&quot;f4c3c4d&quot;,&quot;jet_parallax_layout_image_tablet&quot;:{&quot;url&quot;:&quot;&quot;,&quot;id&quot;:&quot;&quot;},&quot;jet_parallax_layout_image_mobile&quot;:{&quot;url&quot;:&quot;&quot;,&quot;id&quot;:&quot;&quot;},&quot;jet_parallax_layout_speed&quot;:{&quot;unit&quot;:&quot;%&quot;,&quot;size&quot;:50,&quot;sizes&quot;:&#091;&#093;},&quot;jet_parallax_layout_type&quot;:&quot;scroll&quot;,&quot;jet_parallax_layout_direction&quot;:null,&quot;jet_parallax_layout_fx_direction&quot;:null,&quot;jet_parallax_layout_z_index&quot;:&quot;&quot;,&quot;jet_parallax_layout_bg_x&quot;:50,&quot;jet_parallax_layout_bg_x_tablet&quot;:&quot;&quot;,&quot;jet_parallax_layout_bg_x_mobile&quot;:&quot;&quot;,&quot;jet_parallax_layout_bg_y&quot;:50,&quot;jet_parallax_layout_bg_y_tablet&quot;:&quot;&quot;,&quot;jet_parallax_layout_bg_y_mobile&quot;:&quot;&quot;,&quot;jet_parallax_layout_bg_size&quot;:&quot;auto&quot;,&quot;jet_parallax_layout_bg_size_tablet&quot;:&quot;&quot;,&quot;jet_parallax_layout_bg_size_mobile&quot;:&quot;&quot;,&quot;jet_parallax_layout_animation_prop&quot;:&quot;transform&quot;,&quot;jet_parallax_layout_on&quot;:&#091;&quot;desktop&quot;,&quot;tablet&quot;&#093;}&#093;}\">\n<div class=\"elementor-container elementor-column-gap-default\">\n<div class=\"elementor-row\">\n<div class=\"elementor-column elementor-col-50 elementor-inner-column elementor-element elementor-element-4472dc7\" data-id=\"4472dc7\" data-element_type=\"column\">\n<div class=\"elementor-column-wrap elementor-element-populated\">\n<div class=\"elementor-widget-wrap\">\n<div class=\"elementor-element elementor-element-6adcd6c elementor-widget elementor-widget-text-editor animated fadeIn\" data-id=\"6adcd6c\" data-element_type=\"widget\" data-settings=\"{&quot;_animation&quot;:&quot;fadeIn&quot;}\" data-widget_type=\"text-editor.default\">\n<div class=\"elementor-widget-container\">\n<div class=\"elementor-text-editor elementor-clearfix\">\n<p><span class=\"NormalTextRun SCXW9316135 BCX0\" data-ccp-charstyle=\"jlqj4b\" data-ccp-charstyle-defn=\"{&quot;ObjectId&quot;:&quot;1114e6cf-645f-4c13-965b-4365630c5440|5&quot;,&quot;ClassId&quot;:1073872969,&quot;Properties&quot;:&#091;469775450,&quot;jlqj4b&quot;,201340122,&quot;1&quot;,134233614,&quot;true&quot;,469778129,&quot;jlqj4b&quot;,335572020,&quot;1&quot;,469778324,&quot;Default Paragraph Font&quot;&#093;}\">Gemeinsam m\u00fcssen wir uns um einen\u00a0<strong>effizienteren und sparsameren Umgang mit unseren nat\u00fcrlichen Ressourcen bem\u00fchen<\/strong>, denn nur so wird es uns gelingen, ein nachhaltiges und\u00a0<\/span><span class=\"NormalTextRun SCXW9316135 BCX0\" data-ccp-charstyle=\"jlqj4b\">ertr\u00e4gliches<\/span><span class=\"NormalTextRun SCXW9316135 BCX0\" data-ccp-charstyle=\"jlqj4b\">\u00a0Funktionieren der Gesellschaft als Ganzes zu etablieren, wenn wir unsere Umwelt und unseren\u00a0<strong>Planeten f\u00fcr unsere Nachkommen erhalten wollen.<\/strong><\/span><\/p>\n<\/div>\n<\/div>\n<\/div>\n<\/div>\n<\/div>\n<\/div>\n<\/div>\n<\/div>\n<\/section>\n<div class=\"elementor-element elementor-element-c29ebc2 elementor-widget elementor-widget-image animated fadeIn\" data-id=\"c29ebc2\" data-element_type=\"widget\" data-settings=\"{&quot;_animation&quot;:&quot;fadeIn&quot;}\" data-widget_type=\"image.default\">\n<div class=\"elementor-widget-container\"><\/div>\n<\/div>\n\t\t<\/div>\n\t\t\t\t\n<style>\n#col-972501991 > .col-inner {\n  padding: 0px 0px 0px 0px;\n}\n@media (min-width:550px) {\n  #col-972501991 > .col-inner {\n    padding: 0px 0px 0px 50px;\n  }\n}\n<\/style>\n\t<\/div>\n\n\t\n<\/div>\n\t\t<\/div>\n\n\t\t\n<style>\n#section_1834958867 {\n  padding-top: 90px;\n  padding-bottom: 90px;\n}\n<\/style>\n\t<\/section>\n\t\n\n\t<section class=\"section\" id=\"section_584998436\">\n\t\t<div class=\"section-bg fill\" >\n\t\t\t\t\t\t\t\t\t\n\t\t\t\n\n\t\t<\/div>\n\n\t\t\n\n\t\t<div class=\"section-content relative\">\n\t\t\t\n\t<div id=\"gap-102864164\" class=\"gap-element clearfix\" style=\"display:block; height:auto;\">\n\t\t\n<style>\n#gap-102864164 {\n  padding-top: 50px;\n}\n<\/style>\n\t<\/div>\n\t\n<div class=\"row\"  id=\"row-33144185\">\n\n\t<div id=\"col-283711441\" class=\"col small-12 large-12\"  >\n\t\t\t\t<div class=\"col-inner text-center\"  >\n\t\t\t\n\t\t\t\n\t<div class=\"img has-hover x md-x lg-x y md-y lg-y\" id=\"image_1572867071\">\n\t\t\t\t\t\t\t\t<div class=\"img-inner dark\" >\n\t\t\t<img decoding=\"async\" width=\"650\" height=\"179\" src=\"https:\/\/silvaprodukt.si\/wp-content\/uploads\/2022\/08\/logo_transparent.png\" class=\"attachment-large size-large\" alt=\"\" srcset=\"https:\/\/silvaprodukt.si\/wp-content\/uploads\/2022\/08\/logo_transparent.png 650w, https:\/\/silvaprodukt.si\/wp-content\/uploads\/2022\/08\/logo_transparent-510x140.png 510w, https:\/\/silvaprodukt.si\/wp-content\/uploads\/2022\/08\/logo_transparent-300x83.png 300w\" sizes=\"(max-width: 650px) 100vw, 650px\" \/>\t\t\t\t\t\t\n\t\t\t\t\t<\/div>\n\t\t\t\t\t\t\t\t\n<style>\n#image_1572867071 {\n  width: 30%;\n}\n<\/style>\n\t<\/div>\n\t\n<h2><span class=\"nadnaslov\" style=\"color: #618f7a;\">Silvaprodukt<\/span>, richtiger Partner im Bereich Holzschutz.<\/h2>\n\t<div id=\"gap-1150661350\" class=\"gap-element clearfix\" style=\"display:block; height:auto;\">\n\t\t\n<style>\n#gap-1150661350 {\n  padding-top: 30px;\n}\n<\/style>\n\t<\/div>\n\t\n<div class=\"row\"  id=\"row-840011205\">\n\n\t<div id=\"col-191611242\" class=\"col medium-3 small-12 large-3\"  >\n\t\t\t\t<div class=\"col-inner\"  >\n\t\t\t\n\t\t\t\n<p><span class=\"v-st\">70+ <\/span><\/br><span class=\"v-izk\">Jahre Erfahrung<\/span><\/p>\n\t\t<\/div>\n\t\t\t\t\t<\/div>\n\n\t\n\n\t<div id=\"col-703265883\" class=\"col medium-3 small-12 large-3\"  >\n\t\t\t\t<div class=\"col-inner\"  >\n\t\t\t\n\t\t\t\n<p><span class=\"v-st\">2,500+ <\/span><\/br><span class=\"v-izk\">Gesch\u00e4ftspartner<\/span><\/p>\n\t\t<\/div>\n\t\t\t\t\t<\/div>\n\n\t\n\n\t<div id=\"col-1239195072\" class=\"col medium-3 small-12 large-3\"  >\n\t\t\t\t<div class=\"col-inner\"  >\n\t\t\t\n\t\t\t\n<p><span class=\"v-st\">10000+<\/span><\/br><span class=\"v-izk\">Zufriedene Kunden<\/span><\/p>\n\t\t<\/div>\n\t\t\t\t\t<\/div>\n\n\t\n\n\t<div id=\"col-2109715476\" class=\"col medium-3 small-12 large-3\"  >\n\t\t\t\t<div class=\"col-inner\"  >\n\t\t\t\n\t\t\t\n<p><span class=\"v-st\">14+ <\/span><\/br><span class=\"v-izk\">Besch\u00e4ftigte<\/span><\/p>\n\t\t<\/div>\n\t\t\t\t\t<\/div>\n\n\t\n<\/div>\n\t\t<\/div>\n\t\t\t\t\t<\/div>\n\n\t\n<\/div>\n\t\t<\/div>\n\n\t\t\n<style>\n#section_584998436 {\n  padding-top: 0px;\n  padding-bottom: 0px;\n  background-color: rgb(243, 245, 245);\n}\n<\/style>\n\t<\/section>\n\t\n\n\t<section class=\"section\" id=\"section_645788993\">\n\t\t<div class=\"section-bg fill\" >\n\t\t\t\t\t\t\t\t\t\n\t\t\t\n\n\t\t<\/div>\n\n\t\t\n\n\t\t<div class=\"section-content relative\">\n\t\t\t\n<div class=\"row align-middle\"  id=\"row-432399412\">\n\n\t<div id=\"col-1205803634\" class=\"col medium-12 small-12 large-12\"  >\n\t\t\t\t<div class=\"col-inner text-center\"  >\n\t\t\t\n\t\t\t    <div class=\"section-content relative\">\r\n    <div class=\"row row-large \">\r\n        <div class=\"large-12 col\">\r\n            <div class=\"row large-columns-3 medium-columns- small-columns-1 has-shadow row-box-shadow-2\">\r\n                \r\n                                            <div class=\"col post-item\">\r\n                            <div class=\"col-inner\">\r\n                                <a href=\"https:\/\/silvaprodukt.si\/de\/references\/alpenstrand-am-see-des-hotels-jasna-chalet-resort\/\" class=\"plain\">\r\n                                    <div class=\"box box-text-bottom box-blog-post has-hover\">\r\n                                        <div class=\"box-image\">\r\n                                            <div class=\"image-cover\" style=\"padding-top:56%;\">\r\n                                                <img decoding=\"async\" width=\"300\" height=\"199\" src=\"https:\/\/silvaprodukt.si\/wp-content\/uploads\/2022\/09\/108_618_big.jpeg\" class=\"attachment-medium size-medium wp-post-image\" alt=\"\" loading=\"lazy\">\r\n                                            <\/div>\r\n                                        <\/div>\r\n                                        <div class=\"box-text text-left\">\r\n                                            <div class=\"box-text-inner blog-post-inner\">\r\n                                                <h5 class=\"post-title is-large\">Alpenstrand am See des Hotels Jasna Chalet Resort<\/h5>\r\n                                            <\/div>\r\n                                        <\/div>\r\n                                    <\/div>\r\n                                <\/a>\r\n                            <\/div>\r\n                        <\/div>\r\n                                            <div class=\"col post-item\">\r\n                            <div class=\"col-inner\">\r\n                                <a href=\"https:\/\/silvaprodukt.si\/de\/references\/eine-nachbildung-des-bienenhauses-von-plecnik\/\" class=\"plain\">\r\n                                    <div class=\"box box-text-bottom box-blog-post has-hover\">\r\n                                        <div class=\"box-image\">\r\n                                            <div class=\"image-cover\" style=\"padding-top:56%;\">\r\n                                                <img decoding=\"async\" width=\"300\" height=\"199\" src=\"https:\/\/silvaprodukt.si\/wp-content\/uploads\/2022\/09\/109_622_big.jpeg\" class=\"attachment-medium size-medium wp-post-image\" alt=\"\" loading=\"lazy\">\r\n                                            <\/div>\r\n                                        <\/div>\r\n                                        <div class=\"box-text text-left\">\r\n                                            <div class=\"box-text-inner blog-post-inner\">\r\n                                                <h5 class=\"post-title is-large\">Eine Nachbildung des Bienenhauses von Ple\u010dnik<\/h5>\r\n                                            <\/div>\r\n                                        <\/div>\r\n                                    <\/div>\r\n                                <\/a>\r\n                            <\/div>\r\n                        <\/div>\r\n                                            <div class=\"col post-item\">\r\n                            <div class=\"col-inner\">\r\n                                <a href=\"https:\/\/silvaprodukt.si\/de\/references\/salzwiese-ankaran-perle-der-natur\/\" class=\"plain\">\r\n                                    <div class=\"box box-text-bottom box-blog-post has-hover\">\r\n                                        <div class=\"box-image\">\r\n                                            <div class=\"image-cover\" style=\"padding-top:56%;\">\r\n                                                <img decoding=\"async\" width=\"300\" height=\"199\" src=\"https:\/\/silvaprodukt.si\/wp-content\/uploads\/2022\/09\/Izlet-ob-morju-Silvanolin-trajna-zasita-za-les_obdelava-lesa_barva-za-les_Ankaran_Foto_Jaka_Ivancic.jpg\" class=\"attachment-medium size-medium wp-post-image\" alt=\"\" loading=\"lazy\">\r\n                                            <\/div>\r\n                                        <\/div>\r\n                                        <div class=\"box-text text-left\">\r\n                                            <div class=\"box-text-inner blog-post-inner\">\r\n                                                <h5 class=\"post-title is-large\">Salzwiese Ankaran \u2013 Perle der Natur<\/h5>\r\n                                            <\/div>\r\n                                        <\/div>\r\n                                    <\/div>\r\n                                <\/a>\r\n                            <\/div>\r\n                        <\/div>\r\n                                                <\/div>\r\n        <\/div>\r\n    <\/div>\r\n<\/div>\r\n\n<p style=\"text-align: left;\"><strong>W\u00e4hrend unsere 70-j\u00e4hrigen T\u00e4tigkeit haben wir viele gr\u00f6\u00dfere Projekte erfolgreich abgeschlossen und unsere Gesch\u00e4ftspartner und Kleinanwender, die uns vertrauen, mit unserer Qualit\u00e4t begeistert. Sie sind herzlich eingeladen, sich einige unserer Referenzen anzusehen.<\/strong><\/p>\n\n\n\n<a href=\"https:\/\/silvaprodukt.si\/de\/reference\/\" class=\"button primary\" >\n\t\t<span>Alle Referenzen anzeigen<\/span>\n\t<\/a>\n\n\t\t<\/div>\n\t\t\t\t\t<\/div>\n\n\t\n<\/div>\n\t\t<\/div>\n\n\t\t\n<style>\n#section_645788993 {\n  padding-top: 90px;\n  padding-bottom: 90px;\n}\n<\/style>\n\t<\/section>\n\t\n\n\t<section class=\"section\" id=\"section_2056522412\">\n\t\t<div class=\"section-bg fill\" >\n\t\t\t\t\t\t\t\t\t<div class=\"section-bg-overlay absolute fill\"><\/div>\n\t\t\t\n\n\t\t<\/div>\n\n\t\t\n\n\t\t<div class=\"section-content relative\">\n\t\t\t\n<div class=\"row align-middle\"  id=\"row-553218764\">\n\n\t<div id=\"col-941857803\" class=\"col medium-12 small-12 large-12\"  >\n\t\t\t\t<div class=\"col-inner text-center\"  >\n\t\t\t\n\t\t\t\n<h2>Demo-video<\/h2>\n<div class=\"video video-fit mb\" style=\"padding-top:56.25%;\"><p><iframe title=\"Silvaprodukt 70 Jahre - promo video\" width=\"1020\" height=\"574\" src=\"https:\/\/www.youtube.com\/embed\/dmhcyZiVg3s?feature=oembed\" frameborder=\"0\" allow=\"accelerometer; autoplay; clipboard-write; encrypted-media; gyroscope; picture-in-picture\" allowfullscreen><\/iframe><\/p>\n<\/div>\n\t\t<\/div>\n\t\t\t\t\t<\/div>\n\n\t\n<\/div>\n\t\t<\/div>\n\n\t\t\n<style>\n#section_2056522412 {\n  padding-top: 90px;\n  padding-bottom: 90px;\n}\n#section_2056522412 .section-bg-overlay {\n  background-color: rgb(243, 245, 245);\n}\n<\/style>\n\t<\/section>\n\t\n\t<div id=\"gap-802198244\" class=\"gap-element clearfix\" style=\"display:block; height:auto;\">\n\t\t\n<style>\n#gap-802198244 {\n  padding-top: 30px;\n}\n<\/style>\n\t<\/div>\n\t\n","protected":false},"excerpt":{"rendered":"","protected":false},"author":5,"featured_media":4022,"parent":0,"menu_order":0,"comment_status":"closed","ping_status":"closed","template":"page-blank.php","meta":{"inline_featured_image":false,"footnotes":""},"class_list":["post-1483","page","type-page","status-publish","has-post-thumbnail","hentry"],"acf":[],"_links":{"self":[{"href":"https:\/\/silvaprodukt.si\/de\/wp-json\/wp\/v2\/pages\/1483","targetHints":{"allow":["GET"]}}],"collection":[{"href":"https:\/\/silvaprodukt.si\/de\/wp-json\/wp\/v2\/pages"}],"about":[{"href":"https:\/\/silvaprodukt.si\/de\/wp-json\/wp\/v2\/types\/page"}],"author":[{"embeddable":true,"href":"https:\/\/silvaprodukt.si\/de\/wp-json\/wp\/v2\/users\/5"}],"replies":[{"embeddable":true,"href":"https:\/\/silvaprodukt.si\/de\/wp-json\/wp\/v2\/comments?post=1483"}],"version-history":[{"count":0,"href":"https:\/\/silvaprodukt.si\/de\/wp-json\/wp\/v2\/pages\/1483\/revisions"}],"wp:featuredmedia":[{"embeddable":true,"href":"https:\/\/silvaprodukt.si\/de\/wp-json\/wp\/v2\/media\/4022"}],"wp:attachment":[{"href":"https:\/\/silvaprodukt.si\/de\/wp-json\/wp\/v2\/media?parent=1483"}],"curies":[{"name":"wp","href":"https:\/\/api.w.org\/{rel}","templated":true}]}}